{"id":10473,"date":"2023-05-10T15:01:41","date_gmt":"2023-05-10T14:01:41","guid":{"rendered":"https:\/\/strategiesconsultingfirm.com\/a-propos\/"},"modified":"2024-03-07T01:46:33","modified_gmt":"2024-03-07T00:46:33","slug":"a-propos","status":"publish","type":"page","link":"https:\/\/strategiesconsultingfirm.com\/fr\/a-propos\/","title":{"rendered":"A Propos"},"content":{"rendered":"\t\t<div data-elementor-type=\"wp-page\" data-elementor-id=\"10473\" class=\"elementor elementor-10473 elementor-7810\" data-elementor-post-type=\"page\">\n\t\t\t\t\t\t<section class=\"elementor-section elementor-top-section elementor-element elementor-element-ff0f0db elementor-section-boxed elementor-section-height-default elementor-section-height-default\" data-id=\"ff0f0db\" data-element_type=\"section\" data-e-type=\"section\">\n\t\t\t\t\t\t<div class=\"elementor-container elementor-column-gap-default\">\n\t\t\t\t\t<div class=\"elementor-column elementor-col-100 elementor-top-column elementor-element elementor-element-d510563\" data-id=\"d510563\" data-element_type=\"column\" data-e-type=\"column\">\n\t\t\t<div class=\"elementor-widget-wrap elementor-element-populated\">\n\t\t\t\t\t\t<div class=\"elementor-element elementor-element-a62f59b elementor-widget elementor-widget-vc_custom_heading\" data-id=\"a62f59b\" data-element_type=\"widget\" data-e-type=\"widget\" data-widget_type=\"vc_custom_heading.default\">\n\t\t\t\t<div class=\"elementor-widget-container\">\n\t\t\t\t\t<div class=\" vc_custom_heading  consulting_heading_font  text_align_center\" ><h2 style=\"text-align: center\" class=\"consulting-custom-title\">Qui Nous Sommes\n<\/h2><\/div>\t\t\t\t<\/div>\n\t\t\t\t<\/div>\n\t\t\t\t\t<\/div>\n\t\t<\/div>\n\t\t\t\t\t<\/div>\n\t\t<\/section>\n\t\t\t\t<section class=\"elementor-section elementor-top-section elementor-element elementor-element-3e3937d elementor-section-boxed elementor-section-height-default elementor-section-height-default\" data-id=\"3e3937d\" data-element_type=\"section\" data-e-type=\"section\" data-settings=\"{&quot;background_background&quot;:&quot;classic&quot;}\">\n\t\t\t\t\t\t<div class=\"elementor-container elementor-column-gap-wider\">\n\t\t\t\t\t<div class=\"make-column-clickable-elementor elementor-column elementor-col-25 elementor-top-column elementor-element elementor-element-5138c72\" style=\"cursor: pointer;\" data-column-clickable=\"https:\/\/strategiesconsultingfirm.com\/fr\/a-propos\/notre-mission\/\" data-column-clickable-blank=\"_self\" data-id=\"5138c72\" data-element_type=\"column\" data-e-type=\"column\">\n\t\t\t<div class=\"elementor-widget-wrap elementor-element-populated\">\n\t\t\t\t\t\t<div class=\"elementor-element elementor-element-92b2f77 elementor-widget elementor-widget-stm_icon_box\" data-id=\"92b2f77\" data-element_type=\"widget\" data-e-type=\"widget\" data-widget_type=\"stm_icon_box.default\">\n\t\t\t\t<div class=\"elementor-widget-container\">\n\t\t\t\t\t\n\n    <a href=\"https:\/\/strategiesconsultingfirm.com\/fr\/a-propos\/notre-mission\/\" target=\"_self\" class=\"icon_box elementor-consulting-icon-box style_2 alignment_center  clearfix\">\n<div class=\"icon_box_inner\">\n            <div class=\"icon  font-color_custom\" style=\"width:65px\">\n            <i style=\"font-size:100px; color: #010066;\"\n               class=\" icon-sesa-wo-suban\"><\/i><\/div>\n                <h5  class=\"font-color_base\">Integrity Properties\n<\/h5>\n    <\/div>\n    <\/a>\n\t\t\t\t<\/div>\n\t\t\t\t<\/div>\n\t\t\t\t<div class=\"elementor-element elementor-element-f97d4cf underline text elementor-widget elementor-widget-text-editor\" data-id=\"f97d4cf\" data-element_type=\"widget\" data-e-type=\"widget\" data-widget_type=\"text-editor.default\">\n\t\t\t\t<div class=\"elementor-widget-container\">\n\t\t\t\t\t\t\t\t\t<p>Notre Mission<\/p>\n\t\t\t\t\t\t\t\t<\/div>\n\t\t\t\t<\/div>\n\t\t\t\t\t<\/div>\n\t\t<\/div>\n\t\t\t\t<div class=\"make-column-clickable-elementor elementor-column elementor-col-25 elementor-top-column elementor-element elementor-element-31ea1d1\" style=\"cursor: pointer;\" data-column-clickable=\"https:\/\/strategiesconsultingfirm.com\/fr\/a-propos\/nos-valeurs\/\" data-column-clickable-blank=\"_self\" data-id=\"31ea1d1\" data-element_type=\"column\" data-e-type=\"column\">\n\t\t\t<div class=\"elementor-widget-wrap elementor-element-populated\">\n\t\t\t\t\t\t<div class=\"elementor-element elementor-element-4e17975 elementor-widget elementor-widget-stm_icon_box\" data-id=\"4e17975\" data-element_type=\"widget\" data-e-type=\"widget\" data-widget_type=\"stm_icon_box.default\">\n\t\t\t\t<div class=\"elementor-widget-container\">\n\t\t\t\t\t\n\n    <a href=\"https:\/\/strategiesconsultingfirm.com\/fr\/a-propos\/nos-valeurs\/\" target=\"_self\" class=\"icon_box elementor-consulting-icon-box style_2 alignment_center  clearfix\">\n<div class=\"icon_box_inner\">\n            <div class=\"icon  font-color_custom\" style=\"width:45px\">\n            <i style=\"font-size:50px; color: #010066;\"\n               class=\" icon-Gye_Nyame_Adinkra_Symbol\"><\/i><\/div>\n                <h5  class=\"font-color_base\">Integrity Properties\n<\/h5>\n    <\/div>\n    <\/a>\n\t\t\t\t<\/div>\n\t\t\t\t<\/div>\n\t\t\t\t<div class=\"elementor-element elementor-element-770f608 underline text elementor-widget elementor-widget-text-editor\" data-id=\"770f608\" data-element_type=\"widget\" data-e-type=\"widget\" data-widget_type=\"text-editor.default\">\n\t\t\t\t<div class=\"elementor-widget-container\">\n\t\t\t\t\t\t\t\t\t<p>Nos Valeurs<\/p>\n\t\t\t\t\t\t\t\t<\/div>\n\t\t\t\t<\/div>\n\t\t\t\t\t<\/div>\n\t\t<\/div>\n\t\t\t\t<div class=\"make-column-clickable-elementor elementor-column elementor-col-25 elementor-top-column elementor-element elementor-element-7105f93\" style=\"cursor: pointer;\" data-column-clickable=\"https:\/\/strategiesconsultingfirm.com\/fr\/a-propos\/notre-histoire\/\" data-column-clickable-blank=\"_self\" data-id=\"7105f93\" data-element_type=\"column\" data-e-type=\"column\">\n\t\t\t<div class=\"elementor-widget-wrap elementor-element-populated\">\n\t\t\t\t\t\t<div class=\"elementor-element elementor-element-4035e6c elementor-widget elementor-widget-stm_icon_box\" data-id=\"4035e6c\" data-element_type=\"widget\" data-e-type=\"widget\" data-widget_type=\"stm_icon_box.default\">\n\t\t\t\t<div class=\"elementor-widget-container\">\n\t\t\t\t\t\n\n    <a href=\"https:\/\/strategiesconsultingfirm.com\/fr\/a-propos\/notre-histoire\/\" target=\"_self\" class=\"icon_box elementor-consulting-icon-box style_2 alignment_center  clearfix\">\n<div class=\"icon_box_inner\">\n            <div class=\"icon  font-color_custom\" style=\"width:65px\">\n            <i style=\"font-size:100px; color: #010066;\"\n               class=\" icon-Mframadan\"><\/i><\/div>\n                <h5  class=\"font-color_base\">Integrity Properties\n<\/h5>\n    <\/div>\n    <\/a>\n\t\t\t\t<\/div>\n\t\t\t\t<\/div>\n\t\t\t\t<div class=\"elementor-element elementor-element-b45fd08 underline text elementor-widget elementor-widget-text-editor\" data-id=\"b45fd08\" data-element_type=\"widget\" data-e-type=\"widget\" data-widget_type=\"text-editor.default\">\n\t\t\t\t<div class=\"elementor-widget-container\">\n\t\t\t\t\t\t\t\t\t<p>Notre Histoire<\/p>\n\t\t\t\t\t\t\t\t<\/div>\n\t\t\t\t<\/div>\n\t\t\t\t\t<\/div>\n\t\t<\/div>\n\t\t\t\t<div class=\"make-column-clickable-elementor elementor-column elementor-col-25 elementor-top-column elementor-element elementor-element-838cd9a\" style=\"cursor: pointer;\" data-column-clickable=\"https:\/\/strategiesconsultingfirm.com\/fr\/a-propos\/notre-equipe\/\" data-column-clickable-blank=\"_self\" data-id=\"838cd9a\" data-element_type=\"column\" data-e-type=\"column\">\n\t\t\t<div class=\"elementor-widget-wrap elementor-element-populated\">\n\t\t\t\t\t\t<div class=\"elementor-element elementor-element-e5a0aa8 elementor-widget elementor-widget-stm_icon_box\" data-id=\"e5a0aa8\" data-element_type=\"widget\" data-e-type=\"widget\" data-widget_type=\"stm_icon_box.default\">\n\t\t\t\t<div class=\"elementor-widget-container\">\n\t\t\t\t\t\n\n    <a href=\"https:\/\/strategiesconsultingfirm.com\/fr\/a-propos\/notre-equipe\/\" target=\"_self\" class=\"icon_box elementor-consulting-icon-box style_2 alignment_center  clearfix\">\n<div class=\"icon_box_inner\">\n            <div class=\"icon  font-color_custom\" style=\"width:65px\">\n            <i style=\"font-size:100px; color: #010066;\"\n               class=\" icon-Nkyimu\"><\/i><\/div>\n                <h5  class=\"font-color_base\">Integrity Properties\n<\/h5>\n    <\/div>\n    <\/a>\n\t\t\t\t<\/div>\n\t\t\t\t<\/div>\n\t\t\t\t<div class=\"elementor-element elementor-element-5cc9c36 underline text elementor-widget elementor-widget-text-editor\" data-id=\"5cc9c36\" data-element_type=\"widget\" data-e-type=\"widget\" data-widget_type=\"text-editor.default\">\n\t\t\t\t<div class=\"elementor-widget-container\">\n\t\t\t\t\t\t\t\t\t<p>Notre Equipe<\/p>\n\t\t\t\t\t\t\t\t<\/div>\n\t\t\t\t<\/div>\n\t\t\t\t\t<\/div>\n\t\t<\/div>\n\t\t\t\t\t<\/div>\n\t\t<\/section>\n\t\t\t\t<section class=\"elementor-section elementor-top-section elementor-element elementor-element-3a941df elementor-section-boxed elementor-section-height-default elementor-section-height-default\" data-id=\"3a941df\" data-element_type=\"section\" data-e-type=\"section\" data-settings=\"{&quot;background_background&quot;:&quot;classic&quot;}\">\n\t\t\t\t\t\t<div class=\"elementor-container elementor-column-gap-default\">\n\t\t\t\t\t<div class=\"elementor-column elementor-col-100 elementor-top-column elementor-element elementor-element-3a94601\" data-id=\"3a94601\" data-element_type=\"column\" data-e-type=\"column\">\n\t\t\t<div class=\"elementor-widget-wrap elementor-element-populated\">\n\t\t\t\t\t\t<div class=\"elementor-element elementor-element-3a9495c elementor-widget elementor-widget-vc_custom_heading\" data-id=\"3a9495c\" data-element_type=\"widget\" data-e-type=\"widget\" data-widget_type=\"vc_custom_heading.default\">\n\t\t\t\t<div class=\"elementor-widget-container\">\n\t\t\t\t\t<div class=\" vc_custom_heading  consulting_heading_font  text_align_center\" ><h2 style=\"text-align: center;font-weight:700\" class=\"consulting-custom-title\">Votre R\u00e9f\u00e9rence en Leadership et Management\n<\/h2><\/div>\t\t\t\t<\/div>\n\t\t\t\t<\/div>\n\t\t\t\t\t<\/div>\n\t\t<\/div>\n\t\t\t\t\t<\/div>\n\t\t<\/section>\n\t\t\t\t<section class=\"elementor-section elementor-top-section elementor-element elementor-element-6d16cad elementor-section-full_width elementor-section-height-default elementor-section-height-default elementor-invisible\" data-id=\"6d16cad\" data-element_type=\"section\" data-e-type=\"section\" data-settings=\"{&quot;background_background&quot;:&quot;classic&quot;,&quot;animation&quot;:&quot;fadeIn&quot;}\">\n\t\t\t\t\t\t<div class=\"elementor-container elementor-column-gap-default\">\n\t\t\t\t\t<div class=\"elementor-column elementor-col-33 elementor-top-column elementor-element elementor-element-4580858\" data-id=\"4580858\" data-element_type=\"column\" data-e-type=\"column\">\n\t\t\t<div class=\"elementor-widget-wrap elementor-element-populated\">\n\t\t\t\t\t\t<div class=\"elementor-element elementor-element-1b4262c elementor-position-top elementor-widget elementor-widget-image-box\" data-id=\"1b4262c\" data-element_type=\"widget\" data-e-type=\"widget\" data-widget_type=\"image-box.default\">\n\t\t\t\t<div class=\"elementor-widget-container\">\n\t\t\t\t\t<div class=\"elementor-image-box-wrapper\"><figure class=\"elementor-image-box-img\"><img fetchpriority=\"high\" decoding=\"async\" width=\"1510\" height=\"1474\" src=\"https:\/\/strategiesconsultingfirm.com\/wp-content\/uploads\/2023\/05\/excellence-adinkra.png\" class=\"attachment-full size-full wp-image-8058\" alt=\"\" srcset=\"https:\/\/strategiesconsultingfirm.com\/wp-content\/uploads\/2023\/05\/excellence-adinkra.png 1510w, https:\/\/strategiesconsultingfirm.com\/wp-content\/uploads\/2023\/05\/excellence-adinkra-300x293.png 300w, https:\/\/strategiesconsultingfirm.com\/wp-content\/uploads\/2023\/05\/excellence-adinkra-1024x1000.png 1024w, https:\/\/strategiesconsultingfirm.com\/wp-content\/uploads\/2023\/05\/excellence-adinkra-768x750.png 768w, https:\/\/strategiesconsultingfirm.com\/wp-content\/uploads\/2023\/05\/excellence-adinkra-50x50.png 50w, https:\/\/strategiesconsultingfirm.com\/wp-content\/uploads\/2023\/05\/excellence-adinkra-900x879.png 900w, https:\/\/strategiesconsultingfirm.com\/wp-content\/uploads\/2023\/05\/excellence-adinkra-600x586.png 600w\" sizes=\"(max-width: 1510px) 100vw, 1510px\" \/><\/figure><div class=\"elementor-image-box-content\"><p class=\"elementor-image-box-description\">28 ans d'exp\u00e9rience au service des entreprises, organisations de d\u00e9veloppement et institutions r\u00e9gionales en Afrique, en Europe et aux \u00c9tats-Unis.<\/p><\/div><\/div>\t\t\t\t<\/div>\n\t\t\t\t<\/div>\n\t\t\t\t\t<\/div>\n\t\t<\/div>\n\t\t\t\t<div class=\"elementor-column elementor-col-33 elementor-top-column elementor-element elementor-element-cc706c2\" data-id=\"cc706c2\" data-element_type=\"column\" data-e-type=\"column\">\n\t\t\t<div class=\"elementor-widget-wrap elementor-element-populated\">\n\t\t\t\t\t\t<div class=\"elementor-element elementor-element-959d5fe elementor-position-top elementor-widget elementor-widget-image-box\" data-id=\"959d5fe\" data-element_type=\"widget\" data-e-type=\"widget\" data-widget_type=\"image-box.default\">\n\t\t\t\t<div class=\"elementor-widget-container\">\n\t\t\t\t\t<div class=\"elementor-image-box-wrapper\"><figure class=\"elementor-image-box-img\"><img decoding=\"async\" width=\"1510\" height=\"1474\" src=\"https:\/\/strategiesconsultingfirm.com\/wp-content\/uploads\/2023\/05\/Leadership-1.png\" class=\"attachment-full size-full wp-image-8034\" alt=\"\" srcset=\"https:\/\/strategiesconsultingfirm.com\/wp-content\/uploads\/2023\/05\/Leadership-1.png 1510w, https:\/\/strategiesconsultingfirm.com\/wp-content\/uploads\/2023\/05\/Leadership-1-300x293.png 300w, https:\/\/strategiesconsultingfirm.com\/wp-content\/uploads\/2023\/05\/Leadership-1-1024x1000.png 1024w, https:\/\/strategiesconsultingfirm.com\/wp-content\/uploads\/2023\/05\/Leadership-1-768x750.png 768w, https:\/\/strategiesconsultingfirm.com\/wp-content\/uploads\/2023\/05\/Leadership-1-50x50.png 50w, https:\/\/strategiesconsultingfirm.com\/wp-content\/uploads\/2023\/05\/Leadership-1-900x879.png 900w, https:\/\/strategiesconsultingfirm.com\/wp-content\/uploads\/2023\/05\/Leadership-1-600x586.png 600w\" sizes=\"(max-width: 1510px) 100vw, 1510px\" \/><\/figure><div class=\"elementor-image-box-content\"><p class=\"elementor-image-box-description\">Un cabinet africain sp\u00e9cialis\u00e9 dans le leadership et la gestion.\n\nAvec son si\u00e8ge au Cameroun et un bureau \u00e0 Washington DC aux Etats-Unis<\/p><\/div><\/div>\t\t\t\t<\/div>\n\t\t\t\t<\/div>\n\t\t\t\t\t<\/div>\n\t\t<\/div>\n\t\t\t\t<div class=\"elementor-column elementor-col-33 elementor-top-column elementor-element elementor-element-8b82c50\" data-id=\"8b82c50\" data-element_type=\"column\" data-e-type=\"column\">\n\t\t\t<div class=\"elementor-widget-wrap elementor-element-populated\">\n\t\t\t\t\t\t<div class=\"elementor-element elementor-element-ea2871f elementor-position-top elementor-widget elementor-widget-image-box\" data-id=\"ea2871f\" data-element_type=\"widget\" data-e-type=\"widget\" data-widget_type=\"image-box.default\">\n\t\t\t\t<div class=\"elementor-widget-container\">\n\t\t\t\t\t<div class=\"elementor-image-box-wrapper\"><figure class=\"elementor-image-box-img\"><img decoding=\"async\" width=\"1510\" height=\"1474\" src=\"https:\/\/strategiesconsultingfirm.com\/wp-content\/uploads\/2023\/05\/adinkra-023.png\" class=\"attachment-full size-full wp-image-7852\" alt=\"\" srcset=\"https:\/\/strategiesconsultingfirm.com\/wp-content\/uploads\/2023\/05\/adinkra-023.png 1510w, https:\/\/strategiesconsultingfirm.com\/wp-content\/uploads\/2023\/05\/adinkra-023-300x293.png 300w, https:\/\/strategiesconsultingfirm.com\/wp-content\/uploads\/2023\/05\/adinkra-023-1024x1000.png 1024w, https:\/\/strategiesconsultingfirm.com\/wp-content\/uploads\/2023\/05\/adinkra-023-768x750.png 768w, https:\/\/strategiesconsultingfirm.com\/wp-content\/uploads\/2023\/05\/adinkra-023-50x50.png 50w, https:\/\/strategiesconsultingfirm.com\/wp-content\/uploads\/2023\/05\/adinkra-023-900x879.png 900w, https:\/\/strategiesconsultingfirm.com\/wp-content\/uploads\/2023\/05\/adinkra-023-600x586.png 600w\" sizes=\"(max-width: 1510px) 100vw, 1510px\" \/><\/figure><div class=\"elementor-image-box-content\"><p class=\"elementor-image-box-description\">Des consultants africains fournissant des services conformes aux normes et standards internationaux les plus \u00e9lev\u00e9s.<\/p><\/div><\/div>\t\t\t\t<\/div>\n\t\t\t\t<\/div>\n\t\t\t\t\t<\/div>\n\t\t<\/div>\n\t\t\t\t\t<\/div>\n\t\t<\/section>\n\t\t\t\t<section class=\"elementor-section elementor-top-section elementor-element elementor-element-812d283 elementor-section-boxed elementor-section-height-default elementor-section-height-default\" data-id=\"812d283\" data-element_type=\"section\" data-e-type=\"section\">\n\t\t\t\t\t\t<div class=\"elementor-container elementor-column-gap-default\">\n\t\t\t\t\t<div class=\"elementor-column elementor-col-100 elementor-top-column elementor-element elementor-element-4853553\" data-id=\"4853553\" data-element_type=\"column\" data-e-type=\"column\">\n\t\t\t<div class=\"elementor-widget-wrap elementor-element-populated\">\n\t\t\t\t\t\t<div class=\"elementor-element elementor-element-f468428 elementor-widget elementor-widget-spacer\" data-id=\"f468428\" data-element_type=\"widget\" data-e-type=\"widget\" data-widget_type=\"spacer.default\">\n\t\t\t\t<div class=\"elementor-widget-container\">\n\t\t\t\t\t\t\t<div class=\"elementor-spacer\">\n\t\t\t<div class=\"elementor-spacer-inner\"><\/div>\n\t\t<\/div>\n\t\t\t\t\t\t<\/div>\n\t\t\t\t<\/div>\n\t\t\t\t\t<\/div>\n\t\t<\/div>\n\t\t\t\t\t<\/div>\n\t\t<\/section>\n\t\t\t\t<\/div>\n\t\t","protected":false},"excerpt":{"rendered":"<p>Qui Nous Sommes Notre Mission Nos Valeurs Notre Histoire Notre Equipe Votre R\u00e9f\u00e9rence en Leadership et Management 28 ans d&#8217;exp\u00e9rience au service des entreprises, organisations de d\u00e9veloppement et institutions r\u00e9gionales en Afrique, en Europe et aux \u00c9tats-Unis. Un cabinet africain sp\u00e9cialis\u00e9 dans le leadership et la gestion. Avec son si\u00e8ge au Cameroun et un bureau<\/p>\n","protected":false},"author":1,"featured_media":0,"parent":0,"menu_order":0,"comment_status":"closed","ping_status":"closed","template":"","meta":{"_acf_changed":false,"footnotes":""},"class_list":["post-10473","page","type-page","status-publish","hentry"],"acf":[],"_links":{"self":[{"href":"https:\/\/strategiesconsultingfirm.com\/fr\/wp-json\/wp\/v2\/pages\/10473","targetHints":{"allow":["GET"]}}],"collection":[{"href":"https:\/\/strategiesconsultingfirm.com\/fr\/wp-json\/wp\/v2\/pages"}],"about":[{"href":"https:\/\/strategiesconsultingfirm.com\/fr\/wp-json\/wp\/v2\/types\/page"}],"author":[{"embeddable":true,"href":"https:\/\/strategiesconsultingfirm.com\/fr\/wp-json\/wp\/v2\/users\/1"}],"replies":[{"embeddable":true,"href":"https:\/\/strategiesconsultingfirm.com\/fr\/wp-json\/wp\/v2\/comments?post=10473"}],"version-history":[{"count":8,"href":"https:\/\/strategiesconsultingfirm.com\/fr\/wp-json\/wp\/v2\/pages\/10473\/revisions"}],"predecessor-version":[{"id":13240,"href":"https:\/\/strategiesconsultingfirm.com\/fr\/wp-json\/wp\/v2\/pages\/10473\/revisions\/13240"}],"wp:attachment":[{"href":"https:\/\/strategiesconsultingfirm.com\/fr\/wp-json\/wp\/v2\/media?parent=10473"}],"curies":[{"name":"wp","href":"https:\/\/api.w.org\/{rel}","templated":true}]}}