{"id":10583,"date":"2022-11-28T09:29:04","date_gmt":"2022-11-28T08:29:04","guid":{"rendered":"https:\/\/strategiesconsultingfirm.com\/macrotrends-et-analyses\/"},"modified":"2024-01-13T20:32:33","modified_gmt":"2024-01-13T19:32:33","slug":"macrotrends-et-analyses","status":"publish","type":"page","link":"https:\/\/strategiesconsultingfirm.com\/fr\/macrotrends-et-analyses\/","title":{"rendered":"MacroTrends et Analyses"},"content":{"rendered":"\t\t<div data-elementor-type=\"wp-page\" data-elementor-id=\"10583\" class=\"elementor elementor-10583 elementor-6306\" data-elementor-post-type=\"page\">\n\t\t\t\t\t\t<section class=\"elementor-section elementor-top-section elementor-element elementor-element-9db6162 elementor-section-boxed elementor-section-height-default elementor-section-height-default\" data-id=\"9db6162\" data-element_type=\"section\" data-e-type=\"section\" data-settings=\"{&quot;background_background&quot;:&quot;classic&quot;}\">\n\t\t\t\t\t\t<div class=\"elementor-container elementor-column-gap-default\">\n\t\t\t\t\t<div class=\"elementor-column elementor-col-100 elementor-top-column elementor-element elementor-element-57c5d61\" data-id=\"57c5d61\" data-element_type=\"column\" data-e-type=\"column\" data-settings=\"{&quot;background_background&quot;:&quot;classic&quot;}\">\n\t\t\t<div class=\"elementor-widget-wrap elementor-element-populated\">\n\t\t\t\t\t\t<div class=\"elementor-element elementor-element-8b1dc16 elementor-widget elementor-widget-vc_custom_heading\" data-id=\"8b1dc16\" data-element_type=\"widget\" data-e-type=\"widget\" data-widget_type=\"vc_custom_heading.default\">\n\t\t\t\t<div class=\"elementor-widget-container\">\n\t\t\t\t\t<div class=\" vc_custom_heading  consulting_heading_font  text_align_center\" ><h2 style=\"color: #FFFFFF;text-align: center\" class=\"consulting-custom-title\">Macro-tendances et Analyses\n<\/h2><\/div>\t\t\t\t<\/div>\n\t\t\t\t<\/div>\n\t\t\t\t\t<\/div>\n\t\t<\/div>\n\t\t\t\t\t<\/div>\n\t\t<\/section>\n\t\t\t\t<section class=\"elementor-section elementor-top-section elementor-element elementor-element-0f2ce4c elementor-section-boxed elementor-section-height-default elementor-section-height-default\" data-id=\"0f2ce4c\" data-element_type=\"section\" data-e-type=\"section\">\n\t\t\t\t\t\t<div class=\"elementor-container elementor-column-gap-default\">\n\t\t\t\t\t<div class=\"elementor-column elementor-col-100 elementor-top-column elementor-element elementor-element-0f2d2ed\" data-id=\"0f2d2ed\" data-element_type=\"column\" data-e-type=\"column\">\n\t\t\t<div class=\"elementor-widget-wrap elementor-element-populated\">\n\t\t\t\t\t\t<div class=\"elementor-element elementor-element-0f2d68f elementor-widget elementor-widget-stm_works\" data-id=\"0f2d68f\" data-element_type=\"widget\" data-e-type=\"widget\" data-widget_type=\"stm_works.default\">\n\t\t\t\t<div class=\"elementor-widget-container\">\n\t\t\t\t\t\n\n\t<div id=\"stm_works_69d28b24446e3\" class=\"stm_works_wr consulting_elementor_works cols_2 grid style_2\">\n\n\t\t\t\t\t<div class=\"stm_works\">\n\t\t\t\t\t\t\t\t\t\t\t\t\t\t<div class=\"item\">\n\t\t\t\t\t\t<div class=\"image\">\n\t\t\t\t\t\t\t\t\t\t\t\t\t\t<a href=\"https:\/\/strategiesconsultingfirm.com\/fr\/trends\/lafrique-a-un-besoin-crucial-dune-strategie-en-matiere-de-mineraux-critiques\/\"><img src='https:\/\/strategiesconsultingfirm.com\/wp-content\/uploads\/2025\/03\/Image-critical-minerals-.jpg' alt='' \/><\/a>\n\t\t\t\t\t\t\t\t\t\t\t\t\t<\/div>\n\t\t\t\t\t\t<div class=\"info\">\n\t\t\t\t\t\t\t\t\t\t\t\t\t\t\t\t\t\t\t\t\t\t\t\t<div class=\"category\"><a\n\t\t\t\t\t\t\t\t\t\t\t\thref=\"#mines\"><span>Mines<\/span>\n\t\t\t\t\t\t\t\t\t\t\t<i class=\"fa fa-chevron-right\"><\/i><\/a><\/div>\n\t\t\t\t\t\t\t\t\t\t\t\t\t\t\t\t<div class=\"title\"><a\n\t\t\t\t\t\t\t\t\t\t\thref=\"https:\/\/strategiesconsultingfirm.com\/fr\/trends\/lafrique-a-un-besoin-crucial-dune-strategie-en-matiere-de-mineraux-critiques\/\">L&#8217;Afrique a un besoin crucial d&#8217;une strat\u00e9gie en mati\u00e8re de min\u00e9raux critiques !<\/a>\n\t\t\t\t\t\t\t\t<\/div>\n\t\t\t\t\t\t\t\t\t\t\t\t\t<\/div>\n\t\t\t\t\t<\/div>\n\t\t\t\t\t\t\t\t\t\t\t\t\t\t\t<div class=\"item\">\n\t\t\t\t\t\t<div class=\"image\">\n\t\t\t\t\t\t\t\t\t\t\t\t\t\t<a href=\"https:\/\/strategiesconsultingfirm.com\/fr\/trends\/le-senegal-a-la-croisee-des-chemins-donnees-tendances-et-perspectives-cles\/\"><img src='https:\/\/strategiesconsultingfirm.com\/wp-content\/uploads\/2024\/05\/Senegal1.jpg' alt='' \/><\/a>\n\t\t\t\t\t\t\t\t\t\t\t\t\t<\/div>\n\t\t\t\t\t\t<div class=\"info\">\n\t\t\t\t\t\t\t\t\t\t\t\t\t\t\t\t\t\t\t\t\t\t\t<div class=\"title\"><a\n\t\t\t\t\t\t\t\t\t\t\thref=\"https:\/\/strategiesconsultingfirm.com\/fr\/trends\/le-senegal-a-la-croisee-des-chemins-donnees-tendances-et-perspectives-cles\/\">Le S\u00e9n\u00e9gal \u00e0 la crois\u00e9e des chemins : Donn\u00e9es, tendances et perspectives cl\u00e9s<\/a>\n\t\t\t\t\t\t\t\t<\/div>\n\t\t\t\t\t\t\t\t\t\t\t\t\t<\/div>\n\t\t\t\t\t<\/div>\n\t\t\t\t\t\t\t\t\t\t\t\t\t\t\t<div class=\"item\">\n\t\t\t\t\t\t<div class=\"image\">\n\t\t\t\t\t\t\t\t\t\t\t\t\t\t<a href=\"https:\/\/strategiesconsultingfirm.com\/fr\/trends\/notes-de-ouagadougou-en-mars-2024-et-quelques-reflexions-par-kah-walla\/\"><img src='https:\/\/strategiesconsultingfirm.com\/wp-content\/uploads\/2024\/04\/FR-OUAGADOUGOU-NOTES.png' alt='' \/><\/a>\n\t\t\t\t\t\t\t\t\t\t\t\t\t<\/div>\n\t\t\t\t\t\t<div class=\"info\">\n\t\t\t\t\t\t\t\t\t\t\t\t\t\t\t\t\t\t\t\t\t\t\t\t<div class=\"category\"><a\n\t\t\t\t\t\t\t\t\t\t\t\thref=\"#gouvernance\"><span>Gouvernance<\/span>\n\t\t\t\t\t\t\t\t\t\t\t<i class=\"fa fa-chevron-right\"><\/i><\/a><\/div>\n\t\t\t\t\t\t\t\t\t\t\t\t\t\t\t\t<div class=\"title\"><a\n\t\t\t\t\t\t\t\t\t\t\thref=\"https:\/\/strategiesconsultingfirm.com\/fr\/trends\/notes-de-ouagadougou-en-mars-2024-et-quelques-reflexions-par-kah-walla\/\">Notes de Ouagadougou en mars 2024&#8230;  et quelques r\u00e9flexions &#8211; Par Kah Walla<\/a>\n\t\t\t\t\t\t\t\t<\/div>\n\t\t\t\t\t\t\t\t\t\t\t\t\t<\/div>\n\t\t\t\t\t<\/div>\n\t\t\t\t\t\t\t\t\t\t\t\t\t\t\t<div class=\"item\">\n\t\t\t\t\t\t<div class=\"image\">\n\t\t\t\t\t\t\t\t\t\t\t\t\t\t<a href=\"https:\/\/strategiesconsultingfirm.com\/fr\/trends\/tendances-recentes-dans-les-pays-du-sahel-focus-sur-lalliance-des-etats-du-sahel\/\"><img src='https:\/\/strategiesconsultingfirm.com\/wp-content\/uploads\/2024\/04\/Trends-AES.jpg' alt='' \/><\/a>\n\t\t\t\t\t\t\t\t\t\t\t\t\t<\/div>\n\t\t\t\t\t\t<div class=\"info\">\n\t\t\t\t\t\t\t\t\t\t\t\t\t\t\t\t\t\t\t\t\t\t\t\t<div class=\"category\"><a\n\t\t\t\t\t\t\t\t\t\t\t\thref=\"#gouvernance\"><span>Gouvernance<\/span>\n\t\t\t\t\t\t\t\t\t\t\t<i class=\"fa fa-chevron-right\"><\/i><\/a><\/div>\n\t\t\t\t\t\t\t\t\t\t\t\t\t\t\t\t<div class=\"title\"><a\n\t\t\t\t\t\t\t\t\t\t\thref=\"https:\/\/strategiesconsultingfirm.com\/fr\/trends\/tendances-recentes-dans-les-pays-du-sahel-focus-sur-lalliance-des-etats-du-sahel\/\">Tendances R\u00e9centes dans les Pays du Sahel : Focus sur l\u2019Alliance des \u00c9tats du Sahel<\/a>\n\t\t\t\t\t\t\t\t<\/div>\n\t\t\t\t\t\t\t\t\t\t\t\t\t<\/div>\n\t\t\t\t\t<\/div>\n\t\t\t\t\t\t\t\t\t\t\t\t\t\t\t<div class=\"item\">\n\t\t\t\t\t\t<div class=\"image\">\n\t\t\t\t\t\t\t\t\t\t\t\t\t\t<a href=\"https:\/\/strategiesconsultingfirm.com\/fr\/trends\/faits-chiffres-cles-de-lactivite-miniere-en-afrique-en-2024\/\"><img src='https:\/\/strategiesconsultingfirm.com\/wp-content\/uploads\/2024\/04\/Capture-decran-2024-04-12-153554.png' alt='' \/><\/a>\n\t\t\t\t\t\t\t\t\t\t\t\t\t<\/div>\n\t\t\t\t\t\t<div class=\"info\">\n\t\t\t\t\t\t\t\t\t\t\t\t\t\t\t\t\t\t\t\t\t\t\t\t<div class=\"category\"><a\n\t\t\t\t\t\t\t\t\t\t\t\thref=\"#gouvernance\"><span>Gouvernance<\/span>\n\t\t\t\t\t\t\t\t\t\t\t<i class=\"fa fa-chevron-right\"><\/i><\/a><\/div>\n\t\t\t\t\t\t\t\t\t\t\t\t\t\t\t\t<div class=\"title\"><a\n\t\t\t\t\t\t\t\t\t\t\thref=\"https:\/\/strategiesconsultingfirm.com\/fr\/trends\/faits-chiffres-cles-de-lactivite-miniere-en-afrique-en-2024\/\">Faits &#038; Chiffres Cl\u00e9s de l&#8217;Activit\u00e9 Mini\u00e8re en Afrique en 2024<\/a>\n\t\t\t\t\t\t\t\t<\/div>\n\t\t\t\t\t\t\t\t\t\t\t\t\t<\/div>\n\t\t\t\t\t<\/div>\n\t\t\t\t\t\t\t\t\t\t\t\t\t\t\t<div class=\"item\">\n\t\t\t\t\t\t<div class=\"image\">\n\t\t\t\t\t\t\t\t\t\t\t\t\t\t<a href=\"https:\/\/strategiesconsultingfirm.com\/fr\/trends\/burkina-faso-un-coup-doeil-derriere-le-rideau-de-la-transition-par-kah-walla\/\"><img src='https:\/\/strategiesconsultingfirm.com\/wp-content\/uploads\/2024\/04\/Burkina-Faso-Un-coup-doeil-derriere-le-rideau-de-la-transition-1.png' alt='' \/><\/a>\n\t\t\t\t\t\t\t\t\t\t\t\t\t<\/div>\n\t\t\t\t\t\t<div class=\"info\">\n\t\t\t\t\t\t\t\t\t\t\t\t\t\t\t\t\t\t\t\t\t\t\t\t<div class=\"category\"><a\n\t\t\t\t\t\t\t\t\t\t\t\thref=\"#gouvernance\"><span>Gouvernance<\/span>\n\t\t\t\t\t\t\t\t\t\t\t<i class=\"fa fa-chevron-right\"><\/i><\/a><\/div>\n\t\t\t\t\t\t\t\t\t\t\t\t\t\t\t\t<div class=\"title\"><a\n\t\t\t\t\t\t\t\t\t\t\thref=\"https:\/\/strategiesconsultingfirm.com\/fr\/trends\/burkina-faso-un-coup-doeil-derriere-le-rideau-de-la-transition-par-kah-walla\/\">Burkina Faso : Un coup d&#8217;\u0153il derri\u00e8re le rideau de la transition &#8211; par Kah Walla<\/a>\n\t\t\t\t\t\t\t\t<\/div>\n\t\t\t\t\t\t\t\t\t\t\t\t\t<\/div>\n\t\t\t\t\t<\/div>\n\t\t\t\t\t\t\t\t\t\t\t\t\t\t\t<div class=\"item\">\n\t\t\t\t\t\t<div class=\"image\">\n\t\t\t\t\t\t\t\t\t\t\t\t\t\t<a href=\"https:\/\/strategiesconsultingfirm.com\/fr\/trends\/education-en-afrique-donnees-tendances-octobre-2023\/\"><img src='https:\/\/strategiesconsultingfirm.com\/wp-content\/uploads\/2023\/10\/education-en-afrique-scaled.jpg' alt='' \/><\/a>\n\t\t\t\t\t\t\t\t\t\t\t\t\t<\/div>\n\t\t\t\t\t\t<div class=\"info\">\n\t\t\t\t\t\t\t\t\t\t\t\t\t\t\t\t\t\t\t\t\t\t\t\t<div class=\"category\"><a\n\t\t\t\t\t\t\t\t\t\t\t\thref=\"#education-fr\"><span>Education<\/span>\n\t\t\t\t\t\t\t\t\t\t\t<i class=\"fa fa-chevron-right\"><\/i><\/a><\/div>\n\t\t\t\t\t\t\t\t\t\t\t\t\t\t\t\t<div class=\"title\"><a\n\t\t\t\t\t\t\t\t\t\t\thref=\"https:\/\/strategiesconsultingfirm.com\/fr\/trends\/education-en-afrique-donnees-tendances-octobre-2023\/\">Education en Afrique- Donn\u00e9es  et Tendances Octobre 2023<\/a>\n\t\t\t\t\t\t\t\t<\/div>\n\t\t\t\t\t\t\t\t\t\t\t\t\t<\/div>\n\t\t\t\t\t<\/div>\n\t\t\t\t\t\t\t\t\t\t\t\t\t\t\t<div class=\"item\">\n\t\t\t\t\t\t<div class=\"image\">\n\t\t\t\t\t\t\t\t\t\t\t\t\t\t<a href=\"https:\/\/strategiesconsultingfirm.com\/fr\/trends\/comprendre-les-coups-detat-en-afrique\/\"><img src='https:\/\/strategiesconsultingfirm.com\/wp-content\/uploads\/2023\/09\/Comprendre-les-coups-dEtat-en-Afrique-_-Septembre-2023-_-STRATEGIES-Final-1-scaled.jpg' alt='' \/><\/a>\n\t\t\t\t\t\t\t\t\t\t\t\t\t<\/div>\n\t\t\t\t\t\t<div class=\"info\">\n\t\t\t\t\t\t\t\t\t\t\t\t\t\t\t\t\t\t\t\t\t\t\t\t<div class=\"category\"><a\n\t\t\t\t\t\t\t\t\t\t\t\thref=\"#gouvernance\"><span>Gouvernance<\/span>\n\t\t\t\t\t\t\t\t\t\t\t<i class=\"fa fa-chevron-right\"><\/i><\/a><\/div>\n\t\t\t\t\t\t\t\t\t\t\t\t\t\t\t\t<div class=\"title\"><a\n\t\t\t\t\t\t\t\t\t\t\thref=\"https:\/\/strategiesconsultingfirm.com\/fr\/trends\/comprendre-les-coups-detat-en-afrique\/\">Comprendre les coups d&#8217;\u00e9tat en Afrique<\/a>\n\t\t\t\t\t\t\t\t<\/div>\n\t\t\t\t\t\t\t\t\t\t\t\t\t<\/div>\n\t\t\t\t\t<\/div>\n\t\t\t\t\t\t\t\t<\/div>\n\t\t\n\t\t<script type=\"text\/javascript\">\n\t\t\tjQuery(document).ready(function ($) {\n\t\t\t\tvar $container = $(\"#stm_works_69d28b24446e3 .stm_works\");\n\t\t\t\tvar originLeft = true;\n\t\t\t\tif ($('body').hasClass('rtl')) {\n\t\t\t\t\toriginLeft = false;\n\t\t\t\t}\n\t\t\t\t$container.isotope({\n\t\t\t\t\tlayoutMode: 'fitRows',\n\t\t\t\t\titemSelector: '.item',\n\t\t\t\t\ttransitionDuration: '0.7s',\n\t\t\t\t\tisOriginLeft: originLeft,\n\t\t\t\t\t\t\t\t\t});\n\t\t\t\t$container.imagesLoaded().progress(function () {\n\t\t\t\t\t$container.isotope('layout');\n\t\t\t\t});\n\t\t\t\t$container.isotope('layout');\n\t\t\t\t$('#stm_works_69d28b24446e3 .works_filter a').on('click', function () {\n\t\t\t\t\tvar i = 0;\n\t\t\t\t\tif (!$(this).hasClass(\"stm_works_grid_switcher\")) {\n\n\t\t\t\t\t\t$(this).closest('ul').find('li.active').removeClass('active');\n\t\t\t\t\t\t$(this).parent().addClass('active');\n\t\t\t\t\t\tvar sort = $(this).attr('href');\n\t\t\t\t\t\tsort = sort.substring(1);\n\t\t\t\t\t\t\t\t\t\t\t\t$container.isotope({\n\t\t\t\t\t\t\tfilter: '.' + sort\n\t\t\t\t\t\t});\n\t\t\t\t\t\t\t\t\t\t\t\treturn false;\n\t\t\t\t\t}\n\t\t\t\t});\n\t\t\t\t$(document).on('click', '.stm_works_grid_switcher', function () {\n\t\t\t\t\t$(this).toggleClass('active');\n\t\t\t\t\tvar $container_wrapper = $(this).closest('.stm_works_wr');\n\t\t\t\t\tif ($('body').hasClass('boxed_layout')) {\n\t\t\t\t\t\t$container_wrapper.toggleClass('wide');\n\t\t\t\t\t} else {\n\t\t\t\t\t\t$container_wrapper.toggleClass('wide container');\n\t\t\t\t\t}\n\t\t\t\t\t\/\/$container_wrapper.find('.stm_works_grid_switcher').closest('.works_filter').toggleClass('container');\n\t\t\t\t\t$container.isotope('layout');\n\t\t\t\t\t$container.closest('.stm_works').animate({'height': $container.height() + $('#stm_works_stm_works_69d28b24446e3 .stm_works').height()}, 300);\n\t\t\t\t\treturn false;\n\t\t\t\t});\n\t\t\t\t$('#stm_works_69d28b24446e3 .item .category a').on('click', function () {\n\t\t\t\t\tif (!$(this).hasClass(\"stm_works_grid_switcher\")) {\n\t\t\t\t\t\tvar sort = $(this).attr('href');\n\t\t\t\t\t\tsort = sort.substring(1);\n\t\t\t\t\t\t$('#stm_works_69d28b24446e3 .works_filter li.active').removeClass('active');\n\t\t\t\t\t\t$('#stm_works_69d28b24446e3 .works_filter li a[href=\"#' + sort + '\"]').closest('li').addClass('active');\n\t\t\t\t\t\t$container.isotope({\n\t\t\t\t\t\t\tfilter: '.' + sort\n\t\t\t\t\t\t});\n\t\t\t\t\t\treturn false;\n\t\t\t\t\t}\n\t\t\t\t});\n\t\t\t});\n\t\t<\/script>\n\t\t\t<\/div>\n\n\t\t\t\t<\/div>\n\t\t\t\t<\/div>\n\t\t\t\t\t<\/div>\n\t\t<\/div>\n\t\t\t\t\t<\/div>\n\t\t<\/section>\n\t\t\t\t<\/div>\n\t\t","protected":false},"excerpt":{"rendered":"<p>Macro-tendances et Analyses Education Education in Africa : Key Data and Trends October 2023 Education Understanding Coups in Africa Economics Key Data and Trends to Understand the BRICS &#8211; August 2023 Governance Situation in Sahel &#038; Niger : Recent data and trends &#8211; August 2023 Education Trends in democracy and Governance in Africa 2023 Agriculture<\/p>\n","protected":false},"author":1,"featured_media":0,"parent":0,"menu_order":0,"comment_status":"closed","ping_status":"closed","template":"","meta":{"_acf_changed":false,"footnotes":""},"class_list":["post-10583","page","type-page","status-publish","hentry"],"acf":[],"_links":{"self":[{"href":"https:\/\/strategiesconsultingfirm.com\/fr\/wp-json\/wp\/v2\/pages\/10583","targetHints":{"allow":["GET"]}}],"collection":[{"href":"https:\/\/strategiesconsultingfirm.com\/fr\/wp-json\/wp\/v2\/pages"}],"about":[{"href":"https:\/\/strategiesconsultingfirm.com\/fr\/wp-json\/wp\/v2\/types\/page"}],"author":[{"embeddable":true,"href":"https:\/\/strategiesconsultingfirm.com\/fr\/wp-json\/wp\/v2\/users\/1"}],"replies":[{"embeddable":true,"href":"https:\/\/strategiesconsultingfirm.com\/fr\/wp-json\/wp\/v2\/comments?post=10583"}],"version-history":[{"count":13,"href":"https:\/\/strategiesconsultingfirm.com\/fr\/wp-json\/wp\/v2\/pages\/10583\/revisions"}],"predecessor-version":[{"id":13015,"href":"https:\/\/strategiesconsultingfirm.com\/fr\/wp-json\/wp\/v2\/pages\/10583\/revisions\/13015"}],"wp:attachment":[{"href":"https:\/\/strategiesconsultingfirm.com\/fr\/wp-json\/wp\/v2\/media?parent=10583"}],"curies":[{"name":"wp","href":"https:\/\/api.w.org\/{rel}","templated":true}]}}