{"id":11478,"date":"2023-05-10T15:54:00","date_gmt":"2023-05-10T14:54:00","guid":{"rendered":"https:\/\/strategiesconsultingfirm.com\/a-propos\/notre-mission\/"},"modified":"2024-01-13T21:19:56","modified_gmt":"2024-01-13T20:19:56","slug":"notre-mission","status":"publish","type":"page","link":"https:\/\/strategiesconsultingfirm.com\/fr\/a-propos\/notre-mission\/","title":{"rendered":"Notre Mission"},"content":{"rendered":"\t\t<div data-elementor-type=\"wp-page\" data-elementor-id=\"11478\" class=\"elementor elementor-11478 elementor-7886\" data-elementor-post-type=\"page\">\n\t\t\t\t\t\t<section class=\"elementor-section elementor-top-section elementor-element elementor-element-c60ad27 elementor-section-boxed elementor-section-height-default elementor-section-height-default\" data-id=\"c60ad27\" data-element_type=\"section\" data-e-type=\"section\">\n\t\t\t\t\t\t<div class=\"elementor-container elementor-column-gap-default\">\n\t\t\t\t\t<div class=\"elementor-column elementor-col-100 elementor-top-column elementor-element elementor-element-d9a8dea\" data-id=\"d9a8dea\" data-element_type=\"column\" data-e-type=\"column\">\n\t\t\t<div class=\"elementor-widget-wrap elementor-element-populated\">\n\t\t\t\t\t\t<div class=\"elementor-element elementor-element-3665d12 elementor-widget elementor-widget-vc_custom_heading\" data-id=\"3665d12\" data-element_type=\"widget\" data-e-type=\"widget\" data-widget_type=\"vc_custom_heading.default\">\n\t\t\t\t<div class=\"elementor-widget-container\">\n\t\t\t\t\t<div class=\" vc_custom_heading  consulting_heading_font  text_align_center\" ><h2 style=\"text-align: center\" class=\"consulting-custom-title\">Notre Mission\n<\/h2><\/div>\t\t\t\t<\/div>\n\t\t\t\t<\/div>\n\t\t\t\t\t<\/div>\n\t\t<\/div>\n\t\t\t\t\t<\/div>\n\t\t<\/section>\n\t\t\t\t<section class=\"elementor-section elementor-top-section elementor-element elementor-element-442919c elementor-section-boxed elementor-section-height-default elementor-section-height-default\" data-id=\"442919c\" data-element_type=\"section\" data-e-type=\"section\">\n\t\t\t\t\t\t<div class=\"elementor-container elementor-column-gap-default\">\n\t\t\t\t\t<div class=\"elementor-column elementor-col-25 elementor-top-column elementor-element elementor-element-1ee63e4\" data-id=\"1ee63e4\" data-element_type=\"column\" data-e-type=\"column\">\n\t\t\t<div class=\"elementor-widget-wrap\">\n\t\t\t\t\t\t\t<\/div>\n\t\t<\/div>\n\t\t\t\t<div class=\"elementor-column elementor-col-25 elementor-top-column elementor-element elementor-element-1c5ab72\" data-id=\"1c5ab72\" data-element_type=\"column\" data-e-type=\"column\" data-settings=\"{&quot;background_background&quot;:&quot;classic&quot;}\">\n\t\t\t<div class=\"elementor-widget-wrap elementor-element-populated\">\n\t\t\t\t\t\t<div class=\"elementor-element elementor-element-2bd70fa elementor-widget elementor-widget-image\" data-id=\"2bd70fa\" data-element_type=\"widget\" data-e-type=\"widget\" data-widget_type=\"image.default\">\n\t\t\t\t<div class=\"elementor-widget-container\">\n\t\t\t\t\t\t\t\t\t\t\t\t\t\t\t<img decoding=\"async\" width=\"150\" height=\"150\" src=\"https:\/\/strategiesconsultingfirm.com\/wp-content\/uploads\/2023\/06\/Adinkra-2-150x150.png\" class=\"attachment-thumbnail size-thumbnail wp-image-9163\" alt=\"\" srcset=\"https:\/\/strategiesconsultingfirm.com\/wp-content\/uploads\/2023\/06\/Adinkra-2-150x150.png 150w, https:\/\/strategiesconsultingfirm.com\/wp-content\/uploads\/2023\/06\/Adinkra-2-300x300.png 300w, https:\/\/strategiesconsultingfirm.com\/wp-content\/uploads\/2023\/06\/Adinkra-2-1024x1024.png 1024w, https:\/\/strategiesconsultingfirm.com\/wp-content\/uploads\/2023\/06\/Adinkra-2-768x768.png 768w, https:\/\/strategiesconsultingfirm.com\/wp-content\/uploads\/2023\/06\/Adinkra-2-1536x1536.png 1536w, https:\/\/strategiesconsultingfirm.com\/wp-content\/uploads\/2023\/06\/Adinkra-2-2048x2048.png 2048w, https:\/\/strategiesconsultingfirm.com\/wp-content\/uploads\/2023\/06\/Adinkra-2-50x50.png 50w, https:\/\/strategiesconsultingfirm.com\/wp-content\/uploads\/2023\/06\/Adinkra-2-320x320.png 320w, https:\/\/strategiesconsultingfirm.com\/wp-content\/uploads\/2023\/06\/Adinkra-2-900x900.png 900w, https:\/\/strategiesconsultingfirm.com\/wp-content\/uploads\/2023\/06\/Adinkra-2-600x600.png 600w, https:\/\/strategiesconsultingfirm.com\/wp-content\/uploads\/2023\/06\/Adinkra-2-100x100.png 100w\" sizes=\"(max-width: 150px) 100vw, 150px\" \/>\t\t\t\t\t\t\t\t\t\t\t\t\t\t\t<\/div>\n\t\t\t\t<\/div>\n\t\t\t\t\t<\/div>\n\t\t<\/div>\n\t\t\t\t<div class=\"elementor-column elementor-col-25 elementor-top-column elementor-element elementor-element-0540792\" data-id=\"0540792\" data-element_type=\"column\" data-e-type=\"column\">\n\t\t\t<div class=\"elementor-widget-wrap elementor-element-populated\">\n\t\t\t\t\t\t<div class=\"elementor-element elementor-element-1f37919 elementor-widget elementor-widget-text-editor\" data-id=\"1f37919\" data-element_type=\"widget\" data-e-type=\"widget\" data-widget_type=\"text-editor.default\">\n\t\t\t\t<div class=\"elementor-widget-container\">\n\t\t\t\t\t\t\t\t\t<p>\u00catre <strong><span style=\"text-decoration: underline;\">la<\/span><\/strong> r\u00e9f\u00e9rence en leadership et en management par notre comp\u00e9tence et expertise.<\/p>\n\t\t\t\t\t\t\t\t<\/div>\n\t\t\t\t<\/div>\n\t\t\t\t\t<\/div>\n\t\t<\/div>\n\t\t\t\t<div class=\"elementor-column elementor-col-25 elementor-top-column elementor-element elementor-element-9485e04\" data-id=\"9485e04\" data-element_type=\"column\" data-e-type=\"column\">\n\t\t\t<div class=\"elementor-widget-wrap\">\n\t\t\t\t\t\t\t<\/div>\n\t\t<\/div>\n\t\t\t\t\t<\/div>\n\t\t<\/section>\n\t\t\t\t<section class=\"elementor-section elementor-top-section elementor-element elementor-element-2657abe elementor-section-boxed elementor-section-height-default elementor-section-height-default\" data-id=\"2657abe\" data-element_type=\"section\" data-e-type=\"section\">\n\t\t\t\t\t\t<div class=\"elementor-container elementor-column-gap-default\">\n\t\t\t\t\t<div class=\"elementor-column elementor-col-25 elementor-top-column elementor-element elementor-element-40ad110\" data-id=\"40ad110\" data-element_type=\"column\" data-e-type=\"column\">\n\t\t\t<div class=\"elementor-widget-wrap\">\n\t\t\t\t\t\t\t<\/div>\n\t\t<\/div>\n\t\t\t\t<div class=\"elementor-column elementor-col-25 elementor-top-column elementor-element elementor-element-c6cac87\" data-id=\"c6cac87\" data-element_type=\"column\" data-e-type=\"column\" data-settings=\"{&quot;background_background&quot;:&quot;classic&quot;}\">\n\t\t\t<div class=\"elementor-widget-wrap elementor-element-populated\">\n\t\t\t\t\t\t<div class=\"elementor-element elementor-element-2cdfb67 elementor-widget elementor-widget-image\" data-id=\"2cdfb67\" data-element_type=\"widget\" data-e-type=\"widget\" data-widget_type=\"image.default\">\n\t\t\t\t<div class=\"elementor-widget-container\">\n\t\t\t\t\t\t\t\t\t\t\t\t\t\t\t<img decoding=\"async\" width=\"150\" height=\"150\" src=\"https:\/\/strategiesconsultingfirm.com\/wp-content\/uploads\/2023\/06\/Adinkra-3-150x150.png\" class=\"attachment-thumbnail size-thumbnail wp-image-9165\" alt=\"\" srcset=\"https:\/\/strategiesconsultingfirm.com\/wp-content\/uploads\/2023\/06\/Adinkra-3-150x150.png 150w, https:\/\/strategiesconsultingfirm.com\/wp-content\/uploads\/2023\/06\/Adinkra-3-50x50.png 50w, https:\/\/strategiesconsultingfirm.com\/wp-content\/uploads\/2023\/06\/Adinkra-3-320x320.png 320w, https:\/\/strategiesconsultingfirm.com\/wp-content\/uploads\/2023\/06\/Adinkra-3-300x300.png 300w, https:\/\/strategiesconsultingfirm.com\/wp-content\/uploads\/2023\/06\/Adinkra-3-100x100.png 100w\" sizes=\"(max-width: 150px) 100vw, 150px\" \/>\t\t\t\t\t\t\t\t\t\t\t\t\t\t\t<\/div>\n\t\t\t\t<\/div>\n\t\t\t\t\t<\/div>\n\t\t<\/div>\n\t\t\t\t<div class=\"elementor-column elementor-col-25 elementor-top-column elementor-element elementor-element-abc4669\" data-id=\"abc4669\" data-element_type=\"column\" data-e-type=\"column\">\n\t\t\t<div class=\"elementor-widget-wrap elementor-element-populated\">\n\t\t\t\t\t\t<div class=\"elementor-element elementor-element-c59afea elementor-widget elementor-widget-text-editor\" data-id=\"c59afea\" data-element_type=\"widget\" data-e-type=\"widget\" data-widget_type=\"text-editor.default\">\n\t\t\t\t<div class=\"elementor-widget-container\">\n\t\t\t\t\t\t\t\t\t<p>\u00catre <strong><span style=\"text-decoration: underline;\">le<\/span><\/strong> partenaire indispensable des organisations ambitieuses et proactives.<\/p>\n\t\t\t\t\t\t\t\t<\/div>\n\t\t\t\t<\/div>\n\t\t\t\t\t<\/div>\n\t\t<\/div>\n\t\t\t\t<div class=\"elementor-column elementor-col-25 elementor-top-column elementor-element elementor-element-66f4a99\" data-id=\"66f4a99\" data-element_type=\"column\" data-e-type=\"column\">\n\t\t\t<div class=\"elementor-widget-wrap\">\n\t\t\t\t\t\t\t<\/div>\n\t\t<\/div>\n\t\t\t\t\t<\/div>\n\t\t<\/section>\n\t\t\t\t<section class=\"elementor-section elementor-top-section elementor-element elementor-element-b22d779 elementor-section-boxed elementor-section-height-default elementor-section-height-default\" data-id=\"b22d779\" data-element_type=\"section\" data-e-type=\"section\">\n\t\t\t\t\t\t<div class=\"elementor-container elementor-column-gap-default\">\n\t\t\t\t\t<div class=\"elementor-column elementor-col-100 elementor-top-column elementor-element elementor-element-5e2662b\" data-id=\"5e2662b\" data-element_type=\"column\" data-e-type=\"column\">\n\t\t\t<div class=\"elementor-widget-wrap elementor-element-populated\">\n\t\t\t\t\t\t<div class=\"elementor-element elementor-element-cd1720a elementor-widget elementor-widget-spacer\" data-id=\"cd1720a\" data-element_type=\"widget\" data-e-type=\"widget\" data-widget_type=\"spacer.default\">\n\t\t\t\t<div class=\"elementor-widget-container\">\n\t\t\t\t\t\t\t<div class=\"elementor-spacer\">\n\t\t\t<div class=\"elementor-spacer-inner\"><\/div>\n\t\t<\/div>\n\t\t\t\t\t\t<\/div>\n\t\t\t\t<\/div>\n\t\t\t\t\t<\/div>\n\t\t<\/div>\n\t\t\t\t\t<\/div>\n\t\t<\/section>\n\t\t\t\t<section class=\"elementor-section elementor-top-section elementor-element elementor-element-336957d elementor-section-boxed elementor-section-height-default elementor-section-height-default\" data-id=\"336957d\" data-element_type=\"section\" data-e-type=\"section\" data-settings=\"{&quot;background_background&quot;:&quot;classic&quot;}\">\n\t\t\t\t\t\t<div class=\"elementor-container elementor-column-gap-default\">\n\t\t\t\t\t<div class=\"elementor-column elementor-col-100 elementor-top-column elementor-element elementor-element-cd900f1\" data-id=\"cd900f1\" data-element_type=\"column\" data-e-type=\"column\">\n\t\t\t<div class=\"elementor-widget-wrap elementor-element-populated\">\n\t\t\t\t\t\t<div class=\"elementor-element elementor-element-cdff37d elementor-widget elementor-widget-vc_custom_heading\" data-id=\"cdff37d\" data-element_type=\"widget\" data-e-type=\"widget\" data-widget_type=\"vc_custom_heading.default\">\n\t\t\t\t<div class=\"elementor-widget-container\">\n\t\t\t\t\t<div class=\" vc_custom_heading  consulting_heading_font  text_align_center\" ><h2 style=\"text-align: center;font-weight:700\" class=\"consulting-custom-title\">Votre R\u00e9f\u00e9rence en Leadership et Management\n<\/h2><\/div>\t\t\t\t<\/div>\n\t\t\t\t<\/div>\n\t\t\t\t\t<\/div>\n\t\t<\/div>\n\t\t\t\t\t<\/div>\n\t\t<\/section>\n\t\t\t\t<section class=\"elementor-section elementor-top-section elementor-element elementor-element-f47c665 elementor-section-full_width elementor-section-height-default elementor-section-height-default elementor-invisible\" data-id=\"f47c665\" data-element_type=\"section\" data-e-type=\"section\" data-settings=\"{&quot;background_background&quot;:&quot;classic&quot;,&quot;animation&quot;:&quot;bounceInUp&quot;}\">\n\t\t\t\t\t\t<div class=\"elementor-container elementor-column-gap-default\">\n\t\t\t\t\t<div class=\"elementor-column elementor-col-33 elementor-top-column elementor-element elementor-element-8936c1f\" data-id=\"8936c1f\" data-element_type=\"column\" data-e-type=\"column\">\n\t\t\t<div class=\"elementor-widget-wrap elementor-element-populated\">\n\t\t\t\t\t\t<div class=\"elementor-element elementor-element-880ea4d elementor-position-top elementor-widget elementor-widget-image-box\" data-id=\"880ea4d\" data-element_type=\"widget\" data-e-type=\"widget\" data-widget_type=\"image-box.default\">\n\t\t\t\t<div class=\"elementor-widget-container\">\n\t\t\t\t\t<div class=\"elementor-image-box-wrapper\"><figure class=\"elementor-image-box-img\"><img fetchpriority=\"high\" decoding=\"async\" width=\"1510\" height=\"1474\" src=\"https:\/\/strategiesconsultingfirm.com\/wp-content\/uploads\/2023\/05\/excellence-adinkra.png\" class=\"attachment-full size-full wp-image-8058\" alt=\"\" srcset=\"https:\/\/strategiesconsultingfirm.com\/wp-content\/uploads\/2023\/05\/excellence-adinkra.png 1510w, https:\/\/strategiesconsultingfirm.com\/wp-content\/uploads\/2023\/05\/excellence-adinkra-300x293.png 300w, https:\/\/strategiesconsultingfirm.com\/wp-content\/uploads\/2023\/05\/excellence-adinkra-1024x1000.png 1024w, https:\/\/strategiesconsultingfirm.com\/wp-content\/uploads\/2023\/05\/excellence-adinkra-768x750.png 768w, https:\/\/strategiesconsultingfirm.com\/wp-content\/uploads\/2023\/05\/excellence-adinkra-50x50.png 50w, https:\/\/strategiesconsultingfirm.com\/wp-content\/uploads\/2023\/05\/excellence-adinkra-900x879.png 900w, https:\/\/strategiesconsultingfirm.com\/wp-content\/uploads\/2023\/05\/excellence-adinkra-600x586.png 600w\" sizes=\"(max-width: 1510px) 100vw, 1510px\" \/><\/figure><div class=\"elementor-image-box-content\"><p class=\"elementor-image-box-description\">28 ans d'exp\u00e9rience dans la prestation de services aux entreprises, aux organisations de d\u00e9veloppement et aux institutions r\u00e9gionales en Afrique, en Europe et aux \u00c9tats-Unis.<\/p><\/div><\/div>\t\t\t\t<\/div>\n\t\t\t\t<\/div>\n\t\t\t\t\t<\/div>\n\t\t<\/div>\n\t\t\t\t<div class=\"elementor-column elementor-col-33 elementor-top-column elementor-element elementor-element-f9de0f5\" data-id=\"f9de0f5\" data-element_type=\"column\" data-e-type=\"column\">\n\t\t\t<div class=\"elementor-widget-wrap elementor-element-populated\">\n\t\t\t\t\t\t<div class=\"elementor-element elementor-element-f62bf37 elementor-position-top elementor-widget elementor-widget-image-box\" data-id=\"f62bf37\" data-element_type=\"widget\" data-e-type=\"widget\" data-widget_type=\"image-box.default\">\n\t\t\t\t<div class=\"elementor-widget-container\">\n\t\t\t\t\t<div class=\"elementor-image-box-wrapper\"><figure class=\"elementor-image-box-img\"><img loading=\"lazy\" decoding=\"async\" width=\"1510\" height=\"1474\" src=\"https:\/\/strategiesconsultingfirm.com\/wp-content\/uploads\/2023\/05\/Leadership-1.png\" class=\"attachment-full size-full wp-image-8034\" alt=\"\" srcset=\"https:\/\/strategiesconsultingfirm.com\/wp-content\/uploads\/2023\/05\/Leadership-1.png 1510w, https:\/\/strategiesconsultingfirm.com\/wp-content\/uploads\/2023\/05\/Leadership-1-300x293.png 300w, https:\/\/strategiesconsultingfirm.com\/wp-content\/uploads\/2023\/05\/Leadership-1-1024x1000.png 1024w, https:\/\/strategiesconsultingfirm.com\/wp-content\/uploads\/2023\/05\/Leadership-1-768x750.png 768w, https:\/\/strategiesconsultingfirm.com\/wp-content\/uploads\/2023\/05\/Leadership-1-50x50.png 50w, https:\/\/strategiesconsultingfirm.com\/wp-content\/uploads\/2023\/05\/Leadership-1-900x879.png 900w, https:\/\/strategiesconsultingfirm.com\/wp-content\/uploads\/2023\/05\/Leadership-1-600x586.png 600w\" sizes=\"(max-width: 1510px) 100vw, 1510px\" \/><\/figure><div class=\"elementor-image-box-content\"><p class=\"elementor-image-box-description\">Un cabinet africain sp\u00e9cialis\u00e9 dans le leadership et la gestion.\n\nBas\u00e9e au Cameroun, elle dispose d'une succursale \u00e0 Washington DC depuis 2017.  <\/p><\/div><\/div>\t\t\t\t<\/div>\n\t\t\t\t<\/div>\n\t\t\t\t\t<\/div>\n\t\t<\/div>\n\t\t\t\t<div class=\"elementor-column elementor-col-33 elementor-top-column elementor-element elementor-element-443c45d\" data-id=\"443c45d\" data-element_type=\"column\" data-e-type=\"column\">\n\t\t\t<div class=\"elementor-widget-wrap elementor-element-populated\">\n\t\t\t\t\t\t<div class=\"elementor-element elementor-element-096b4f7 elementor-position-top elementor-widget elementor-widget-image-box\" data-id=\"096b4f7\" data-element_type=\"widget\" data-e-type=\"widget\" data-widget_type=\"image-box.default\">\n\t\t\t\t<div class=\"elementor-widget-container\">\n\t\t\t\t\t<div class=\"elementor-image-box-wrapper\"><figure class=\"elementor-image-box-img\"><img loading=\"lazy\" decoding=\"async\" width=\"1510\" height=\"1474\" src=\"https:\/\/strategiesconsultingfirm.com\/wp-content\/uploads\/2023\/05\/adinkra-023.png\" class=\"attachment-full size-full wp-image-7852\" alt=\"\" srcset=\"https:\/\/strategiesconsultingfirm.com\/wp-content\/uploads\/2023\/05\/adinkra-023.png 1510w, https:\/\/strategiesconsultingfirm.com\/wp-content\/uploads\/2023\/05\/adinkra-023-300x293.png 300w, https:\/\/strategiesconsultingfirm.com\/wp-content\/uploads\/2023\/05\/adinkra-023-1024x1000.png 1024w, https:\/\/strategiesconsultingfirm.com\/wp-content\/uploads\/2023\/05\/adinkra-023-768x750.png 768w, https:\/\/strategiesconsultingfirm.com\/wp-content\/uploads\/2023\/05\/adinkra-023-50x50.png 50w, https:\/\/strategiesconsultingfirm.com\/wp-content\/uploads\/2023\/05\/adinkra-023-900x879.png 900w, https:\/\/strategiesconsultingfirm.com\/wp-content\/uploads\/2023\/05\/adinkra-023-600x586.png 600w\" sizes=\"(max-width: 1510px) 100vw, 1510px\" \/><\/figure><div class=\"elementor-image-box-content\"><p class=\"elementor-image-box-description\">\nDes consultants africains fournissant des services conformes aux normes et standards internationaux les plus \u00e9lev\u00e9s.<\/p><\/div><\/div>\t\t\t\t<\/div>\n\t\t\t\t<\/div>\n\t\t\t\t\t<\/div>\n\t\t<\/div>\n\t\t\t\t\t<\/div>\n\t\t<\/section>\n\t\t\t\t<\/div>\n\t\t","protected":false},"excerpt":{"rendered":"<p>Notre Mission \u00catre la r\u00e9f\u00e9rence en leadership et en management par notre comp\u00e9tence et expertise. \u00catre le partenaire indispensable des organisations ambitieuses et proactives. Votre R\u00e9f\u00e9rence en Leadership et Management 28 ans d&#8217;exp\u00e9rience dans la prestation de services aux entreprises, aux organisations de d\u00e9veloppement et aux institutions r\u00e9gionales en Afrique, en Europe et aux \u00c9tats-Unis.<\/p>\n","protected":false},"author":1,"featured_media":0,"parent":10473,"menu_order":0,"comment_status":"closed","ping_status":"closed","template":"","meta":{"_acf_changed":false,"footnotes":""},"class_list":["post-11478","page","type-page","status-publish","hentry"],"acf":[],"_links":{"self":[{"href":"https:\/\/strategiesconsultingfirm.com\/fr\/wp-json\/wp\/v2\/pages\/11478","targetHints":{"allow":["GET"]}}],"collection":[{"href":"https:\/\/strategiesconsultingfirm.com\/fr\/wp-json\/wp\/v2\/pages"}],"about":[{"href":"https:\/\/strategiesconsultingfirm.com\/fr\/wp-json\/wp\/v2\/types\/page"}],"author":[{"embeddable":true,"href":"https:\/\/strategiesconsultingfirm.com\/fr\/wp-json\/wp\/v2\/users\/1"}],"replies":[{"embeddable":true,"href":"https:\/\/strategiesconsultingfirm.com\/fr\/wp-json\/wp\/v2\/comments?post=11478"}],"version-history":[{"count":11,"href":"https:\/\/strategiesconsultingfirm.com\/fr\/wp-json\/wp\/v2\/pages\/11478\/revisions"}],"predecessor-version":[{"id":13037,"href":"https:\/\/strategiesconsultingfirm.com\/fr\/wp-json\/wp\/v2\/pages\/11478\/revisions\/13037"}],"up":[{"embeddable":true,"href":"https:\/\/strategiesconsultingfirm.com\/fr\/wp-json\/wp\/v2\/pages\/10473"}],"wp:attachment":[{"href":"https:\/\/strategiesconsultingfirm.com\/fr\/wp-json\/wp\/v2\/media?parent=11478"}],"curies":[{"name":"wp","href":"https:\/\/api.w.org\/{rel}","templated":true}]}}