{"id":11480,"date":"2023-05-10T16:21:15","date_gmt":"2023-05-10T15:21:15","guid":{"rendered":"https:\/\/strategiesconsultingfirm.com\/a-propos\/notre-histoire\/"},"modified":"2024-01-13T21:15:45","modified_gmt":"2024-01-13T20:15:45","slug":"notre-histoire","status":"publish","type":"page","link":"https:\/\/strategiesconsultingfirm.com\/fr\/a-propos\/notre-histoire\/","title":{"rendered":"Notre Histoire"},"content":{"rendered":"\t\t<div data-elementor-type=\"wp-page\" data-elementor-id=\"11480\" class=\"elementor elementor-11480 elementor-7904\" data-elementor-post-type=\"page\">\n\t\t\t\t\t\t<section class=\"elementor-section elementor-top-section elementor-element elementor-element-3617947 elementor-section-boxed elementor-section-height-default elementor-section-height-default\" data-id=\"3617947\" data-element_type=\"section\" data-e-type=\"section\">\n\t\t\t\t\t\t<div class=\"elementor-container elementor-column-gap-default\">\n\t\t\t\t\t<div class=\"elementor-column elementor-col-100 elementor-top-column elementor-element elementor-element-5f85531\" data-id=\"5f85531\" data-element_type=\"column\" data-e-type=\"column\">\n\t\t\t<div class=\"elementor-widget-wrap elementor-element-populated\">\n\t\t\t\t\t\t<div class=\"elementor-element elementor-element-6660986 elementor-widget__width-initial elementor-widget elementor-widget-vc_custom_heading\" data-id=\"6660986\" data-element_type=\"widget\" data-e-type=\"widget\" data-widget_type=\"vc_custom_heading.default\">\n\t\t\t\t<div class=\"elementor-widget-container\">\n\t\t\t\t\t<div class=\" vc_custom_heading  consulting_heading_font  text_align_center\" ><h2 style=\"color: #010066;text-align: center\" class=\"consulting-custom-title\">Notre Histoire\n<\/h2><\/div>\t\t\t\t<\/div>\n\t\t\t\t<\/div>\n\t\t\t\t\t<\/div>\n\t\t<\/div>\n\t\t\t\t\t<\/div>\n\t\t<\/section>\n\t\t\t\t<section class=\"elementor-section elementor-top-section elementor-element elementor-element-20e2b85 elementor-section-boxed elementor-section-height-default elementor-section-height-default\" data-id=\"20e2b85\" data-element_type=\"section\" data-e-type=\"section\" data-settings=\"{&quot;background_background&quot;:&quot;classic&quot;}\">\n\t\t\t\t\t\t<div class=\"elementor-container elementor-column-gap-default\">\n\t\t\t\t\t<div class=\"elementor-column elementor-col-50 elementor-top-column elementor-element elementor-element-70d64d7\" data-id=\"70d64d7\" data-element_type=\"column\" data-e-type=\"column\">\n\t\t\t<div class=\"elementor-widget-wrap elementor-element-populated\">\n\t\t\t\t\t\t<div class=\"elementor-element elementor-element-e87bcbf elementor-widget elementor-widget-spacer\" data-id=\"e87bcbf\" data-element_type=\"widget\" data-e-type=\"widget\" data-widget_type=\"spacer.default\">\n\t\t\t\t<div class=\"elementor-widget-container\">\n\t\t\t\t\t\t\t<div class=\"elementor-spacer\">\n\t\t\t<div class=\"elementor-spacer-inner\"><\/div>\n\t\t<\/div>\n\t\t\t\t\t\t<\/div>\n\t\t\t\t<\/div>\n\t\t\t\t<div class=\"elementor-element elementor-element-f263d64 animated-slow elementor-invisible elementor-widget elementor-widget-text-editor\" data-id=\"f263d64\" data-element_type=\"widget\" data-e-type=\"widget\" data-settings=\"{&quot;_animation&quot;:&quot;slideInUp&quot;}\" data-widget_type=\"text-editor.default\">\n\t\t\t\t<div class=\"elementor-widget-container\">\n\t\t\t\t\t\t\t\t\t<p><strong>STRATEGIES !<\/strong> est un cabinet conseil en leadership et management avec plus de 28 ans d&#8217;exp\u00e9rience dans les services aux entreprises, aux organisations de d\u00e9veloppement et aux institutions publiques \u00e0 travers le monde.<\/p>\n<p>Le si\u00e8ge social est situ\u00e9 au <strong>Cameroun<\/strong>, avec une \u00e9quipe de consultants africains qui fournissent des services en Afrique, en Europe et aux \u00c9tats-Unis.<\/p>\n<p><strong>STRATEGIES !<\/strong> a ouvert un bureau \u00e0 <strong>Washington DC<\/strong> en 2017.<\/p>\n\t\t\t\t\t\t\t\t<\/div>\n\t\t\t\t<\/div>\n\t\t\t\t<div class=\"elementor-element elementor-element-385f698 elementor-widget elementor-widget-spacer\" data-id=\"385f698\" data-element_type=\"widget\" data-e-type=\"widget\" data-widget_type=\"spacer.default\">\n\t\t\t\t<div class=\"elementor-widget-container\">\n\t\t\t\t\t\t\t<div class=\"elementor-spacer\">\n\t\t\t<div class=\"elementor-spacer-inner\"><\/div>\n\t\t<\/div>\n\t\t\t\t\t\t<\/div>\n\t\t\t\t<\/div>\n\t\t\t\t\t<\/div>\n\t\t<\/div>\n\t\t\t\t<div class=\"elementor-column elementor-col-50 elementor-top-column elementor-element elementor-element-6fb007d\" data-id=\"6fb007d\" data-element_type=\"column\" data-e-type=\"column\">\n\t\t\t<div class=\"elementor-widget-wrap\">\n\t\t\t\t\t\t\t<\/div>\n\t\t<\/div>\n\t\t\t\t\t<\/div>\n\t\t<\/section>\n\t\t\t\t<section class=\"elementor-section elementor-top-section elementor-element elementor-element-cf8a408 elementor-section-boxed elementor-section-height-default elementor-section-height-default\" data-id=\"cf8a408\" data-element_type=\"section\" data-e-type=\"section\">\n\t\t\t\t\t\t<div class=\"elementor-container elementor-column-gap-default\">\n\t\t\t\t\t<div class=\"elementor-column elementor-col-100 elementor-top-column elementor-element elementor-element-2512c2c\" data-id=\"2512c2c\" data-element_type=\"column\" data-e-type=\"column\">\n\t\t\t<div class=\"elementor-widget-wrap elementor-element-populated\">\n\t\t\t\t\t\t<div class=\"elementor-element elementor-element-f1a116b elementor-widget elementor-widget-spacer\" data-id=\"f1a116b\" data-element_type=\"widget\" data-e-type=\"widget\" data-widget_type=\"spacer.default\">\n\t\t\t\t<div class=\"elementor-widget-container\">\n\t\t\t\t\t\t\t<div class=\"elementor-spacer\">\n\t\t\t<div class=\"elementor-spacer-inner\"><\/div>\n\t\t<\/div>\n\t\t\t\t\t\t<\/div>\n\t\t\t\t<\/div>\n\t\t\t\t\t<\/div>\n\t\t<\/div>\n\t\t\t\t\t<\/div>\n\t\t<\/section>\n\t\t\t\t<section class=\"elementor-section elementor-top-section elementor-element elementor-element-3e2c1fb elementor-section-boxed elementor-section-height-default elementor-section-height-default\" data-id=\"3e2c1fb\" data-element_type=\"section\" data-e-type=\"section\" data-settings=\"{&quot;background_background&quot;:&quot;classic&quot;}\">\n\t\t\t\t\t\t<div class=\"elementor-container elementor-column-gap-default\">\n\t\t\t\t\t<div class=\"elementor-column elementor-col-100 elementor-top-column elementor-element elementor-element-2acb142\" data-id=\"2acb142\" data-element_type=\"column\" data-e-type=\"column\">\n\t\t\t<div class=\"elementor-widget-wrap elementor-element-populated\">\n\t\t\t\t\t\t<div class=\"elementor-element elementor-element-8c118c1 elementor-widget elementor-widget-vc_custom_heading\" data-id=\"8c118c1\" data-element_type=\"widget\" data-e-type=\"widget\" data-widget_type=\"vc_custom_heading.default\">\n\t\t\t\t<div class=\"elementor-widget-container\">\n\t\t\t\t\t<div class=\" vc_custom_heading  consulting_heading_font  text_align_center\" ><h2 style=\"text-align: center;font-weight:700\" class=\"consulting-custom-title\">Votre R\u00e9f\u00e9rence en Leadership et Management\n<\/h2><\/div>\t\t\t\t<\/div>\n\t\t\t\t<\/div>\n\t\t\t\t\t<\/div>\n\t\t<\/div>\n\t\t\t\t\t<\/div>\n\t\t<\/section>\n\t\t\t\t<section class=\"elementor-section elementor-top-section elementor-element elementor-element-c4c8223 elementor-section-full_width elementor-section-height-default elementor-section-height-default elementor-invisible\" data-id=\"c4c8223\" data-element_type=\"section\" data-e-type=\"section\" data-settings=\"{&quot;background_background&quot;:&quot;classic&quot;,&quot;animation&quot;:&quot;bounceInUp&quot;}\">\n\t\t\t\t\t\t<div class=\"elementor-container elementor-column-gap-default\">\n\t\t\t\t\t<div class=\"elementor-column elementor-col-33 elementor-top-column elementor-element elementor-element-2e9a80c\" data-id=\"2e9a80c\" data-element_type=\"column\" data-e-type=\"column\">\n\t\t\t<div class=\"elementor-widget-wrap elementor-element-populated\">\n\t\t\t\t\t\t<div class=\"elementor-element elementor-element-854d463 elementor-position-top elementor-widget elementor-widget-image-box\" data-id=\"854d463\" data-element_type=\"widget\" data-e-type=\"widget\" data-widget_type=\"image-box.default\">\n\t\t\t\t<div class=\"elementor-widget-container\">\n\t\t\t\t\t<div class=\"elementor-image-box-wrapper\"><figure class=\"elementor-image-box-img\"><img fetchpriority=\"high\" decoding=\"async\" width=\"1510\" height=\"1474\" src=\"https:\/\/strategiesconsultingfirm.com\/wp-content\/uploads\/2023\/05\/excellence-adinkra.png\" class=\"attachment-full size-full wp-image-8058\" alt=\"\" srcset=\"https:\/\/strategiesconsultingfirm.com\/wp-content\/uploads\/2023\/05\/excellence-adinkra.png 1510w, https:\/\/strategiesconsultingfirm.com\/wp-content\/uploads\/2023\/05\/excellence-adinkra-300x293.png 300w, https:\/\/strategiesconsultingfirm.com\/wp-content\/uploads\/2023\/05\/excellence-adinkra-1024x1000.png 1024w, https:\/\/strategiesconsultingfirm.com\/wp-content\/uploads\/2023\/05\/excellence-adinkra-768x750.png 768w, https:\/\/strategiesconsultingfirm.com\/wp-content\/uploads\/2023\/05\/excellence-adinkra-50x50.png 50w, https:\/\/strategiesconsultingfirm.com\/wp-content\/uploads\/2023\/05\/excellence-adinkra-900x879.png 900w, https:\/\/strategiesconsultingfirm.com\/wp-content\/uploads\/2023\/05\/excellence-adinkra-600x586.png 600w\" sizes=\"(max-width: 1510px) 100vw, 1510px\" \/><\/figure><div class=\"elementor-image-box-content\"><p class=\"elementor-image-box-description\">28 ans d'exp\u00e9rience dans la prestation de services aux entreprises, aux organisations de d\u00e9veloppement et aux institutions r\u00e9gionales en Afrique, en Europe et aux \u00c9tats-Unis.<\/p><\/div><\/div>\t\t\t\t<\/div>\n\t\t\t\t<\/div>\n\t\t\t\t\t<\/div>\n\t\t<\/div>\n\t\t\t\t<div class=\"elementor-column elementor-col-33 elementor-top-column elementor-element elementor-element-ef487d4\" data-id=\"ef487d4\" data-element_type=\"column\" data-e-type=\"column\">\n\t\t\t<div class=\"elementor-widget-wrap elementor-element-populated\">\n\t\t\t\t\t\t<div class=\"elementor-element elementor-element-8f7524b elementor-position-top elementor-widget elementor-widget-image-box\" data-id=\"8f7524b\" data-element_type=\"widget\" data-e-type=\"widget\" data-widget_type=\"image-box.default\">\n\t\t\t\t<div class=\"elementor-widget-container\">\n\t\t\t\t\t<div class=\"elementor-image-box-wrapper\"><figure class=\"elementor-image-box-img\"><img decoding=\"async\" width=\"1510\" height=\"1474\" src=\"https:\/\/strategiesconsultingfirm.com\/wp-content\/uploads\/2023\/05\/Leadership-1.png\" class=\"attachment-full size-full wp-image-8034\" alt=\"\" srcset=\"https:\/\/strategiesconsultingfirm.com\/wp-content\/uploads\/2023\/05\/Leadership-1.png 1510w, https:\/\/strategiesconsultingfirm.com\/wp-content\/uploads\/2023\/05\/Leadership-1-300x293.png 300w, https:\/\/strategiesconsultingfirm.com\/wp-content\/uploads\/2023\/05\/Leadership-1-1024x1000.png 1024w, https:\/\/strategiesconsultingfirm.com\/wp-content\/uploads\/2023\/05\/Leadership-1-768x750.png 768w, https:\/\/strategiesconsultingfirm.com\/wp-content\/uploads\/2023\/05\/Leadership-1-50x50.png 50w, https:\/\/strategiesconsultingfirm.com\/wp-content\/uploads\/2023\/05\/Leadership-1-900x879.png 900w, https:\/\/strategiesconsultingfirm.com\/wp-content\/uploads\/2023\/05\/Leadership-1-600x586.png 600w\" sizes=\"(max-width: 1510px) 100vw, 1510px\" \/><\/figure><div class=\"elementor-image-box-content\"><p class=\"elementor-image-box-description\">Un cabinet africain sp\u00e9cialis\u00e9 dans le leadership et le management.\n\nBas\u00e9e au Cameroun, STRATEGIES! dispose d'un bureau \u00e0 Washington DC depuis 2017.  <\/p><\/div><\/div>\t\t\t\t<\/div>\n\t\t\t\t<\/div>\n\t\t\t\t\t<\/div>\n\t\t<\/div>\n\t\t\t\t<div class=\"elementor-column elementor-col-33 elementor-top-column elementor-element elementor-element-01a40b4\" data-id=\"01a40b4\" data-element_type=\"column\" data-e-type=\"column\">\n\t\t\t<div class=\"elementor-widget-wrap elementor-element-populated\">\n\t\t\t\t\t\t<div class=\"elementor-element elementor-element-186d609 elementor-position-top elementor-widget elementor-widget-image-box\" data-id=\"186d609\" data-element_type=\"widget\" data-e-type=\"widget\" data-widget_type=\"image-box.default\">\n\t\t\t\t<div class=\"elementor-widget-container\">\n\t\t\t\t\t<div class=\"elementor-image-box-wrapper\"><figure class=\"elementor-image-box-img\"><img decoding=\"async\" width=\"1510\" height=\"1474\" src=\"https:\/\/strategiesconsultingfirm.com\/wp-content\/uploads\/2023\/05\/adinkra-023.png\" class=\"attachment-full size-full wp-image-7852\" alt=\"\" srcset=\"https:\/\/strategiesconsultingfirm.com\/wp-content\/uploads\/2023\/05\/adinkra-023.png 1510w, https:\/\/strategiesconsultingfirm.com\/wp-content\/uploads\/2023\/05\/adinkra-023-300x293.png 300w, https:\/\/strategiesconsultingfirm.com\/wp-content\/uploads\/2023\/05\/adinkra-023-1024x1000.png 1024w, https:\/\/strategiesconsultingfirm.com\/wp-content\/uploads\/2023\/05\/adinkra-023-768x750.png 768w, https:\/\/strategiesconsultingfirm.com\/wp-content\/uploads\/2023\/05\/adinkra-023-50x50.png 50w, https:\/\/strategiesconsultingfirm.com\/wp-content\/uploads\/2023\/05\/adinkra-023-900x879.png 900w, https:\/\/strategiesconsultingfirm.com\/wp-content\/uploads\/2023\/05\/adinkra-023-600x586.png 600w\" sizes=\"(max-width: 1510px) 100vw, 1510px\" \/><\/figure><div class=\"elementor-image-box-content\"><p class=\"elementor-image-box-description\">Un cabinet africain sp\u00e9cialis\u00e9 dans le leadership et le management.\n\nBas\u00e9e au Cameroun, STRATEGIES! dispose d'un bureau \u00e0 Washington DC depuis 2017.  <\/p><\/div><\/div>\t\t\t\t<\/div>\n\t\t\t\t<\/div>\n\t\t\t\t\t<\/div>\n\t\t<\/div>\n\t\t\t\t\t<\/div>\n\t\t<\/section>\n\t\t\t\t<\/div>\n\t\t","protected":false},"excerpt":{"rendered":"<p>Notre Histoire STRATEGIES ! est un cabinet conseil en leadership et management avec plus de 28 ans d&#8217;exp\u00e9rience dans les services aux entreprises, aux organisations de d\u00e9veloppement et aux institutions publiques \u00e0 travers le monde. Le si\u00e8ge social est situ\u00e9 au Cameroun, avec une \u00e9quipe de consultants africains qui fournissent des services en Afrique, en<\/p>\n","protected":false},"author":1,"featured_media":0,"parent":10473,"menu_order":0,"comment_status":"closed","ping_status":"closed","template":"","meta":{"_acf_changed":false,"footnotes":""},"class_list":["post-11480","page","type-page","status-publish","hentry"],"acf":[],"_links":{"self":[{"href":"https:\/\/strategiesconsultingfirm.com\/fr\/wp-json\/wp\/v2\/pages\/11480","targetHints":{"allow":["GET"]}}],"collection":[{"href":"https:\/\/strategiesconsultingfirm.com\/fr\/wp-json\/wp\/v2\/pages"}],"about":[{"href":"https:\/\/strategiesconsultingfirm.com\/fr\/wp-json\/wp\/v2\/types\/page"}],"author":[{"embeddable":true,"href":"https:\/\/strategiesconsultingfirm.com\/fr\/wp-json\/wp\/v2\/users\/1"}],"replies":[{"embeddable":true,"href":"https:\/\/strategiesconsultingfirm.com\/fr\/wp-json\/wp\/v2\/comments?post=11480"}],"version-history":[{"count":10,"href":"https:\/\/strategiesconsultingfirm.com\/fr\/wp-json\/wp\/v2\/pages\/11480\/revisions"}],"predecessor-version":[{"id":13030,"href":"https:\/\/strategiesconsultingfirm.com\/fr\/wp-json\/wp\/v2\/pages\/11480\/revisions\/13030"}],"up":[{"embeddable":true,"href":"https:\/\/strategiesconsultingfirm.com\/fr\/wp-json\/wp\/v2\/pages\/10473"}],"wp:attachment":[{"href":"https:\/\/strategiesconsultingfirm.com\/fr\/wp-json\/wp\/v2\/media?parent=11480"}],"curies":[{"name":"wp","href":"https:\/\/api.w.org\/{rel}","templated":true}]}}