{"id":11515,"date":"2017-02-15T03:48:55","date_gmt":"2017-02-15T02:48:55","guid":{"rendered":"https:\/\/strategiesconsultingfirm.com\/enseignants\/"},"modified":"2017-02-15T03:48:55","modified_gmt":"2017-02-15T02:48:55","slug":"enseignants","status":"publish","type":"page","link":"https:\/\/strategiesconsultingfirm.com\/fr\/enseignants\/","title":{"rendered":"Enseignants"},"content":{"rendered":"<h3 class=\"section-title\">Nos enseignants<\/h3>\n<p>Tr\u00e8s loin, derri\u00e8re les montagnes de mots, loin des pays Vokalia et Consonantia, vivent les textes aveugles. S\u00e9par\u00e9s, ils vivent \u00e0 Bookmarksgrove, sur la c\u00f4te du Semantics, un vaste oc\u00e9an linguistique.<\/p>\n<h3 class=\"section-title\">Facult\u00e9 d&#8217;histoire<\/h3>\n<p><img decoding=\"async\" src=\"http:\/\/www.strategiesconsultingfirm.com\/wp-content\/uploads\/2017\/02\/teacher.jpg\" alt=\"Samantha Shetty\"><\/p>\n<h3 class=\"team-title\">Samantha Shetty<\/h3>\n<p>Professeur d&#8217;histoire<br \/>\nUne petite rivi\u00e8re nomm\u00e9e Duden coule pr\u00e8s de chez eux et les approvisionne en regelialia.<br \/>\n<a href=\"http:\/\/www.facebook.com\"><i class=\"fa fa-facebook\"><\/i><\/a><br \/>\n<a href=\"http:\/\/www.twitter.com\"><i class=\"fa fa-twitter\"><\/i><\/a><br \/>\n<a href=\"http:\/\/www.linkedin.com\"><i class=\"fa fa-linkedin\"><\/i><\/a><br \/>\n<img decoding=\"async\" src=\"http:\/\/www.strategiesconsultingfirm.com\/wp-content\/uploads\/2017\/02\/teacher-6.jpg\" alt=\"Samantha Shetty\"><\/p>\n<h3 class=\"team-title\">Samantha Shetty<\/h3>\n<p>Professeur d&#8217;histoire<br \/>\nUne petite rivi\u00e8re nomm\u00e9e Duden coule pr\u00e8s de chez eux et les approvisionne en regelialia.<br \/>\n<a href=\"http:\/\/www.facebook.com\"><i class=\"fa fa-facebook\"><\/i><\/a><br \/>\n<a href=\"http:\/\/www.twitter.com\"><i class=\"fa fa-twitter\"><\/i><\/a><br \/>\n<a href=\"http:\/\/www.linkedin.com\"><i class=\"fa fa-linkedin\"><\/i><\/a><br \/>\n<img decoding=\"async\" src=\"http:\/\/www.strategiesconsultingfirm.com\/wp-content\/uploads\/2017\/02\/teacher-2.jpg\" alt=\"Henry Simons\"><\/p>\n<h3 class=\"team-title\">Henry Simons<\/h3>\n<p>Professeur d&#8217;histoire<br \/>\nUne petite rivi\u00e8re nomm\u00e9e Duden coule pr\u00e8s de chez eux et les approvisionne en regelialia.<br \/>\n<a href=\"http:\/\/www.facebook.com\"><i class=\"fa fa-facebook\"><\/i><\/a><br \/>\n<a href=\"http:\/\/www.twitter.com\"><i class=\"fa fa-twitter\"><\/i><\/a><br \/>\n<a href=\"http:\/\/www.linkedin.com\"><i class=\"fa fa-linkedin\"><\/i><\/a><br \/>\n<img decoding=\"async\" src=\"http:\/\/www.strategiesconsultingfirm.com\/wp-content\/uploads\/2017\/02\/teacher-3.jpg\" alt=\"Joseph Parker\"><\/p>\n<h3 class=\"team-title\">Joseph Parker<\/h3>\n<p>Professeur d&#8217;histoire<br \/>\nUne petite rivi\u00e8re nomm\u00e9e Duden coule pr\u00e8s de chez eux et les approvisionne en regelialia.<br \/>\n<a href=\"http:\/\/www.facebook.com\"><i class=\"fa fa-facebook\"><\/i><\/a><br \/>\n<a href=\"http:\/\/www.twitter.com\"><i class=\"fa fa-twitter\"><\/i><\/a><br \/>\n<a href=\"http:\/\/www.linkedin.com\"><i class=\"fa fa-linkedin\"><\/i><\/a><br \/>\n<img decoding=\"async\" src=\"http:\/\/www.strategiesconsultingfirm.com\/wp-content\/uploads\/2017\/02\/teacher-4.jpg\" alt=\"Medhros Amarmiel\"><\/p>\n<h3 class=\"team-title\">Medhros Amarmiel<\/h3>\n<p>Professeur d&#8217;histoire<br \/>\nUne petite rivi\u00e8re nomm\u00e9e Duden coule pr\u00e8s de chez eux et les approvisionne en regelialia.<br \/>\n<a href=\"http:\/\/www.facebook.com\"><i class=\"fa fa-facebook\"><\/i><\/a><br \/>\n<a href=\"http:\/\/www.twitter.com\"><i class=\"fa fa-twitter\"><\/i><\/a><br \/>\n<a href=\"http:\/\/www.linkedin.com\"><i class=\"fa fa-linkedin\"><\/i><\/a><br \/>\n<img decoding=\"async\" src=\"http:\/\/www.strategiesconsultingfirm.com\/wp-content\/uploads\/2017\/02\/teacher-5.jpg\" alt=\"Haris Sanders\"><\/p>\n<h3 class=\"team-title\">Haris Sanders<\/h3>\n<p>Professeur d&#8217;histoire<br \/>\nUne petite rivi\u00e8re nomm\u00e9e Duden coule pr\u00e8s de chez eux et les approvisionne en regelialia.<br \/>\n<a href=\"http:\/\/www.facebook.com\"><i class=\"fa fa-facebook\"><\/i><\/a><br \/>\n<a href=\"http:\/\/www.twitter.com\"><i class=\"fa fa-twitter\"><\/i><\/a><br \/>\n<a href=\"http:\/\/www.linkedin.com\"><i class=\"fa fa-linkedin\"><\/i><\/a><\/p>\n<h3 class=\"section-title\">Conception graphique<\/h3>\n<p><img decoding=\"async\" src=\"http:\/\/www.strategiesconsultingfirm.com\/wp-content\/uploads\/2017\/02\/teacher-7.jpg\" alt=\"Elina Gilbert\"><\/p>\n<h3 class=\"team-title\">Elina Gilbert<\/h3>\n<p>Designer<br \/>\nUne petite rivi\u00e8re nomm\u00e9e Duden coule pr\u00e8s de chez eux et les approvisionne en regelialia.<br \/>\n<a href=\"http:\/\/www.facebook.com\"><i class=\"fa fa-facebook\"><\/i><\/a><br \/>\n<a href=\"http:\/\/www.twitter.com\"><i class=\"fa fa-twitter\"><\/i><\/a><br \/>\n<a href=\"http:\/\/www.linkedin.com\"><i class=\"fa fa-linkedin\"><\/i><\/a><br \/>\n<img decoding=\"async\" src=\"http:\/\/www.strategiesconsultingfirm.com\/wp-content\/uploads\/2017\/02\/teacher-8.jpg\" alt=\"Robert Williams\"><\/p>\n<h3 class=\"team-title\">Robert Williams<\/h3>\n<p>Designer<br \/>\nUne petite rivi\u00e8re nomm\u00e9e Duden coule pr\u00e8s de chez eux et les approvisionne en regelialia.<br \/>\n<a href=\"http:\/\/www.facebook.com\"><i class=\"fa fa-facebook\"><\/i><\/a><br \/>\n<a href=\"http:\/\/www.twitter.com\"><i class=\"fa fa-twitter\"><\/i><\/a><br \/>\n<a href=\"http:\/\/www.linkedin.com\"><i class=\"fa fa-linkedin\"><\/i><\/a><br \/>\n<img decoding=\"async\" src=\"http:\/\/www.strategiesconsultingfirm.com\/wp-content\/uploads\/2017\/02\/teacher-7.jpg\" alt=\"Miley Smith\"><\/p>\n<h3 class=\"team-title\">Miley Smith<\/h3>\n<p>Designer<br \/>\nUne petite rivi\u00e8re nomm\u00e9e Duden coule pr\u00e8s de chez eux et les approvisionne en regelialia.<br \/>\n<a href=\"http:\/\/www.facebook.com\"><i class=\"fa fa-facebook\"><\/i><\/a><br \/>\n<a href=\"http:\/\/www.twitter.com\"><i class=\"fa fa-twitter\"><\/i><\/a><br \/>\n<a href=\"http:\/\/www.linkedin.com\"><i class=\"fa fa-linkedin\"><\/i><\/a><\/p>\n","protected":false},"excerpt":{"rendered":"<p>Nos enseignants Tr\u00e8s loin, derri\u00e8re les montagnes de mots, loin des pays Vokalia et Consonantia, vivent les textes aveugles. S\u00e9par\u00e9s, ils vivent \u00e0 Bookmarksgrove, sur la c\u00f4te du Semantics, un vaste oc\u00e9an linguistique. Facult\u00e9 d&#8217;histoire Samantha Shetty Professeur d&#8217;histoire Une petite rivi\u00e8re nomm\u00e9e Duden coule pr\u00e8s de chez eux et les approvisionne en regelialia. Samantha<\/p>\n","protected":false},"author":4,"featured_media":0,"parent":0,"menu_order":0,"comment_status":"closed","ping_status":"closed","template":"page-templates\/full-width.php","meta":{"_acf_changed":false,"footnotes":""},"class_list":["post-11515","page","type-page","status-publish","hentry"],"acf":[],"yoast_head":"<!-- This site is optimized with the Yoast SEO plugin v27.3 - https:\/\/yoast.com\/product\/yoast-seo-wordpress\/ -->\n<title>Enseignants - STRATEGIES! Consulting Firm<\/title>\n<meta name=\"robots\" content=\"index, follow, max-snippet:-1, max-image-preview:large, max-video-preview:-1\" \/>\n<link rel=\"canonical\" href=\"https:\/\/strategiesconsultingfirm.com\/fr\/enseignants\/\" \/>\n<meta property=\"og:locale\" content=\"fr_FR\" \/>\n<meta property=\"og:type\" content=\"article\" \/>\n<meta property=\"og:title\" content=\"Enseignants - STRATEGIES! Consulting Firm\" \/>\n<meta property=\"og:description\" content=\"Nos enseignants Tr\u00e8s loin, derri\u00e8re les montagnes de mots, loin des pays Vokalia et Consonantia, vivent les textes aveugles. S\u00e9par\u00e9s, ils vivent \u00e0 Bookmarksgrove, sur la c\u00f4te du Semantics, un vaste oc\u00e9an linguistique. Facult\u00e9 d&#8217;histoire Samantha Shetty Professeur d&#8217;histoire Une petite rivi\u00e8re nomm\u00e9e Duden coule pr\u00e8s de chez eux et les approvisionne en regelialia. Samantha\" \/>\n<meta property=\"og:url\" content=\"https:\/\/strategiesconsultingfirm.com\/fr\/enseignants\/\" \/>\n<meta property=\"og:site_name\" content=\"STRATEGIES! Consulting Firm\" \/>\n<meta property=\"article:publisher\" content=\"https:\/\/web.facebook.com\/cabinetstrategies\" \/>\n<meta property=\"og:image\" content=\"http:\/\/www.strategiesconsultingfirm.com\/wp-content\/uploads\/2017\/02\/teacher.jpg\" \/>\n<meta name=\"twitter:card\" content=\"summary_large_image\" \/>\n<meta name=\"twitter:site\" content=\"@Strategies_\" \/>\n<meta name=\"twitter:label1\" content=\"Dur\u00e9e de lecture estim\u00e9e\" \/>\n\t<meta name=\"twitter:data1\" content=\"1 minute\" \/>\n<script type=\"application\/ld+json\" class=\"yoast-schema-graph\">{\"@context\":\"https:\\\/\\\/schema.org\",\"@graph\":[{\"@type\":\"WebPage\",\"@id\":\"https:\\\/\\\/strategiesconsultingfirm.com\\\/fr\\\/enseignants\\\/\",\"url\":\"https:\\\/\\\/strategiesconsultingfirm.com\\\/fr\\\/enseignants\\\/\",\"name\":\"Enseignants - STRATEGIES! Consulting Firm\",\"isPartOf\":{\"@id\":\"https:\\\/\\\/strategiesconsultingfirm.com\\\/#website\"},\"primaryImageOfPage\":{\"@id\":\"https:\\\/\\\/strategiesconsultingfirm.com\\\/fr\\\/enseignants\\\/#primaryimage\"},\"image\":{\"@id\":\"https:\\\/\\\/strategiesconsultingfirm.com\\\/fr\\\/enseignants\\\/#primaryimage\"},\"thumbnailUrl\":\"http:\\\/\\\/www.strategiesconsultingfirm.com\\\/wp-content\\\/uploads\\\/2017\\\/02\\\/teacher.jpg\",\"datePublished\":\"2017-02-15T02:48:55+00:00\",\"breadcrumb\":{\"@id\":\"https:\\\/\\\/strategiesconsultingfirm.com\\\/fr\\\/enseignants\\\/#breadcrumb\"},\"inLanguage\":\"fr-FR\",\"potentialAction\":[{\"@type\":\"ReadAction\",\"target\":[\"https:\\\/\\\/strategiesconsultingfirm.com\\\/fr\\\/enseignants\\\/\"]}]},{\"@type\":\"ImageObject\",\"inLanguage\":\"fr-FR\",\"@id\":\"https:\\\/\\\/strategiesconsultingfirm.com\\\/fr\\\/enseignants\\\/#primaryimage\",\"url\":\"http:\\\/\\\/www.strategiesconsultingfirm.com\\\/wp-content\\\/uploads\\\/2017\\\/02\\\/teacher.jpg\",\"contentUrl\":\"http:\\\/\\\/www.strategiesconsultingfirm.com\\\/wp-content\\\/uploads\\\/2017\\\/02\\\/teacher.jpg\"},{\"@type\":\"BreadcrumbList\",\"@id\":\"https:\\\/\\\/strategiesconsultingfirm.com\\\/fr\\\/enseignants\\\/#breadcrumb\",\"itemListElement\":[{\"@type\":\"ListItem\",\"position\":1,\"name\":\"Home\",\"item\":\"https:\\\/\\\/strategiesconsultingfirm.com\\\/fr\\\/accueil\\\/\"},{\"@type\":\"ListItem\",\"position\":2,\"name\":\"Enseignants\"}]},{\"@type\":\"WebSite\",\"@id\":\"https:\\\/\\\/strategiesconsultingfirm.com\\\/#website\",\"url\":\"https:\\\/\\\/strategiesconsultingfirm.com\\\/\",\"name\":\"STRATEGIES! Consulting Firm\",\"description\":\"Your Reference in Leadership and Management\",\"publisher\":{\"@id\":\"https:\\\/\\\/strategiesconsultingfirm.com\\\/#organization\"},\"potentialAction\":[{\"@type\":\"SearchAction\",\"target\":{\"@type\":\"EntryPoint\",\"urlTemplate\":\"https:\\\/\\\/strategiesconsultingfirm.com\\\/?s={search_term_string}\"},\"query-input\":{\"@type\":\"PropertyValueSpecification\",\"valueRequired\":true,\"valueName\":\"search_term_string\"}}],\"inLanguage\":\"fr-FR\"},{\"@type\":\"Organization\",\"@id\":\"https:\\\/\\\/strategiesconsultingfirm.com\\\/#organization\",\"name\":\"STRATEGIES! Consulting Firm\",\"url\":\"https:\\\/\\\/strategiesconsultingfirm.com\\\/\",\"logo\":{\"@type\":\"ImageObject\",\"inLanguage\":\"fr-FR\",\"@id\":\"https:\\\/\\\/strategiesconsultingfirm.com\\\/#\\\/schema\\\/logo\\\/image\\\/\",\"url\":\"https:\\\/\\\/strategiesconsultingfirm.com\\\/wp-content\\\/uploads\\\/2023\\\/05\\\/Logo-STRATEGIES-Consulting.png\",\"contentUrl\":\"https:\\\/\\\/strategiesconsultingfirm.com\\\/wp-content\\\/uploads\\\/2023\\\/05\\\/Logo-STRATEGIES-Consulting.png\",\"width\":734,\"height\":229,\"caption\":\"STRATEGIES! Consulting Firm\"},\"image\":{\"@id\":\"https:\\\/\\\/strategiesconsultingfirm.com\\\/#\\\/schema\\\/logo\\\/image\\\/\"},\"sameAs\":[\"https:\\\/\\\/web.facebook.com\\\/cabinetstrategies\",\"https:\\\/\\\/x.com\\\/Strategies_\",\"https:\\\/\\\/www.linkedin.com\\\/company\\\/strategies-\\\/\"]}]}<\/script>\n<!-- \/ Yoast SEO plugin. -->","yoast_head_json":{"title":"Enseignants - STRATEGIES! Consulting Firm","robots":{"index":"index","follow":"follow","max-snippet":"max-snippet:-1","max-image-preview":"max-image-preview:large","max-video-preview":"max-video-preview:-1"},"canonical":"https:\/\/strategiesconsultingfirm.com\/fr\/enseignants\/","og_locale":"fr_FR","og_type":"article","og_title":"Enseignants - STRATEGIES! Consulting Firm","og_description":"Nos enseignants Tr\u00e8s loin, derri\u00e8re les montagnes de mots, loin des pays Vokalia et Consonantia, vivent les textes aveugles. S\u00e9par\u00e9s, ils vivent \u00e0 Bookmarksgrove, sur la c\u00f4te du Semantics, un vaste oc\u00e9an linguistique. Facult\u00e9 d&#8217;histoire Samantha Shetty Professeur d&#8217;histoire Une petite rivi\u00e8re nomm\u00e9e Duden coule pr\u00e8s de chez eux et les approvisionne en regelialia. Samantha","og_url":"https:\/\/strategiesconsultingfirm.com\/fr\/enseignants\/","og_site_name":"STRATEGIES! Consulting Firm","article_publisher":"https:\/\/web.facebook.com\/cabinetstrategies","og_image":[{"url":"http:\/\/www.strategiesconsultingfirm.com\/wp-content\/uploads\/2017\/02\/teacher.jpg","type":"","width":"","height":""}],"twitter_card":"summary_large_image","twitter_site":"@Strategies_","twitter_misc":{"Dur\u00e9e de lecture estim\u00e9e":"1 minute"},"schema":{"@context":"https:\/\/schema.org","@graph":[{"@type":"WebPage","@id":"https:\/\/strategiesconsultingfirm.com\/fr\/enseignants\/","url":"https:\/\/strategiesconsultingfirm.com\/fr\/enseignants\/","name":"Enseignants - STRATEGIES! Consulting Firm","isPartOf":{"@id":"https:\/\/strategiesconsultingfirm.com\/#website"},"primaryImageOfPage":{"@id":"https:\/\/strategiesconsultingfirm.com\/fr\/enseignants\/#primaryimage"},"image":{"@id":"https:\/\/strategiesconsultingfirm.com\/fr\/enseignants\/#primaryimage"},"thumbnailUrl":"http:\/\/www.strategiesconsultingfirm.com\/wp-content\/uploads\/2017\/02\/teacher.jpg","datePublished":"2017-02-15T02:48:55+00:00","breadcrumb":{"@id":"https:\/\/strategiesconsultingfirm.com\/fr\/enseignants\/#breadcrumb"},"inLanguage":"fr-FR","potentialAction":[{"@type":"ReadAction","target":["https:\/\/strategiesconsultingfirm.com\/fr\/enseignants\/"]}]},{"@type":"ImageObject","inLanguage":"fr-FR","@id":"https:\/\/strategiesconsultingfirm.com\/fr\/enseignants\/#primaryimage","url":"http:\/\/www.strategiesconsultingfirm.com\/wp-content\/uploads\/2017\/02\/teacher.jpg","contentUrl":"http:\/\/www.strategiesconsultingfirm.com\/wp-content\/uploads\/2017\/02\/teacher.jpg"},{"@type":"BreadcrumbList","@id":"https:\/\/strategiesconsultingfirm.com\/fr\/enseignants\/#breadcrumb","itemListElement":[{"@type":"ListItem","position":1,"name":"Home","item":"https:\/\/strategiesconsultingfirm.com\/fr\/accueil\/"},{"@type":"ListItem","position":2,"name":"Enseignants"}]},{"@type":"WebSite","@id":"https:\/\/strategiesconsultingfirm.com\/#website","url":"https:\/\/strategiesconsultingfirm.com\/","name":"STRATEGIES! Consulting Firm","description":"Your Reference in Leadership and Management","publisher":{"@id":"https:\/\/strategiesconsultingfirm.com\/#organization"},"potentialAction":[{"@type":"SearchAction","target":{"@type":"EntryPoint","urlTemplate":"https:\/\/strategiesconsultingfirm.com\/?s={search_term_string}"},"query-input":{"@type":"PropertyValueSpecification","valueRequired":true,"valueName":"search_term_string"}}],"inLanguage":"fr-FR"},{"@type":"Organization","@id":"https:\/\/strategiesconsultingfirm.com\/#organization","name":"STRATEGIES! Consulting Firm","url":"https:\/\/strategiesconsultingfirm.com\/","logo":{"@type":"ImageObject","inLanguage":"fr-FR","@id":"https:\/\/strategiesconsultingfirm.com\/#\/schema\/logo\/image\/","url":"https:\/\/strategiesconsultingfirm.com\/wp-content\/uploads\/2023\/05\/Logo-STRATEGIES-Consulting.png","contentUrl":"https:\/\/strategiesconsultingfirm.com\/wp-content\/uploads\/2023\/05\/Logo-STRATEGIES-Consulting.png","width":734,"height":229,"caption":"STRATEGIES! Consulting Firm"},"image":{"@id":"https:\/\/strategiesconsultingfirm.com\/#\/schema\/logo\/image\/"},"sameAs":["https:\/\/web.facebook.com\/cabinetstrategies","https:\/\/x.com\/Strategies_","https:\/\/www.linkedin.com\/company\/strategies-\/"]}]}},"_links":{"self":[{"href":"https:\/\/strategiesconsultingfirm.com\/fr\/wp-json\/wp\/v2\/pages\/11515","targetHints":{"allow":["GET"]}}],"collection":[{"href":"https:\/\/strategiesconsultingfirm.com\/fr\/wp-json\/wp\/v2\/pages"}],"about":[{"href":"https:\/\/strategiesconsultingfirm.com\/fr\/wp-json\/wp\/v2\/types\/page"}],"author":[{"embeddable":true,"href":"https:\/\/strategiesconsultingfirm.com\/fr\/wp-json\/wp\/v2\/users\/4"}],"replies":[{"embeddable":true,"href":"https:\/\/strategiesconsultingfirm.com\/fr\/wp-json\/wp\/v2\/comments?post=11515"}],"version-history":[{"count":0,"href":"https:\/\/strategiesconsultingfirm.com\/fr\/wp-json\/wp\/v2\/pages\/11515\/revisions"}],"wp:attachment":[{"href":"https:\/\/strategiesconsultingfirm.com\/fr\/wp-json\/wp\/v2\/media?parent=11515"}],"curies":[{"name":"wp","href":"https:\/\/api.w.org\/{rel}","templated":true}]}}