{"id":11518,"date":"2023-06-06T15:34:01","date_gmt":"2023-06-06T14:34:01","guid":{"rendered":"https:\/\/strategiesconsultingfirm.com\/nos-services\/"},"modified":"2023-10-17T23:36:22","modified_gmt":"2023-10-17T22:36:22","slug":"nos-services","status":"publish","type":"page","link":"https:\/\/strategiesconsultingfirm.com\/fr\/nos-services\/","title":{"rendered":"Nos services"},"content":{"rendered":"\t\t<div data-elementor-type=\"wp-page\" data-elementor-id=\"11518\" class=\"elementor elementor-11518 elementor-8906\" data-elementor-post-type=\"page\">\n\t\t\t\t\t\t<section class=\"elementor-section elementor-top-section elementor-element elementor-element-368a8fd elementor-section-full_width elementor-section-height-default elementor-section-height-default\" data-id=\"368a8fd\" data-element_type=\"section\" data-e-type=\"section\">\n\t\t\t\t\t\t<div class=\"elementor-container elementor-column-gap-default\">\n\t\t\t\t\t<div class=\"elementor-column elementor-col-100 elementor-top-column elementor-element elementor-element-16efa2b\" data-id=\"16efa2b\" data-element_type=\"column\" data-e-type=\"column\" data-settings=\"{&quot;background_background&quot;:&quot;classic&quot;}\">\n\t\t\t<div class=\"elementor-widget-wrap elementor-element-populated\">\n\t\t\t\t\t<div class=\"elementor-background-overlay\"><\/div>\n\t\t\t\t\t\t<div class=\"elementor-element elementor-element-92873f6 elementor-widget elementor-widget-spacer\" data-id=\"92873f6\" data-element_type=\"widget\" data-e-type=\"widget\" data-widget_type=\"spacer.default\">\n\t\t\t\t<div class=\"elementor-widget-container\">\n\t\t\t\t\t\t\t<div class=\"elementor-spacer\">\n\t\t\t<div class=\"elementor-spacer-inner\"><\/div>\n\t\t<\/div>\n\t\t\t\t\t\t<\/div>\n\t\t\t\t<\/div>\n\t\t\t\t<div class=\"elementor-element elementor-element-03c92c3 elementor-widget elementor-widget-vc_custom_heading\" data-id=\"03c92c3\" data-element_type=\"widget\" data-e-type=\"widget\" data-widget_type=\"vc_custom_heading.default\">\n\t\t\t\t<div class=\"elementor-widget-container\">\n\t\t\t\t\t<div class=\" vc_custom_heading  consulting_heading_font  text_align_center stripe_bottom\" ><h2 style=\"font-size: 50px;color: #FFFFFF;text-align: center\" class=\"consulting-custom-title\">Our Services\n<\/h2><\/div>\t\t\t\t<\/div>\n\t\t\t\t<\/div>\n\t\t\t\t<div class=\"elementor-element elementor-element-cb71c11 elementor-widget elementor-widget-spacer\" data-id=\"cb71c11\" data-element_type=\"widget\" data-e-type=\"widget\" data-widget_type=\"spacer.default\">\n\t\t\t\t<div class=\"elementor-widget-container\">\n\t\t\t\t\t\t\t<div class=\"elementor-spacer\">\n\t\t\t<div class=\"elementor-spacer-inner\"><\/div>\n\t\t<\/div>\n\t\t\t\t\t\t<\/div>\n\t\t\t\t<\/div>\n\t\t\t\t\t<\/div>\n\t\t<\/div>\n\t\t\t\t\t<\/div>\n\t\t<\/section>\n\t\t\t\t<section class=\"elementor-section elementor-top-section elementor-element elementor-element-fc374ec elementor-section-boxed elementor-section-height-default elementor-section-height-default\" data-id=\"fc374ec\" data-element_type=\"section\" data-e-type=\"section\">\n\t\t\t\t\t\t<div class=\"elementor-container elementor-column-gap-default\">\n\t\t\t\t\t<div class=\"elementor-column elementor-col-100 elementor-top-column elementor-element elementor-element-3fcc6da\" data-id=\"3fcc6da\" data-element_type=\"column\" data-e-type=\"column\">\n\t\t\t<div class=\"elementor-widget-wrap elementor-element-populated\">\n\t\t\t\t\t\t<div class=\"elementor-element elementor-element-9909622 elementor-widget elementor-widget-text-editor\" data-id=\"9909622\" data-element_type=\"widget\" data-e-type=\"widget\" data-widget_type=\"text-editor.default\">\n\t\t\t\t<div class=\"elementor-widget-container\">\n\t\t\t\t\t\t\t\t\t<p>STRATEGIES ! offre des services de facilitation de processus pour le d\u00e9veloppement organisationnel. Nous aidons votre organisation \u00e0 analyser son environnement, \u00e0 penser strat\u00e9giquement, \u00e0 planifier, \u00e0 mettre en \u0153uvre, \u00e0 contr\u00f4ler et \u00e0 \u00e9valuer afin d&#8217;atteindre ses objectifs.<\/p>\n<p>Les services STRATEGIES ! int\u00e8grent explicitement la diversit\u00e9, l&#8217;\u00e9quit\u00e9, l&#8217;inclusion, la justice et l&#8217;accessibilit\u00e9 afin de garantir que toutes les parties prenantes de l&#8217;organisation sont entendues et incluses dans le processus de prise de d\u00e9cision.<\/p>\n\t\t\t\t\t\t\t\t<\/div>\n\t\t\t\t<\/div>\n\t\t\t\t\t<\/div>\n\t\t<\/div>\n\t\t\t\t\t<\/div>\n\t\t<\/section>\n\t\t\t\t<section class=\"elementor-section elementor-top-section elementor-element elementor-element-0a16f07 animated-slow elementor-section-boxed elementor-section-height-default elementor-section-height-default elementor-invisible\" data-id=\"0a16f07\" data-element_type=\"section\" data-e-type=\"section\" data-settings=\"{&quot;background_background&quot;:&quot;classic&quot;,&quot;animation&quot;:&quot;fadeIn&quot;}\">\n\t\t\t\t\t\t<div class=\"elementor-container elementor-column-gap-wide\">\n\t\t\t\t\t<div class=\"make-column-clickable-elementor elementor-column elementor-col-33 elementor-top-column elementor-element elementor-element-5880b3e clickable\" style=\"cursor: pointer;\" data-column-clickable=\"https:\/\/strategiesconsultingfirm.com\/our-services\/organizational-development\/\" data-column-clickable-blank=\"_self\" data-id=\"5880b3e\" data-element_type=\"column\" data-e-type=\"column\">\n\t\t\t<div class=\"elementor-widget-wrap elementor-element-populated\">\n\t\t\t\t\t\t<div class=\"elementor-element elementor-element-e50aaa2 elementor-widget elementor-widget-stm_info_box\" data-id=\"e50aaa2\" data-element_type=\"widget\" data-e-type=\"widget\" data-widget_type=\"stm_info_box.default\">\n\t\t\t\t<div class=\"elementor-widget-container\">\n\t\t\t\t\t<div class=\"info_box elementor-consulting-info-box style_3\">\n\t<div class=\"info_box_wrapper\">\n\t\t\t\t\t<div class=\"info_box_image\">\n\t\t\t\t<img fetchpriority=\"high\" decoding=\"async\" width=\"350\" height=\"250\" src=\"https:\/\/strategiesconsultingfirm.com\/wp-content\/uploads\/2023\/07\/conference-350x250.jpg\" class=\"attachment-consulting-image-350x250-croped size-consulting-image-350x250-croped\" alt=\"\" \/>\t\t\t<\/div>\n\t\t\t\t<div class=\"info_box_text\">\n\t\t\t\t\t\t\t<div class=\"title\">\n\t\t\t\t\t<div class=\"icon\">\n\t\t\t\t\t\t<i class=\"<br \/>\n<b>Warning<\/b>:  Array to string conversion in <b>\/home\/clients\/c45f4a67a034f04f234e3388131b74f1\/sites\/strategiesconsultingfirm.com\/wp-includes\/formatting.php<\/b> on line <b>1128<\/b><br \/>\nArray\"><\/i>\n\t\t\t\t\t<\/div>\n\t\t\t\t\t<h6 class=\"no_stripe\">\n\t\t\t\t\t\t<span>Organizational Development<\/span>\n\t\t\t\t\t<\/h6>\n\t\t\t\t<\/div>\n\t\t\t\t\t\t\t\t\t\t\t<\/div>\n\t<\/div>\n<\/div>\n\t\t\t\t<\/div>\n\t\t\t\t<\/div>\n\t\t\t\t\t<\/div>\n\t\t<\/div>\n\t\t\t\t<div class=\"make-column-clickable-elementor elementor-column elementor-col-33 elementor-top-column elementor-element elementor-element-531b755\" style=\"cursor: pointer;\" data-column-clickable=\"https:\/\/strategiesconsultingfirm.com\/our-services\/facilitation\/\" data-column-clickable-blank=\"_self\" data-id=\"531b755\" data-element_type=\"column\" data-e-type=\"column\">\n\t\t\t<div class=\"elementor-widget-wrap elementor-element-populated\">\n\t\t\t\t\t\t<div class=\"elementor-element elementor-element-8364ce3 elementor-widget elementor-widget-stm_info_box\" data-id=\"8364ce3\" data-element_type=\"widget\" data-e-type=\"widget\" data-widget_type=\"stm_info_box.default\">\n\t\t\t\t<div class=\"elementor-widget-container\">\n\t\t\t\t\t<div class=\"info_box elementor-consulting-info-box style_3\">\n\t<div class=\"info_box_wrapper\">\n\t\t\t\t\t<div class=\"info_box_image\">\n\t\t\t\t<img decoding=\"async\" width=\"350\" height=\"250\" src=\"https:\/\/strategiesconsultingfirm.com\/wp-content\/uploads\/2023\/06\/conference-facilitation-350x250.jpg\" class=\"attachment-consulting-image-350x250-croped size-consulting-image-350x250-croped\" alt=\"\" \/>\t\t\t<\/div>\n\t\t\t\t<div class=\"info_box_text\">\n\t\t\t\t\t\t\t<div class=\"title\">\n\t\t\t\t\t<div class=\"icon\">\n\t\t\t\t\t\t<i class=\"<br \/>\n<b>Warning<\/b>:  Array to string conversion in <b>\/home\/clients\/c45f4a67a034f04f234e3388131b74f1\/sites\/strategiesconsultingfirm.com\/wp-includes\/formatting.php<\/b> on line <b>1128<\/b><br \/>\nArray\"><\/i>\n\t\t\t\t\t<\/div>\n\t\t\t\t\t<h6 class=\"no_stripe\">\n\t\t\t\t\t\t<span>Conference Facilitation<\/span>\n\t\t\t\t\t<\/h6>\n\t\t\t\t<\/div>\n\t\t\t\t\t\t\t\t\t\t\t<\/div>\n\t<\/div>\n<\/div>\n\t\t\t\t<\/div>\n\t\t\t\t<\/div>\n\t\t\t\t\t<\/div>\n\t\t<\/div>\n\t\t\t\t<div class=\"make-column-clickable-elementor elementor-column elementor-col-33 elementor-top-column elementor-element elementor-element-7defd54\" style=\"cursor: pointer;\" data-column-clickable=\"https:\/\/strategiesconsultingfirm.com\/our-services\/coaching-advisory\/\" data-column-clickable-blank=\"_self\" data-id=\"7defd54\" data-element_type=\"column\" data-e-type=\"column\">\n\t\t\t<div class=\"elementor-widget-wrap elementor-element-populated\">\n\t\t\t\t\t\t<div class=\"elementor-element elementor-element-f195553 elementor-widget elementor-widget-stm_info_box\" data-id=\"f195553\" data-element_type=\"widget\" data-e-type=\"widget\" data-widget_type=\"stm_info_box.default\">\n\t\t\t\t<div class=\"elementor-widget-container\">\n\t\t\t\t\t<div class=\"info_box elementor-consulting-info-box style_3\">\n\t<div class=\"info_box_wrapper\">\n\t\t\t\t\t<div class=\"info_box_image\">\n\t\t\t\t<img decoding=\"async\" width=\"350\" height=\"250\" src=\"https:\/\/strategiesconsultingfirm.com\/wp-content\/uploads\/2023\/06\/caoching-and-advisory-350x250.jpg\" class=\"attachment-consulting-image-350x250-croped size-consulting-image-350x250-croped\" alt=\"\" \/>\t\t\t<\/div>\n\t\t\t\t<div class=\"info_box_text\">\n\t\t\t\t\t\t\t<div class=\"title\">\n\t\t\t\t\t<div class=\"icon\">\n\t\t\t\t\t\t<i class=\"<br \/>\n<b>Warning<\/b>:  Array to string conversion in <b>\/home\/clients\/c45f4a67a034f04f234e3388131b74f1\/sites\/strategiesconsultingfirm.com\/wp-includes\/formatting.php<\/b> on line <b>1128<\/b><br \/>\nArray\"><\/i>\n\t\t\t\t\t<\/div>\n\t\t\t\t\t<h6 class=\"no_stripe\">\n\t\t\t\t\t\t<span>Coaching &amp; Advisory <\/span>\n\t\t\t\t\t<\/h6>\n\t\t\t\t<\/div>\n\t\t\t\t\t\t\t\t\t\t\t<\/div>\n\t<\/div>\n<\/div>\n\t\t\t\t<\/div>\n\t\t\t\t<\/div>\n\t\t\t\t\t<\/div>\n\t\t<\/div>\n\t\t\t\t\t<\/div>\n\t\t<\/section>\n\t\t\t\t<section class=\"elementor-section elementor-top-section elementor-element elementor-element-482484d animated-slow elementor-section-boxed elementor-section-height-default elementor-section-height-default elementor-invisible\" data-id=\"482484d\" data-element_type=\"section\" data-e-type=\"section\" data-settings=\"{&quot;background_background&quot;:&quot;classic&quot;,&quot;animation&quot;:&quot;fadeIn&quot;}\">\n\t\t\t\t\t\t<div class=\"elementor-container elementor-column-gap-extended\">\n\t\t\t\t\t<div class=\"elementor-column elementor-col-25 elementor-top-column elementor-element elementor-element-0e6d966\" data-id=\"0e6d966\" data-element_type=\"column\" data-e-type=\"column\">\n\t\t\t<div class=\"elementor-widget-wrap\">\n\t\t\t\t\t\t\t<\/div>\n\t\t<\/div>\n\t\t\t\t<div class=\"make-column-clickable-elementor elementor-column elementor-col-25 elementor-top-column elementor-element elementor-element-7ec4980\" style=\"cursor: pointer;\" data-column-clickable=\"https:\/\/strategiesconsultingfirm.com\/our-services\/team-building\/\" data-column-clickable-blank=\"_self\" data-id=\"7ec4980\" data-element_type=\"column\" data-e-type=\"column\">\n\t\t\t<div class=\"elementor-widget-wrap elementor-element-populated\">\n\t\t\t\t\t\t<div class=\"elementor-element elementor-element-6572d64 elementor-widget elementor-widget-stm_info_box\" data-id=\"6572d64\" data-element_type=\"widget\" data-e-type=\"widget\" data-widget_type=\"stm_info_box.default\">\n\t\t\t\t<div class=\"elementor-widget-container\">\n\t\t\t\t\t<div class=\"info_box elementor-consulting-info-box style_3\">\n\t<div class=\"info_box_wrapper\">\n\t\t\t\t\t<div class=\"info_box_image\">\n\t\t\t\t<img loading=\"lazy\" decoding=\"async\" width=\"350\" height=\"250\" src=\"https:\/\/strategiesconsultingfirm.com\/wp-content\/uploads\/2023\/06\/team-building-STR-1-350x250.jpg\" class=\"attachment-consulting-image-350x250-croped size-consulting-image-350x250-croped\" alt=\"\" \/>\t\t\t<\/div>\n\t\t\t\t<div class=\"info_box_text\">\n\t\t\t\t\t\t\t<div class=\"title\">\n\t\t\t\t\t<div class=\"icon\">\n\t\t\t\t\t\t<i class=\"<br \/>\n<b>Warning<\/b>:  Array to string conversion in <b>\/home\/clients\/c45f4a67a034f04f234e3388131b74f1\/sites\/strategiesconsultingfirm.com\/wp-includes\/formatting.php<\/b> on line <b>1128<\/b><br \/>\nArray\"><\/i>\n\t\t\t\t\t<\/div>\n\t\t\t\t\t<h6 class=\"no_stripe\">\n\t\t\t\t\t\t<span>Team Building<\/span>\n\t\t\t\t\t<\/h6>\n\t\t\t\t<\/div>\n\t\t\t\t\t\t\t\t\t\t\t<\/div>\n\t<\/div>\n<\/div>\n\t\t\t\t<\/div>\n\t\t\t\t<\/div>\n\t\t\t\t\t<\/div>\n\t\t<\/div>\n\t\t\t\t<div class=\"make-column-clickable-elementor elementor-column elementor-col-25 elementor-top-column elementor-element elementor-element-0af7de4\" style=\"cursor: pointer;\" data-column-clickable=\"https:\/\/strategiesconsultingfirm.com\/our-services\/inspirational-motivational-speaking\/\" data-column-clickable-blank=\"_self\" data-id=\"0af7de4\" data-element_type=\"column\" data-e-type=\"column\">\n\t\t\t<div class=\"elementor-widget-wrap elementor-element-populated\">\n\t\t\t\t\t\t<div class=\"elementor-element elementor-element-e099c69 elementor-widget elementor-widget-stm_info_box\" data-id=\"e099c69\" data-element_type=\"widget\" data-e-type=\"widget\" data-widget_type=\"stm_info_box.default\">\n\t\t\t\t<div class=\"elementor-widget-container\">\n\t\t\t\t\t<div class=\"info_box elementor-consulting-info-box style_3\">\n\t<div class=\"info_box_wrapper\">\n\t\t\t\t\t<div class=\"info_box_image\">\n\t\t\t\t<img loading=\"lazy\" decoding=\"async\" width=\"350\" height=\"250\" src=\"https:\/\/strategiesconsultingfirm.com\/wp-content\/uploads\/2023\/05\/public-speaking-350x250.jpg\" class=\"attachment-consulting-image-350x250-croped size-consulting-image-350x250-croped\" alt=\"\" \/>\t\t\t<\/div>\n\t\t\t\t<div class=\"info_box_text\">\n\t\t\t\t\t\t\t<div class=\"title\">\n\t\t\t\t\t<div class=\"icon\">\n\t\t\t\t\t\t<i class=\"<br \/>\n<b>Warning<\/b>:  Array to string conversion in <b>\/home\/clients\/c45f4a67a034f04f234e3388131b74f1\/sites\/strategiesconsultingfirm.com\/wp-includes\/formatting.php<\/b> on line <b>1128<\/b><br \/>\nArray\"><\/i>\n\t\t\t\t\t<\/div>\n\t\t\t\t\t<h6 class=\"no_stripe\">\n\t\t\t\t\t\t<span>Public Speaking<\/span>\n\t\t\t\t\t<\/h6>\n\t\t\t\t<\/div>\n\t\t\t\t\t\t\t\t\t\t\t<\/div>\n\t<\/div>\n<\/div>\n\t\t\t\t<\/div>\n\t\t\t\t<\/div>\n\t\t\t\t\t<\/div>\n\t\t<\/div>\n\t\t\t\t<div class=\"elementor-column elementor-col-25 elementor-top-column elementor-element elementor-element-addb3b1\" data-id=\"addb3b1\" data-element_type=\"column\" data-e-type=\"column\">\n\t\t\t<div class=\"elementor-widget-wrap\">\n\t\t\t\t\t\t\t<\/div>\n\t\t<\/div>\n\t\t\t\t\t<\/div>\n\t\t<\/section>\n\t\t\t\t<\/div>\n\t\t","protected":false},"excerpt":{"rendered":"<p>Our Services STRATEGIES ! offre des services de facilitation de processus pour le d\u00e9veloppement organisationnel. Nous aidons votre organisation \u00e0 analyser son environnement, \u00e0 penser strat\u00e9giquement, \u00e0 planifier, \u00e0 mettre en \u0153uvre, \u00e0 contr\u00f4ler et \u00e0 \u00e9valuer afin d&#8217;atteindre ses objectifs. Les services STRATEGIES ! int\u00e8grent explicitement la diversit\u00e9, l&#8217;\u00e9quit\u00e9, l&#8217;inclusion, la justice et l&#8217;accessibilit\u00e9<\/p>\n","protected":false},"author":1,"featured_media":0,"parent":0,"menu_order":0,"comment_status":"closed","ping_status":"closed","template":"","meta":{"_acf_changed":false,"footnotes":""},"class_list":["post-11518","page","type-page","status-publish","hentry"],"acf":[],"_links":{"self":[{"href":"https:\/\/strategiesconsultingfirm.com\/fr\/wp-json\/wp\/v2\/pages\/11518","targetHints":{"allow":["GET"]}}],"collection":[{"href":"https:\/\/strategiesconsultingfirm.com\/fr\/wp-json\/wp\/v2\/pages"}],"about":[{"href":"https:\/\/strategiesconsultingfirm.com\/fr\/wp-json\/wp\/v2\/types\/page"}],"author":[{"embeddable":true,"href":"https:\/\/strategiesconsultingfirm.com\/fr\/wp-json\/wp\/v2\/users\/1"}],"replies":[{"embeddable":true,"href":"https:\/\/strategiesconsultingfirm.com\/fr\/wp-json\/wp\/v2\/comments?post=11518"}],"version-history":[{"count":6,"href":"https:\/\/strategiesconsultingfirm.com\/fr\/wp-json\/wp\/v2\/pages\/11518\/revisions"}],"predecessor-version":[{"id":11757,"href":"https:\/\/strategiesconsultingfirm.com\/fr\/wp-json\/wp\/v2\/pages\/11518\/revisions\/11757"}],"wp:attachment":[{"href":"https:\/\/strategiesconsultingfirm.com\/fr\/wp-json\/wp\/v2\/media?parent=11518"}],"curies":[{"name":"wp","href":"https:\/\/api.w.org\/{rel}","templated":true}]}}