{"id":11523,"date":"2023-06-13T09:15:25","date_gmt":"2023-06-13T08:15:25","guid":{"rendered":"https:\/\/strategiesconsultingfirm.com\/nos-services\/facilitation\/"},"modified":"2024-01-05T18:06:26","modified_gmt":"2024-01-05T17:06:26","slug":"facilitation","status":"publish","type":"page","link":"https:\/\/strategiesconsultingfirm.com\/fr\/nos-services\/facilitation\/","title":{"rendered":"Facilitation"},"content":{"rendered":"\t\t<div data-elementor-type=\"wp-page\" data-elementor-id=\"11523\" class=\"elementor elementor-11523 elementor-9131\" data-elementor-post-type=\"page\">\n\t\t\t\t\t\t<section class=\"elementor-section elementor-top-section elementor-element elementor-element-c60ad27 elementor-section-boxed elementor-section-height-default elementor-section-height-default\" data-id=\"c60ad27\" data-element_type=\"section\" data-e-type=\"section\">\n\t\t\t\t\t\t<div class=\"elementor-container elementor-column-gap-default\">\n\t\t\t\t\t<div class=\"elementor-column elementor-col-100 elementor-top-column elementor-element elementor-element-ab3ff63\" data-id=\"ab3ff63\" data-element_type=\"column\" data-e-type=\"column\">\n\t\t\t<div class=\"elementor-widget-wrap elementor-element-populated\">\n\t\t\t\t\t\t<div class=\"elementor-element elementor-element-3665d12 elementor-widget__width-initial elementor-widget elementor-widget-vc_custom_heading\" data-id=\"3665d12\" data-element_type=\"widget\" data-e-type=\"widget\" data-widget_type=\"vc_custom_heading.default\">\n\t\t\t\t<div class=\"elementor-widget-container\">\n\t\t\t\t\t<div class=\" vc_custom_heading  consulting_heading_font  text_align_center\" ><h2 style=\"font-size: 42px;color: #010066;text-align: center\" class=\"consulting-custom-title\">Facilitation\n<\/h2><\/div>\t\t\t\t<\/div>\n\t\t\t\t<\/div>\n\t\t\t\t\t<\/div>\n\t\t<\/div>\n\t\t\t\t\t<\/div>\n\t\t<\/section>\n\t\t\t\t<section class=\"elementor-section elementor-top-section elementor-element elementor-element-ccd9c8c animated-slow elementor-section-boxed elementor-section-height-default elementor-section-height-default elementor-invisible\" data-id=\"ccd9c8c\" data-element_type=\"section\" data-e-type=\"section\" data-settings=\"{&quot;animation&quot;:&quot;slideInUp&quot;}\">\n\t\t\t\t\t\t<div class=\"elementor-container elementor-column-gap-default\">\n\t\t\t\t\t<div class=\"elementor-column elementor-col-50 elementor-top-column elementor-element elementor-element-b20476b\" data-id=\"b20476b\" data-element_type=\"column\" data-e-type=\"column\" data-settings=\"{&quot;background_background&quot;:&quot;classic&quot;}\">\n\t\t\t<div class=\"elementor-widget-wrap elementor-element-populated\">\n\t\t\t\t\t<div class=\"elementor-background-overlay\"><\/div>\n\t\t\t\t\t\t<div class=\"elementor-element elementor-element-2efda96 elementor-widget elementor-widget-text-editor\" data-id=\"2efda96\" data-element_type=\"widget\" data-e-type=\"widget\" data-widget_type=\"text-editor.default\">\n\t\t\t\t<div class=\"elementor-widget-container\">\n\t\t\t\t\t\t\t\t\t<p>Du niveau local au global, STRAT\u00c9GIES\u00a0! facilite les conversations qui permettent aux organisations, aux programmes et aux \u00e9v\u00e9nements d&#8217;atteindre leurs objectifs. De la simple planification op\u00e9rationnelle aux strat\u00e9gies complexes, multipartites et politiques, les consultants de STRAT\u00c9GIES! accompagnent votre \u00e9quipe dans une r\u00e9flexion innovante, structur\u00e9e et objective qui produit des r\u00e9sultats.<\/p>\n<p>\u00a0<\/p>\n<p>STRAT\u00c9GIES\u202f! Est reconnu au niveau international pour son approche participative et bilingue (fran\u00e7ais et anglais) de facilitation en format virtuel, hybride et pr\u00e9sentiel.<\/p>\n\t\t\t\t\t\t\t\t<\/div>\n\t\t\t\t<\/div>\n\t\t\t\t\t<\/div>\n\t\t<\/div>\n\t\t\t\t<div class=\"elementor-column elementor-col-50 elementor-top-column elementor-element elementor-element-5ced5dd\" data-id=\"5ced5dd\" data-element_type=\"column\" data-e-type=\"column\" data-settings=\"{&quot;background_background&quot;:&quot;classic&quot;}\">\n\t\t\t<div class=\"elementor-widget-wrap\">\n\t\t\t\t\t\t\t<\/div>\n\t\t<\/div>\n\t\t\t\t\t<\/div>\n\t\t<\/section>\n\t\t\t\t<section class=\"elementor-section elementor-top-section elementor-element elementor-element-48e80dd elementor-section-boxed elementor-section-height-default elementor-section-height-default elementor-invisible\" data-id=\"48e80dd\" data-element_type=\"section\" data-e-type=\"section\" data-settings=\"{&quot;animation&quot;:&quot;slideInUp&quot;}\">\n\t\t\t\t\t\t<div class=\"elementor-container elementor-column-gap-default\">\n\t\t\t\t\t<div class=\"elementor-column elementor-col-100 elementor-top-column elementor-element elementor-element-3b3f26c\" data-id=\"3b3f26c\" data-element_type=\"column\" data-e-type=\"column\">\n\t\t\t<div class=\"elementor-widget-wrap elementor-element-populated\">\n\t\t\t\t\t\t<div class=\"elementor-element elementor-element-0c4c460 elementor-widget elementor-widget-heading\" data-id=\"0c4c460\" data-element_type=\"widget\" data-e-type=\"widget\" data-widget_type=\"heading.default\">\n\t\t\t\t<div class=\"elementor-widget-container\">\n\t\t\t\t\t<h3 class=\"elementor-heading-title elementor-size-default\">Plus de Services<\/h3>\t\t\t\t<\/div>\n\t\t\t\t<\/div>\n\t\t\t\t\t<\/div>\n\t\t<\/div>\n\t\t\t\t\t<\/div>\n\t\t<\/section>\n\t\t\t\t<section class=\"elementor-section elementor-top-section elementor-element elementor-element-6018edf animated-slow elementor-section-boxed elementor-section-height-default elementor-section-height-default elementor-invisible\" data-id=\"6018edf\" data-element_type=\"section\" data-e-type=\"section\" data-settings=\"{&quot;background_background&quot;:&quot;classic&quot;,&quot;animation&quot;:&quot;fadeInUp&quot;}\">\n\t\t\t\t\t\t<div class=\"elementor-container elementor-column-gap-extended\">\n\t\t\t\t\t<div class=\"make-column-clickable-elementor elementor-column elementor-col-33 elementor-top-column elementor-element elementor-element-d2a8632\" style=\"cursor: pointer;\" data-column-clickable=\"https:\/\/strategiesconsultingfirm.com\/fr\/nos-services\/teambuilding\/\" data-column-clickable-blank=\"_self\" data-id=\"d2a8632\" data-element_type=\"column\" data-e-type=\"column\">\n\t\t\t<div class=\"elementor-widget-wrap elementor-element-populated\">\n\t\t\t\t\t\t<div class=\"elementor-element elementor-element-7a1ce13 elementor-widget elementor-widget-stm_info_box\" data-id=\"7a1ce13\" data-element_type=\"widget\" data-e-type=\"widget\" data-widget_type=\"stm_info_box.default\">\n\t\t\t\t<div class=\"elementor-widget-container\">\n\t\t\t\t\t<div class=\"info_box elementor-consulting-info-box style_3\">\n\t<div class=\"info_box_wrapper\">\n\t\t\t\t\t<div class=\"info_box_image\">\n\t\t\t\t<img fetchpriority=\"high\" decoding=\"async\" width=\"350\" height=\"250\" src=\"https:\/\/strategiesconsultingfirm.com\/wp-content\/uploads\/2023\/06\/team-building-STR-1-350x250.jpg\" class=\"attachment-consulting-image-350x250-croped size-consulting-image-350x250-croped\" alt=\"\" \/>\t\t\t<\/div>\n\t\t\t\t<div class=\"info_box_text\">\n\t\t\t\t\t\t\t<div class=\"title\">\n\t\t\t\t\t<div class=\"icon\">\n\t\t\t\t\t\t<i class=\"<br \/>\n<b>Warning<\/b>:  Array to string conversion in <b>\/home\/clients\/c45f4a67a034f04f234e3388131b74f1\/sites\/strategiesconsultingfirm.com\/wp-includes\/formatting.php<\/b> on line <b>1128<\/b><br \/>\nArray\"><\/i>\n\t\t\t\t\t<\/div>\n\t\t\t\t\t<h6 class=\"no_stripe\">\n\t\t\t\t\t\t<span>Team Building<\/span>\n\t\t\t\t\t<\/h6>\n\t\t\t\t<\/div>\n\t\t\t\t\t\t\t\t\t\t\t<\/div>\n\t<\/div>\n<\/div>\n\t\t\t\t<\/div>\n\t\t\t\t<\/div>\n\t\t\t\t\t<\/div>\n\t\t<\/div>\n\t\t\t\t<div class=\"make-column-clickable-elementor elementor-column elementor-col-33 elementor-top-column elementor-element elementor-element-061ff81\" style=\"cursor: pointer;\" data-column-clickable=\"https:\/\/strategiesconsultingfirm.com\/fr\/nos-services\/coaching-et-conseil\/\" data-column-clickable-blank=\"_self\" data-id=\"061ff81\" data-element_type=\"column\" data-e-type=\"column\">\n\t\t\t<div class=\"elementor-widget-wrap elementor-element-populated\">\n\t\t\t\t\t\t<div class=\"elementor-element elementor-element-ecb8343 elementor-widget elementor-widget-stm_info_box\" data-id=\"ecb8343\" data-element_type=\"widget\" data-e-type=\"widget\" data-widget_type=\"stm_info_box.default\">\n\t\t\t\t<div class=\"elementor-widget-container\">\n\t\t\t\t\t<div class=\"info_box elementor-consulting-info-box style_3\">\n\t<div class=\"info_box_wrapper\">\n\t\t\t\t\t<div class=\"info_box_image\">\n\t\t\t\t<img decoding=\"async\" width=\"350\" height=\"250\" src=\"https:\/\/strategiesconsultingfirm.com\/wp-content\/uploads\/2023\/06\/caoching-and-advisory-350x250.jpg\" class=\"attachment-consulting-image-350x250-croped size-consulting-image-350x250-croped\" alt=\"\" \/>\t\t\t<\/div>\n\t\t\t\t<div class=\"info_box_text\">\n\t\t\t\t\t\t\t<div class=\"title\">\n\t\t\t\t\t<div class=\"icon\">\n\t\t\t\t\t\t<i class=\"<br \/>\n<b>Warning<\/b>:  Array to string conversion in <b>\/home\/clients\/c45f4a67a034f04f234e3388131b74f1\/sites\/strategiesconsultingfirm.com\/wp-includes\/formatting.php<\/b> on line <b>1128<\/b><br \/>\nArray\"><\/i>\n\t\t\t\t\t<\/div>\n\t\t\t\t\t<h6 class=\"no_stripe\">\n\t\t\t\t\t\t<span>Coaching &amp; Conseil<\/span>\n\t\t\t\t\t<\/h6>\n\t\t\t\t<\/div>\n\t\t\t\t\t\t\t\t\t\t\t<\/div>\n\t<\/div>\n<\/div>\n\t\t\t\t<\/div>\n\t\t\t\t<\/div>\n\t\t\t\t\t<\/div>\n\t\t<\/div>\n\t\t\t\t<div class=\"make-column-clickable-elementor elementor-column elementor-col-33 elementor-top-column elementor-element elementor-element-f5439f2\" style=\"cursor: pointer;\" data-column-clickable=\"\/our-services\/organizational-development\/\" data-column-clickable-blank=\"_self\" data-id=\"f5439f2\" data-element_type=\"column\" data-e-type=\"column\">\n\t\t\t<div class=\"elementor-widget-wrap elementor-element-populated\">\n\t\t\t\t\t\t<div class=\"elementor-element elementor-element-167ac2f elementor-widget elementor-widget-stm_info_box\" data-id=\"167ac2f\" data-element_type=\"widget\" data-e-type=\"widget\" data-widget_type=\"stm_info_box.default\">\n\t\t\t\t<div class=\"elementor-widget-container\">\n\t\t\t\t\t<div class=\"info_box elementor-consulting-info-box style_3\">\n\t<div class=\"info_box_wrapper\">\n\t\t\t\t\t<div class=\"info_box_image\">\n\t\t\t\t<img decoding=\"async\" width=\"350\" height=\"250\" src=\"https:\/\/strategiesconsultingfirm.com\/wp-content\/uploads\/2023\/07\/Organization-development-350x250.jpg\" class=\"attachment-consulting-image-350x250-croped size-consulting-image-350x250-croped\" alt=\"\" \/>\t\t\t<\/div>\n\t\t\t\t<div class=\"info_box_text\">\n\t\t\t\t\t\t\t<div class=\"title\">\n\t\t\t\t\t<div class=\"icon\">\n\t\t\t\t\t\t<i class=\"<br \/>\n<b>Warning<\/b>:  Array to string conversion in <b>\/home\/clients\/c45f4a67a034f04f234e3388131b74f1\/sites\/strategiesconsultingfirm.com\/wp-includes\/formatting.php<\/b> on line <b>1128<\/b><br \/>\nArray\"><\/i>\n\t\t\t\t\t<\/div>\n\t\t\t\t\t<h6 class=\"no_stripe\">\n\t\t\t\t\t\t<span>D\u00e9veloppement organisationnel<\/span>\n\t\t\t\t\t<\/h6>\n\t\t\t\t<\/div>\n\t\t\t\t\t\t\t\t\t\t\t<\/div>\n\t<\/div>\n<\/div>\n\t\t\t\t<\/div>\n\t\t\t\t<\/div>\n\t\t\t\t\t<\/div>\n\t\t<\/div>\n\t\t\t\t\t<\/div>\n\t\t<\/section>\n\t\t\t\t<section class=\"elementor-section elementor-top-section elementor-element elementor-element-827a60b elementor-section-full_width elementor-section-height-default elementor-section-height-default\" data-id=\"827a60b\" data-element_type=\"section\" data-e-type=\"section\" data-settings=\"{&quot;background_background&quot;:&quot;classic&quot;}\">\n\t\t\t\t\t\t<div class=\"elementor-container elementor-column-gap-default\">\n\t\t\t\t\t<div class=\"elementor-column elementor-col-50 elementor-top-column elementor-element elementor-element-3a3e65c\" data-id=\"3a3e65c\" data-element_type=\"column\" data-e-type=\"column\">\n\t\t\t<div class=\"elementor-widget-wrap elementor-element-populated\">\n\t\t\t\t\t\t<div class=\"elementor-element elementor-element-5664b5a elementor-widget elementor-widget-text-editor\" data-id=\"5664b5a\" data-element_type=\"widget\" data-e-type=\"widget\" data-widget_type=\"text-editor.default\">\n\t\t\t\t<div class=\"elementor-widget-container\">\n\t\t\t\t\t\t\t\t\t<p>Vous recherchez un cabinet de r\u00e9f\u00e9rence en\u00a0 leadership et de management?<\/p>\n\t\t\t\t\t\t\t\t<\/div>\n\t\t\t\t<\/div>\n\t\t\t\t\t<\/div>\n\t\t<\/div>\n\t\t\t\t<div class=\"make-column-clickable-elementor elementor-column elementor-col-50 elementor-top-column elementor-element elementor-element-020b8f1\" style=\"cursor: pointer;\" data-column-clickable=\"\/get-a-quote\/\" data-column-clickable-blank=\"_self\" data-id=\"020b8f1\" data-element_type=\"column\" data-e-type=\"column\">\n\t\t\t<div class=\"elementor-widget-wrap elementor-element-populated\">\n\t\t\t\t\t\t<div class=\"elementor-element elementor-element-6921bb5 elementor-align-right elementor-widget elementor-widget-button\" data-id=\"6921bb5\" data-element_type=\"widget\" data-e-type=\"widget\" data-widget_type=\"button.default\">\n\t\t\t\t<div class=\"elementor-widget-container\">\n\t\t\t\t\t\t\t\t\t<div class=\"elementor-button-wrapper icon_align_right  \">\n\t\t\t\t\t<a class=\"elementor-button elementor-button-link elementor-size-md elementor-animation-push\" href=\"https:\/\/strategiesconsultingfirm.com\/get-a-quote\/\">\n\t\t\t\t\t\t<span class=\"elementor-button-content-wrapper\">\n\t\t\t\t\t\t<span class=\"elementor-button-icon\">\n\t\t\t\t<i aria-hidden=\"true\" class=\"fas fa-angle-right\"><\/i>\t\t\t<\/span>\n\t\t\t\t\t\t\t\t\t<span class=\"elementor-button-text\">Obtenir un devis<\/span>\n\t\t\t\t\t<\/span>\n\t\t\t\t\t<\/a>\n\t\t\t\t<\/div>\n\t\t\t\t\t\t\t\t<\/div>\n\t\t\t\t<\/div>\n\t\t\t\t\t<\/div>\n\t\t<\/div>\n\t\t\t\t\t<\/div>\n\t\t<\/section>\n\t\t\t\t<\/div>\n\t\t","protected":false},"excerpt":{"rendered":"<p>Facilitation Du niveau local au global, STRAT\u00c9GIES\u00a0! facilite les conversations qui permettent aux organisations, aux programmes et aux \u00e9v\u00e9nements d&#8217;atteindre leurs objectifs. De la simple planification op\u00e9rationnelle aux strat\u00e9gies complexes, multipartites et politiques, les consultants de STRAT\u00c9GIES! accompagnent votre \u00e9quipe dans une r\u00e9flexion innovante, structur\u00e9e et objective qui produit des r\u00e9sultats. \u00a0 STRAT\u00c9GIES\u202f! Est reconnu<\/p>\n","protected":false},"author":1,"featured_media":0,"parent":11518,"menu_order":0,"comment_status":"closed","ping_status":"closed","template":"","meta":{"_acf_changed":false,"footnotes":""},"class_list":["post-11523","page","type-page","status-publish","hentry"],"acf":[],"yoast_head":"<!-- This site is optimized with the Yoast SEO plugin v27.3 - https:\/\/yoast.com\/product\/yoast-seo-wordpress\/ -->\n<title>Facilitation - STRATEGIES! Consulting Firm<\/title>\n<meta name=\"robots\" content=\"index, follow, max-snippet:-1, max-image-preview:large, max-video-preview:-1\" \/>\n<link rel=\"canonical\" href=\"https:\/\/strategiesconsultingfirm.com\/fr\/nos-services\/facilitation\/\" \/>\n<meta property=\"og:locale\" content=\"fr_FR\" \/>\n<meta property=\"og:type\" content=\"article\" \/>\n<meta property=\"og:title\" content=\"Facilitation - STRATEGIES! Consulting Firm\" \/>\n<meta property=\"og:description\" content=\"Facilitation Du niveau local au global, STRAT\u00c9GIES\u00a0! facilite les conversations qui permettent aux organisations, aux programmes et aux \u00e9v\u00e9nements d&#8217;atteindre leurs objectifs. De la simple planification op\u00e9rationnelle aux strat\u00e9gies complexes, multipartites et politiques, les consultants de STRAT\u00c9GIES! accompagnent votre \u00e9quipe dans une r\u00e9flexion innovante, structur\u00e9e et objective qui produit des r\u00e9sultats. \u00a0 STRAT\u00c9GIES\u202f! Est reconnu\" \/>\n<meta property=\"og:url\" content=\"https:\/\/strategiesconsultingfirm.com\/fr\/nos-services\/facilitation\/\" \/>\n<meta property=\"og:site_name\" content=\"STRATEGIES! Consulting Firm\" \/>\n<meta property=\"article:publisher\" content=\"https:\/\/web.facebook.com\/cabinetstrategies\" \/>\n<meta property=\"article:modified_time\" content=\"2024-01-05T17:06:26+00:00\" \/>\n<meta property=\"og:image\" content=\"https:\/\/strategiesconsultingfirm.com\/wp-content\/uploads\/2023\/06\/team-building-STR-1-350x250.jpg\" \/>\n<meta name=\"twitter:card\" content=\"summary_large_image\" \/>\n<meta name=\"twitter:site\" content=\"@Strategies_\" \/>\n<meta name=\"twitter:label1\" content=\"Dur\u00e9e de lecture estim\u00e9e\" \/>\n\t<meta name=\"twitter:data1\" content=\"1 minute\" \/>\n<script type=\"application\/ld+json\" class=\"yoast-schema-graph\">{\"@context\":\"https:\\\/\\\/schema.org\",\"@graph\":[{\"@type\":\"WebPage\",\"@id\":\"https:\\\/\\\/strategiesconsultingfirm.com\\\/fr\\\/nos-services\\\/facilitation\\\/\",\"url\":\"https:\\\/\\\/strategiesconsultingfirm.com\\\/fr\\\/nos-services\\\/facilitation\\\/\",\"name\":\"Facilitation - STRATEGIES! Consulting Firm\",\"isPartOf\":{\"@id\":\"https:\\\/\\\/strategiesconsultingfirm.com\\\/#website\"},\"primaryImageOfPage\":{\"@id\":\"https:\\\/\\\/strategiesconsultingfirm.com\\\/fr\\\/nos-services\\\/facilitation\\\/#primaryimage\"},\"image\":{\"@id\":\"https:\\\/\\\/strategiesconsultingfirm.com\\\/fr\\\/nos-services\\\/facilitation\\\/#primaryimage\"},\"thumbnailUrl\":\"https:\\\/\\\/strategiesconsultingfirm.com\\\/wp-content\\\/uploads\\\/2023\\\/06\\\/team-building-STR-1-350x250.jpg\",\"datePublished\":\"2023-06-13T08:15:25+00:00\",\"dateModified\":\"2024-01-05T17:06:26+00:00\",\"breadcrumb\":{\"@id\":\"https:\\\/\\\/strategiesconsultingfirm.com\\\/fr\\\/nos-services\\\/facilitation\\\/#breadcrumb\"},\"inLanguage\":\"fr-FR\",\"potentialAction\":[{\"@type\":\"ReadAction\",\"target\":[\"https:\\\/\\\/strategiesconsultingfirm.com\\\/fr\\\/nos-services\\\/facilitation\\\/\"]}]},{\"@type\":\"ImageObject\",\"inLanguage\":\"fr-FR\",\"@id\":\"https:\\\/\\\/strategiesconsultingfirm.com\\\/fr\\\/nos-services\\\/facilitation\\\/#primaryimage\",\"url\":\"https:\\\/\\\/strategiesconsultingfirm.com\\\/wp-content\\\/uploads\\\/2023\\\/06\\\/team-building-STR-1-350x250.jpg\",\"contentUrl\":\"https:\\\/\\\/strategiesconsultingfirm.com\\\/wp-content\\\/uploads\\\/2023\\\/06\\\/team-building-STR-1-350x250.jpg\"},{\"@type\":\"BreadcrumbList\",\"@id\":\"https:\\\/\\\/strategiesconsultingfirm.com\\\/fr\\\/nos-services\\\/facilitation\\\/#breadcrumb\",\"itemListElement\":[{\"@type\":\"ListItem\",\"position\":1,\"name\":\"Home\",\"item\":\"https:\\\/\\\/strategiesconsultingfirm.com\\\/fr\\\/accueil\\\/\"},{\"@type\":\"ListItem\",\"position\":2,\"name\":\"Nos services\",\"item\":\"https:\\\/\\\/strategiesconsultingfirm.com\\\/fr\\\/nos-services\\\/\"},{\"@type\":\"ListItem\",\"position\":3,\"name\":\"Facilitation\"}]},{\"@type\":\"WebSite\",\"@id\":\"https:\\\/\\\/strategiesconsultingfirm.com\\\/#website\",\"url\":\"https:\\\/\\\/strategiesconsultingfirm.com\\\/\",\"name\":\"STRATEGIES! Consulting Firm\",\"description\":\"Your Reference in Leadership and Management\",\"publisher\":{\"@id\":\"https:\\\/\\\/strategiesconsultingfirm.com\\\/#organization\"},\"potentialAction\":[{\"@type\":\"SearchAction\",\"target\":{\"@type\":\"EntryPoint\",\"urlTemplate\":\"https:\\\/\\\/strategiesconsultingfirm.com\\\/?s={search_term_string}\"},\"query-input\":{\"@type\":\"PropertyValueSpecification\",\"valueRequired\":true,\"valueName\":\"search_term_string\"}}],\"inLanguage\":\"fr-FR\"},{\"@type\":\"Organization\",\"@id\":\"https:\\\/\\\/strategiesconsultingfirm.com\\\/#organization\",\"name\":\"STRATEGIES! Consulting Firm\",\"url\":\"https:\\\/\\\/strategiesconsultingfirm.com\\\/\",\"logo\":{\"@type\":\"ImageObject\",\"inLanguage\":\"fr-FR\",\"@id\":\"https:\\\/\\\/strategiesconsultingfirm.com\\\/#\\\/schema\\\/logo\\\/image\\\/\",\"url\":\"https:\\\/\\\/strategiesconsultingfirm.com\\\/wp-content\\\/uploads\\\/2023\\\/05\\\/Logo-STRATEGIES-Consulting.png\",\"contentUrl\":\"https:\\\/\\\/strategiesconsultingfirm.com\\\/wp-content\\\/uploads\\\/2023\\\/05\\\/Logo-STRATEGIES-Consulting.png\",\"width\":734,\"height\":229,\"caption\":\"STRATEGIES! Consulting Firm\"},\"image\":{\"@id\":\"https:\\\/\\\/strategiesconsultingfirm.com\\\/#\\\/schema\\\/logo\\\/image\\\/\"},\"sameAs\":[\"https:\\\/\\\/web.facebook.com\\\/cabinetstrategies\",\"https:\\\/\\\/x.com\\\/Strategies_\",\"https:\\\/\\\/www.linkedin.com\\\/company\\\/strategies-\\\/\"]}]}<\/script>\n<!-- \/ Yoast SEO plugin. -->","yoast_head_json":{"title":"Facilitation - STRATEGIES! Consulting Firm","robots":{"index":"index","follow":"follow","max-snippet":"max-snippet:-1","max-image-preview":"max-image-preview:large","max-video-preview":"max-video-preview:-1"},"canonical":"https:\/\/strategiesconsultingfirm.com\/fr\/nos-services\/facilitation\/","og_locale":"fr_FR","og_type":"article","og_title":"Facilitation - STRATEGIES! Consulting Firm","og_description":"Facilitation Du niveau local au global, STRAT\u00c9GIES\u00a0! facilite les conversations qui permettent aux organisations, aux programmes et aux \u00e9v\u00e9nements d&#8217;atteindre leurs objectifs. De la simple planification op\u00e9rationnelle aux strat\u00e9gies complexes, multipartites et politiques, les consultants de STRAT\u00c9GIES! accompagnent votre \u00e9quipe dans une r\u00e9flexion innovante, structur\u00e9e et objective qui produit des r\u00e9sultats. \u00a0 STRAT\u00c9GIES\u202f! Est reconnu","og_url":"https:\/\/strategiesconsultingfirm.com\/fr\/nos-services\/facilitation\/","og_site_name":"STRATEGIES! Consulting Firm","article_publisher":"https:\/\/web.facebook.com\/cabinetstrategies","article_modified_time":"2024-01-05T17:06:26+00:00","og_image":[{"url":"https:\/\/strategiesconsultingfirm.com\/wp-content\/uploads\/2023\/06\/team-building-STR-1-350x250.jpg","type":"","width":"","height":""}],"twitter_card":"summary_large_image","twitter_site":"@Strategies_","twitter_misc":{"Dur\u00e9e de lecture estim\u00e9e":"1 minute"},"schema":{"@context":"https:\/\/schema.org","@graph":[{"@type":"WebPage","@id":"https:\/\/strategiesconsultingfirm.com\/fr\/nos-services\/facilitation\/","url":"https:\/\/strategiesconsultingfirm.com\/fr\/nos-services\/facilitation\/","name":"Facilitation - STRATEGIES! Consulting Firm","isPartOf":{"@id":"https:\/\/strategiesconsultingfirm.com\/#website"},"primaryImageOfPage":{"@id":"https:\/\/strategiesconsultingfirm.com\/fr\/nos-services\/facilitation\/#primaryimage"},"image":{"@id":"https:\/\/strategiesconsultingfirm.com\/fr\/nos-services\/facilitation\/#primaryimage"},"thumbnailUrl":"https:\/\/strategiesconsultingfirm.com\/wp-content\/uploads\/2023\/06\/team-building-STR-1-350x250.jpg","datePublished":"2023-06-13T08:15:25+00:00","dateModified":"2024-01-05T17:06:26+00:00","breadcrumb":{"@id":"https:\/\/strategiesconsultingfirm.com\/fr\/nos-services\/facilitation\/#breadcrumb"},"inLanguage":"fr-FR","potentialAction":[{"@type":"ReadAction","target":["https:\/\/strategiesconsultingfirm.com\/fr\/nos-services\/facilitation\/"]}]},{"@type":"ImageObject","inLanguage":"fr-FR","@id":"https:\/\/strategiesconsultingfirm.com\/fr\/nos-services\/facilitation\/#primaryimage","url":"https:\/\/strategiesconsultingfirm.com\/wp-content\/uploads\/2023\/06\/team-building-STR-1-350x250.jpg","contentUrl":"https:\/\/strategiesconsultingfirm.com\/wp-content\/uploads\/2023\/06\/team-building-STR-1-350x250.jpg"},{"@type":"BreadcrumbList","@id":"https:\/\/strategiesconsultingfirm.com\/fr\/nos-services\/facilitation\/#breadcrumb","itemListElement":[{"@type":"ListItem","position":1,"name":"Home","item":"https:\/\/strategiesconsultingfirm.com\/fr\/accueil\/"},{"@type":"ListItem","position":2,"name":"Nos services","item":"https:\/\/strategiesconsultingfirm.com\/fr\/nos-services\/"},{"@type":"ListItem","position":3,"name":"Facilitation"}]},{"@type":"WebSite","@id":"https:\/\/strategiesconsultingfirm.com\/#website","url":"https:\/\/strategiesconsultingfirm.com\/","name":"STRATEGIES! Consulting Firm","description":"Your Reference in Leadership and Management","publisher":{"@id":"https:\/\/strategiesconsultingfirm.com\/#organization"},"potentialAction":[{"@type":"SearchAction","target":{"@type":"EntryPoint","urlTemplate":"https:\/\/strategiesconsultingfirm.com\/?s={search_term_string}"},"query-input":{"@type":"PropertyValueSpecification","valueRequired":true,"valueName":"search_term_string"}}],"inLanguage":"fr-FR"},{"@type":"Organization","@id":"https:\/\/strategiesconsultingfirm.com\/#organization","name":"STRATEGIES! Consulting Firm","url":"https:\/\/strategiesconsultingfirm.com\/","logo":{"@type":"ImageObject","inLanguage":"fr-FR","@id":"https:\/\/strategiesconsultingfirm.com\/#\/schema\/logo\/image\/","url":"https:\/\/strategiesconsultingfirm.com\/wp-content\/uploads\/2023\/05\/Logo-STRATEGIES-Consulting.png","contentUrl":"https:\/\/strategiesconsultingfirm.com\/wp-content\/uploads\/2023\/05\/Logo-STRATEGIES-Consulting.png","width":734,"height":229,"caption":"STRATEGIES! Consulting Firm"},"image":{"@id":"https:\/\/strategiesconsultingfirm.com\/#\/schema\/logo\/image\/"},"sameAs":["https:\/\/web.facebook.com\/cabinetstrategies","https:\/\/x.com\/Strategies_","https:\/\/www.linkedin.com\/company\/strategies-\/"]}]}},"_links":{"self":[{"href":"https:\/\/strategiesconsultingfirm.com\/fr\/wp-json\/wp\/v2\/pages\/11523","targetHints":{"allow":["GET"]}}],"collection":[{"href":"https:\/\/strategiesconsultingfirm.com\/fr\/wp-json\/wp\/v2\/pages"}],"about":[{"href":"https:\/\/strategiesconsultingfirm.com\/fr\/wp-json\/wp\/v2\/types\/page"}],"author":[{"embeddable":true,"href":"https:\/\/strategiesconsultingfirm.com\/fr\/wp-json\/wp\/v2\/users\/1"}],"replies":[{"embeddable":true,"href":"https:\/\/strategiesconsultingfirm.com\/fr\/wp-json\/wp\/v2\/comments?post=11523"}],"version-history":[{"count":19,"href":"https:\/\/strategiesconsultingfirm.com\/fr\/wp-json\/wp\/v2\/pages\/11523\/revisions"}],"predecessor-version":[{"id":12773,"href":"https:\/\/strategiesconsultingfirm.com\/fr\/wp-json\/wp\/v2\/pages\/11523\/revisions\/12773"}],"up":[{"embeddable":true,"href":"https:\/\/strategiesconsultingfirm.com\/fr\/wp-json\/wp\/v2\/pages\/11518"}],"wp:attachment":[{"href":"https:\/\/strategiesconsultingfirm.com\/fr\/wp-json\/wp\/v2\/media?parent=11523"}],"curies":[{"name":"wp","href":"https:\/\/api.w.org\/{rel}","templated":true}]}}