{"id":11526,"date":"2023-06-13T09:30:20","date_gmt":"2023-06-13T08:30:20","guid":{"rendered":"https:\/\/strategiesconsultingfirm.com\/nos-services\/renforcement-de-lesprit-dequipe\/"},"modified":"2024-01-05T18:22:07","modified_gmt":"2024-01-05T17:22:07","slug":"teambuilding","status":"publish","type":"page","link":"https:\/\/strategiesconsultingfirm.com\/fr\/nos-services\/teambuilding\/","title":{"rendered":"Team Building"},"content":{"rendered":"\t\t<div data-elementor-type=\"wp-page\" data-elementor-id=\"11526\" class=\"elementor elementor-11526 elementor-9134\" data-elementor-post-type=\"page\">\n\t\t\t\t\t\t<section class=\"elementor-section elementor-top-section elementor-element elementor-element-c60ad27 elementor-section-boxed elementor-section-height-default elementor-section-height-default\" data-id=\"c60ad27\" data-element_type=\"section\" data-e-type=\"section\">\n\t\t\t\t\t\t<div class=\"elementor-container elementor-column-gap-default\">\n\t\t\t\t\t<div class=\"elementor-column elementor-col-100 elementor-top-column elementor-element elementor-element-ab3ff63\" data-id=\"ab3ff63\" data-element_type=\"column\" data-e-type=\"column\">\n\t\t\t<div class=\"elementor-widget-wrap elementor-element-populated\">\n\t\t\t\t\t\t<div class=\"elementor-element elementor-element-3665d12 elementor-widget__width-initial elementor-widget elementor-widget-vc_custom_heading\" data-id=\"3665d12\" data-element_type=\"widget\" data-e-type=\"widget\" data-widget_type=\"vc_custom_heading.default\">\n\t\t\t\t<div class=\"elementor-widget-container\">\n\t\t\t\t\t<div class=\" vc_custom_heading  consulting_heading_font  text_align_center\" ><h2 style=\"font-size: 42px;color: #010066;text-align: center\" class=\"consulting-custom-title\">Team  Building\n<\/h2><\/div>\t\t\t\t<\/div>\n\t\t\t\t<\/div>\n\t\t\t\t\t<\/div>\n\t\t<\/div>\n\t\t\t\t\t<\/div>\n\t\t<\/section>\n\t\t\t\t<section class=\"elementor-section elementor-top-section elementor-element elementor-element-ccd9c8c animated-slow elementor-section-boxed elementor-section-height-default elementor-section-height-default elementor-invisible\" data-id=\"ccd9c8c\" data-element_type=\"section\" data-e-type=\"section\" data-settings=\"{&quot;animation&quot;:&quot;slideInUp&quot;}\">\n\t\t\t\t\t\t<div class=\"elementor-container elementor-column-gap-default\">\n\t\t\t\t\t<div class=\"elementor-column elementor-col-50 elementor-top-column elementor-element elementor-element-b20476b\" data-id=\"b20476b\" data-element_type=\"column\" data-e-type=\"column\" data-settings=\"{&quot;background_background&quot;:&quot;classic&quot;}\">\n\t\t\t<div class=\"elementor-widget-wrap elementor-element-populated\">\n\t\t\t\t\t<div class=\"elementor-background-overlay\"><\/div>\n\t\t\t\t\t\t<div class=\"elementor-element elementor-element-2efda96 elementor-widget elementor-widget-text-editor\" data-id=\"2efda96\" data-element_type=\"widget\" data-e-type=\"widget\" data-widget_type=\"text-editor.default\">\n\t\t\t\t<div class=\"elementor-widget-container\">\n\t\t\t\t\t\t\t\t\t<ul>\n<li>\n<h5>Chaque \u00e9quipe doit d\u00e9finir son identit\u00e9, construire sa culture, d\u00e9terminer ses objectifs, renforcer la communication et d\u00e9velopper sa capacit\u00e9 \u00e0 produire des r\u00e9sultats en \u00e9quipe. Les consultants de STRAT\u00c9GIES! utiliseront des jeux, de la musique et des ateliers pour permettre \u00e0 votre \u00e9quipe d&#8217;atteindre son plus haut potentiel.<\/h5>\n<\/li>\n<li>\n<h5>Pour rendre vos sessions de teambuilding uniques, STRATEGIES ! puisera dans le contexte africain, l&#8217;histoire, les concepts, l&#8217;innovation, le leadership africain ainsi que les \u00ab\u00a0success stories\u00a0\u00bb pour insuffler une \u00e9nergie particuli\u00e8re \u00e0 votre \u00e9quipe.<\/h5>\n<\/li>\n<\/ul>\n\t\t\t\t\t\t\t\t<\/div>\n\t\t\t\t<\/div>\n\t\t\t\t\t<\/div>\n\t\t<\/div>\n\t\t\t\t<div class=\"elementor-column elementor-col-50 elementor-top-column elementor-element elementor-element-5ced5dd\" data-id=\"5ced5dd\" data-element_type=\"column\" data-e-type=\"column\" data-settings=\"{&quot;background_background&quot;:&quot;classic&quot;}\">\n\t\t\t<div class=\"elementor-widget-wrap\">\n\t\t\t\t\t\t\t<\/div>\n\t\t<\/div>\n\t\t\t\t\t<\/div>\n\t\t<\/section>\n\t\t\t\t<section class=\"elementor-section elementor-top-section elementor-element elementor-element-48e80dd elementor-section-boxed elementor-section-height-default elementor-section-height-default elementor-invisible\" data-id=\"48e80dd\" data-element_type=\"section\" data-e-type=\"section\" data-settings=\"{&quot;animation&quot;:&quot;slideInUp&quot;}\">\n\t\t\t\t\t\t<div class=\"elementor-container elementor-column-gap-default\">\n\t\t\t\t\t<div class=\"elementor-column elementor-col-100 elementor-top-column elementor-element elementor-element-3b3f26c\" data-id=\"3b3f26c\" data-element_type=\"column\" data-e-type=\"column\">\n\t\t\t<div class=\"elementor-widget-wrap elementor-element-populated\">\n\t\t\t\t\t\t<div class=\"elementor-element elementor-element-0c4c460 elementor-widget elementor-widget-heading\" data-id=\"0c4c460\" data-element_type=\"widget\" data-e-type=\"widget\" data-widget_type=\"heading.default\">\n\t\t\t\t<div class=\"elementor-widget-container\">\n\t\t\t\t\t<h3 class=\"elementor-heading-title elementor-size-default\">Plus de Services<\/h3>\t\t\t\t<\/div>\n\t\t\t\t<\/div>\n\t\t\t\t\t<\/div>\n\t\t<\/div>\n\t\t\t\t\t<\/div>\n\t\t<\/section>\n\t\t\t\t<section class=\"elementor-section elementor-top-section elementor-element elementor-element-b7d420f animated-slow elementor-section-boxed elementor-section-height-default elementor-section-height-default elementor-invisible\" data-id=\"b7d420f\" data-element_type=\"section\" data-e-type=\"section\" data-settings=\"{&quot;background_background&quot;:&quot;classic&quot;,&quot;animation&quot;:&quot;fadeInUp&quot;}\">\n\t\t\t\t\t\t<div class=\"elementor-container elementor-column-gap-extended\">\n\t\t\t\t\t<div class=\"make-column-clickable-elementor elementor-column elementor-col-33 elementor-top-column elementor-element elementor-element-89e0ba6\" style=\"cursor: pointer;\" data-column-clickable=\"\/our-services\/inspirational-motivational-speaking\/\" data-column-clickable-blank=\"_self\" data-id=\"89e0ba6\" data-element_type=\"column\" data-e-type=\"column\">\n\t\t\t<div class=\"elementor-widget-wrap elementor-element-populated\">\n\t\t\t\t\t\t<div class=\"elementor-element elementor-element-4fbe20f elementor-widget elementor-widget-stm_info_box\" data-id=\"4fbe20f\" data-element_type=\"widget\" data-e-type=\"widget\" data-widget_type=\"stm_info_box.default\">\n\t\t\t\t<div class=\"elementor-widget-container\">\n\t\t\t\t\t<div class=\"info_box elementor-consulting-info-box style_3\">\n\t<div class=\"info_box_wrapper\">\n\t\t\t\t\t<div class=\"info_box_image\">\n\t\t\t\t<img fetchpriority=\"high\" decoding=\"async\" width=\"350\" height=\"250\" src=\"https:\/\/strategiesconsultingfirm.com\/wp-content\/uploads\/2023\/05\/10I6227-350x250.jpg\" class=\"attachment-consulting-image-350x250-croped size-consulting-image-350x250-croped\" alt=\"\" \/>\t\t\t<\/div>\n\t\t\t\t<div class=\"info_box_text\">\n\t\t\t\t\t\t\t<div class=\"title\">\n\t\t\t\t\t<div class=\"icon\">\n\t\t\t\t\t\t<i class=\"<br \/>\n<b>Warning<\/b>:  Array to string conversion in <b>\/home\/strategi\/domains\/strategiesconsultingfirm.com\/public_html\/wp-includes\/formatting.php<\/b> on line <b>1128<\/b><br \/>\nArray\"><\/i>\n\t\t\t\t\t<\/div>\n\t\t\t\t\t<h6 class=\"no_stripe\">\n\t\t\t\t\t\t<span>Public Speaking<\/span>\n\t\t\t\t\t<\/h6>\n\t\t\t\t<\/div>\n\t\t\t\t\t\t\t\t\t\t\t<\/div>\n\t<\/div>\n<\/div>\n\t\t\t\t<\/div>\n\t\t\t\t<\/div>\n\t\t\t\t\t<\/div>\n\t\t<\/div>\n\t\t\t\t<div class=\"make-column-clickable-elementor elementor-column elementor-col-33 elementor-top-column elementor-element elementor-element-0f0f0ec\" style=\"cursor: pointer;\" data-column-clickable=\"\/coaching-advisory\/\" data-column-clickable-blank=\"_self\" data-id=\"0f0f0ec\" data-element_type=\"column\" data-e-type=\"column\">\n\t\t\t<div class=\"elementor-widget-wrap elementor-element-populated\">\n\t\t\t\t\t\t<div class=\"elementor-element elementor-element-3e05b62 elementor-widget elementor-widget-stm_info_box\" data-id=\"3e05b62\" data-element_type=\"widget\" data-e-type=\"widget\" data-widget_type=\"stm_info_box.default\">\n\t\t\t\t<div class=\"elementor-widget-container\">\n\t\t\t\t\t<div class=\"info_box elementor-consulting-info-box style_3\">\n\t<div class=\"info_box_wrapper\">\n\t\t\t\t\t<div class=\"info_box_image\">\n\t\t\t\t<img decoding=\"async\" width=\"350\" height=\"250\" src=\"https:\/\/strategiesconsultingfirm.com\/wp-content\/uploads\/2023\/06\/caoching-and-advisory-350x250.jpg\" class=\"attachment-consulting-image-350x250-croped size-consulting-image-350x250-croped\" alt=\"\" \/>\t\t\t<\/div>\n\t\t\t\t<div class=\"info_box_text\">\n\t\t\t\t\t\t\t<div class=\"title\">\n\t\t\t\t\t<div class=\"icon\">\n\t\t\t\t\t\t<i class=\"<br \/>\n<b>Warning<\/b>:  Array to string conversion in <b>\/home\/strategi\/domains\/strategiesconsultingfirm.com\/public_html\/wp-includes\/formatting.php<\/b> on line <b>1128<\/b><br \/>\nArray\"><\/i>\n\t\t\t\t\t<\/div>\n\t\t\t\t\t<h6 class=\"no_stripe\">\n\t\t\t\t\t\t<span>Coaching &amp; Advisory <\/span>\n\t\t\t\t\t<\/h6>\n\t\t\t\t<\/div>\n\t\t\t\t\t\t\t\t\t\t\t<\/div>\n\t<\/div>\n<\/div>\n\t\t\t\t<\/div>\n\t\t\t\t<\/div>\n\t\t\t\t\t<\/div>\n\t\t<\/div>\n\t\t\t\t<div class=\"make-column-clickable-elementor elementor-column elementor-col-33 elementor-top-column elementor-element elementor-element-c8a81cc\" style=\"cursor: pointer;\" data-column-clickable=\"\/our-services\/organizational-development\/\" data-column-clickable-blank=\"_self\" data-id=\"c8a81cc\" data-element_type=\"column\" data-e-type=\"column\">\n\t\t\t<div class=\"elementor-widget-wrap elementor-element-populated\">\n\t\t\t\t\t\t<div class=\"elementor-element elementor-element-a28d3a0 elementor-widget elementor-widget-stm_info_box\" data-id=\"a28d3a0\" data-element_type=\"widget\" data-e-type=\"widget\" data-widget_type=\"stm_info_box.default\">\n\t\t\t\t<div class=\"elementor-widget-container\">\n\t\t\t\t\t<div class=\"info_box elementor-consulting-info-box style_3\">\n\t<div class=\"info_box_wrapper\">\n\t\t\t\t\t<div class=\"info_box_image\">\n\t\t\t\t<img decoding=\"async\" width=\"350\" height=\"250\" src=\"https:\/\/strategiesconsultingfirm.com\/wp-content\/uploads\/2023\/07\/Organization-development-350x250.jpg\" class=\"attachment-consulting-image-350x250-croped size-consulting-image-350x250-croped\" alt=\"\" \/>\t\t\t<\/div>\n\t\t\t\t<div class=\"info_box_text\">\n\t\t\t\t\t\t\t<div class=\"title\">\n\t\t\t\t\t<div class=\"icon\">\n\t\t\t\t\t\t<i class=\"<br \/>\n<b>Warning<\/b>:  Array to string conversion in <b>\/home\/strategi\/domains\/strategiesconsultingfirm.com\/public_html\/wp-includes\/formatting.php<\/b> on line <b>1128<\/b><br \/>\nArray\"><\/i>\n\t\t\t\t\t<\/div>\n\t\t\t\t\t<h6 class=\"no_stripe\">\n\t\t\t\t\t\t<span>Organizational Development<\/span>\n\t\t\t\t\t<\/h6>\n\t\t\t\t<\/div>\n\t\t\t\t\t\t\t\t\t\t\t<\/div>\n\t<\/div>\n<\/div>\n\t\t\t\t<\/div>\n\t\t\t\t<\/div>\n\t\t\t\t\t<\/div>\n\t\t<\/div>\n\t\t\t\t\t<\/div>\n\t\t<\/section>\n\t\t\t\t<section class=\"elementor-section elementor-top-section elementor-element elementor-element-31bb348 elementor-section-full_width elementor-section-height-default elementor-section-height-default\" data-id=\"31bb348\" data-element_type=\"section\" data-e-type=\"section\" data-settings=\"{&quot;background_background&quot;:&quot;classic&quot;}\">\n\t\t\t\t\t\t<div class=\"elementor-container elementor-column-gap-default\">\n\t\t\t\t\t<div class=\"elementor-column elementor-col-50 elementor-top-column elementor-element elementor-element-dd82251\" data-id=\"dd82251\" data-element_type=\"column\" data-e-type=\"column\">\n\t\t\t<div class=\"elementor-widget-wrap elementor-element-populated\">\n\t\t\t\t\t\t<div class=\"elementor-element elementor-element-2188bdd elementor-widget elementor-widget-text-editor\" data-id=\"2188bdd\" data-element_type=\"widget\" data-e-type=\"widget\" data-widget_type=\"text-editor.default\">\n\t\t\t\t<div class=\"elementor-widget-container\">\n\t\t\t\t\t\t\t\t\t<p>Vous recherchez un consultant de premier ordre en mati\u00e8re de leadership et de gestion ?<\/p>\n\t\t\t\t\t\t\t\t<\/div>\n\t\t\t\t<\/div>\n\t\t\t\t\t<\/div>\n\t\t<\/div>\n\t\t\t\t<div class=\"make-column-clickable-elementor elementor-column elementor-col-50 elementor-top-column elementor-element elementor-element-f28a825\" style=\"cursor: pointer;\" data-column-clickable=\"\/get-a-quote\/\" data-column-clickable-blank=\"_self\" data-id=\"f28a825\" data-element_type=\"column\" data-e-type=\"column\">\n\t\t\t<div class=\"elementor-widget-wrap elementor-element-populated\">\n\t\t\t\t\t\t<div class=\"elementor-element elementor-element-a93ffff elementor-align-right elementor-widget elementor-widget-button\" data-id=\"a93ffff\" data-element_type=\"widget\" data-e-type=\"widget\" data-widget_type=\"button.default\">\n\t\t\t\t<div class=\"elementor-widget-container\">\n\t\t\t\t\t\t\t\t\t<div class=\"elementor-button-wrapper icon_align_right  \">\n\t\t\t\t\t<a class=\"elementor-button elementor-button-link elementor-size-md elementor-animation-push\" href=\"https:\/\/strategiesconsultingfirm.com\/get-a-quote\/\">\n\t\t\t\t\t\t<span class=\"elementor-button-content-wrapper\">\n\t\t\t\t\t\t<span class=\"elementor-button-icon\">\n\t\t\t\t<i aria-hidden=\"true\" class=\"fas fa-angle-right\"><\/i>\t\t\t<\/span>\n\t\t\t\t\t\t\t\t\t<span class=\"elementor-button-text\">Obtenir un devis<\/span>\n\t\t\t\t\t<\/span>\n\t\t\t\t\t<\/a>\n\t\t\t\t<\/div>\n\t\t\t\t\t\t\t\t<\/div>\n\t\t\t\t<\/div>\n\t\t\t\t\t<\/div>\n\t\t<\/div>\n\t\t\t\t\t<\/div>\n\t\t<\/section>\n\t\t\t\t<\/div>\n\t\t","protected":false},"excerpt":{"rendered":"<p>Team Building Chaque \u00e9quipe doit d\u00e9finir son identit\u00e9, construire sa culture, d\u00e9terminer ses objectifs, renforcer la communication et d\u00e9velopper sa capacit\u00e9 \u00e0 produire des r\u00e9sultats en \u00e9quipe. Les consultants de STRAT\u00c9GIES! utiliseront des jeux, de la musique et des ateliers pour permettre \u00e0 votre \u00e9quipe d&#8217;atteindre son plus haut potentiel. Pour rendre vos sessions de<\/p>\n","protected":false},"author":1,"featured_media":0,"parent":11518,"menu_order":0,"comment_status":"closed","ping_status":"closed","template":"","meta":{"_acf_changed":false,"footnotes":""},"class_list":["post-11526","page","type-page","status-publish","hentry"],"acf":[],"_links":{"self":[{"href":"https:\/\/strategiesconsultingfirm.com\/fr\/wp-json\/wp\/v2\/pages\/11526","targetHints":{"allow":["GET"]}}],"collection":[{"href":"https:\/\/strategiesconsultingfirm.com\/fr\/wp-json\/wp\/v2\/pages"}],"about":[{"href":"https:\/\/strategiesconsultingfirm.com\/fr\/wp-json\/wp\/v2\/types\/page"}],"author":[{"embeddable":true,"href":"https:\/\/strategiesconsultingfirm.com\/fr\/wp-json\/wp\/v2\/users\/1"}],"replies":[{"embeddable":true,"href":"https:\/\/strategiesconsultingfirm.com\/fr\/wp-json\/wp\/v2\/comments?post=11526"}],"version-history":[{"count":6,"href":"https:\/\/strategiesconsultingfirm.com\/fr\/wp-json\/wp\/v2\/pages\/11526\/revisions"}],"predecessor-version":[{"id":12776,"href":"https:\/\/strategiesconsultingfirm.com\/fr\/wp-json\/wp\/v2\/pages\/11526\/revisions\/12776"}],"up":[{"embeddable":true,"href":"https:\/\/strategiesconsultingfirm.com\/fr\/wp-json\/wp\/v2\/pages\/11518"}],"wp:attachment":[{"href":"https:\/\/strategiesconsultingfirm.com\/fr\/wp-json\/wp\/v2\/media?parent=11526"}],"curies":[{"name":"wp","href":"https:\/\/api.w.org\/{rel}","templated":true}]}}