{"id":11528,"date":"2023-06-13T09:33:14","date_gmt":"2023-06-13T08:33:14","guid":{"rendered":"https:\/\/strategiesconsultingfirm.com\/nos-services\/developpement-organisationnel\/"},"modified":"2024-01-05T18:28:50","modified_gmt":"2024-01-05T17:28:50","slug":"developpement-organisationnel","status":"publish","type":"page","link":"https:\/\/strategiesconsultingfirm.com\/fr\/nos-services\/developpement-organisationnel\/","title":{"rendered":"D\u00e9veloppement organisationnel"},"content":{"rendered":"\t\t<div data-elementor-type=\"wp-page\" data-elementor-id=\"11528\" class=\"elementor elementor-11528 elementor-9136\" data-elementor-post-type=\"page\">\n\t\t\t\t\t\t<section class=\"elementor-section elementor-top-section elementor-element elementor-element-c60ad27 elementor-section-boxed elementor-section-height-default elementor-section-height-default\" data-id=\"c60ad27\" data-element_type=\"section\" data-e-type=\"section\">\n\t\t\t\t\t\t<div class=\"elementor-container elementor-column-gap-default\">\n\t\t\t\t\t<div class=\"elementor-column elementor-col-100 elementor-top-column elementor-element elementor-element-ab3ff63\" data-id=\"ab3ff63\" data-element_type=\"column\" data-e-type=\"column\">\n\t\t\t<div class=\"elementor-widget-wrap elementor-element-populated\">\n\t\t\t\t\t\t<div class=\"elementor-element elementor-element-3665d12 elementor-widget__width-initial elementor-widget elementor-widget-vc_custom_heading\" data-id=\"3665d12\" data-element_type=\"widget\" data-e-type=\"widget\" data-widget_type=\"vc_custom_heading.default\">\n\t\t\t\t<div class=\"elementor-widget-container\">\n\t\t\t\t\t<div class=\" vc_custom_heading  consulting_heading_font  text_align_center\" ><h2 style=\"font-size: 42px;color: #010066;text-align: center\" class=\"consulting-custom-title\">Organizational Development\n<\/h2><\/div>\t\t\t\t<\/div>\n\t\t\t\t<\/div>\n\t\t\t\t\t<\/div>\n\t\t<\/div>\n\t\t\t\t\t<\/div>\n\t\t<\/section>\n\t\t\t\t<section class=\"elementor-section elementor-top-section elementor-element elementor-element-ccd9c8c animated-slow elementor-section-boxed elementor-section-height-default elementor-section-height-default elementor-invisible\" data-id=\"ccd9c8c\" data-element_type=\"section\" data-e-type=\"section\" data-settings=\"{&quot;animation&quot;:&quot;slideInUp&quot;}\">\n\t\t\t\t\t\t<div class=\"elementor-container elementor-column-gap-default\">\n\t\t\t\t\t<div class=\"elementor-column elementor-col-50 elementor-top-column elementor-element elementor-element-b20476b\" data-id=\"b20476b\" data-element_type=\"column\" data-e-type=\"column\" data-settings=\"{&quot;background_background&quot;:&quot;classic&quot;}\">\n\t\t\t<div class=\"elementor-widget-wrap elementor-element-populated\">\n\t\t\t\t\t<div class=\"elementor-background-overlay\"><\/div>\n\t\t\t\t\t\t<div class=\"elementor-element elementor-element-e1b7252 elementor-widget elementor-widget-spacer\" data-id=\"e1b7252\" data-element_type=\"widget\" data-e-type=\"widget\" data-widget_type=\"spacer.default\">\n\t\t\t\t<div class=\"elementor-widget-container\">\n\t\t\t\t\t\t\t<div class=\"elementor-spacer\">\n\t\t\t<div class=\"elementor-spacer-inner\"><\/div>\n\t\t<\/div>\n\t\t\t\t\t\t<\/div>\n\t\t\t\t<\/div>\n\t\t\t\t<div class=\"elementor-element elementor-element-2efda96 elementor-widget elementor-widget-text-editor\" data-id=\"2efda96\" data-element_type=\"widget\" data-e-type=\"widget\" data-widget_type=\"text-editor.default\">\n\t\t\t\t<div class=\"elementor-widget-container\">\n\t\t\t\t\t\t\t\t\t<ul>\n<li>Nous renfor\u00e7ons la capacit\u00e9 de votre organisation \u00e0 atteindre ses objectifs et \u00e0 remplir sa mission. STRAT\u00c9GIES! vous aidera \u00e0 d\u00e9velopper votre identit\u00e9 organisationnelle, vos syst\u00e8mes et outils de travail. De m\u00eame que les adapter pour r\u00e9pondre \u00e0 votre environnement changeant et assurer que votre organisation produit des r\u00e9sultats.<\/li>\n<\/ul>\n\t\t\t\t\t\t\t\t<\/div>\n\t\t\t\t<\/div>\n\t\t\t\t<div class=\"elementor-element elementor-element-9ad99e5 elementor-widget elementor-widget-spacer\" data-id=\"9ad99e5\" data-element_type=\"widget\" data-e-type=\"widget\" data-widget_type=\"spacer.default\">\n\t\t\t\t<div class=\"elementor-widget-container\">\n\t\t\t\t\t\t\t<div class=\"elementor-spacer\">\n\t\t\t<div class=\"elementor-spacer-inner\"><\/div>\n\t\t<\/div>\n\t\t\t\t\t\t<\/div>\n\t\t\t\t<\/div>\n\t\t\t\t\t<\/div>\n\t\t<\/div>\n\t\t\t\t<div class=\"elementor-column elementor-col-50 elementor-top-column elementor-element elementor-element-5ced5dd\" data-id=\"5ced5dd\" data-element_type=\"column\" data-e-type=\"column\" data-settings=\"{&quot;background_background&quot;:&quot;classic&quot;}\">\n\t\t\t<div class=\"elementor-widget-wrap\">\n\t\t\t\t\t\t\t<\/div>\n\t\t<\/div>\n\t\t\t\t\t<\/div>\n\t\t<\/section>\n\t\t\t\t<section class=\"elementor-section elementor-top-section elementor-element elementor-element-48e80dd elementor-section-boxed elementor-section-height-default elementor-section-height-default elementor-invisible\" data-id=\"48e80dd\" data-element_type=\"section\" data-e-type=\"section\" data-settings=\"{&quot;animation&quot;:&quot;slideInUp&quot;}\">\n\t\t\t\t\t\t<div class=\"elementor-container elementor-column-gap-default\">\n\t\t\t\t\t<div class=\"elementor-column elementor-col-100 elementor-top-column elementor-element elementor-element-3b3f26c\" data-id=\"3b3f26c\" data-element_type=\"column\" data-e-type=\"column\">\n\t\t\t<div class=\"elementor-widget-wrap elementor-element-populated\">\n\t\t\t\t\t\t<div class=\"elementor-element elementor-element-0c4c460 elementor-widget elementor-widget-heading\" data-id=\"0c4c460\" data-element_type=\"widget\" data-e-type=\"widget\" data-widget_type=\"heading.default\">\n\t\t\t\t<div class=\"elementor-widget-container\">\n\t\t\t\t\t<h3 class=\"elementor-heading-title elementor-size-default\">Plus de Services<\/h3>\t\t\t\t<\/div>\n\t\t\t\t<\/div>\n\t\t\t\t\t<\/div>\n\t\t<\/div>\n\t\t\t\t\t<\/div>\n\t\t<\/section>\n\t\t\t\t<section class=\"elementor-section elementor-top-section elementor-element elementor-element-f05ff0a elementor-section-boxed elementor-section-height-default elementor-section-height-default elementor-invisible\" data-id=\"f05ff0a\" data-element_type=\"section\" data-e-type=\"section\" data-settings=\"{&quot;background_background&quot;:&quot;classic&quot;,&quot;animation&quot;:&quot;fadeInUp&quot;}\">\n\t\t\t\t\t\t<div class=\"elementor-container elementor-column-gap-extended\">\n\t\t\t\t\t<div class=\"make-column-clickable-elementor elementor-column elementor-col-33 elementor-top-column elementor-element elementor-element-b9f5227\" style=\"cursor: pointer;\" data-column-clickable=\"https:\/\/strategiesconsultingfirm.com\/coaching-advisory\/\" data-column-clickable-blank=\"_self\" data-id=\"b9f5227\" data-element_type=\"column\" data-e-type=\"column\">\n\t\t\t<div class=\"elementor-widget-wrap elementor-element-populated\">\n\t\t\t\t\t\t<div class=\"elementor-element elementor-element-7fd4962 elementor-widget elementor-widget-stm_info_box\" data-id=\"7fd4962\" data-element_type=\"widget\" data-e-type=\"widget\" data-widget_type=\"stm_info_box.default\">\n\t\t\t\t<div class=\"elementor-widget-container\">\n\t\t\t\t\t<div class=\"info_box elementor-consulting-info-box style_3\">\n\t<div class=\"info_box_wrapper\">\n\t\t\t\t\t<div class=\"info_box_image\">\n\t\t\t\t<img fetchpriority=\"high\" decoding=\"async\" width=\"350\" height=\"250\" src=\"https:\/\/strategiesconsultingfirm.com\/wp-content\/uploads\/2023\/06\/caoching-and-advisory-350x250.jpg\" class=\"attachment-consulting-image-350x250-croped size-consulting-image-350x250-croped\" alt=\"\" \/>\t\t\t<\/div>\n\t\t\t\t<div class=\"info_box_text\">\n\t\t\t\t\t\t\t<div class=\"title\">\n\t\t\t\t\t<div class=\"icon\">\n\t\t\t\t\t\t<i class=\"<br \/>\n<b>Warning<\/b>:  Array to string conversion in <b>\/home\/clients\/c45f4a67a034f04f234e3388131b74f1\/sites\/strategiesconsultingfirm.com\/wp-includes\/formatting.php<\/b> on line <b>1128<\/b><br \/>\nArray\"><\/i>\n\t\t\t\t\t<\/div>\n\t\t\t\t\t<h6 class=\"no_stripe\">\n\t\t\t\t\t\t<span>Coaching &amp; Advisory <\/span>\n\t\t\t\t\t<\/h6>\n\t\t\t\t<\/div>\n\t\t\t\t\t\t\t\t\t\t\t<\/div>\n\t<\/div>\n<\/div>\n\t\t\t\t<\/div>\n\t\t\t\t<\/div>\n\t\t\t\t\t<\/div>\n\t\t<\/div>\n\t\t\t\t<div class=\"make-column-clickable-elementor elementor-column elementor-col-33 elementor-top-column elementor-element elementor-element-8950c8e\" style=\"cursor: pointer;\" data-column-clickable=\"https:\/\/strategiesconsultingfirm.com\/our-services\/facilitation\/\" data-column-clickable-blank=\"_self\" data-id=\"8950c8e\" data-element_type=\"column\" data-e-type=\"column\">\n\t\t\t<div class=\"elementor-widget-wrap elementor-element-populated\">\n\t\t\t\t\t\t<div class=\"elementor-element elementor-element-f8fade8 elementor-widget elementor-widget-stm_info_box\" data-id=\"f8fade8\" data-element_type=\"widget\" data-e-type=\"widget\" data-widget_type=\"stm_info_box.default\">\n\t\t\t\t<div class=\"elementor-widget-container\">\n\t\t\t\t\t<div class=\"info_box elementor-consulting-info-box style_3\">\n\t<div class=\"info_box_wrapper\">\n\t\t\t\t\t<div class=\"info_box_image\">\n\t\t\t\t<img decoding=\"async\" width=\"350\" height=\"250\" src=\"https:\/\/strategiesconsultingfirm.com\/wp-content\/uploads\/2023\/07\/Conference-Facilitation-350x250.jpg\" class=\"attachment-consulting-image-350x250-croped size-consulting-image-350x250-croped\" alt=\"\" \/>\t\t\t<\/div>\n\t\t\t\t<div class=\"info_box_text\">\n\t\t\t\t\t\t\t<div class=\"title\">\n\t\t\t\t\t<div class=\"icon\">\n\t\t\t\t\t\t<i class=\"<br \/>\n<b>Warning<\/b>:  Array to string conversion in <b>\/home\/clients\/c45f4a67a034f04f234e3388131b74f1\/sites\/strategiesconsultingfirm.com\/wp-includes\/formatting.php<\/b> on line <b>1128<\/b><br \/>\nArray\"><\/i>\n\t\t\t\t\t<\/div>\n\t\t\t\t\t<h6 class=\"no_stripe\">\n\t\t\t\t\t\t<span>Conference Facilitation<\/span>\n\t\t\t\t\t<\/h6>\n\t\t\t\t<\/div>\n\t\t\t\t\t\t\t\t\t\t\t<\/div>\n\t<\/div>\n<\/div>\n\t\t\t\t<\/div>\n\t\t\t\t<\/div>\n\t\t\t\t\t<\/div>\n\t\t<\/div>\n\t\t\t\t<div class=\"make-column-clickable-elementor elementor-column elementor-col-33 elementor-top-column elementor-element elementor-element-2364a90\" style=\"cursor: pointer;\" data-column-clickable=\"https:\/\/strategiesconsultingfirm.com\/our-services\/inspirational-motivational-speaking\/\" data-column-clickable-blank=\"_self\" data-id=\"2364a90\" data-element_type=\"column\" data-e-type=\"column\">\n\t\t\t<div class=\"elementor-widget-wrap elementor-element-populated\">\n\t\t\t\t\t\t<div class=\"elementor-element elementor-element-ed89f93 elementor-widget elementor-widget-stm_info_box\" data-id=\"ed89f93\" data-element_type=\"widget\" data-e-type=\"widget\" data-widget_type=\"stm_info_box.default\">\n\t\t\t\t<div class=\"elementor-widget-container\">\n\t\t\t\t\t<div class=\"info_box elementor-consulting-info-box style_3\">\n\t<div class=\"info_box_wrapper\">\n\t\t\t\t\t<div class=\"info_box_image\">\n\t\t\t\t<img decoding=\"async\" width=\"350\" height=\"250\" src=\"https:\/\/strategiesconsultingfirm.com\/wp-content\/uploads\/2023\/05\/public-speaking-350x250.jpg\" class=\"attachment-consulting-image-350x250-croped size-consulting-image-350x250-croped\" alt=\"\" \/>\t\t\t<\/div>\n\t\t\t\t<div class=\"info_box_text\">\n\t\t\t\t\t\t\t<div class=\"title\">\n\t\t\t\t\t<div class=\"icon\">\n\t\t\t\t\t\t<i class=\"<br \/>\n<b>Warning<\/b>:  Array to string conversion in <b>\/home\/clients\/c45f4a67a034f04f234e3388131b74f1\/sites\/strategiesconsultingfirm.com\/wp-includes\/formatting.php<\/b> on line <b>1128<\/b><br \/>\nArray\"><\/i>\n\t\t\t\t\t<\/div>\n\t\t\t\t\t<h6 class=\"no_stripe\">\n\t\t\t\t\t\t<span>Public Speaking<\/span>\n\t\t\t\t\t<\/h6>\n\t\t\t\t<\/div>\n\t\t\t\t\t\t\t\t\t\t\t<\/div>\n\t<\/div>\n<\/div>\n\t\t\t\t<\/div>\n\t\t\t\t<\/div>\n\t\t\t\t\t<\/div>\n\t\t<\/div>\n\t\t\t\t\t<\/div>\n\t\t<\/section>\n\t\t\t\t<section class=\"elementor-section elementor-top-section elementor-element elementor-element-78f33cc elementor-section-full_width elementor-section-height-default elementor-section-height-default\" data-id=\"78f33cc\" data-element_type=\"section\" data-e-type=\"section\" data-settings=\"{&quot;background_background&quot;:&quot;classic&quot;}\">\n\t\t\t\t\t\t<div class=\"elementor-container elementor-column-gap-default\">\n\t\t\t\t\t<div class=\"elementor-column elementor-col-50 elementor-top-column elementor-element elementor-element-ad9951b\" data-id=\"ad9951b\" data-element_type=\"column\" data-e-type=\"column\">\n\t\t\t<div class=\"elementor-widget-wrap elementor-element-populated\">\n\t\t\t\t\t\t<div class=\"elementor-element elementor-element-9867ea9 elementor-widget elementor-widget-text-editor\" data-id=\"9867ea9\" data-element_type=\"widget\" data-e-type=\"widget\" data-widget_type=\"text-editor.default\">\n\t\t\t\t<div class=\"elementor-widget-container\">\n\t\t\t\t\t\t\t\t\t<p>Vous recherchez un consultant de premier ordre en mati\u00e8re de leadership et de gestion ?<\/p>\n\t\t\t\t\t\t\t\t<\/div>\n\t\t\t\t<\/div>\n\t\t\t\t\t<\/div>\n\t\t<\/div>\n\t\t\t\t<div class=\"make-column-clickable-elementor elementor-column elementor-col-50 elementor-top-column elementor-element elementor-element-0d2538e\" style=\"cursor: pointer;\" data-column-clickable=\"\/get-a-quote\/\" data-column-clickable-blank=\"_self\" data-id=\"0d2538e\" data-element_type=\"column\" data-e-type=\"column\">\n\t\t\t<div class=\"elementor-widget-wrap elementor-element-populated\">\n\t\t\t\t\t\t<div class=\"elementor-element elementor-element-4c6d149 elementor-align-right elementor-widget elementor-widget-button\" data-id=\"4c6d149\" data-element_type=\"widget\" data-e-type=\"widget\" data-widget_type=\"button.default\">\n\t\t\t\t<div class=\"elementor-widget-container\">\n\t\t\t\t\t\t\t\t\t<div class=\"elementor-button-wrapper icon_align_right  \">\n\t\t\t\t\t<a class=\"elementor-button elementor-button-link elementor-size-md elementor-animation-push\" href=\"https:\/\/strategiesconsultingfirm.com\/fr\/obtenir-un-devis\/\">\n\t\t\t\t\t\t<span class=\"elementor-button-content-wrapper\">\n\t\t\t\t\t\t<span class=\"elementor-button-icon\">\n\t\t\t\t<i aria-hidden=\"true\" class=\"fas fa-angle-right\"><\/i>\t\t\t<\/span>\n\t\t\t\t\t\t\t\t\t<span class=\"elementor-button-text\">Obtenir un devis<\/span>\n\t\t\t\t\t<\/span>\n\t\t\t\t\t<\/a>\n\t\t\t\t<\/div>\n\t\t\t\t\t\t\t\t<\/div>\n\t\t\t\t<\/div>\n\t\t\t\t\t<\/div>\n\t\t<\/div>\n\t\t\t\t\t<\/div>\n\t\t<\/section>\n\t\t\t\t<\/div>\n\t\t","protected":false},"excerpt":{"rendered":"<p>Organizational Development Nous renfor\u00e7ons la capacit\u00e9 de votre organisation \u00e0 atteindre ses objectifs et \u00e0 remplir sa mission. STRAT\u00c9GIES! vous aidera \u00e0 d\u00e9velopper votre identit\u00e9 organisationnelle, vos syst\u00e8mes et outils de travail. De m\u00eame que les adapter pour r\u00e9pondre \u00e0 votre environnement changeant et assurer que votre organisation produit des r\u00e9sultats. Plus de Services Coaching<\/p>\n","protected":false},"author":1,"featured_media":0,"parent":11518,"menu_order":0,"comment_status":"closed","ping_status":"closed","template":"","meta":{"_acf_changed":false,"footnotes":""},"class_list":["post-11528","page","type-page","status-publish","hentry"],"acf":[],"yoast_head":"<!-- This site is optimized with the Yoast SEO plugin v27.3 - https:\/\/yoast.com\/product\/yoast-seo-wordpress\/ -->\n<title>D\u00e9veloppement organisationnel - STRATEGIES! Consulting Firm<\/title>\n<meta name=\"robots\" content=\"index, follow, max-snippet:-1, max-image-preview:large, max-video-preview:-1\" \/>\n<link rel=\"canonical\" href=\"https:\/\/strategiesconsultingfirm.com\/fr\/nos-services\/developpement-organisationnel\/\" \/>\n<meta property=\"og:locale\" content=\"fr_FR\" \/>\n<meta property=\"og:type\" content=\"article\" \/>\n<meta property=\"og:title\" content=\"D\u00e9veloppement organisationnel - STRATEGIES! Consulting Firm\" \/>\n<meta property=\"og:description\" content=\"Organizational Development Nous renfor\u00e7ons la capacit\u00e9 de votre organisation \u00e0 atteindre ses objectifs et \u00e0 remplir sa mission. STRAT\u00c9GIES! vous aidera \u00e0 d\u00e9velopper votre identit\u00e9 organisationnelle, vos syst\u00e8mes et outils de travail. De m\u00eame que les adapter pour r\u00e9pondre \u00e0 votre environnement changeant et assurer que votre organisation produit des r\u00e9sultats. Plus de Services Coaching\" \/>\n<meta property=\"og:url\" content=\"https:\/\/strategiesconsultingfirm.com\/fr\/nos-services\/developpement-organisationnel\/\" \/>\n<meta property=\"og:site_name\" content=\"STRATEGIES! Consulting Firm\" \/>\n<meta property=\"article:publisher\" content=\"https:\/\/web.facebook.com\/cabinetstrategies\" \/>\n<meta property=\"article:modified_time\" content=\"2024-01-05T17:28:50+00:00\" \/>\n<meta property=\"og:image\" content=\"https:\/\/strategiesconsultingfirm.com\/wp-content\/uploads\/2023\/06\/caoching-and-advisory-350x250.jpg\" \/>\n<meta name=\"twitter:card\" content=\"summary_large_image\" \/>\n<meta name=\"twitter:site\" content=\"@Strategies_\" \/>\n<script type=\"application\/ld+json\" class=\"yoast-schema-graph\">{\"@context\":\"https:\\\/\\\/schema.org\",\"@graph\":[{\"@type\":\"WebPage\",\"@id\":\"https:\\\/\\\/strategiesconsultingfirm.com\\\/fr\\\/nos-services\\\/developpement-organisationnel\\\/\",\"url\":\"https:\\\/\\\/strategiesconsultingfirm.com\\\/fr\\\/nos-services\\\/developpement-organisationnel\\\/\",\"name\":\"D\u00e9veloppement organisationnel - STRATEGIES! Consulting Firm\",\"isPartOf\":{\"@id\":\"https:\\\/\\\/strategiesconsultingfirm.com\\\/#website\"},\"primaryImageOfPage\":{\"@id\":\"https:\\\/\\\/strategiesconsultingfirm.com\\\/fr\\\/nos-services\\\/developpement-organisationnel\\\/#primaryimage\"},\"image\":{\"@id\":\"https:\\\/\\\/strategiesconsultingfirm.com\\\/fr\\\/nos-services\\\/developpement-organisationnel\\\/#primaryimage\"},\"thumbnailUrl\":\"https:\\\/\\\/strategiesconsultingfirm.com\\\/wp-content\\\/uploads\\\/2023\\\/06\\\/caoching-and-advisory-350x250.jpg\",\"datePublished\":\"2023-06-13T08:33:14+00:00\",\"dateModified\":\"2024-01-05T17:28:50+00:00\",\"breadcrumb\":{\"@id\":\"https:\\\/\\\/strategiesconsultingfirm.com\\\/fr\\\/nos-services\\\/developpement-organisationnel\\\/#breadcrumb\"},\"inLanguage\":\"fr-FR\",\"potentialAction\":[{\"@type\":\"ReadAction\",\"target\":[\"https:\\\/\\\/strategiesconsultingfirm.com\\\/fr\\\/nos-services\\\/developpement-organisationnel\\\/\"]}]},{\"@type\":\"ImageObject\",\"inLanguage\":\"fr-FR\",\"@id\":\"https:\\\/\\\/strategiesconsultingfirm.com\\\/fr\\\/nos-services\\\/developpement-organisationnel\\\/#primaryimage\",\"url\":\"https:\\\/\\\/strategiesconsultingfirm.com\\\/wp-content\\\/uploads\\\/2023\\\/06\\\/caoching-and-advisory-350x250.jpg\",\"contentUrl\":\"https:\\\/\\\/strategiesconsultingfirm.com\\\/wp-content\\\/uploads\\\/2023\\\/06\\\/caoching-and-advisory-350x250.jpg\"},{\"@type\":\"BreadcrumbList\",\"@id\":\"https:\\\/\\\/strategiesconsultingfirm.com\\\/fr\\\/nos-services\\\/developpement-organisationnel\\\/#breadcrumb\",\"itemListElement\":[{\"@type\":\"ListItem\",\"position\":1,\"name\":\"Home\",\"item\":\"https:\\\/\\\/strategiesconsultingfirm.com\\\/fr\\\/accueil\\\/\"},{\"@type\":\"ListItem\",\"position\":2,\"name\":\"Nos services\",\"item\":\"https:\\\/\\\/strategiesconsultingfirm.com\\\/fr\\\/nos-services\\\/\"},{\"@type\":\"ListItem\",\"position\":3,\"name\":\"D\u00e9veloppement organisationnel\"}]},{\"@type\":\"WebSite\",\"@id\":\"https:\\\/\\\/strategiesconsultingfirm.com\\\/#website\",\"url\":\"https:\\\/\\\/strategiesconsultingfirm.com\\\/\",\"name\":\"STRATEGIES! Consulting Firm\",\"description\":\"Your Reference in Leadership and Management\",\"publisher\":{\"@id\":\"https:\\\/\\\/strategiesconsultingfirm.com\\\/#organization\"},\"potentialAction\":[{\"@type\":\"SearchAction\",\"target\":{\"@type\":\"EntryPoint\",\"urlTemplate\":\"https:\\\/\\\/strategiesconsultingfirm.com\\\/?s={search_term_string}\"},\"query-input\":{\"@type\":\"PropertyValueSpecification\",\"valueRequired\":true,\"valueName\":\"search_term_string\"}}],\"inLanguage\":\"fr-FR\"},{\"@type\":\"Organization\",\"@id\":\"https:\\\/\\\/strategiesconsultingfirm.com\\\/#organization\",\"name\":\"STRATEGIES! Consulting Firm\",\"url\":\"https:\\\/\\\/strategiesconsultingfirm.com\\\/\",\"logo\":{\"@type\":\"ImageObject\",\"inLanguage\":\"fr-FR\",\"@id\":\"https:\\\/\\\/strategiesconsultingfirm.com\\\/#\\\/schema\\\/logo\\\/image\\\/\",\"url\":\"https:\\\/\\\/strategiesconsultingfirm.com\\\/wp-content\\\/uploads\\\/2023\\\/05\\\/Logo-STRATEGIES-Consulting.png\",\"contentUrl\":\"https:\\\/\\\/strategiesconsultingfirm.com\\\/wp-content\\\/uploads\\\/2023\\\/05\\\/Logo-STRATEGIES-Consulting.png\",\"width\":734,\"height\":229,\"caption\":\"STRATEGIES! Consulting Firm\"},\"image\":{\"@id\":\"https:\\\/\\\/strategiesconsultingfirm.com\\\/#\\\/schema\\\/logo\\\/image\\\/\"},\"sameAs\":[\"https:\\\/\\\/web.facebook.com\\\/cabinetstrategies\",\"https:\\\/\\\/x.com\\\/Strategies_\",\"https:\\\/\\\/www.linkedin.com\\\/company\\\/strategies-\\\/\"]}]}<\/script>\n<!-- \/ Yoast SEO plugin. -->","yoast_head_json":{"title":"D\u00e9veloppement organisationnel - STRATEGIES! Consulting Firm","robots":{"index":"index","follow":"follow","max-snippet":"max-snippet:-1","max-image-preview":"max-image-preview:large","max-video-preview":"max-video-preview:-1"},"canonical":"https:\/\/strategiesconsultingfirm.com\/fr\/nos-services\/developpement-organisationnel\/","og_locale":"fr_FR","og_type":"article","og_title":"D\u00e9veloppement organisationnel - STRATEGIES! Consulting Firm","og_description":"Organizational Development Nous renfor\u00e7ons la capacit\u00e9 de votre organisation \u00e0 atteindre ses objectifs et \u00e0 remplir sa mission. STRAT\u00c9GIES! vous aidera \u00e0 d\u00e9velopper votre identit\u00e9 organisationnelle, vos syst\u00e8mes et outils de travail. De m\u00eame que les adapter pour r\u00e9pondre \u00e0 votre environnement changeant et assurer que votre organisation produit des r\u00e9sultats. Plus de Services Coaching","og_url":"https:\/\/strategiesconsultingfirm.com\/fr\/nos-services\/developpement-organisationnel\/","og_site_name":"STRATEGIES! Consulting Firm","article_publisher":"https:\/\/web.facebook.com\/cabinetstrategies","article_modified_time":"2024-01-05T17:28:50+00:00","og_image":[{"url":"https:\/\/strategiesconsultingfirm.com\/wp-content\/uploads\/2023\/06\/caoching-and-advisory-350x250.jpg","type":"","width":"","height":""}],"twitter_card":"summary_large_image","twitter_site":"@Strategies_","schema":{"@context":"https:\/\/schema.org","@graph":[{"@type":"WebPage","@id":"https:\/\/strategiesconsultingfirm.com\/fr\/nos-services\/developpement-organisationnel\/","url":"https:\/\/strategiesconsultingfirm.com\/fr\/nos-services\/developpement-organisationnel\/","name":"D\u00e9veloppement organisationnel - STRATEGIES! Consulting Firm","isPartOf":{"@id":"https:\/\/strategiesconsultingfirm.com\/#website"},"primaryImageOfPage":{"@id":"https:\/\/strategiesconsultingfirm.com\/fr\/nos-services\/developpement-organisationnel\/#primaryimage"},"image":{"@id":"https:\/\/strategiesconsultingfirm.com\/fr\/nos-services\/developpement-organisationnel\/#primaryimage"},"thumbnailUrl":"https:\/\/strategiesconsultingfirm.com\/wp-content\/uploads\/2023\/06\/caoching-and-advisory-350x250.jpg","datePublished":"2023-06-13T08:33:14+00:00","dateModified":"2024-01-05T17:28:50+00:00","breadcrumb":{"@id":"https:\/\/strategiesconsultingfirm.com\/fr\/nos-services\/developpement-organisationnel\/#breadcrumb"},"inLanguage":"fr-FR","potentialAction":[{"@type":"ReadAction","target":["https:\/\/strategiesconsultingfirm.com\/fr\/nos-services\/developpement-organisationnel\/"]}]},{"@type":"ImageObject","inLanguage":"fr-FR","@id":"https:\/\/strategiesconsultingfirm.com\/fr\/nos-services\/developpement-organisationnel\/#primaryimage","url":"https:\/\/strategiesconsultingfirm.com\/wp-content\/uploads\/2023\/06\/caoching-and-advisory-350x250.jpg","contentUrl":"https:\/\/strategiesconsultingfirm.com\/wp-content\/uploads\/2023\/06\/caoching-and-advisory-350x250.jpg"},{"@type":"BreadcrumbList","@id":"https:\/\/strategiesconsultingfirm.com\/fr\/nos-services\/developpement-organisationnel\/#breadcrumb","itemListElement":[{"@type":"ListItem","position":1,"name":"Home","item":"https:\/\/strategiesconsultingfirm.com\/fr\/accueil\/"},{"@type":"ListItem","position":2,"name":"Nos services","item":"https:\/\/strategiesconsultingfirm.com\/fr\/nos-services\/"},{"@type":"ListItem","position":3,"name":"D\u00e9veloppement organisationnel"}]},{"@type":"WebSite","@id":"https:\/\/strategiesconsultingfirm.com\/#website","url":"https:\/\/strategiesconsultingfirm.com\/","name":"STRATEGIES! Consulting Firm","description":"Your Reference in Leadership and Management","publisher":{"@id":"https:\/\/strategiesconsultingfirm.com\/#organization"},"potentialAction":[{"@type":"SearchAction","target":{"@type":"EntryPoint","urlTemplate":"https:\/\/strategiesconsultingfirm.com\/?s={search_term_string}"},"query-input":{"@type":"PropertyValueSpecification","valueRequired":true,"valueName":"search_term_string"}}],"inLanguage":"fr-FR"},{"@type":"Organization","@id":"https:\/\/strategiesconsultingfirm.com\/#organization","name":"STRATEGIES! Consulting Firm","url":"https:\/\/strategiesconsultingfirm.com\/","logo":{"@type":"ImageObject","inLanguage":"fr-FR","@id":"https:\/\/strategiesconsultingfirm.com\/#\/schema\/logo\/image\/","url":"https:\/\/strategiesconsultingfirm.com\/wp-content\/uploads\/2023\/05\/Logo-STRATEGIES-Consulting.png","contentUrl":"https:\/\/strategiesconsultingfirm.com\/wp-content\/uploads\/2023\/05\/Logo-STRATEGIES-Consulting.png","width":734,"height":229,"caption":"STRATEGIES! Consulting Firm"},"image":{"@id":"https:\/\/strategiesconsultingfirm.com\/#\/schema\/logo\/image\/"},"sameAs":["https:\/\/web.facebook.com\/cabinetstrategies","https:\/\/x.com\/Strategies_","https:\/\/www.linkedin.com\/company\/strategies-\/"]}]}},"_links":{"self":[{"href":"https:\/\/strategiesconsultingfirm.com\/fr\/wp-json\/wp\/v2\/pages\/11528","targetHints":{"allow":["GET"]}}],"collection":[{"href":"https:\/\/strategiesconsultingfirm.com\/fr\/wp-json\/wp\/v2\/pages"}],"about":[{"href":"https:\/\/strategiesconsultingfirm.com\/fr\/wp-json\/wp\/v2\/types\/page"}],"author":[{"embeddable":true,"href":"https:\/\/strategiesconsultingfirm.com\/fr\/wp-json\/wp\/v2\/users\/1"}],"replies":[{"embeddable":true,"href":"https:\/\/strategiesconsultingfirm.com\/fr\/wp-json\/wp\/v2\/comments?post=11528"}],"version-history":[{"count":15,"href":"https:\/\/strategiesconsultingfirm.com\/fr\/wp-json\/wp\/v2\/pages\/11528\/revisions"}],"predecessor-version":[{"id":12779,"href":"https:\/\/strategiesconsultingfirm.com\/fr\/wp-json\/wp\/v2\/pages\/11528\/revisions\/12779"}],"up":[{"embeddable":true,"href":"https:\/\/strategiesconsultingfirm.com\/fr\/wp-json\/wp\/v2\/pages\/11518"}],"wp:attachment":[{"href":"https:\/\/strategiesconsultingfirm.com\/fr\/wp-json\/wp\/v2\/media?parent=11528"}],"curies":[{"name":"wp","href":"https:\/\/api.w.org\/{rel}","templated":true}]}}