{"id":11544,"date":"2023-07-04T01:55:24","date_gmt":"2023-07-04T00:55:24","guid":{"rendered":"https:\/\/strategiesconsultingfirm.com\/notre-travail\/"},"modified":"2024-01-13T18:27:48","modified_gmt":"2024-01-13T17:27:48","slug":"nos-travaux","status":"publish","type":"page","link":"https:\/\/strategiesconsultingfirm.com\/fr\/nos-travaux\/","title":{"rendered":"Nos Travaux"},"content":{"rendered":"\t\t<div data-elementor-type=\"wp-page\" data-elementor-id=\"11544\" class=\"elementor elementor-11544 elementor-9713\" data-elementor-post-type=\"page\">\n\t\t\t\t\t\t<section class=\"elementor-section elementor-top-section elementor-element elementor-element-ff0f0db elementor-section-boxed elementor-section-height-default elementor-section-height-default\" data-id=\"ff0f0db\" data-element_type=\"section\" data-e-type=\"section\">\n\t\t\t\t\t\t<div class=\"elementor-container elementor-column-gap-default\">\n\t\t\t\t\t<div class=\"elementor-column elementor-col-100 elementor-top-column elementor-element elementor-element-d510563\" data-id=\"d510563\" data-element_type=\"column\" data-e-type=\"column\">\n\t\t\t<div class=\"elementor-widget-wrap elementor-element-populated\">\n\t\t\t\t\t\t<div class=\"elementor-element elementor-element-b481b5c elementor-widget elementor-widget-vc_custom_heading\" data-id=\"b481b5c\" data-element_type=\"widget\" data-e-type=\"widget\" data-widget_type=\"vc_custom_heading.default\">\n\t\t\t\t<div class=\"elementor-widget-container\">\n\t\t\t\t\t<div class=\" vc_custom_heading  consulting_heading_font  text_align_center stripe_bottom\" ><h2 style=\"font-size: 35px;color: #080808;text-align: center\" class=\"consulting-custom-title\">Projets et R\u00e9alisations\n<\/h2><\/div>\t\t\t\t<\/div>\n\t\t\t\t<\/div>\n\t\t\t\t\t<\/div>\n\t\t<\/div>\n\t\t\t\t\t<\/div>\n\t\t<\/section>\n\t\t\t\t<section class=\"elementor-section elementor-top-section elementor-element elementor-element-d83e88a elementor-section-boxed elementor-section-height-default elementor-section-height-default\" data-id=\"d83e88a\" data-element_type=\"section\" data-e-type=\"section\" data-settings=\"{&quot;background_background&quot;:&quot;classic&quot;}\">\n\t\t\t\t\t\t<div class=\"elementor-container elementor-column-gap-default\">\n\t\t\t\t\t<div class=\"elementor-column elementor-col-100 elementor-top-column elementor-element elementor-element-ddbc922\" data-id=\"ddbc922\" data-element_type=\"column\" data-e-type=\"column\">\n\t\t\t<div class=\"elementor-widget-wrap elementor-element-populated\">\n\t\t\t\t\t\t<div class=\"elementor-element elementor-element-befdaa3 elementor-widget elementor-widget-vc_custom_heading\" data-id=\"befdaa3\" data-element_type=\"widget\" data-e-type=\"widget\" data-widget_type=\"vc_custom_heading.default\">\n\t\t\t\t<div class=\"elementor-widget-container\">\n\t\t\t\t\t<div class=\" vc_custom_heading  consulting_heading_font  text_align_left stripe_bottom\" ><h2 style=\"font-size: 25px;color: #080808;text-align: left\" class=\"consulting-custom-title\">Avec les Organisations Internationales de D\u00e9veloppement\n<\/h2><\/div>\t\t\t\t<\/div>\n\t\t\t\t<\/div>\n\t\t\t\t<div class=\"elementor-element elementor-element-15fd8b7 elementor-widget elementor-widget-image\" data-id=\"15fd8b7\" data-element_type=\"widget\" data-e-type=\"widget\" data-widget_type=\"image.default\">\n\t\t\t\t<div class=\"elementor-widget-container\">\n\t\t\t\t\t\t\t\t\t\t\t\t\t\t\t<img fetchpriority=\"high\" decoding=\"async\" width=\"1024\" height=\"463\" src=\"https:\/\/strategiesconsultingfirm.com\/wp-content\/uploads\/2023\/07\/Our-Work-with-development-organizations-1024x463.jpg\" class=\"attachment-large size-large wp-image-9718\" alt=\"\" srcset=\"https:\/\/strategiesconsultingfirm.com\/wp-content\/uploads\/2023\/07\/Our-Work-with-development-organizations-1024x463.jpg 1024w, https:\/\/strategiesconsultingfirm.com\/wp-content\/uploads\/2023\/07\/Our-Work-with-development-organizations-300x136.jpg 300w, https:\/\/strategiesconsultingfirm.com\/wp-content\/uploads\/2023\/07\/Our-Work-with-development-organizations-768x347.jpg 768w, https:\/\/strategiesconsultingfirm.com\/wp-content\/uploads\/2023\/07\/Our-Work-with-development-organizations-1536x694.jpg 1536w, https:\/\/strategiesconsultingfirm.com\/wp-content\/uploads\/2023\/07\/Our-Work-with-development-organizations-2048x925.jpg 2048w, https:\/\/strategiesconsultingfirm.com\/wp-content\/uploads\/2023\/07\/Our-Work-with-development-organizations-900x407.jpg 900w, https:\/\/strategiesconsultingfirm.com\/wp-content\/uploads\/2023\/07\/Our-Work-with-development-organizations-600x271.jpg 600w\" sizes=\"(max-width: 1024px) 100vw, 1024px\" \/>\t\t\t\t\t\t\t\t\t\t\t\t\t\t\t<\/div>\n\t\t\t\t<\/div>\n\t\t\t\t\t<\/div>\n\t\t<\/div>\n\t\t\t\t\t<\/div>\n\t\t<\/section>\n\t\t\t\t<section class=\"elementor-section elementor-top-section elementor-element elementor-element-976dd99 elementor-section-boxed elementor-section-height-default elementor-section-height-default elementor-invisible\" data-id=\"976dd99\" data-element_type=\"section\" data-e-type=\"section\" data-settings=\"{&quot;background_background&quot;:&quot;classic&quot;,&quot;animation&quot;:&quot;fadeIn&quot;}\">\n\t\t\t\t\t\t<div class=\"elementor-container elementor-column-gap-default\">\n\t\t\t\t\t<div class=\"elementor-column elementor-col-100 elementor-top-column elementor-element elementor-element-31f16a7\" data-id=\"31f16a7\" data-element_type=\"column\" data-e-type=\"column\">\n\t\t\t<div class=\"elementor-widget-wrap elementor-element-populated\">\n\t\t\t\t\t\t<div class=\"elementor-element elementor-element-6ef7002 elementor-widget elementor-widget-vc_custom_heading\" data-id=\"6ef7002\" data-element_type=\"widget\" data-e-type=\"widget\" data-widget_type=\"vc_custom_heading.default\">\n\t\t\t\t<div class=\"elementor-widget-container\">\n\t\t\t\t\t<div class=\" vc_custom_heading  consulting_heading_font  text_align_left stripe_bottom\" ><h3 style=\"font-size: 35px;color: #080808;text-align: left\" class=\"consulting-custom-title\">Avec les Entreprises et le Secteur Priv\u00e9\n<\/h3><\/div>\t\t\t\t<\/div>\n\t\t\t\t<\/div>\n\t\t\t\t<div class=\"elementor-element elementor-element-0325c43 elementor-widget elementor-widget-image\" data-id=\"0325c43\" data-element_type=\"widget\" data-e-type=\"widget\" data-widget_type=\"image.default\">\n\t\t\t\t<div class=\"elementor-widget-container\">\n\t\t\t\t\t\t\t\t\t\t\t\t\t\t\t<img fetchpriority=\"high\" decoding=\"async\" width=\"1024\" height=\"463\" src=\"https:\/\/strategiesconsultingfirm.com\/wp-content\/uploads\/2023\/07\/Our-Work-with-development-organizations-1024x463.jpg\" class=\"attachment-large size-large wp-image-9718\" alt=\"\" srcset=\"https:\/\/strategiesconsultingfirm.com\/wp-content\/uploads\/2023\/07\/Our-Work-with-development-organizations-1024x463.jpg 1024w, https:\/\/strategiesconsultingfirm.com\/wp-content\/uploads\/2023\/07\/Our-Work-with-development-organizations-300x136.jpg 300w, https:\/\/strategiesconsultingfirm.com\/wp-content\/uploads\/2023\/07\/Our-Work-with-development-organizations-768x347.jpg 768w, https:\/\/strategiesconsultingfirm.com\/wp-content\/uploads\/2023\/07\/Our-Work-with-development-organizations-1536x694.jpg 1536w, https:\/\/strategiesconsultingfirm.com\/wp-content\/uploads\/2023\/07\/Our-Work-with-development-organizations-2048x925.jpg 2048w, https:\/\/strategiesconsultingfirm.com\/wp-content\/uploads\/2023\/07\/Our-Work-with-development-organizations-900x407.jpg 900w, https:\/\/strategiesconsultingfirm.com\/wp-content\/uploads\/2023\/07\/Our-Work-with-development-organizations-600x271.jpg 600w\" sizes=\"(max-width: 1024px) 100vw, 1024px\" \/>\t\t\t\t\t\t\t\t\t\t\t\t\t\t\t<\/div>\n\t\t\t\t<\/div>\n\t\t\t\t\t<\/div>\n\t\t<\/div>\n\t\t\t\t\t<\/div>\n\t\t<\/section>\n\t\t\t\t<section class=\"elementor-section elementor-top-section elementor-element elementor-element-ae6edc9 elementor-section-boxed elementor-section-height-default elementor-section-height-default\" data-id=\"ae6edc9\" data-element_type=\"section\" data-e-type=\"section\" data-settings=\"{&quot;background_background&quot;:&quot;classic&quot;}\">\n\t\t\t\t\t\t<div class=\"elementor-container elementor-column-gap-default\">\n\t\t\t\t\t<div class=\"elementor-column elementor-col-100 elementor-top-column elementor-element elementor-element-f42ef10\" data-id=\"f42ef10\" data-element_type=\"column\" data-e-type=\"column\">\n\t\t\t<div class=\"elementor-widget-wrap elementor-element-populated\">\n\t\t\t\t\t\t<div class=\"elementor-element elementor-element-88a7f19 elementor-widget elementor-widget-vc_custom_heading\" data-id=\"88a7f19\" data-element_type=\"widget\" data-e-type=\"widget\" data-widget_type=\"vc_custom_heading.default\">\n\t\t\t\t<div class=\"elementor-widget-container\">\n\t\t\t\t\t<div class=\" vc_custom_heading  consulting_heading_font  text_align_left stripe_bottom\" ><h3 style=\"font-size: 35px;color: #080808;text-align: left\" class=\"consulting-custom-title\">R\u00e9gions o\u00f9 nous travaillons\n<\/h3><\/div>\t\t\t\t<\/div>\n\t\t\t\t<\/div>\n\t\t\t\t<div class=\"elementor-element elementor-element-5c6d388 elementor-widget elementor-widget-image\" data-id=\"5c6d388\" data-element_type=\"widget\" data-e-type=\"widget\" data-widget_type=\"image.default\">\n\t\t\t\t<div class=\"elementor-widget-container\">\n\t\t\t\t\t\t\t\t\t\t\t\t\t\t\t<img decoding=\"async\" width=\"1024\" height=\"520\" src=\"https:\/\/strategiesconsultingfirm.com\/wp-content\/uploads\/2023\/07\/Where-we-Work-1024x520.jpg\" class=\"attachment-large size-large wp-image-9716\" alt=\"\" srcset=\"https:\/\/strategiesconsultingfirm.com\/wp-content\/uploads\/2023\/07\/Where-we-Work-1024x520.jpg 1024w, https:\/\/strategiesconsultingfirm.com\/wp-content\/uploads\/2023\/07\/Where-we-Work-300x152.jpg 300w, https:\/\/strategiesconsultingfirm.com\/wp-content\/uploads\/2023\/07\/Where-we-Work-768x390.jpg 768w, https:\/\/strategiesconsultingfirm.com\/wp-content\/uploads\/2023\/07\/Where-we-Work-1536x780.jpg 1536w, https:\/\/strategiesconsultingfirm.com\/wp-content\/uploads\/2023\/07\/Where-we-Work-2048x1040.jpg 2048w, https:\/\/strategiesconsultingfirm.com\/wp-content\/uploads\/2023\/07\/Where-we-Work-900x457.jpg 900w, https:\/\/strategiesconsultingfirm.com\/wp-content\/uploads\/2023\/07\/Where-we-Work-600x305.jpg 600w\" sizes=\"(max-width: 1024px) 100vw, 1024px\" \/>\t\t\t\t\t\t\t\t\t\t\t\t\t\t\t<\/div>\n\t\t\t\t<\/div>\n\t\t\t\t\t<\/div>\n\t\t<\/div>\n\t\t\t\t\t<\/div>\n\t\t<\/section>\n\t\t\t\t<section class=\"elementor-section elementor-top-section elementor-element elementor-element-812d283 elementor-section-boxed elementor-section-height-default elementor-section-height-default\" data-id=\"812d283\" data-element_type=\"section\" data-e-type=\"section\">\n\t\t\t\t\t\t<div class=\"elementor-container elementor-column-gap-default\">\n\t\t\t\t\t<div class=\"elementor-column elementor-col-100 elementor-top-column elementor-element elementor-element-4853553\" data-id=\"4853553\" data-element_type=\"column\" data-e-type=\"column\">\n\t\t\t<div class=\"elementor-widget-wrap elementor-element-populated\">\n\t\t\t\t\t\t<div class=\"elementor-element elementor-element-f468428 elementor-widget elementor-widget-spacer\" data-id=\"f468428\" data-element_type=\"widget\" data-e-type=\"widget\" data-widget_type=\"spacer.default\">\n\t\t\t\t<div class=\"elementor-widget-container\">\n\t\t\t\t\t\t\t<div class=\"elementor-spacer\">\n\t\t\t<div class=\"elementor-spacer-inner\"><\/div>\n\t\t<\/div>\n\t\t\t\t\t\t<\/div>\n\t\t\t\t<\/div>\n\t\t\t\t\t<\/div>\n\t\t<\/div>\n\t\t\t\t\t<\/div>\n\t\t<\/section>\n\t\t\t\t<\/div>\n\t\t","protected":false},"excerpt":{"rendered":"<p>Projets et R\u00e9alisations Avec les Organisations Internationales de D\u00e9veloppement Avec les Entreprises et le Secteur Priv\u00e9 R\u00e9gions o\u00f9 nous travaillons<\/p>\n","protected":false},"author":1,"featured_media":0,"parent":0,"menu_order":0,"comment_status":"closed","ping_status":"closed","template":"","meta":{"_acf_changed":false,"footnotes":""},"class_list":["post-11544","page","type-page","status-publish","hentry"],"acf":[],"_links":{"self":[{"href":"https:\/\/strategiesconsultingfirm.com\/fr\/wp-json\/wp\/v2\/pages\/11544","targetHints":{"allow":["GET"]}}],"collection":[{"href":"https:\/\/strategiesconsultingfirm.com\/fr\/wp-json\/wp\/v2\/pages"}],"about":[{"href":"https:\/\/strategiesconsultingfirm.com\/fr\/wp-json\/wp\/v2\/types\/page"}],"author":[{"embeddable":true,"href":"https:\/\/strategiesconsultingfirm.com\/fr\/wp-json\/wp\/v2\/users\/1"}],"replies":[{"embeddable":true,"href":"https:\/\/strategiesconsultingfirm.com\/fr\/wp-json\/wp\/v2\/comments?post=11544"}],"version-history":[{"count":8,"href":"https:\/\/strategiesconsultingfirm.com\/fr\/wp-json\/wp\/v2\/pages\/11544\/revisions"}],"predecessor-version":[{"id":12984,"href":"https:\/\/strategiesconsultingfirm.com\/fr\/wp-json\/wp\/v2\/pages\/11544\/revisions\/12984"}],"wp:attachment":[{"href":"https:\/\/strategiesconsultingfirm.com\/fr\/wp-json\/wp\/v2\/media?parent=11544"}],"curies":[{"name":"wp","href":"https:\/\/api.w.org\/{rel}","templated":true}]}}