{"id":11568,"date":"2017-08-21T12:16:23","date_gmt":"2017-08-21T11:16:23","guid":{"rendered":"https:\/\/strategiesconsultingfirm.com\/conference-internationale-sur-la-region-des-grands-lacs-integration-de-la-dimension-de-genre\/"},"modified":"2017-08-21T12:16:23","modified_gmt":"2017-08-21T11:16:23","slug":"conference-internationale-sur-la-region-des-grands-lacs-integration-de-la-dimension-de-genre","status":"publish","type":"page","link":"https:\/\/strategiesconsultingfirm.com\/fr\/conference-internationale-sur-la-region-des-grands-lacs-integration-de-la-dimension-de-genre\/","title":{"rendered":"Conf\u00e9rence internationale sur la r\u00e9gion des Grands Lacs : Int\u00e9gration de la dimension de genre"},"content":{"rendered":"<div id=\"pl-525\" class=\"panel-layout\">\n<div id=\"pg-525-0\" class=\"panel-grid panel-has-style\" data-style=\"{\"background_image_attachment\":false,\"background_display\":\"tile\",\"cell_alignment\":\"flex-start\",\"video_fallback\":false,\"overlay\":\"1\",\"separator_top\":\"none\",\"separator_bottom\":\"none\"}\">\n<div data-overlay-opactity=\"1\" class=\"panel-row-style panel-row-style-for-525-0\">\n<div id=\"pgc-525-0-0\" class=\"panel-grid-cell\" data-weight=\"1\">\n<div id=\"panel-525-0-0-0\" class=\"so-panel widget widget_themegrill_flash_cta tg-widget call-to-action-section panel-first-child panel-last-child\" data-index=\"0\" data-style=\"{\"padding\":\"30px 10px 30px 10px\",\"background\":\"#174873\",\"background_image_attachment\":false,\"background_display\":\"tile\",\"animation_offset\":\"10\",\"animation_iteration\":\"1\"}\">\n<div class=\"panel-widget-style panel-widget-style-for-525-0-0-0\">\n<div class=\"cta-wrapper call-to-action-section-layout-1 left\">\n<div class=\"section-title-wrapper\">\n<h3 class=\"section-title\">L&#8217;AUTONOMISATION DES FEMMES<\/h3>\n<h4 class=\"section-subtitle\">Conf\u00e9rence internationale sur la r\u00e9gion des Grands Lacs : Genre<br \/>\nL&#8217;int\u00e9gration<\/h4>\n<\/p><\/div>\n<\/p><\/div>\n<\/div>\n<\/div>\n<\/div>\n<\/div>\n<\/div>\n<div id=\"pg-525-1\" class=\"panel-grid panel-has-style\" data-style=\"{\"background_image_attachment\":false,\"background_display\":\"tile\",\"cell_alignment\":\"flex-start\",\"video_fallback\":false,\"overlay\":\"1\",\"separator_top\":\"none\",\"separator_bottom\":\"none\"}\">\n<div data-overlay-opactity=\"1\" class=\"panel-row-style panel-row-style-for-525-1\">\n<div id=\"pgc-525-1-0\" class=\"panel-grid-cell\" data-weight=\"1\">\n<div id=\"panel-525-1-0-0\" class=\"so-panel widget widget_themegrill_flash_heading tg-widget section-title-wrapper panel-first-child\" data-index=\"1\" data-style=\"{\"background_image_attachment\":false,\"background_display\":\"tile\",\"animation_offset\":\"10\",\"animation_iteration\":\"1\"}\">\n<div class=\"heading heading-center divider-without-icon no-divider\">\n<h3 class=\"section-title\">Notre r\u00f4le<\/h3>\n<\/div>\n<\/div>\n<div id=\"panel-525-1-0-1\" class=\"widget_text so-panel widget widget_custom_html panel-last-child\" data-index=\"2\" data-style=\"{\"background_image_attachment\":false,\"background_display\":\"tile\",\"animation_offset\":\"10\",\"animation_iteration\":\"1\"}\">\n<div class=\"textwidget custom-html-widget\">\n<p>  STRATEGIES ! a anim\u00e9 un atelier international et bilingue avec des fonctionnaires<br \/>\ndes gouvernements r\u00e9gionaux. La session s&#8217;est concentr\u00e9e sur la d\u00e9finition de lignes directrices et<br \/>\ndes objectifs sexosp\u00e9cifiques pour le pacte de la CIRGL sur la s\u00e9curit\u00e9, la stabilit\u00e9 et la paix<br \/>\net le d\u00e9veloppement.  <\/p>\n<\/div>\n<\/div>\n<\/div>\n<\/div>\n<\/div>\n<div id=\"pg-525-2\" class=\"panel-grid panel-has-style\" data-style=\"{\"background_image_attachment\":false,\"background_display\":\"tile\",\"cell_alignment\":\"flex-start\",\"video_fallback\":false,\"overlay\":\"1\",\"separator_top\":\"none\",\"separator_bottom\":\"none\"}\">\n<div data-overlay-opactity=\"1\" class=\"panel-row-style panel-row-style-for-525-2\">\n<div id=\"pgc-525-2-0\" class=\"panel-grid-cell\" data-weight=\"1\">\n<div id=\"panel-525-2-0-0\" class=\"so-panel widget widget_themegrill_flash_heading tg-widget section-title-wrapper panel-first-child\" data-index=\"3\" data-style=\"{\"background_image_attachment\":false,\"background_display\":\"tile\",\"animation_offset\":\"10\",\"animation_iteration\":\"1\"}\">\n<div class=\"heading heading-center divider-without-icon no-divider\">\n<h3 class=\"section-title\">Impact<\/h3>\n<\/div>\n<\/div>\n<div id=\"panel-525-2-0-1\" class=\"widget_text so-panel widget widget_custom_html panel-last-child\" data-index=\"4\" data-style=\"{\"background_image_attachment\":false,\"background_display\":\"tile\",\"animation_offset\":\"10\",\"animation_iteration\":\"1\"}\">\n<div class=\"textwidget custom-html-widget\">\n<p>  \u00c0 l&#8217;issue de l&#8217;atelier, le secr\u00e9tariat ex\u00e9cutif de la CIRGL a identifi\u00e9 les domaines suivants<br \/>\ndes possibilit\u00e9s d&#8217;am\u00e9liorer l&#8217;int\u00e9gration de la dimension de genre dans 11 organisations.<br \/>\net dans le cadre de 33 programmes prioritaires de la CIRGL, a con\u00e7u un programme d&#8217;int\u00e9gration de l&#8217;\u00e9galit\u00e9 entre les femmes et les hommes.<br \/>\nun cadre de suivi et d&#8217;\u00e9valuation sensible pour \u00e9valuer la r\u00e9ussite<br \/>\nla mise en \u0153uvre des objectifs d&#8217;int\u00e9gration de la dimension de genre, et a \u00e9labor\u00e9 un plan d&#8217;action pour l&#8217;int\u00e9gration de la dimension de genre.<br \/>\nune strat\u00e9gie de plaidoyer pour faire avancer leurs efforts. En outre, l&#8217;ex\u00e9cutif<br \/>\nLe secr\u00e9tariat a \u00e9labor\u00e9 des lignes directrices pour l&#8217;int\u00e9gration future des questions de genre et d&#8217;\u00e9galit\u00e9 entre les hommes et les femmes.<br \/>\ndes objectifs, des indicateurs et des activit\u00e9s sensibles dans le processus de planification de l&#8217;Union europ\u00e9enne.<br \/>\n33 projets prioritaires.  <\/p>\n<\/div>\n<\/div>\n<\/div>\n<\/div>\n<\/div>\n<\/div>\n","protected":false},"excerpt":{"rendered":"<p>L&#8217;AUTONOMISATION DES FEMMES Conf\u00e9rence internationale sur la r\u00e9gion des Grands Lacs : Genre L&#8217;int\u00e9gration Notre r\u00f4le STRATEGIES ! a anim\u00e9 un atelier international et bilingue avec des fonctionnaires des gouvernements r\u00e9gionaux. La session s&#8217;est concentr\u00e9e sur la d\u00e9finition de lignes directrices et des objectifs sexosp\u00e9cifiques pour le pacte de la CIRGL sur la s\u00e9curit\u00e9, la<\/p>\n","protected":false},"author":4,"featured_media":0,"parent":0,"menu_order":0,"comment_status":"closed","ping_status":"closed","template":"page-templates\/pagebuilder.php","meta":{"_acf_changed":false,"footnotes":""},"class_list":["post-11568","page","type-page","status-publish","hentry"],"acf":[],"yoast_head":"<!-- This site is optimized with the Yoast SEO plugin v27.3 - https:\/\/yoast.com\/product\/yoast-seo-wordpress\/ -->\n<title>Conf\u00e9rence internationale sur la r\u00e9gion des Grands Lacs : Int\u00e9gration de la dimension de genre - STRATEGIES! Consulting Firm<\/title>\n<meta name=\"robots\" content=\"index, follow, max-snippet:-1, max-image-preview:large, max-video-preview:-1\" \/>\n<link rel=\"canonical\" href=\"https:\/\/strategiesconsultingfirm.com\/fr\/conference-internationale-sur-la-region-des-grands-lacs-integration-de-la-dimension-de-genre\/\" \/>\n<meta property=\"og:locale\" content=\"fr_FR\" \/>\n<meta property=\"og:type\" content=\"article\" \/>\n<meta property=\"og:title\" content=\"Conf\u00e9rence internationale sur la r\u00e9gion des Grands Lacs : Int\u00e9gration de la dimension de genre - STRATEGIES! Consulting Firm\" \/>\n<meta property=\"og:description\" content=\"L&#8217;AUTONOMISATION DES FEMMES Conf\u00e9rence internationale sur la r\u00e9gion des Grands Lacs : Genre L&#8217;int\u00e9gration Notre r\u00f4le STRATEGIES ! a anim\u00e9 un atelier international et bilingue avec des fonctionnaires des gouvernements r\u00e9gionaux. La session s&#8217;est concentr\u00e9e sur la d\u00e9finition de lignes directrices et des objectifs sexosp\u00e9cifiques pour le pacte de la CIRGL sur la s\u00e9curit\u00e9, la\" \/>\n<meta property=\"og:url\" content=\"https:\/\/strategiesconsultingfirm.com\/fr\/conference-internationale-sur-la-region-des-grands-lacs-integration-de-la-dimension-de-genre\/\" \/>\n<meta property=\"og:site_name\" content=\"STRATEGIES! Consulting Firm\" \/>\n<meta property=\"article:publisher\" content=\"https:\/\/web.facebook.com\/cabinetstrategies\" \/>\n<meta name=\"twitter:card\" content=\"summary_large_image\" \/>\n<meta name=\"twitter:site\" content=\"@Strategies_\" \/>\n<meta name=\"twitter:label1\" content=\"Dur\u00e9e de lecture estim\u00e9e\" \/>\n\t<meta name=\"twitter:data1\" content=\"1 minute\" \/>\n<script type=\"application\/ld+json\" class=\"yoast-schema-graph\">{\"@context\":\"https:\\\/\\\/schema.org\",\"@graph\":[{\"@type\":\"WebPage\",\"@id\":\"https:\\\/\\\/strategiesconsultingfirm.com\\\/fr\\\/conference-internationale-sur-la-region-des-grands-lacs-integration-de-la-dimension-de-genre\\\/\",\"url\":\"https:\\\/\\\/strategiesconsultingfirm.com\\\/fr\\\/conference-internationale-sur-la-region-des-grands-lacs-integration-de-la-dimension-de-genre\\\/\",\"name\":\"Conf\u00e9rence internationale sur la r\u00e9gion des Grands Lacs : Int\u00e9gration de la dimension de genre - STRATEGIES! Consulting Firm\",\"isPartOf\":{\"@id\":\"https:\\\/\\\/strategiesconsultingfirm.com\\\/#website\"},\"datePublished\":\"2017-08-21T11:16:23+00:00\",\"breadcrumb\":{\"@id\":\"https:\\\/\\\/strategiesconsultingfirm.com\\\/fr\\\/conference-internationale-sur-la-region-des-grands-lacs-integration-de-la-dimension-de-genre\\\/#breadcrumb\"},\"inLanguage\":\"fr-FR\",\"potentialAction\":[{\"@type\":\"ReadAction\",\"target\":[\"https:\\\/\\\/strategiesconsultingfirm.com\\\/fr\\\/conference-internationale-sur-la-region-des-grands-lacs-integration-de-la-dimension-de-genre\\\/\"]}]},{\"@type\":\"BreadcrumbList\",\"@id\":\"https:\\\/\\\/strategiesconsultingfirm.com\\\/fr\\\/conference-internationale-sur-la-region-des-grands-lacs-integration-de-la-dimension-de-genre\\\/#breadcrumb\",\"itemListElement\":[{\"@type\":\"ListItem\",\"position\":1,\"name\":\"Home\",\"item\":\"https:\\\/\\\/strategiesconsultingfirm.com\\\/fr\\\/accueil\\\/\"},{\"@type\":\"ListItem\",\"position\":2,\"name\":\"Conf\u00e9rence internationale sur la r\u00e9gion des Grands Lacs : Int\u00e9gration de la dimension de genre\"}]},{\"@type\":\"WebSite\",\"@id\":\"https:\\\/\\\/strategiesconsultingfirm.com\\\/#website\",\"url\":\"https:\\\/\\\/strategiesconsultingfirm.com\\\/\",\"name\":\"STRATEGIES! Consulting Firm\",\"description\":\"Your Reference in Leadership and Management\",\"publisher\":{\"@id\":\"https:\\\/\\\/strategiesconsultingfirm.com\\\/#organization\"},\"potentialAction\":[{\"@type\":\"SearchAction\",\"target\":{\"@type\":\"EntryPoint\",\"urlTemplate\":\"https:\\\/\\\/strategiesconsultingfirm.com\\\/?s={search_term_string}\"},\"query-input\":{\"@type\":\"PropertyValueSpecification\",\"valueRequired\":true,\"valueName\":\"search_term_string\"}}],\"inLanguage\":\"fr-FR\"},{\"@type\":\"Organization\",\"@id\":\"https:\\\/\\\/strategiesconsultingfirm.com\\\/#organization\",\"name\":\"STRATEGIES! Consulting Firm\",\"url\":\"https:\\\/\\\/strategiesconsultingfirm.com\\\/\",\"logo\":{\"@type\":\"ImageObject\",\"inLanguage\":\"fr-FR\",\"@id\":\"https:\\\/\\\/strategiesconsultingfirm.com\\\/#\\\/schema\\\/logo\\\/image\\\/\",\"url\":\"https:\\\/\\\/strategiesconsultingfirm.com\\\/wp-content\\\/uploads\\\/2023\\\/05\\\/Logo-STRATEGIES-Consulting.png\",\"contentUrl\":\"https:\\\/\\\/strategiesconsultingfirm.com\\\/wp-content\\\/uploads\\\/2023\\\/05\\\/Logo-STRATEGIES-Consulting.png\",\"width\":734,\"height\":229,\"caption\":\"STRATEGIES! Consulting Firm\"},\"image\":{\"@id\":\"https:\\\/\\\/strategiesconsultingfirm.com\\\/#\\\/schema\\\/logo\\\/image\\\/\"},\"sameAs\":[\"https:\\\/\\\/web.facebook.com\\\/cabinetstrategies\",\"https:\\\/\\\/x.com\\\/Strategies_\",\"https:\\\/\\\/www.linkedin.com\\\/company\\\/strategies-\\\/\"]}]}<\/script>\n<!-- \/ Yoast SEO plugin. -->","yoast_head_json":{"title":"Conf\u00e9rence internationale sur la r\u00e9gion des Grands Lacs : Int\u00e9gration de la dimension de genre - STRATEGIES! Consulting Firm","robots":{"index":"index","follow":"follow","max-snippet":"max-snippet:-1","max-image-preview":"max-image-preview:large","max-video-preview":"max-video-preview:-1"},"canonical":"https:\/\/strategiesconsultingfirm.com\/fr\/conference-internationale-sur-la-region-des-grands-lacs-integration-de-la-dimension-de-genre\/","og_locale":"fr_FR","og_type":"article","og_title":"Conf\u00e9rence internationale sur la r\u00e9gion des Grands Lacs : Int\u00e9gration de la dimension de genre - STRATEGIES! Consulting Firm","og_description":"L&#8217;AUTONOMISATION DES FEMMES Conf\u00e9rence internationale sur la r\u00e9gion des Grands Lacs : Genre L&#8217;int\u00e9gration Notre r\u00f4le STRATEGIES ! a anim\u00e9 un atelier international et bilingue avec des fonctionnaires des gouvernements r\u00e9gionaux. La session s&#8217;est concentr\u00e9e sur la d\u00e9finition de lignes directrices et des objectifs sexosp\u00e9cifiques pour le pacte de la CIRGL sur la s\u00e9curit\u00e9, la","og_url":"https:\/\/strategiesconsultingfirm.com\/fr\/conference-internationale-sur-la-region-des-grands-lacs-integration-de-la-dimension-de-genre\/","og_site_name":"STRATEGIES! Consulting Firm","article_publisher":"https:\/\/web.facebook.com\/cabinetstrategies","twitter_card":"summary_large_image","twitter_site":"@Strategies_","twitter_misc":{"Dur\u00e9e de lecture estim\u00e9e":"1 minute"},"schema":{"@context":"https:\/\/schema.org","@graph":[{"@type":"WebPage","@id":"https:\/\/strategiesconsultingfirm.com\/fr\/conference-internationale-sur-la-region-des-grands-lacs-integration-de-la-dimension-de-genre\/","url":"https:\/\/strategiesconsultingfirm.com\/fr\/conference-internationale-sur-la-region-des-grands-lacs-integration-de-la-dimension-de-genre\/","name":"Conf\u00e9rence internationale sur la r\u00e9gion des Grands Lacs : Int\u00e9gration de la dimension de genre - STRATEGIES! Consulting Firm","isPartOf":{"@id":"https:\/\/strategiesconsultingfirm.com\/#website"},"datePublished":"2017-08-21T11:16:23+00:00","breadcrumb":{"@id":"https:\/\/strategiesconsultingfirm.com\/fr\/conference-internationale-sur-la-region-des-grands-lacs-integration-de-la-dimension-de-genre\/#breadcrumb"},"inLanguage":"fr-FR","potentialAction":[{"@type":"ReadAction","target":["https:\/\/strategiesconsultingfirm.com\/fr\/conference-internationale-sur-la-region-des-grands-lacs-integration-de-la-dimension-de-genre\/"]}]},{"@type":"BreadcrumbList","@id":"https:\/\/strategiesconsultingfirm.com\/fr\/conference-internationale-sur-la-region-des-grands-lacs-integration-de-la-dimension-de-genre\/#breadcrumb","itemListElement":[{"@type":"ListItem","position":1,"name":"Home","item":"https:\/\/strategiesconsultingfirm.com\/fr\/accueil\/"},{"@type":"ListItem","position":2,"name":"Conf\u00e9rence internationale sur la r\u00e9gion des Grands Lacs : Int\u00e9gration de la dimension de genre"}]},{"@type":"WebSite","@id":"https:\/\/strategiesconsultingfirm.com\/#website","url":"https:\/\/strategiesconsultingfirm.com\/","name":"STRATEGIES! Consulting Firm","description":"Your Reference in Leadership and Management","publisher":{"@id":"https:\/\/strategiesconsultingfirm.com\/#organization"},"potentialAction":[{"@type":"SearchAction","target":{"@type":"EntryPoint","urlTemplate":"https:\/\/strategiesconsultingfirm.com\/?s={search_term_string}"},"query-input":{"@type":"PropertyValueSpecification","valueRequired":true,"valueName":"search_term_string"}}],"inLanguage":"fr-FR"},{"@type":"Organization","@id":"https:\/\/strategiesconsultingfirm.com\/#organization","name":"STRATEGIES! Consulting Firm","url":"https:\/\/strategiesconsultingfirm.com\/","logo":{"@type":"ImageObject","inLanguage":"fr-FR","@id":"https:\/\/strategiesconsultingfirm.com\/#\/schema\/logo\/image\/","url":"https:\/\/strategiesconsultingfirm.com\/wp-content\/uploads\/2023\/05\/Logo-STRATEGIES-Consulting.png","contentUrl":"https:\/\/strategiesconsultingfirm.com\/wp-content\/uploads\/2023\/05\/Logo-STRATEGIES-Consulting.png","width":734,"height":229,"caption":"STRATEGIES! Consulting Firm"},"image":{"@id":"https:\/\/strategiesconsultingfirm.com\/#\/schema\/logo\/image\/"},"sameAs":["https:\/\/web.facebook.com\/cabinetstrategies","https:\/\/x.com\/Strategies_","https:\/\/www.linkedin.com\/company\/strategies-\/"]}]}},"_links":{"self":[{"href":"https:\/\/strategiesconsultingfirm.com\/fr\/wp-json\/wp\/v2\/pages\/11568","targetHints":{"allow":["GET"]}}],"collection":[{"href":"https:\/\/strategiesconsultingfirm.com\/fr\/wp-json\/wp\/v2\/pages"}],"about":[{"href":"https:\/\/strategiesconsultingfirm.com\/fr\/wp-json\/wp\/v2\/types\/page"}],"author":[{"embeddable":true,"href":"https:\/\/strategiesconsultingfirm.com\/fr\/wp-json\/wp\/v2\/users\/4"}],"replies":[{"embeddable":true,"href":"https:\/\/strategiesconsultingfirm.com\/fr\/wp-json\/wp\/v2\/comments?post=11568"}],"version-history":[{"count":0,"href":"https:\/\/strategiesconsultingfirm.com\/fr\/wp-json\/wp\/v2\/pages\/11568\/revisions"}],"wp:attachment":[{"href":"https:\/\/strategiesconsultingfirm.com\/fr\/wp-json\/wp\/v2\/media?parent=11568"}],"curies":[{"name":"wp","href":"https:\/\/api.w.org\/{rel}","templated":true}]}}