{"id":11586,"date":"2017-08-15T11:46:50","date_gmt":"2017-08-15T10:46:50","guid":{"rendered":"https:\/\/strategiesconsultingfirm.com\/notre-expertise\/"},"modified":"2023-09-29T14:26:45","modified_gmt":"2023-09-29T13:26:45","slug":"notre-expertise","status":"publish","type":"page","link":"https:\/\/strategiesconsultingfirm.com\/fr\/notre-expertise\/","title":{"rendered":"Notre expertise"},"content":{"rendered":"<div id=\"pl-216\" class=\"panel-layout\">\n<div id=\"pg-216-0\" class=\"panel-grid panel-has-style\" data-style=\"{\"background_display\":\"tile\",\"cell_alignment\":\"flex-start\",\"overlay\":\"1\",\"separator_top\":\"none\",\"separator_bottom\":\"none\"}\">\n<div data-overlay-opactity=\"1\" class=\"panel-row-style panel-row-style-for-216-0\">\n<div id=\"pgc-216-0-0\" class=\"panel-grid-cell\" data-weight=\"1\">\n<div id=\"panel-216-0-0-0\" class=\"so-panel widget widget_themegrill_flash_cta tg-widget call-to-action-section panel-first-child panel-last-child\" data-index=\"0\" data-style=\"{\"padding\":\"30px 10px 30px 10px\",\"background\":\"#174873\",\"background_display\":\"tile\",\"animation_offset\":\"10\",\"animation_iteration\":\"1\"}\">\n<div class=\"panel-widget-style panel-widget-style-for-216-0-0-0\">\n<div class=\"cta-wrapper call-to-action-section-layout-1 left\">\n<div class=\"section-title-wrapper\">\n<h3 class=\"section-title\">CE QUE NOUS FAISONS<\/h3>\n<h4 class=\"section-subtitle\">Notre expertise<\/h4>\n<\/p><\/div>\n<\/p><\/div>\n<\/div>\n<\/div>\n<\/div>\n<\/div>\n<\/div>\n<div id=\"pg-216-1\" class=\"panel-grid panel-has-style\" data-style=\"{\"background_display\":\"tile\",\"cell_alignment\":\"flex-start\",\"overlay\":\"1\",\"separator_top\":\"none\",\"separator_bottom\":\"none\"}\">\n<div data-overlay-opactity=\"1\" class=\"panel-row-style panel-row-style-for-216-1\">\n<div id=\"pgc-216-1-0\" class=\"panel-grid-cell\" data-weight=\"1\">\n<div id=\"panel-216-1-0-0\" class=\"so-panel widget widget_themegrill_flash_portfolio tg-section feature-product-section panel-first-child panel-last-child\" data-index=\"1\" data-style=\"{\"background_image_attachment\":false,\"background_display\":\"tile\",\"animation_offset\":\"10\",\"animation_iteration\":\"1\"}\">\n<div class=\"tg-feature-product-layout-3 tg-feature-product-filter-layout\">\n<div class=\"tg-container\">\n<div class=\"grid\">\n<div class=\"tg-column-wrapper\">\n<div class=\"tg-feature-product-widget element-item uxdesign tg-column-3 expertise \" data-category=\"expertise  \">\n<figure><img fetchpriority=\"high\" decoding=\"async\" width=\"341\" height=\"170\" src=\"http:\/\/www.strategiesconsultingfirm.com\/wp-content\/uploads\/2017\/08\/decentralisation.png\" class=\"attachment-full size-full wp-post-image\" alt=\"\" srcset=\"http:\/\/www.strategiesconsultingfirm.com\/wp-content\/uploads\/2017\/08\/decentralisation.png 341w, http:\/\/www.strategiesconsultingfirm.com\/wp-content\/uploads\/2017\/08\/decentralisation-300x150.png 300w\" sizes=\"(max-width: 341px) 100vw, 341px\"><\/figure>\n<div class=\"featured-image-desc\"><span><a href=\"http:\/\/www.strategiesconsultingfirm.com\/index.php\/portoflio\/decentralisation\/\"><i class=\"fa fa-plus\"><\/i><\/a><\/span><\/p>\n<div class=\"feature-inner-block\">\n<h3 class=\"feature-title-wrap\"><a href=\"http:\/\/www.strategiesconsultingfirm.com\/index.php\/portoflio\/decentralisation\/\">D\u00c9CENTRALISATION<\/a><\/h3>\n<h4 class=\"feature-desc-wrap\"><\/h4>\n<\/div>\n<\/div>\n<\/div>\n<div class=\"tg-feature-product-widget element-item uxdesign tg-column-3 expertise \" data-category=\"expertise  \">\n<figure><img decoding=\"async\" width=\"217\" height=\"300\" src=\"http:\/\/www.strategiesconsultingfirm.com\/wp-content\/uploads\/2017\/08\/public-speaking.jpg\" class=\"attachment-full size-full wp-post-image\" alt=\"\"><\/figure>\n<div class=\"featured-image-desc\"><span><a href=\"http:\/\/www.strategiesconsultingfirm.com\/index.php\/portoflio\/public-speaking\/\"><i class=\"fa fa-plus\"><\/i><\/a><\/span><\/p>\n<div class=\"feature-inner-block\">\n<h3 class=\"feature-title-wrap\"><a href=\"http:\/\/www.strategiesconsultingfirm.com\/index.php\/portoflio\/public-speaking\/\">PRISE DE PAROLE EN PUBLIC<\/a><\/h3>\n<h4 class=\"feature-desc-wrap\">&#8221; Oser inventer l&#8217;avenir de l&#8217;Afrique &#8221; : KAH WALLA \u00e0 TEDxWarwick 2014  &nbsp;<\/h4>\n<\/div>\n<\/div>\n<\/div>\n<div class=\"tg-feature-product-widget element-item uxdesign tg-column-3 expertise \" data-category=\"expertise  \">\n<figure><img decoding=\"async\" width=\"236\" height=\"214\" src=\"http:\/\/www.strategiesconsultingfirm.com\/wp-content\/uploads\/2017\/08\/agriculture_natural_resource_management.png\" class=\"attachment-full size-full wp-post-image\" alt=\"\"><\/figure>\n<div class=\"featured-image-desc\"><span><a href=\"http:\/\/www.strategiesconsultingfirm.com\/index.php\/portoflio\/agriculture-and-natural-resource-management\/\"><i class=\"fa fa-plus\"><\/i><\/a><\/span><\/p>\n<div class=\"feature-inner-block\">\n<h3 class=\"feature-title-wrap\"><a href=\"http:\/\/www.strategiesconsultingfirm.com\/index.php\/portoflio\/agriculture-and-natural-resource-management\/\">AGRICULTURE ET GESTION DES RESSOURCES NATURELLES<\/a><\/h3>\n<h4 class=\"feature-desc-wrap\">STRATEGIES ! travaille en \u00e9troite collaboration avec les conseils locaux, les gouvernements nationaux et les organismes r\u00e9gionaux afin de d\u00e9terminer les meilleures pratiques en mati\u00e8re d&#8217;agriculture, de ressources naturelles et de gestion des terres [&#8230;]<\/h4>\n<\/div>\n<\/div>\n<\/div>\n<div class=\"tg-feature-product-widget element-item uxdesign tg-column-3 expertise \" data-category=\"expertise  \">\n<figure><img loading=\"lazy\" decoding=\"async\" width=\"500\" height=\"460\" src=\"http:\/\/www.strategiesconsultingfirm.com\/wp-content\/uploads\/2017\/08\/governance_peace_security.png\" class=\"attachment-full size-full wp-post-image\" alt=\"\" srcset=\"http:\/\/www.strategiesconsultingfirm.com\/wp-content\/uploads\/2017\/08\/governance_peace_security.png 500w, http:\/\/www.strategiesconsultingfirm.com\/wp-content\/uploads\/2017\/08\/governance_peace_security-300x276.png 300w\" sizes=\"(max-width: 500px) 100vw, 500px\"><\/figure>\n<div class=\"featured-image-desc\"><span><a href=\"http:\/\/www.strategiesconsultingfirm.com\/index.php\/portoflio\/governance-anti-corruption-peace-security\/\"><i class=\"fa fa-plus\"><\/i><\/a><\/span><\/p>\n<div class=\"feature-inner-block\">\n<h3 class=\"feature-title-wrap\"><a href=\"http:\/\/www.strategiesconsultingfirm.com\/index.php\/portoflio\/governance-anti-corruption-peace-security\/\">GOUVERNANCE, LUTTE CONTRE LA CORRUPTION, PAIX ET S\u00c9CURIT\u00c9<\/a><\/h3>\n<h4 class=\"feature-desc-wrap\">Depuis plus d&#8217;une d\u00e9cennie, STRATEGIES ! travaille avec des organismes locaux, r\u00e9gionaux et internationaux dans les domaines de la bonne gouvernance, de la r\u00e9solution des conflits et de l&#8217;apr\u00e8s-conflit [&#8230;]<\/h4>\n<\/div>\n<\/div>\n<\/div>\n<div class=\"tg-feature-product-widget element-item uxdesign tg-column-3 expertise \" data-category=\"expertise  \">\n<figure><img loading=\"lazy\" decoding=\"async\" width=\"436\" height=\"249\" src=\"http:\/\/www.strategiesconsultingfirm.com\/wp-content\/uploads\/2017\/08\/women_empowerment.jpg\" class=\"attachment-full size-full wp-post-image\" alt=\"\" srcset=\"http:\/\/www.strategiesconsultingfirm.com\/wp-content\/uploads\/2017\/08\/women_empowerment.jpg 436w, http:\/\/www.strategiesconsultingfirm.com\/wp-content\/uploads\/2017\/08\/women_empowerment-300x171.jpg 300w\" sizes=\"(max-width: 436px) 100vw, 436px\"><\/figure>\n<div class=\"featured-image-desc\"><span><a href=\"http:\/\/www.strategiesconsultingfirm.com\/index.php\/portoflio\/womens-empowerment\/\"><i class=\"fa fa-plus\"><\/i><\/a><\/span><\/p>\n<div class=\"feature-inner-block\">\n<h3 class=\"feature-title-wrap\"><a href=\"http:\/\/www.strategiesconsultingfirm.com\/index.php\/portoflio\/womens-empowerment\/\">L&#8217;AUTONOMISATION DES FEMMES<\/a><\/h3>\n<h4 class=\"feature-desc-wrap\">STRATEGIES ! a une grande exp\u00e9rience du travail avec les organisations et les individus qui renforcent les capacit\u00e9s d&#8217;autonomisation des femmes. En tant qu&#8217;entreprise d\u00e9tenue et g\u00e9r\u00e9e par des femmes, [&#8230;]<\/h4>\n<\/div>\n<\/div>\n<\/div>\n<div class=\"tg-feature-product-widget element-item uxdesign tg-column-3 expertise \" data-category=\"expertise  \">\n<figure><img loading=\"lazy\" decoding=\"async\" width=\"400\" height=\"266\" src=\"http:\/\/www.strategiesconsultingfirm.com\/wp-content\/uploads\/2017\/02\/entrepreneurshiop_private_sector.jpg\" class=\"attachment-full size-full wp-post-image\" alt=\"\" srcset=\"http:\/\/www.strategiesconsultingfirm.com\/wp-content\/uploads\/2017\/02\/entrepreneurshiop_private_sector.jpg 400w, http:\/\/www.strategiesconsultingfirm.com\/wp-content\/uploads\/2017\/02\/entrepreneurshiop_private_sector-300x200.jpg 300w\" sizes=\"(max-width: 400px) 100vw, 400px\"><\/figure>\n<div class=\"featured-image-desc\"><span><a href=\"http:\/\/www.strategiesconsultingfirm.com\/index.php\/portoflio\/business-computing\/\"><i class=\"fa fa-plus\"><\/i><\/a><\/span><\/p>\n<div class=\"feature-inner-block\">\n<h3 class=\"feature-title-wrap\"><a href=\"http:\/\/www.strategiesconsultingfirm.com\/index.php\/portoflio\/business-computing\/\">L&#8217;ESPRIT D&#8217;ENTREPRISE ET LE SECTEUR PRIV\u00c9<\/a><\/h3>\n<h4 class=\"feature-desc-wrap\">STRATEGIES ! a une grande exp\u00e9rience de la collaboration avec les entrepreneurs individuels, les fondations de d\u00e9veloppement des entreprises et les agences gouvernementales dans le but de stimuler la croissance \u00e9conomique [&#8230;]<\/h4>\n<\/div>\n<\/div>\n<\/div>\n<\/div>\n<p><!-- \/.tg-column-wrapper--><\/div>\n<p><!-- \/.grid --><\/div>\n<p><!-- \/.tg-container --><\/div>\n<p><!-- \/.layout div --><\/div>\n<\/div>\n<\/div>\n<\/div>\n<\/div>\n","protected":false},"excerpt":{"rendered":"<p>CE QUE NOUS FAISONS Notre expertise D\u00c9CENTRALISATION PRISE DE PAROLE EN PUBLIC &#8221; Oser inventer l&#8217;avenir de l&#8217;Afrique &#8221; : KAH WALLA \u00e0 TEDxWarwick 2014 &nbsp; AGRICULTURE ET GESTION DES RESSOURCES NATURELLES STRATEGIES ! travaille en \u00e9troite collaboration avec les conseils locaux, les gouvernements nationaux et les organismes r\u00e9gionaux afin de d\u00e9terminer les meilleures pratiques<\/p>\n","protected":false},"author":4,"featured_media":0,"parent":0,"menu_order":0,"comment_status":"closed","ping_status":"closed","template":"page-templates\/pagebuilder.php","meta":{"_acf_changed":false,"footnotes":""},"class_list":["post-11586","page","type-page","status-publish","hentry"],"acf":[],"yoast_head":"<!-- This site is optimized with the Yoast SEO plugin v27.3 - https:\/\/yoast.com\/product\/yoast-seo-wordpress\/ -->\n<title>Notre expertise - STRATEGIES! Consulting Firm<\/title>\n<meta name=\"robots\" content=\"index, follow, max-snippet:-1, max-image-preview:large, max-video-preview:-1\" \/>\n<link rel=\"canonical\" href=\"https:\/\/strategiesconsultingfirm.com\/fr\/notre-expertise\/\" \/>\n<meta property=\"og:locale\" content=\"fr_FR\" \/>\n<meta property=\"og:type\" content=\"article\" \/>\n<meta property=\"og:title\" content=\"Notre expertise - STRATEGIES! Consulting Firm\" \/>\n<meta property=\"og:description\" content=\"CE QUE NOUS FAISONS Notre expertise D\u00c9CENTRALISATION PRISE DE PAROLE EN PUBLIC &#8221; Oser inventer l&#8217;avenir de l&#8217;Afrique &#8221; : KAH WALLA \u00e0 TEDxWarwick 2014 &nbsp; AGRICULTURE ET GESTION DES RESSOURCES NATURELLES STRATEGIES ! travaille en \u00e9troite collaboration avec les conseils locaux, les gouvernements nationaux et les organismes r\u00e9gionaux afin de d\u00e9terminer les meilleures pratiques\" \/>\n<meta property=\"og:url\" content=\"https:\/\/strategiesconsultingfirm.com\/fr\/notre-expertise\/\" \/>\n<meta property=\"og:site_name\" content=\"STRATEGIES! Consulting Firm\" \/>\n<meta property=\"article:publisher\" content=\"https:\/\/web.facebook.com\/cabinetstrategies\" \/>\n<meta property=\"article:modified_time\" content=\"2023-09-29T13:26:45+00:00\" \/>\n<meta property=\"og:image\" content=\"http:\/\/www.strategiesconsultingfirm.com\/wp-content\/uploads\/2017\/08\/decentralisation.png\" \/>\n<meta name=\"twitter:card\" content=\"summary_large_image\" \/>\n<meta name=\"twitter:site\" content=\"@Strategies_\" \/>\n<meta name=\"twitter:label1\" content=\"Dur\u00e9e de lecture estim\u00e9e\" \/>\n\t<meta name=\"twitter:data1\" content=\"1 minute\" \/>\n<script type=\"application\/ld+json\" class=\"yoast-schema-graph\">{\"@context\":\"https:\\\/\\\/schema.org\",\"@graph\":[{\"@type\":\"WebPage\",\"@id\":\"https:\\\/\\\/strategiesconsultingfirm.com\\\/fr\\\/notre-expertise\\\/\",\"url\":\"https:\\\/\\\/strategiesconsultingfirm.com\\\/fr\\\/notre-expertise\\\/\",\"name\":\"Notre expertise - STRATEGIES! Consulting Firm\",\"isPartOf\":{\"@id\":\"https:\\\/\\\/strategiesconsultingfirm.com\\\/#website\"},\"primaryImageOfPage\":{\"@id\":\"https:\\\/\\\/strategiesconsultingfirm.com\\\/fr\\\/notre-expertise\\\/#primaryimage\"},\"image\":{\"@id\":\"https:\\\/\\\/strategiesconsultingfirm.com\\\/fr\\\/notre-expertise\\\/#primaryimage\"},\"thumbnailUrl\":\"http:\\\/\\\/www.strategiesconsultingfirm.com\\\/wp-content\\\/uploads\\\/2017\\\/08\\\/decentralisation.png\",\"datePublished\":\"2017-08-15T10:46:50+00:00\",\"dateModified\":\"2023-09-29T13:26:45+00:00\",\"breadcrumb\":{\"@id\":\"https:\\\/\\\/strategiesconsultingfirm.com\\\/fr\\\/notre-expertise\\\/#breadcrumb\"},\"inLanguage\":\"fr-FR\",\"potentialAction\":[{\"@type\":\"ReadAction\",\"target\":[\"https:\\\/\\\/strategiesconsultingfirm.com\\\/fr\\\/notre-expertise\\\/\"]}]},{\"@type\":\"ImageObject\",\"inLanguage\":\"fr-FR\",\"@id\":\"https:\\\/\\\/strategiesconsultingfirm.com\\\/fr\\\/notre-expertise\\\/#primaryimage\",\"url\":\"http:\\\/\\\/www.strategiesconsultingfirm.com\\\/wp-content\\\/uploads\\\/2017\\\/08\\\/decentralisation.png\",\"contentUrl\":\"http:\\\/\\\/www.strategiesconsultingfirm.com\\\/wp-content\\\/uploads\\\/2017\\\/08\\\/decentralisation.png\"},{\"@type\":\"BreadcrumbList\",\"@id\":\"https:\\\/\\\/strategiesconsultingfirm.com\\\/fr\\\/notre-expertise\\\/#breadcrumb\",\"itemListElement\":[{\"@type\":\"ListItem\",\"position\":1,\"name\":\"Home\",\"item\":\"https:\\\/\\\/strategiesconsultingfirm.com\\\/fr\\\/accueil\\\/\"},{\"@type\":\"ListItem\",\"position\":2,\"name\":\"Notre expertise\"}]},{\"@type\":\"WebSite\",\"@id\":\"https:\\\/\\\/strategiesconsultingfirm.com\\\/#website\",\"url\":\"https:\\\/\\\/strategiesconsultingfirm.com\\\/\",\"name\":\"STRATEGIES! Consulting Firm\",\"description\":\"Your Reference in Leadership and Management\",\"publisher\":{\"@id\":\"https:\\\/\\\/strategiesconsultingfirm.com\\\/#organization\"},\"potentialAction\":[{\"@type\":\"SearchAction\",\"target\":{\"@type\":\"EntryPoint\",\"urlTemplate\":\"https:\\\/\\\/strategiesconsultingfirm.com\\\/?s={search_term_string}\"},\"query-input\":{\"@type\":\"PropertyValueSpecification\",\"valueRequired\":true,\"valueName\":\"search_term_string\"}}],\"inLanguage\":\"fr-FR\"},{\"@type\":\"Organization\",\"@id\":\"https:\\\/\\\/strategiesconsultingfirm.com\\\/#organization\",\"name\":\"STRATEGIES! Consulting Firm\",\"url\":\"https:\\\/\\\/strategiesconsultingfirm.com\\\/\",\"logo\":{\"@type\":\"ImageObject\",\"inLanguage\":\"fr-FR\",\"@id\":\"https:\\\/\\\/strategiesconsultingfirm.com\\\/#\\\/schema\\\/logo\\\/image\\\/\",\"url\":\"https:\\\/\\\/strategiesconsultingfirm.com\\\/wp-content\\\/uploads\\\/2023\\\/05\\\/Logo-STRATEGIES-Consulting.png\",\"contentUrl\":\"https:\\\/\\\/strategiesconsultingfirm.com\\\/wp-content\\\/uploads\\\/2023\\\/05\\\/Logo-STRATEGIES-Consulting.png\",\"width\":734,\"height\":229,\"caption\":\"STRATEGIES! Consulting Firm\"},\"image\":{\"@id\":\"https:\\\/\\\/strategiesconsultingfirm.com\\\/#\\\/schema\\\/logo\\\/image\\\/\"},\"sameAs\":[\"https:\\\/\\\/web.facebook.com\\\/cabinetstrategies\",\"https:\\\/\\\/x.com\\\/Strategies_\",\"https:\\\/\\\/www.linkedin.com\\\/company\\\/strategies-\\\/\"]}]}<\/script>\n<!-- \/ Yoast SEO plugin. -->","yoast_head_json":{"title":"Notre expertise - STRATEGIES! Consulting Firm","robots":{"index":"index","follow":"follow","max-snippet":"max-snippet:-1","max-image-preview":"max-image-preview:large","max-video-preview":"max-video-preview:-1"},"canonical":"https:\/\/strategiesconsultingfirm.com\/fr\/notre-expertise\/","og_locale":"fr_FR","og_type":"article","og_title":"Notre expertise - STRATEGIES! Consulting Firm","og_description":"CE QUE NOUS FAISONS Notre expertise D\u00c9CENTRALISATION PRISE DE PAROLE EN PUBLIC &#8221; Oser inventer l&#8217;avenir de l&#8217;Afrique &#8221; : KAH WALLA \u00e0 TEDxWarwick 2014 &nbsp; AGRICULTURE ET GESTION DES RESSOURCES NATURELLES STRATEGIES ! travaille en \u00e9troite collaboration avec les conseils locaux, les gouvernements nationaux et les organismes r\u00e9gionaux afin de d\u00e9terminer les meilleures pratiques","og_url":"https:\/\/strategiesconsultingfirm.com\/fr\/notre-expertise\/","og_site_name":"STRATEGIES! Consulting Firm","article_publisher":"https:\/\/web.facebook.com\/cabinetstrategies","article_modified_time":"2023-09-29T13:26:45+00:00","og_image":[{"url":"http:\/\/www.strategiesconsultingfirm.com\/wp-content\/uploads\/2017\/08\/decentralisation.png","type":"","width":"","height":""}],"twitter_card":"summary_large_image","twitter_site":"@Strategies_","twitter_misc":{"Dur\u00e9e de lecture estim\u00e9e":"1 minute"},"schema":{"@context":"https:\/\/schema.org","@graph":[{"@type":"WebPage","@id":"https:\/\/strategiesconsultingfirm.com\/fr\/notre-expertise\/","url":"https:\/\/strategiesconsultingfirm.com\/fr\/notre-expertise\/","name":"Notre expertise - STRATEGIES! Consulting Firm","isPartOf":{"@id":"https:\/\/strategiesconsultingfirm.com\/#website"},"primaryImageOfPage":{"@id":"https:\/\/strategiesconsultingfirm.com\/fr\/notre-expertise\/#primaryimage"},"image":{"@id":"https:\/\/strategiesconsultingfirm.com\/fr\/notre-expertise\/#primaryimage"},"thumbnailUrl":"http:\/\/www.strategiesconsultingfirm.com\/wp-content\/uploads\/2017\/08\/decentralisation.png","datePublished":"2017-08-15T10:46:50+00:00","dateModified":"2023-09-29T13:26:45+00:00","breadcrumb":{"@id":"https:\/\/strategiesconsultingfirm.com\/fr\/notre-expertise\/#breadcrumb"},"inLanguage":"fr-FR","potentialAction":[{"@type":"ReadAction","target":["https:\/\/strategiesconsultingfirm.com\/fr\/notre-expertise\/"]}]},{"@type":"ImageObject","inLanguage":"fr-FR","@id":"https:\/\/strategiesconsultingfirm.com\/fr\/notre-expertise\/#primaryimage","url":"http:\/\/www.strategiesconsultingfirm.com\/wp-content\/uploads\/2017\/08\/decentralisation.png","contentUrl":"http:\/\/www.strategiesconsultingfirm.com\/wp-content\/uploads\/2017\/08\/decentralisation.png"},{"@type":"BreadcrumbList","@id":"https:\/\/strategiesconsultingfirm.com\/fr\/notre-expertise\/#breadcrumb","itemListElement":[{"@type":"ListItem","position":1,"name":"Home","item":"https:\/\/strategiesconsultingfirm.com\/fr\/accueil\/"},{"@type":"ListItem","position":2,"name":"Notre expertise"}]},{"@type":"WebSite","@id":"https:\/\/strategiesconsultingfirm.com\/#website","url":"https:\/\/strategiesconsultingfirm.com\/","name":"STRATEGIES! Consulting Firm","description":"Your Reference in Leadership and Management","publisher":{"@id":"https:\/\/strategiesconsultingfirm.com\/#organization"},"potentialAction":[{"@type":"SearchAction","target":{"@type":"EntryPoint","urlTemplate":"https:\/\/strategiesconsultingfirm.com\/?s={search_term_string}"},"query-input":{"@type":"PropertyValueSpecification","valueRequired":true,"valueName":"search_term_string"}}],"inLanguage":"fr-FR"},{"@type":"Organization","@id":"https:\/\/strategiesconsultingfirm.com\/#organization","name":"STRATEGIES! Consulting Firm","url":"https:\/\/strategiesconsultingfirm.com\/","logo":{"@type":"ImageObject","inLanguage":"fr-FR","@id":"https:\/\/strategiesconsultingfirm.com\/#\/schema\/logo\/image\/","url":"https:\/\/strategiesconsultingfirm.com\/wp-content\/uploads\/2023\/05\/Logo-STRATEGIES-Consulting.png","contentUrl":"https:\/\/strategiesconsultingfirm.com\/wp-content\/uploads\/2023\/05\/Logo-STRATEGIES-Consulting.png","width":734,"height":229,"caption":"STRATEGIES! Consulting Firm"},"image":{"@id":"https:\/\/strategiesconsultingfirm.com\/#\/schema\/logo\/image\/"},"sameAs":["https:\/\/web.facebook.com\/cabinetstrategies","https:\/\/x.com\/Strategies_","https:\/\/www.linkedin.com\/company\/strategies-\/"]}]}},"_links":{"self":[{"href":"https:\/\/strategiesconsultingfirm.com\/fr\/wp-json\/wp\/v2\/pages\/11586","targetHints":{"allow":["GET"]}}],"collection":[{"href":"https:\/\/strategiesconsultingfirm.com\/fr\/wp-json\/wp\/v2\/pages"}],"about":[{"href":"https:\/\/strategiesconsultingfirm.com\/fr\/wp-json\/wp\/v2\/types\/page"}],"author":[{"embeddable":true,"href":"https:\/\/strategiesconsultingfirm.com\/fr\/wp-json\/wp\/v2\/users\/4"}],"replies":[{"embeddable":true,"href":"https:\/\/strategiesconsultingfirm.com\/fr\/wp-json\/wp\/v2\/comments?post=11586"}],"version-history":[{"count":1,"href":"https:\/\/strategiesconsultingfirm.com\/fr\/wp-json\/wp\/v2\/pages\/11586\/revisions"}],"predecessor-version":[{"id":11592,"href":"https:\/\/strategiesconsultingfirm.com\/fr\/wp-json\/wp\/v2\/pages\/11586\/revisions\/11592"}],"wp:attachment":[{"href":"https:\/\/strategiesconsultingfirm.com\/fr\/wp-json\/wp\/v2\/media?parent=11586"}],"curies":[{"name":"wp","href":"https:\/\/api.w.org\/{rel}","templated":true}]}}