{"id":11607,"date":"2023-07-07T23:42:00","date_gmt":"2023-07-07T22:42:00","guid":{"rendered":"https:\/\/strategiesconsultingfirm.com\/notre-expertise\/bonne-gouvernance\/"},"modified":"2024-01-05T19:58:06","modified_gmt":"2024-01-05T18:58:06","slug":"bonne-gouvernance","status":"publish","type":"page","link":"https:\/\/strategiesconsultingfirm.com\/fr\/notre-expertise\/bonne-gouvernance\/","title":{"rendered":"Bonne gouvernance"},"content":{"rendered":"\t\t<div data-elementor-type=\"wp-page\" data-elementor-id=\"11607\" class=\"elementor elementor-11607 elementor-9859\" data-elementor-post-type=\"page\">\n\t\t\t\t\t\t<section class=\"elementor-section elementor-top-section elementor-element elementor-element-f9c98b4 elementor-section-boxed elementor-section-height-default elementor-section-height-default\" data-id=\"f9c98b4\" data-element_type=\"section\" data-e-type=\"section\" data-settings=\"{&quot;background_background&quot;:&quot;classic&quot;}\">\n\t\t\t\t\t\t\t<div class=\"elementor-background-overlay\"><\/div>\n\t\t\t\t\t\t\t<div class=\"elementor-container elementor-column-gap-default\">\n\t\t\t\t\t<div class=\"elementor-column elementor-col-100 elementor-top-column elementor-element elementor-element-0321113\" data-id=\"0321113\" data-element_type=\"column\" data-e-type=\"column\" data-settings=\"{&quot;background_background&quot;:&quot;classic&quot;}\">\n\t\t\t<div class=\"elementor-widget-wrap elementor-element-populated\">\n\t\t\t\t\t<div class=\"elementor-background-overlay\"><\/div>\n\t\t\t\t\t\t<div class=\"elementor-element elementor-element-4b4e557 elementor-widget elementor-widget-spacer\" data-id=\"4b4e557\" data-element_type=\"widget\" data-e-type=\"widget\" data-widget_type=\"spacer.default\">\n\t\t\t\t<div class=\"elementor-widget-container\">\n\t\t\t\t\t\t\t<div class=\"elementor-spacer\">\n\t\t\t<div class=\"elementor-spacer-inner\"><\/div>\n\t\t<\/div>\n\t\t\t\t\t\t<\/div>\n\t\t\t\t<\/div>\n\t\t\t\t\t<\/div>\n\t\t<\/div>\n\t\t\t\t\t<\/div>\n\t\t<\/section>\n\t\t\t\t<section class=\"elementor-section elementor-top-section elementor-element elementor-element-7aa378a elementor-section-boxed elementor-section-height-default elementor-section-height-default\" data-id=\"7aa378a\" data-element_type=\"section\" data-e-type=\"section\">\n\t\t\t\t\t\t<div class=\"elementor-container elementor-column-gap-default\">\n\t\t\t\t\t<div class=\"elementor-column elementor-col-100 elementor-top-column elementor-element elementor-element-c5a4892\" data-id=\"c5a4892\" data-element_type=\"column\" data-e-type=\"column\">\n\t\t\t<div class=\"elementor-widget-wrap\">\n\t\t\t\t\t\t\t<\/div>\n\t\t<\/div>\n\t\t\t\t\t<\/div>\n\t\t<\/section>\n\t\t\t\t<section class=\"elementor-section elementor-top-section elementor-element elementor-element-87596d3 elementor-section-boxed elementor-section-height-default elementor-section-height-default\" data-id=\"87596d3\" data-element_type=\"section\" data-e-type=\"section\">\n\t\t\t\t\t\t<div class=\"elementor-container elementor-column-gap-default\">\n\t\t\t\t\t<div class=\"elementor-column elementor-col-100 elementor-top-column elementor-element elementor-element-2a6ae03\" data-id=\"2a6ae03\" data-element_type=\"column\" data-e-type=\"column\">\n\t\t\t<div class=\"elementor-widget-wrap elementor-element-populated\">\n\t\t\t\t\t\t<div class=\"elementor-element elementor-element-8a30b25 elementor-widget__width-initial elementor-widget elementor-widget-vc_custom_heading\" data-id=\"8a30b25\" data-element_type=\"widget\" data-e-type=\"widget\" data-widget_type=\"vc_custom_heading.default\">\n\t\t\t\t<div class=\"elementor-widget-container\">\n\t\t\t\t\t<div class=\" vc_custom_heading  consulting_heading_font  text_align_left\" ><h2 style=\"font-size: 42px;color: #141313;text-align: left\" class=\"consulting-custom-title\">Good Governance\n<\/h2><\/div>\t\t\t\t<\/div>\n\t\t\t\t<\/div>\n\t\t\t\t<div class=\"elementor-element elementor-element-b08f94e elementor-widget elementor-widget-text-editor\" data-id=\"b08f94e\" data-element_type=\"widget\" data-e-type=\"widget\" data-widget_type=\"text-editor.default\">\n\t\t\t\t<div class=\"elementor-widget-container\">\n\t\t\t\t\t\t\t\t\t<p>Depuis plus de vingt ans, <i>STRATEGIES ! <\/i>travaille avec des organismes locaux, r\u00e9gionaux et internationaux dans les domaines de la bonne gouvernance, de la r\u00e9solution des conflits, de la paix et de la s\u00e9curit\u00e9 et de la reconstruction post-conflit. Par notre travail, nous aidons les organisations \u00e0 d\u00e9velopper des strat\u00e9gies efficaces et innovantes pour relever les d\u00e9fis complexes de l&#8217;am\u00e9lioration de la gouvernance locale, nationale et r\u00e9gionale.<\/p>\n<\/p>\n<p>Notre expertise en mati\u00e8re de bonne gouvernance repose sur notre ma\u00eetrise de l&#8217;architecture des organismes internationaux et r\u00e9gionaux et sur une analyse approfondie des d\u00e9veloppements cl\u00e9s dans les contextes r\u00e9gionaux et nationaux.<\/p>\n\t\t\t\t\t\t\t\t<\/div>\n\t\t\t\t<\/div>\n\t\t\t\t<div class=\"elementor-element elementor-element-cc4136b elementor-widget__width-initial elementor-widget elementor-widget-vc_custom_heading\" data-id=\"cc4136b\" data-element_type=\"widget\" data-e-type=\"widget\" data-widget_type=\"vc_custom_heading.default\">\n\t\t\t\t<div class=\"elementor-widget-container\">\n\t\t\t\t\t<div class=\" vc_custom_heading  consulting_heading_font  text_align_left\" ><h2 style=\"font-size: 32px;color: #010066;text-align: left\" class=\"consulting-custom-title\">Examples of our work\n<\/h2><\/div>\t\t\t\t<\/div>\n\t\t\t\t<\/div>\n\t\t\t\t\t<\/div>\n\t\t<\/div>\n\t\t\t\t\t<\/div>\n\t\t<\/section>\n\t\t\t\t<section class=\"elementor-section elementor-top-section elementor-element elementor-element-75171fe elementor-section-boxed elementor-section-height-default elementor-section-height-default\" data-id=\"75171fe\" data-element_type=\"section\" data-e-type=\"section\">\n\t\t\t\t\t\t<div class=\"elementor-container elementor-column-gap-default\">\n\t\t\t\t\t<div class=\"elementor-column elementor-col-50 elementor-top-column elementor-element elementor-element-9a23bdc\" data-id=\"9a23bdc\" data-element_type=\"column\" data-e-type=\"column\">\n\t\t\t<div class=\"elementor-widget-wrap elementor-element-populated\">\n\t\t\t\t\t\t<div class=\"elementor-element elementor-element-dc77049 elementor-widget elementor-widget-image\" data-id=\"dc77049\" data-element_type=\"widget\" data-e-type=\"widget\" data-widget_type=\"image.default\">\n\t\t\t\t<div class=\"elementor-widget-container\">\n\t\t\t\t\t\t\t\t\t\t\t\t\t\t\t<img fetchpriority=\"high\" decoding=\"async\" width=\"640\" height=\"427\" src=\"https:\/\/strategiesconsultingfirm.com\/wp-content\/uploads\/2023\/07\/Governance-States.jpg\" class=\"attachment-large size-large wp-image-9865\" alt=\"\" srcset=\"https:\/\/strategiesconsultingfirm.com\/wp-content\/uploads\/2023\/07\/Governance-States.jpg 640w, https:\/\/strategiesconsultingfirm.com\/wp-content\/uploads\/2023\/07\/Governance-States-300x200.jpg 300w, https:\/\/strategiesconsultingfirm.com\/wp-content\/uploads\/2023\/07\/Governance-States-600x400.jpg 600w\" sizes=\"(max-width: 640px) 100vw, 640px\" \/>\t\t\t\t\t\t\t\t\t\t\t\t\t\t\t<\/div>\n\t\t\t\t<\/div>\n\t\t\t\t\t<\/div>\n\t\t<\/div>\n\t\t\t\t<div class=\"elementor-column elementor-col-50 elementor-top-column elementor-element elementor-element-685d2da\" data-id=\"685d2da\" data-element_type=\"column\" data-e-type=\"column\">\n\t\t\t<div class=\"elementor-widget-wrap elementor-element-populated\">\n\t\t\t\t\t\t<div class=\"elementor-element elementor-element-c7c00e1 elementor-widget elementor-widget-text-editor\" data-id=\"c7c00e1\" data-element_type=\"widget\" data-e-type=\"widget\" data-widget_type=\"text-editor.default\">\n\t\t\t\t<div class=\"elementor-widget-container\">\n\t\t\t\t\t\t\t\t\t<p>Notre travail dans le domaine de la bonne gouvernance vise \u00e0 :<\/p>\n<p>\u25cf Renforcer les cadres r\u00e9gionaux<\/p>\n<p>\u25cf Traduire les politiques internationales en cadres nationaux<\/p>\n<p>\u25cf Garantir des processus de r\u00e9forme nationaux<\/p>\n<p>\u25cf Am\u00e9liorer la gouvernance locale<\/p>\n<p>\u25cf Renforcement de l&#8217;\u00c9tat de droit<\/p>\n<p>\u25cf Construire le pouvoir du peuple (citoyens et organisations de base)<\/p>\n\t\t\t\t\t\t\t\t<\/div>\n\t\t\t\t<\/div>\n\t\t\t\t\t<\/div>\n\t\t<\/div>\n\t\t\t\t\t<\/div>\n\t\t<\/section>\n\t\t\t\t<\/div>\n\t\t","protected":false},"excerpt":{"rendered":"<p>Good Governance Depuis plus de vingt ans, STRATEGIES ! travaille avec des organismes locaux, r\u00e9gionaux et internationaux dans les domaines de la bonne gouvernance, de la r\u00e9solution des conflits, de la paix et de la s\u00e9curit\u00e9 et de la reconstruction post-conflit. Par notre travail, nous aidons les organisations \u00e0 d\u00e9velopper des strat\u00e9gies efficaces et innovantes<\/p>\n","protected":false},"author":1,"featured_media":0,"parent":11586,"menu_order":0,"comment_status":"closed","ping_status":"closed","template":"","meta":{"_acf_changed":false,"footnotes":""},"class_list":["post-11607","page","type-page","status-publish","hentry"],"acf":[],"yoast_head":"<!-- This site is optimized with the Yoast SEO plugin v27.3 - https:\/\/yoast.com\/product\/yoast-seo-wordpress\/ -->\n<title>Bonne gouvernance - STRATEGIES! Consulting Firm<\/title>\n<meta name=\"robots\" content=\"index, follow, max-snippet:-1, max-image-preview:large, max-video-preview:-1\" \/>\n<link rel=\"canonical\" href=\"https:\/\/strategiesconsultingfirm.com\/fr\/notre-expertise\/bonne-gouvernance\/\" \/>\n<meta property=\"og:locale\" content=\"fr_FR\" \/>\n<meta property=\"og:type\" content=\"article\" \/>\n<meta property=\"og:title\" content=\"Bonne gouvernance - STRATEGIES! Consulting Firm\" \/>\n<meta property=\"og:description\" content=\"Good Governance Depuis plus de vingt ans, STRATEGIES ! travaille avec des organismes locaux, r\u00e9gionaux et internationaux dans les domaines de la bonne gouvernance, de la r\u00e9solution des conflits, de la paix et de la s\u00e9curit\u00e9 et de la reconstruction post-conflit. Par notre travail, nous aidons les organisations \u00e0 d\u00e9velopper des strat\u00e9gies efficaces et innovantes\" \/>\n<meta property=\"og:url\" content=\"https:\/\/strategiesconsultingfirm.com\/fr\/notre-expertise\/bonne-gouvernance\/\" \/>\n<meta property=\"og:site_name\" content=\"STRATEGIES! Consulting Firm\" \/>\n<meta property=\"article:publisher\" content=\"https:\/\/web.facebook.com\/cabinetstrategies\" \/>\n<meta property=\"article:modified_time\" content=\"2024-01-05T18:58:06+00:00\" \/>\n<meta property=\"og:image\" content=\"https:\/\/strategiesconsultingfirm.com\/wp-content\/uploads\/2023\/07\/Governance-States.jpg\" \/>\n\t<meta property=\"og:image:width\" content=\"640\" \/>\n\t<meta property=\"og:image:height\" content=\"427\" \/>\n\t<meta property=\"og:image:type\" content=\"image\/jpeg\" \/>\n<meta name=\"twitter:card\" content=\"summary_large_image\" \/>\n<meta name=\"twitter:site\" content=\"@Strategies_\" \/>\n<meta name=\"twitter:label1\" content=\"Dur\u00e9e de lecture estim\u00e9e\" \/>\n\t<meta name=\"twitter:data1\" content=\"1 minute\" \/>\n<script type=\"application\/ld+json\" class=\"yoast-schema-graph\">{\"@context\":\"https:\\\/\\\/schema.org\",\"@graph\":[{\"@type\":\"WebPage\",\"@id\":\"https:\\\/\\\/strategiesconsultingfirm.com\\\/fr\\\/notre-expertise\\\/bonne-gouvernance\\\/\",\"url\":\"https:\\\/\\\/strategiesconsultingfirm.com\\\/fr\\\/notre-expertise\\\/bonne-gouvernance\\\/\",\"name\":\"Bonne gouvernance - STRATEGIES! Consulting Firm\",\"isPartOf\":{\"@id\":\"https:\\\/\\\/strategiesconsultingfirm.com\\\/#website\"},\"primaryImageOfPage\":{\"@id\":\"https:\\\/\\\/strategiesconsultingfirm.com\\\/fr\\\/notre-expertise\\\/bonne-gouvernance\\\/#primaryimage\"},\"image\":{\"@id\":\"https:\\\/\\\/strategiesconsultingfirm.com\\\/fr\\\/notre-expertise\\\/bonne-gouvernance\\\/#primaryimage\"},\"thumbnailUrl\":\"https:\\\/\\\/strategiesconsultingfirm.com\\\/wp-content\\\/uploads\\\/2023\\\/07\\\/Governance-States.jpg\",\"datePublished\":\"2023-07-07T22:42:00+00:00\",\"dateModified\":\"2024-01-05T18:58:06+00:00\",\"breadcrumb\":{\"@id\":\"https:\\\/\\\/strategiesconsultingfirm.com\\\/fr\\\/notre-expertise\\\/bonne-gouvernance\\\/#breadcrumb\"},\"inLanguage\":\"fr-FR\",\"potentialAction\":[{\"@type\":\"ReadAction\",\"target\":[\"https:\\\/\\\/strategiesconsultingfirm.com\\\/fr\\\/notre-expertise\\\/bonne-gouvernance\\\/\"]}]},{\"@type\":\"ImageObject\",\"inLanguage\":\"fr-FR\",\"@id\":\"https:\\\/\\\/strategiesconsultingfirm.com\\\/fr\\\/notre-expertise\\\/bonne-gouvernance\\\/#primaryimage\",\"url\":\"https:\\\/\\\/strategiesconsultingfirm.com\\\/wp-content\\\/uploads\\\/2023\\\/07\\\/Governance-States.jpg\",\"contentUrl\":\"https:\\\/\\\/strategiesconsultingfirm.com\\\/wp-content\\\/uploads\\\/2023\\\/07\\\/Governance-States.jpg\"},{\"@type\":\"BreadcrumbList\",\"@id\":\"https:\\\/\\\/strategiesconsultingfirm.com\\\/fr\\\/notre-expertise\\\/bonne-gouvernance\\\/#breadcrumb\",\"itemListElement\":[{\"@type\":\"ListItem\",\"position\":1,\"name\":\"Home\",\"item\":\"https:\\\/\\\/strategiesconsultingfirm.com\\\/fr\\\/accueil\\\/\"},{\"@type\":\"ListItem\",\"position\":2,\"name\":\"Notre expertise\",\"item\":\"https:\\\/\\\/strategiesconsultingfirm.com\\\/fr\\\/notre-expertise\\\/\"},{\"@type\":\"ListItem\",\"position\":3,\"name\":\"Bonne gouvernance\"}]},{\"@type\":\"WebSite\",\"@id\":\"https:\\\/\\\/strategiesconsultingfirm.com\\\/#website\",\"url\":\"https:\\\/\\\/strategiesconsultingfirm.com\\\/\",\"name\":\"STRATEGIES! Consulting Firm\",\"description\":\"Your Reference in Leadership and Management\",\"publisher\":{\"@id\":\"https:\\\/\\\/strategiesconsultingfirm.com\\\/#organization\"},\"potentialAction\":[{\"@type\":\"SearchAction\",\"target\":{\"@type\":\"EntryPoint\",\"urlTemplate\":\"https:\\\/\\\/strategiesconsultingfirm.com\\\/?s={search_term_string}\"},\"query-input\":{\"@type\":\"PropertyValueSpecification\",\"valueRequired\":true,\"valueName\":\"search_term_string\"}}],\"inLanguage\":\"fr-FR\"},{\"@type\":\"Organization\",\"@id\":\"https:\\\/\\\/strategiesconsultingfirm.com\\\/#organization\",\"name\":\"STRATEGIES! Consulting Firm\",\"url\":\"https:\\\/\\\/strategiesconsultingfirm.com\\\/\",\"logo\":{\"@type\":\"ImageObject\",\"inLanguage\":\"fr-FR\",\"@id\":\"https:\\\/\\\/strategiesconsultingfirm.com\\\/#\\\/schema\\\/logo\\\/image\\\/\",\"url\":\"https:\\\/\\\/strategiesconsultingfirm.com\\\/wp-content\\\/uploads\\\/2023\\\/05\\\/Logo-STRATEGIES-Consulting.png\",\"contentUrl\":\"https:\\\/\\\/strategiesconsultingfirm.com\\\/wp-content\\\/uploads\\\/2023\\\/05\\\/Logo-STRATEGIES-Consulting.png\",\"width\":734,\"height\":229,\"caption\":\"STRATEGIES! Consulting Firm\"},\"image\":{\"@id\":\"https:\\\/\\\/strategiesconsultingfirm.com\\\/#\\\/schema\\\/logo\\\/image\\\/\"},\"sameAs\":[\"https:\\\/\\\/web.facebook.com\\\/cabinetstrategies\",\"https:\\\/\\\/x.com\\\/Strategies_\",\"https:\\\/\\\/www.linkedin.com\\\/company\\\/strategies-\\\/\"]}]}<\/script>\n<!-- \/ Yoast SEO plugin. -->","yoast_head_json":{"title":"Bonne gouvernance - STRATEGIES! Consulting Firm","robots":{"index":"index","follow":"follow","max-snippet":"max-snippet:-1","max-image-preview":"max-image-preview:large","max-video-preview":"max-video-preview:-1"},"canonical":"https:\/\/strategiesconsultingfirm.com\/fr\/notre-expertise\/bonne-gouvernance\/","og_locale":"fr_FR","og_type":"article","og_title":"Bonne gouvernance - STRATEGIES! Consulting Firm","og_description":"Good Governance Depuis plus de vingt ans, STRATEGIES ! travaille avec des organismes locaux, r\u00e9gionaux et internationaux dans les domaines de la bonne gouvernance, de la r\u00e9solution des conflits, de la paix et de la s\u00e9curit\u00e9 et de la reconstruction post-conflit. Par notre travail, nous aidons les organisations \u00e0 d\u00e9velopper des strat\u00e9gies efficaces et innovantes","og_url":"https:\/\/strategiesconsultingfirm.com\/fr\/notre-expertise\/bonne-gouvernance\/","og_site_name":"STRATEGIES! Consulting Firm","article_publisher":"https:\/\/web.facebook.com\/cabinetstrategies","article_modified_time":"2024-01-05T18:58:06+00:00","og_image":[{"width":640,"height":427,"url":"https:\/\/strategiesconsultingfirm.com\/wp-content\/uploads\/2023\/07\/Governance-States.jpg","type":"image\/jpeg"}],"twitter_card":"summary_large_image","twitter_site":"@Strategies_","twitter_misc":{"Dur\u00e9e de lecture estim\u00e9e":"1 minute"},"schema":{"@context":"https:\/\/schema.org","@graph":[{"@type":"WebPage","@id":"https:\/\/strategiesconsultingfirm.com\/fr\/notre-expertise\/bonne-gouvernance\/","url":"https:\/\/strategiesconsultingfirm.com\/fr\/notre-expertise\/bonne-gouvernance\/","name":"Bonne gouvernance - STRATEGIES! Consulting Firm","isPartOf":{"@id":"https:\/\/strategiesconsultingfirm.com\/#website"},"primaryImageOfPage":{"@id":"https:\/\/strategiesconsultingfirm.com\/fr\/notre-expertise\/bonne-gouvernance\/#primaryimage"},"image":{"@id":"https:\/\/strategiesconsultingfirm.com\/fr\/notre-expertise\/bonne-gouvernance\/#primaryimage"},"thumbnailUrl":"https:\/\/strategiesconsultingfirm.com\/wp-content\/uploads\/2023\/07\/Governance-States.jpg","datePublished":"2023-07-07T22:42:00+00:00","dateModified":"2024-01-05T18:58:06+00:00","breadcrumb":{"@id":"https:\/\/strategiesconsultingfirm.com\/fr\/notre-expertise\/bonne-gouvernance\/#breadcrumb"},"inLanguage":"fr-FR","potentialAction":[{"@type":"ReadAction","target":["https:\/\/strategiesconsultingfirm.com\/fr\/notre-expertise\/bonne-gouvernance\/"]}]},{"@type":"ImageObject","inLanguage":"fr-FR","@id":"https:\/\/strategiesconsultingfirm.com\/fr\/notre-expertise\/bonne-gouvernance\/#primaryimage","url":"https:\/\/strategiesconsultingfirm.com\/wp-content\/uploads\/2023\/07\/Governance-States.jpg","contentUrl":"https:\/\/strategiesconsultingfirm.com\/wp-content\/uploads\/2023\/07\/Governance-States.jpg"},{"@type":"BreadcrumbList","@id":"https:\/\/strategiesconsultingfirm.com\/fr\/notre-expertise\/bonne-gouvernance\/#breadcrumb","itemListElement":[{"@type":"ListItem","position":1,"name":"Home","item":"https:\/\/strategiesconsultingfirm.com\/fr\/accueil\/"},{"@type":"ListItem","position":2,"name":"Notre expertise","item":"https:\/\/strategiesconsultingfirm.com\/fr\/notre-expertise\/"},{"@type":"ListItem","position":3,"name":"Bonne gouvernance"}]},{"@type":"WebSite","@id":"https:\/\/strategiesconsultingfirm.com\/#website","url":"https:\/\/strategiesconsultingfirm.com\/","name":"STRATEGIES! Consulting Firm","description":"Your Reference in Leadership and Management","publisher":{"@id":"https:\/\/strategiesconsultingfirm.com\/#organization"},"potentialAction":[{"@type":"SearchAction","target":{"@type":"EntryPoint","urlTemplate":"https:\/\/strategiesconsultingfirm.com\/?s={search_term_string}"},"query-input":{"@type":"PropertyValueSpecification","valueRequired":true,"valueName":"search_term_string"}}],"inLanguage":"fr-FR"},{"@type":"Organization","@id":"https:\/\/strategiesconsultingfirm.com\/#organization","name":"STRATEGIES! Consulting Firm","url":"https:\/\/strategiesconsultingfirm.com\/","logo":{"@type":"ImageObject","inLanguage":"fr-FR","@id":"https:\/\/strategiesconsultingfirm.com\/#\/schema\/logo\/image\/","url":"https:\/\/strategiesconsultingfirm.com\/wp-content\/uploads\/2023\/05\/Logo-STRATEGIES-Consulting.png","contentUrl":"https:\/\/strategiesconsultingfirm.com\/wp-content\/uploads\/2023\/05\/Logo-STRATEGIES-Consulting.png","width":734,"height":229,"caption":"STRATEGIES! Consulting Firm"},"image":{"@id":"https:\/\/strategiesconsultingfirm.com\/#\/schema\/logo\/image\/"},"sameAs":["https:\/\/web.facebook.com\/cabinetstrategies","https:\/\/x.com\/Strategies_","https:\/\/www.linkedin.com\/company\/strategies-\/"]}]}},"_links":{"self":[{"href":"https:\/\/strategiesconsultingfirm.com\/fr\/wp-json\/wp\/v2\/pages\/11607","targetHints":{"allow":["GET"]}}],"collection":[{"href":"https:\/\/strategiesconsultingfirm.com\/fr\/wp-json\/wp\/v2\/pages"}],"about":[{"href":"https:\/\/strategiesconsultingfirm.com\/fr\/wp-json\/wp\/v2\/types\/page"}],"author":[{"embeddable":true,"href":"https:\/\/strategiesconsultingfirm.com\/fr\/wp-json\/wp\/v2\/users\/1"}],"replies":[{"embeddable":true,"href":"https:\/\/strategiesconsultingfirm.com\/fr\/wp-json\/wp\/v2\/comments?post=11607"}],"version-history":[{"count":4,"href":"https:\/\/strategiesconsultingfirm.com\/fr\/wp-json\/wp\/v2\/pages\/11607\/revisions"}],"predecessor-version":[{"id":12788,"href":"https:\/\/strategiesconsultingfirm.com\/fr\/wp-json\/wp\/v2\/pages\/11607\/revisions\/12788"}],"up":[{"embeddable":true,"href":"https:\/\/strategiesconsultingfirm.com\/fr\/wp-json\/wp\/v2\/pages\/11586"}],"wp:attachment":[{"href":"https:\/\/strategiesconsultingfirm.com\/fr\/wp-json\/wp\/v2\/media?parent=11607"}],"curies":[{"name":"wp","href":"https:\/\/api.w.org\/{rel}","templated":true}]}}