{"id":11630,"date":"2023-07-07T23:59:00","date_gmt":"2023-07-07T22:59:00","guid":{"rendered":"https:\/\/strategiesconsultingfirm.com\/expertise\/genre-et-autonomisation-des-femmes\/"},"modified":"2023-09-29T14:58:13","modified_gmt":"2023-09-29T13:58:13","slug":"genre-et-autonomisation-des-femmes","status":"publish","type":"page","link":"https:\/\/strategiesconsultingfirm.com\/fr\/expertise\/genre-et-autonomisation-des-femmes\/","title":{"rendered":"Genre et autonomisation des femmes"},"content":{"rendered":"\t\t<div data-elementor-type=\"wp-page\" data-elementor-id=\"11630\" class=\"elementor elementor-11630 elementor-9874\" data-elementor-post-type=\"page\">\n\t\t\t\t\t\t<section class=\"elementor-section elementor-top-section elementor-element elementor-element-f9c98b4 elementor-section-boxed elementor-section-height-default elementor-section-height-default\" data-id=\"f9c98b4\" data-element_type=\"section\" data-e-type=\"section\" data-settings=\"{&quot;background_background&quot;:&quot;classic&quot;}\">\n\t\t\t\t\t\t\t<div class=\"elementor-background-overlay\"><\/div>\n\t\t\t\t\t\t\t<div class=\"elementor-container elementor-column-gap-default\">\n\t\t\t\t\t<div class=\"elementor-column elementor-col-100 elementor-top-column elementor-element elementor-element-0321113\" data-id=\"0321113\" data-element_type=\"column\" data-e-type=\"column\" data-settings=\"{&quot;background_background&quot;:&quot;classic&quot;}\">\n\t\t\t<div class=\"elementor-widget-wrap elementor-element-populated\">\n\t\t\t\t\t<div class=\"elementor-background-overlay\"><\/div>\n\t\t\t\t\t\t<div class=\"elementor-element elementor-element-4b4e557 elementor-widget elementor-widget-spacer\" data-id=\"4b4e557\" data-element_type=\"widget\" data-e-type=\"widget\" data-widget_type=\"spacer.default\">\n\t\t\t\t<div class=\"elementor-widget-container\">\n\t\t\t\t\t\t\t<div class=\"elementor-spacer\">\n\t\t\t<div class=\"elementor-spacer-inner\"><\/div>\n\t\t<\/div>\n\t\t\t\t\t\t<\/div>\n\t\t\t\t<\/div>\n\t\t\t\t\t<\/div>\n\t\t<\/div>\n\t\t\t\t\t<\/div>\n\t\t<\/section>\n\t\t\t\t<section class=\"elementor-section elementor-top-section elementor-element elementor-element-7aa378a elementor-section-boxed elementor-section-height-default elementor-section-height-default\" data-id=\"7aa378a\" data-element_type=\"section\" data-e-type=\"section\">\n\t\t\t\t\t\t<div class=\"elementor-container elementor-column-gap-default\">\n\t\t\t\t\t<div class=\"elementor-column elementor-col-100 elementor-top-column elementor-element elementor-element-c5a4892\" data-id=\"c5a4892\" data-element_type=\"column\" data-e-type=\"column\">\n\t\t\t<div class=\"elementor-widget-wrap\">\n\t\t\t\t\t\t\t<\/div>\n\t\t<\/div>\n\t\t\t\t\t<\/div>\n\t\t<\/section>\n\t\t\t\t<section class=\"elementor-section elementor-top-section elementor-element elementor-element-87596d3 elementor-section-boxed elementor-section-height-default elementor-section-height-default\" data-id=\"87596d3\" data-element_type=\"section\" data-e-type=\"section\">\n\t\t\t\t\t\t<div class=\"elementor-container elementor-column-gap-default\">\n\t\t\t\t\t<div class=\"elementor-column elementor-col-100 elementor-top-column elementor-element elementor-element-2a6ae03\" data-id=\"2a6ae03\" data-element_type=\"column\" data-e-type=\"column\">\n\t\t\t<div class=\"elementor-widget-wrap elementor-element-populated\">\n\t\t\t\t\t\t<div class=\"elementor-element elementor-element-8a30b25 elementor-widget__width-initial elementor-widget elementor-widget-vc_custom_heading\" data-id=\"8a30b25\" data-element_type=\"widget\" data-e-type=\"widget\" data-widget_type=\"vc_custom_heading.default\">\n\t\t\t\t<div class=\"elementor-widget-container\">\n\t\t\t\t\t<div class=\" vc_custom_heading  consulting_heading_font  text_align_left\" ><h2 style=\"font-size: 42px;color: #141313;text-align: left\" class=\"consulting-custom-title\">Gender & Women Empowerment \n<\/h2><\/div>\t\t\t\t<\/div>\n\t\t\t\t<\/div>\n\t\t\t\t<div class=\"elementor-element elementor-element-b08f94e elementor-widget elementor-widget-text-editor\" data-id=\"b08f94e\" data-element_type=\"widget\" data-e-type=\"widget\" data-widget_type=\"text-editor.default\">\n\t\t\t\t<div class=\"elementor-widget-container\">\n\t\t\t\t\t\t\t\t\t<p>STRATEGIES ! a une grande exp\u00e9rience du travail avec les organisations et les individus sur les questions de genre. En tant qu&#8217;entreprise d\u00e9tenue et g\u00e9r\u00e9e par des femmes, STRATEGIES est particuli\u00e8rement bien plac\u00e9e pour fournir un soutien cibl\u00e9 dans les domaines suivants : Leadership f\u00e9minin, budg\u00e9tisation sensible au genre, int\u00e9gration de la dimension de genre dans la mise en \u0153uvre des programmes et des proc\u00e9dures, outils et m\u00e9thodologies d&#8217;\u00e9valuation sensibles au genre.<\/p>\n\t\t\t\t\t\t\t\t<\/div>\n\t\t\t\t<\/div>\n\t\t\t\t<div class=\"elementor-element elementor-element-cc4136b elementor-widget__width-initial elementor-widget elementor-widget-vc_custom_heading\" data-id=\"cc4136b\" data-element_type=\"widget\" data-e-type=\"widget\" data-widget_type=\"vc_custom_heading.default\">\n\t\t\t\t<div class=\"elementor-widget-container\">\n\t\t\t\t\t<div class=\" vc_custom_heading  consulting_heading_font  text_align_left\" ><h2 style=\"font-size: 32px;color: #010066;text-align: left\" class=\"consulting-custom-title\">Examples of our work\n<\/h2><\/div>\t\t\t\t<\/div>\n\t\t\t\t<\/div>\n\t\t\t\t\t<\/div>\n\t\t<\/div>\n\t\t\t\t\t<\/div>\n\t\t<\/section>\n\t\t\t\t<section class=\"elementor-section elementor-top-section elementor-element elementor-element-75171fe elementor-section-boxed elementor-section-height-default elementor-section-height-default\" data-id=\"75171fe\" data-element_type=\"section\" data-e-type=\"section\">\n\t\t\t\t\t\t<div class=\"elementor-container elementor-column-gap-default\">\n\t\t\t\t\t<div class=\"elementor-column elementor-col-50 elementor-top-column elementor-element elementor-element-9a23bdc\" data-id=\"9a23bdc\" data-element_type=\"column\" data-e-type=\"column\">\n\t\t\t<div class=\"elementor-widget-wrap elementor-element-populated\">\n\t\t\t\t\t\t<div class=\"elementor-element elementor-element-dc77049 elementor-widget elementor-widget-image\" data-id=\"dc77049\" data-element_type=\"widget\" data-e-type=\"widget\" data-widget_type=\"image.default\">\n\t\t\t\t<div class=\"elementor-widget-container\">\n\t\t\t\t\t\t\t\t\t\t\t\t\t\t\t<img fetchpriority=\"high\" decoding=\"async\" width=\"640\" height=\"557\" src=\"https:\/\/strategiesconsultingfirm.com\/wp-content\/uploads\/2023\/07\/Equality.jpg\" class=\"attachment-large size-large wp-image-9883\" alt=\"\" srcset=\"https:\/\/strategiesconsultingfirm.com\/wp-content\/uploads\/2023\/07\/Equality.jpg 640w, https:\/\/strategiesconsultingfirm.com\/wp-content\/uploads\/2023\/07\/Equality-300x261.jpg 300w, https:\/\/strategiesconsultingfirm.com\/wp-content\/uploads\/2023\/07\/Equality-600x522.jpg 600w\" sizes=\"(max-width: 640px) 100vw, 640px\" \/>\t\t\t\t\t\t\t\t\t\t\t\t\t\t\t<\/div>\n\t\t\t\t<\/div>\n\t\t\t\t<div class=\"elementor-element elementor-element-a83582a elementor-widget elementor-widget-image\" data-id=\"a83582a\" data-element_type=\"widget\" data-e-type=\"widget\" data-widget_type=\"image.default\">\n\t\t\t\t<div class=\"elementor-widget-container\">\n\t\t\t\t\t\t\t\t\t\t\t\t\t\t\t<img decoding=\"async\" width=\"1024\" height=\"840\" src=\"https:\/\/strategiesconsultingfirm.com\/wp-content\/uploads\/2023\/07\/Women-in-Agriculture-1024x840.jpg\" class=\"attachment-large size-large wp-image-9885\" alt=\"\" srcset=\"https:\/\/strategiesconsultingfirm.com\/wp-content\/uploads\/2023\/07\/Women-in-Agriculture-1024x840.jpg 1024w, https:\/\/strategiesconsultingfirm.com\/wp-content\/uploads\/2023\/07\/Women-in-Agriculture-300x246.jpg 300w, https:\/\/strategiesconsultingfirm.com\/wp-content\/uploads\/2023\/07\/Women-in-Agriculture-768x630.jpg 768w, https:\/\/strategiesconsultingfirm.com\/wp-content\/uploads\/2023\/07\/Women-in-Agriculture-900x738.jpg 900w, https:\/\/strategiesconsultingfirm.com\/wp-content\/uploads\/2023\/07\/Women-in-Agriculture-600x492.jpg 600w, https:\/\/strategiesconsultingfirm.com\/wp-content\/uploads\/2023\/07\/Women-in-Agriculture.jpg 1092w\" sizes=\"(max-width: 1024px) 100vw, 1024px\" \/>\t\t\t\t\t\t\t\t\t\t\t\t\t\t\t<\/div>\n\t\t\t\t<\/div>\n\t\t\t\t\t<\/div>\n\t\t<\/div>\n\t\t\t\t<div class=\"elementor-column elementor-col-50 elementor-top-column elementor-element elementor-element-685d2da\" data-id=\"685d2da\" data-element_type=\"column\" data-e-type=\"column\">\n\t\t\t<div class=\"elementor-widget-wrap elementor-element-populated\">\n\t\t\t\t\t\t<div class=\"elementor-element elementor-element-821fbc9 elementor-widget elementor-widget-heading\" data-id=\"821fbc9\" data-element_type=\"widget\" data-e-type=\"widget\" data-widget_type=\"heading.default\">\n\t\t\t\t<div class=\"elementor-widget-container\">\n\t\t\t\t\t<h3 class=\"elementor-heading-title elementor-size-default\">Politique d'\u00e9galit\u00e9 entre les femmes et les hommes pour les gouvernements locaux<\/h3>\t\t\t\t<\/div>\n\t\t\t\t<\/div>\n\t\t\t\t<div class=\"elementor-element elementor-element-c7c00e1 elementor-widget elementor-widget-text-editor\" data-id=\"c7c00e1\" data-element_type=\"widget\" data-e-type=\"widget\" data-widget_type=\"text-editor.default\">\n\t\t\t\t<div class=\"elementor-widget-container\">\n\t\t\t\t\t\t\t\t\t<p>STRATEGIES ! a travaill\u00e9 avec les gouvernements locaux pour d\u00e9velopper l&#8217;int\u00e9gration de la dimension de genre dans les municipalit\u00e9s, y compris les pratiques d&#8217;embauche, la gestion de projets, la collecte de donn\u00e9es ventil\u00e9es par sexe et les programmes sp\u00e9cifiques pour les minorit\u00e9s.<\/p>\n\t\t\t\t\t\t\t\t<\/div>\n\t\t\t\t<\/div>\n\t\t\t\t<div class=\"elementor-element elementor-element-7273784 elementor-widget elementor-widget-heading\" data-id=\"7273784\" data-element_type=\"widget\" data-e-type=\"widget\" data-widget_type=\"heading.default\">\n\t\t\t\t<div class=\"elementor-widget-container\">\n\t\t\t\t\t<h3 class=\"elementor-heading-title elementor-size-default\">Int\u00e9gration de la dimension de genre dans les plans nationaux d'investissement dans l'agriculture<\/h3>\t\t\t\t<\/div>\n\t\t\t\t<\/div>\n\t\t\t\t<div class=\"elementor-element elementor-element-1c35825 elementor-widget elementor-widget-text-editor\" data-id=\"1c35825\" data-element_type=\"widget\" data-e-type=\"widget\" data-widget_type=\"text-editor.default\">\n\t\t\t\t<div class=\"elementor-widget-container\">\n\t\t\t\t\t\t\t\t\t<p>STRATEGIES !, en partenariat avec la Coop\u00e9ration allemande au d\u00e9veloppement (GIZ), a soutenu les minist\u00e8res de l&#8217;Agriculture de Namibie et de Zambie dans la r\u00e9alisation d&#8217;un voyage d&#8217;\u00e9tude pour apprendre les meilleures pratiques du Rwanda et am\u00e9liorer l&#8217;int\u00e9gration de la dimension de genre dans leurs PNIA.<\/p>\n\t\t\t\t\t\t\t\t<\/div>\n\t\t\t\t<\/div>\n\t\t\t\t<div class=\"elementor-element elementor-element-3366d9a elementor-widget elementor-widget-heading\" data-id=\"3366d9a\" data-element_type=\"widget\" data-e-type=\"widget\" data-widget_type=\"heading.default\">\n\t\t\t\t<div class=\"elementor-widget-container\">\n\t\t\t\t\t<h3 class=\"elementor-heading-title elementor-size-default\">Conf\u00e9rence internationale sur la r\u00e9gion des Grands Lacs<\/h3>\t\t\t\t<\/div>\n\t\t\t\t<\/div>\n\t\t\t\t<div class=\"elementor-element elementor-element-1a92512 elementor-widget elementor-widget-text-editor\" data-id=\"1a92512\" data-element_type=\"widget\" data-e-type=\"widget\" data-widget_type=\"text-editor.default\">\n\t\t\t\t<div class=\"elementor-widget-container\">\n\t\t\t\t\t\t\t\t\t<p>STRATEGIES ! a travaill\u00e9 avec le secr\u00e9tariat ex\u00e9cutif de la CIRGL, une organisation de 12 \u00c9tats membres, pour am\u00e9liorer et rationaliser les pratiques d&#8217;int\u00e9gration de la dimension de genre dans les protocoles et les programmes de l&#8217;organisation.<\/p>\n\t\t\t\t\t\t\t\t<\/div>\n\t\t\t\t<\/div>\n\t\t\t\t\t<\/div>\n\t\t<\/div>\n\t\t\t\t\t<\/div>\n\t\t<\/section>\n\t\t\t\t<section class=\"elementor-section elementor-top-section elementor-element elementor-element-7ee8dd6 elementor-section-boxed elementor-section-height-default elementor-section-height-default\" data-id=\"7ee8dd6\" data-element_type=\"section\" data-e-type=\"section\">\n\t\t\t\t\t\t<div class=\"elementor-container elementor-column-gap-default\">\n\t\t\t\t\t<div class=\"elementor-column elementor-col-100 elementor-top-column elementor-element elementor-element-f7be5e5\" data-id=\"f7be5e5\" data-element_type=\"column\" data-e-type=\"column\">\n\t\t\t<div class=\"elementor-widget-wrap elementor-element-populated\">\n\t\t\t\t\t\t<div class=\"elementor-element elementor-element-d227e21 elementor-widget elementor-widget-spacer\" data-id=\"d227e21\" data-element_type=\"widget\" data-e-type=\"widget\" data-widget_type=\"spacer.default\">\n\t\t\t\t<div class=\"elementor-widget-container\">\n\t\t\t\t\t\t\t<div class=\"elementor-spacer\">\n\t\t\t<div class=\"elementor-spacer-inner\"><\/div>\n\t\t<\/div>\n\t\t\t\t\t\t<\/div>\n\t\t\t\t<\/div>\n\t\t\t\t\t<\/div>\n\t\t<\/div>\n\t\t\t\t\t<\/div>\n\t\t<\/section>\n\t\t\t\t<\/div>\n\t\t","protected":false},"excerpt":{"rendered":"<p>Gender &#038; Women Empowerment STRATEGIES ! a une grande exp\u00e9rience du travail avec les organisations et les individus sur les questions de genre. En tant qu&#8217;entreprise d\u00e9tenue et g\u00e9r\u00e9e par des femmes, STRATEGIES est particuli\u00e8rement bien plac\u00e9e pour fournir un soutien cibl\u00e9 dans les domaines suivants : Leadership f\u00e9minin, budg\u00e9tisation sensible au genre, int\u00e9gration de<\/p>\n","protected":false},"author":1,"featured_media":0,"parent":11620,"menu_order":0,"comment_status":"closed","ping_status":"closed","template":"","meta":{"_acf_changed":false,"footnotes":""},"class_list":["post-11630","page","type-page","status-publish","hentry"],"acf":[],"_links":{"self":[{"href":"https:\/\/strategiesconsultingfirm.com\/fr\/wp-json\/wp\/v2\/pages\/11630","targetHints":{"allow":["GET"]}}],"collection":[{"href":"https:\/\/strategiesconsultingfirm.com\/fr\/wp-json\/wp\/v2\/pages"}],"about":[{"href":"https:\/\/strategiesconsultingfirm.com\/fr\/wp-json\/wp\/v2\/types\/page"}],"author":[{"embeddable":true,"href":"https:\/\/strategiesconsultingfirm.com\/fr\/wp-json\/wp\/v2\/users\/1"}],"replies":[{"embeddable":true,"href":"https:\/\/strategiesconsultingfirm.com\/fr\/wp-json\/wp\/v2\/comments?post=11630"}],"version-history":[{"count":1,"href":"https:\/\/strategiesconsultingfirm.com\/fr\/wp-json\/wp\/v2\/pages\/11630\/revisions"}],"predecessor-version":[{"id":11634,"href":"https:\/\/strategiesconsultingfirm.com\/fr\/wp-json\/wp\/v2\/pages\/11630\/revisions\/11634"}],"up":[{"embeddable":true,"href":"https:\/\/strategiesconsultingfirm.com\/fr\/wp-json\/wp\/v2\/pages\/11620"}],"wp:attachment":[{"href":"https:\/\/strategiesconsultingfirm.com\/fr\/wp-json\/wp\/v2\/media?parent=11630"}],"curies":[{"name":"wp","href":"https:\/\/api.w.org\/{rel}","templated":true}]}}