{"id":11635,"date":"2023-07-10T19:47:28","date_gmt":"2023-07-10T18:47:28","guid":{"rendered":"https:\/\/strategiesconsultingfirm.com\/expertise\/exploitation-miniere\/"},"modified":"2023-10-17T22:56:30","modified_gmt":"2023-10-17T21:56:30","slug":"exploitation-miniere","status":"publish","type":"page","link":"https:\/\/strategiesconsultingfirm.com\/fr\/expertise\/exploitation-miniere\/","title":{"rendered":"Exploitation mini\u00e8re"},"content":{"rendered":"\t\t<div data-elementor-type=\"wp-page\" data-elementor-id=\"11635\" class=\"elementor elementor-11635 elementor-9939\" data-elementor-post-type=\"page\">\n\t\t\t\t\t\t<section class=\"elementor-section elementor-top-section elementor-element elementor-element-f9c98b4 elementor-section-boxed elementor-section-height-default elementor-section-height-default\" data-id=\"f9c98b4\" data-element_type=\"section\" data-e-type=\"section\" data-settings=\"{&quot;background_background&quot;:&quot;classic&quot;}\">\n\t\t\t\t\t\t\t<div class=\"elementor-background-overlay\"><\/div>\n\t\t\t\t\t\t\t<div class=\"elementor-container elementor-column-gap-default\">\n\t\t\t\t\t<div class=\"elementor-column elementor-col-100 elementor-top-column elementor-element elementor-element-0321113\" data-id=\"0321113\" data-element_type=\"column\" data-e-type=\"column\" data-settings=\"{&quot;background_background&quot;:&quot;classic&quot;}\">\n\t\t\t<div class=\"elementor-widget-wrap elementor-element-populated\">\n\t\t\t\t\t<div class=\"elementor-background-overlay\"><\/div>\n\t\t\t\t\t\t<div class=\"elementor-element elementor-element-4b4e557 elementor-widget elementor-widget-spacer\" data-id=\"4b4e557\" data-element_type=\"widget\" data-e-type=\"widget\" data-widget_type=\"spacer.default\">\n\t\t\t\t<div class=\"elementor-widget-container\">\n\t\t\t\t\t\t\t<div class=\"elementor-spacer\">\n\t\t\t<div class=\"elementor-spacer-inner\"><\/div>\n\t\t<\/div>\n\t\t\t\t\t\t<\/div>\n\t\t\t\t<\/div>\n\t\t\t\t\t<\/div>\n\t\t<\/div>\n\t\t\t\t\t<\/div>\n\t\t<\/section>\n\t\t\t\t<section class=\"elementor-section elementor-top-section elementor-element elementor-element-7aa378a elementor-section-boxed elementor-section-height-default elementor-section-height-default\" data-id=\"7aa378a\" data-element_type=\"section\" data-e-type=\"section\">\n\t\t\t\t\t\t<div class=\"elementor-container elementor-column-gap-default\">\n\t\t\t\t\t<div class=\"elementor-column elementor-col-100 elementor-top-column elementor-element elementor-element-c5a4892\" data-id=\"c5a4892\" data-element_type=\"column\" data-e-type=\"column\">\n\t\t\t<div class=\"elementor-widget-wrap\">\n\t\t\t\t\t\t\t<\/div>\n\t\t<\/div>\n\t\t\t\t\t<\/div>\n\t\t<\/section>\n\t\t\t\t<section class=\"elementor-section elementor-top-section elementor-element elementor-element-87596d3 elementor-section-boxed elementor-section-height-default elementor-section-height-default\" data-id=\"87596d3\" data-element_type=\"section\" data-e-type=\"section\">\n\t\t\t\t\t\t<div class=\"elementor-container elementor-column-gap-default\">\n\t\t\t\t\t<div class=\"elementor-column elementor-col-100 elementor-top-column elementor-element elementor-element-2a6ae03\" data-id=\"2a6ae03\" data-element_type=\"column\" data-e-type=\"column\">\n\t\t\t<div class=\"elementor-widget-wrap elementor-element-populated\">\n\t\t\t\t\t\t<div class=\"elementor-element elementor-element-8a30b25 elementor-widget__width-initial elementor-widget elementor-widget-vc_custom_heading\" data-id=\"8a30b25\" data-element_type=\"widget\" data-e-type=\"widget\" data-widget_type=\"vc_custom_heading.default\">\n\t\t\t\t<div class=\"elementor-widget-container\">\n\t\t\t\t\t<div class=\" vc_custom_heading  consulting_heading_font  text_align_left\" ><h2 style=\"font-size: 42px;color: #141313;text-align: left\" class=\"consulting-custom-title\">Mining & Natural Resource Gouvernance\n<\/h2><\/div>\t\t\t\t<\/div>\n\t\t\t\t<\/div>\n\t\t\t\t<div class=\"elementor-element elementor-element-b08f94e elementor-widget elementor-widget-text-editor\" data-id=\"b08f94e\" data-element_type=\"widget\" data-e-type=\"widget\" data-widget_type=\"text-editor.default\">\n\t\t\t\t<div class=\"elementor-widget-container\">\n\t\t\t\t\t\t\t\t\t<p>Dans le secteur minier, STRATEGIES ! vise \u00e0 renforcer le d\u00e9veloppement \u00e9conomique durable dans le secteur minier. Nos services dans le secteur minier comprennent l&#8217;am\u00e9lioration de la gouvernance mini\u00e8re, le renforcement de la croissance \u00e9conomique et l&#8217;int\u00e9gration de la dimension de genre dans le secteur minier.<\/p>\n\t\t\t\t\t\t\t\t<\/div>\n\t\t\t\t<\/div>\n\t\t\t\t<div class=\"elementor-element elementor-element-65bc355 elementor-invisible elementor-widget elementor-widget-image\" data-id=\"65bc355\" data-element_type=\"widget\" data-e-type=\"widget\" data-settings=\"{&quot;_animation&quot;:&quot;fadeIn&quot;}\" data-widget_type=\"image.default\">\n\t\t\t\t<div class=\"elementor-widget-container\">\n\t\t\t\t\t\t\t\t\t\t\t\t\t\t\t<img fetchpriority=\"high\" decoding=\"async\" width=\"1024\" height=\"576\" src=\"https:\/\/strategiesconsultingfirm.com\/wp-content\/uploads\/2023\/07\/STRATEGIES-Mining-Services--1024x576.png\" class=\"attachment-large size-large wp-image-9951\" alt=\"\" srcset=\"https:\/\/strategiesconsultingfirm.com\/wp-content\/uploads\/2023\/07\/STRATEGIES-Mining-Services--1024x576.png 1024w, https:\/\/strategiesconsultingfirm.com\/wp-content\/uploads\/2023\/07\/STRATEGIES-Mining-Services--300x169.png 300w, https:\/\/strategiesconsultingfirm.com\/wp-content\/uploads\/2023\/07\/STRATEGIES-Mining-Services--768x432.png 768w, https:\/\/strategiesconsultingfirm.com\/wp-content\/uploads\/2023\/07\/STRATEGIES-Mining-Services--1536x864.png 1536w, https:\/\/strategiesconsultingfirm.com\/wp-content\/uploads\/2023\/07\/STRATEGIES-Mining-Services--2048x1152.png 2048w, https:\/\/strategiesconsultingfirm.com\/wp-content\/uploads\/2023\/07\/STRATEGIES-Mining-Services--900x506.png 900w, https:\/\/strategiesconsultingfirm.com\/wp-content\/uploads\/2023\/07\/STRATEGIES-Mining-Services--600x338.png 600w\" sizes=\"(max-width: 1024px) 100vw, 1024px\" \/>\t\t\t\t\t\t\t\t\t\t\t\t\t\t\t<\/div>\n\t\t\t\t<\/div>\n\t\t\t\t<div class=\"elementor-element elementor-element-cc4136b elementor-widget__width-initial elementor-widget elementor-widget-vc_custom_heading\" data-id=\"cc4136b\" data-element_type=\"widget\" data-e-type=\"widget\" data-widget_type=\"vc_custom_heading.default\">\n\t\t\t\t<div class=\"elementor-widget-container\">\n\t\t\t\t\t<div class=\" vc_custom_heading  consulting_heading_font  text_align_left\" ><h2 style=\"font-size: 32px;color: #010066;text-align: left\" class=\"consulting-custom-title\">Examples of our work\n<\/h2><\/div>\t\t\t\t<\/div>\n\t\t\t\t<\/div>\n\t\t\t\t\t<\/div>\n\t\t<\/div>\n\t\t\t\t\t<\/div>\n\t\t<\/section>\n\t\t\t\t<section class=\"elementor-section elementor-top-section elementor-element elementor-element-75171fe elementor-section-boxed elementor-section-height-default elementor-section-height-default\" data-id=\"75171fe\" data-element_type=\"section\" data-e-type=\"section\">\n\t\t\t\t\t\t<div class=\"elementor-container elementor-column-gap-default\">\n\t\t\t\t\t<div class=\"elementor-column elementor-col-50 elementor-top-column elementor-element elementor-element-9a23bdc\" data-id=\"9a23bdc\" data-element_type=\"column\" data-e-type=\"column\" data-settings=\"{&quot;background_background&quot;:&quot;classic&quot;}\">\n\t\t\t<div class=\"elementor-widget-wrap\">\n\t\t\t\t\t\t\t<\/div>\n\t\t<\/div>\n\t\t\t\t<div class=\"elementor-column elementor-col-50 elementor-top-column elementor-element elementor-element-685d2da\" data-id=\"685d2da\" data-element_type=\"column\" data-e-type=\"column\">\n\t\t\t<div class=\"elementor-widget-wrap elementor-element-populated\">\n\t\t\t\t\t\t<div class=\"elementor-element elementor-element-821fbc9 elementor-widget elementor-widget-heading\" data-id=\"821fbc9\" data-element_type=\"widget\" data-e-type=\"widget\" data-widget_type=\"heading.default\">\n\t\t\t\t<div class=\"elementor-widget-container\">\n\t\t\t\t\t<h3 class=\"elementor-heading-title elementor-size-default\">Garantir l'efficacit\u00e9 des m\u00e9canismes de certification mini\u00e8re<\/h3>\t\t\t\t<\/div>\n\t\t\t\t<\/div>\n\t\t\t\t<div class=\"elementor-element elementor-element-c7c00e1 elementor-widget elementor-widget-text-editor\" data-id=\"c7c00e1\" data-element_type=\"widget\" data-e-type=\"widget\" data-widget_type=\"text-editor.default\">\n\t\t\t\t<div class=\"elementor-widget-container\">\n\t\t\t\t\t\t\t\t\t<p><span class=\"fontstyle0\">Depuis 2014, <\/span><span class=\"fontstyle2\">STRAT\u00c9GIES ! <\/span><span class=\"fontstyle0\">a travaill\u00e9 avec la CIRGL et ses partenaires sur un m\u00e9canisme de certification r\u00e9gional pour 12 \u00c9tats membres de la r\u00e9gion des Grands Lacs.<\/span><\/p>\n<p><span class=\"fontstyle3\">\u25aa <\/span><span class=\"fontstyle0\">\u00c9laboration de plans op\u00e9rationnels conjoints<\/span><\/p>\n<p><span class=\"fontstyle3\">\u25aa <\/span><span class=\"fontstyle0\">Cr\u00e9er une synergie entre les principales parties prenantes <\/span> <\/p>\n<p><span class=\"fontstyle3\">\u25aa <\/span><span class=\"fontstyle0\">D\u00e9finir les meilleures pratiques et les enseignements tir\u00e9s de l&#8217;initiative pour la transparence des industries extractives (ITIE).<\/span> <\/p>\n\t\t\t\t\t\t\t\t<\/div>\n\t\t\t\t<\/div>\n\t\t\t\t\t<\/div>\n\t\t<\/div>\n\t\t\t\t\t<\/div>\n\t\t<\/section>\n\t\t\t\t<section class=\"elementor-section elementor-top-section elementor-element elementor-element-7ee8dd6 elementor-section-boxed elementor-section-height-default elementor-section-height-default\" data-id=\"7ee8dd6\" data-element_type=\"section\" data-e-type=\"section\">\n\t\t\t\t\t\t<div class=\"elementor-container elementor-column-gap-default\">\n\t\t\t\t\t<div class=\"elementor-column elementor-col-100 elementor-top-column elementor-element elementor-element-f7be5e5\" data-id=\"f7be5e5\" data-element_type=\"column\" data-e-type=\"column\">\n\t\t\t<div class=\"elementor-widget-wrap elementor-element-populated\">\n\t\t\t\t\t\t<div class=\"elementor-element elementor-element-d227e21 elementor-widget elementor-widget-spacer\" data-id=\"d227e21\" data-element_type=\"widget\" data-e-type=\"widget\" data-widget_type=\"spacer.default\">\n\t\t\t\t<div class=\"elementor-widget-container\">\n\t\t\t\t\t\t\t<div class=\"elementor-spacer\">\n\t\t\t<div class=\"elementor-spacer-inner\"><\/div>\n\t\t<\/div>\n\t\t\t\t\t\t<\/div>\n\t\t\t\t<\/div>\n\t\t\t\t\t<\/div>\n\t\t<\/div>\n\t\t\t\t\t<\/div>\n\t\t<\/section>\n\t\t\t\t<section class=\"elementor-section elementor-top-section elementor-element elementor-element-bca96fd elementor-section-boxed elementor-section-height-default elementor-section-height-default\" data-id=\"bca96fd\" data-element_type=\"section\" data-e-type=\"section\">\n\t\t\t\t\t\t<div class=\"elementor-container elementor-column-gap-default\">\n\t\t\t\t\t<div class=\"elementor-column elementor-col-50 elementor-top-column elementor-element elementor-element-b6d3650\" data-id=\"b6d3650\" data-element_type=\"column\" data-e-type=\"column\" data-settings=\"{&quot;background_background&quot;:&quot;classic&quot;}\">\n\t\t\t<div class=\"elementor-widget-wrap elementor-element-populated\">\n\t\t\t\t\t\t<div class=\"elementor-element elementor-element-1f027e2 elementor-widget elementor-widget-image\" data-id=\"1f027e2\" data-element_type=\"widget\" data-e-type=\"widget\" data-widget_type=\"image.default\">\n\t\t\t\t<div class=\"elementor-widget-container\">\n\t\t\t\t\t\t\t\t\t\t\t\t\t\t\t<img decoding=\"async\" width=\"800\" height=\"806\" src=\"https:\/\/strategiesconsultingfirm.com\/wp-content\/uploads\/2023\/07\/Coat_of_arms_of_Burundi.svg.png\" class=\"attachment-large size-large wp-image-9953\" alt=\"\" srcset=\"https:\/\/strategiesconsultingfirm.com\/wp-content\/uploads\/2023\/07\/Coat_of_arms_of_Burundi.svg.png 800w, https:\/\/strategiesconsultingfirm.com\/wp-content\/uploads\/2023\/07\/Coat_of_arms_of_Burundi.svg-298x300.png 298w, https:\/\/strategiesconsultingfirm.com\/wp-content\/uploads\/2023\/07\/Coat_of_arms_of_Burundi.svg-150x150.png 150w, https:\/\/strategiesconsultingfirm.com\/wp-content\/uploads\/2023\/07\/Coat_of_arms_of_Burundi.svg-768x774.png 768w, https:\/\/strategiesconsultingfirm.com\/wp-content\/uploads\/2023\/07\/Coat_of_arms_of_Burundi.svg-50x50.png 50w, https:\/\/strategiesconsultingfirm.com\/wp-content\/uploads\/2023\/07\/Coat_of_arms_of_Burundi.svg-600x605.png 600w, https:\/\/strategiesconsultingfirm.com\/wp-content\/uploads\/2023\/07\/Coat_of_arms_of_Burundi.svg-100x100.png 100w\" sizes=\"(max-width: 800px) 100vw, 800px\" \/>\t\t\t\t\t\t\t\t\t\t\t\t\t\t\t<\/div>\n\t\t\t\t<\/div>\n\t\t\t\t\t<\/div>\n\t\t<\/div>\n\t\t\t\t<div class=\"elementor-column elementor-col-50 elementor-top-column elementor-element elementor-element-e74528e\" data-id=\"e74528e\" data-element_type=\"column\" data-e-type=\"column\">\n\t\t\t<div class=\"elementor-widget-wrap elementor-element-populated\">\n\t\t\t\t\t\t<div class=\"elementor-element elementor-element-f895766 elementor-widget elementor-widget-heading\" data-id=\"f895766\" data-element_type=\"widget\" data-e-type=\"widget\" data-widget_type=\"heading.default\">\n\t\t\t\t<div class=\"elementor-widget-container\">\n\t\t\t\t\t<h3 class=\"elementor-heading-title elementor-size-default\">Renforcer les cadres miniers nationaux<\/h3>\t\t\t\t<\/div>\n\t\t\t\t<\/div>\n\t\t\t\t<div class=\"elementor-element elementor-element-8825fb7 elementor-widget elementor-widget-text-editor\" data-id=\"8825fb7\" data-element_type=\"widget\" data-e-type=\"widget\" data-widget_type=\"text-editor.default\">\n\t\t\t\t<div class=\"elementor-widget-container\">\n\t\t\t\t\t\t\t\t\t<p><span class=\"fontstyle0\">STRAT\u00c9GIES ! <\/span><span class=\"fontstyle2\">a collabor\u00e9 avec le minist\u00e8re des mines du Burundi pour am\u00e9liorer le cadre minier.<\/span><\/p>\n<p><span class=\"fontstyle3\">\u25aa <\/span><span class=\"fontstyle2\">Appui \u00e0 la r\u00e9daction du code minier<\/span><\/p>\n<p><span class=\"fontstyle3\">\u25aa <\/span><span class=\"fontstyle2\">Restructurer le minist\u00e8re des mines pour une gestion efficace des <\/span><span class=\"fontstyle2\">revenus miniers<\/span><\/p>\n<p><span class=\"fontstyle3\">\u25aa <\/span><span class=\"fontstyle2\">D\u00e9veloppement d&#8217;un plan op\u00e9rationnel commun pour am\u00e9liorer la synergie <\/span><span class=\"fontstyle2\">entre les principales parties prenantes du secteur minier au Burundi.<\/span><\/p>\n\t\t\t\t\t\t\t\t<\/div>\n\t\t\t\t<\/div>\n\t\t\t\t\t<\/div>\n\t\t<\/div>\n\t\t\t\t\t<\/div>\n\t\t<\/section>\n\t\t\t\t<\/div>\n\t\t","protected":false},"excerpt":{"rendered":"<p>Mining &#038; Natural Resource Gouvernance Dans le secteur minier, STRATEGIES ! vise \u00e0 renforcer le d\u00e9veloppement \u00e9conomique durable dans le secteur minier. Nos services dans le secteur minier comprennent l&#8217;am\u00e9lioration de la gouvernance mini\u00e8re, le renforcement de la croissance \u00e9conomique et l&#8217;int\u00e9gration de la dimension de genre dans le secteur minier. Examples of our work<\/p>\n","protected":false},"author":1,"featured_media":0,"parent":11620,"menu_order":0,"comment_status":"closed","ping_status":"closed","template":"","meta":{"_acf_changed":false,"footnotes":""},"class_list":["post-11635","page","type-page","status-publish","hentry"],"acf":[],"yoast_head":"<!-- This site is optimized with the Yoast SEO plugin v27.3 - https:\/\/yoast.com\/product\/yoast-seo-wordpress\/ -->\n<title>Exploitation mini\u00e8re - STRATEGIES! Consulting Firm<\/title>\n<meta name=\"robots\" content=\"index, follow, max-snippet:-1, max-image-preview:large, max-video-preview:-1\" \/>\n<link rel=\"canonical\" href=\"https:\/\/strategiesconsultingfirm.com\/fr\/expertise\/exploitation-miniere\/\" \/>\n<meta property=\"og:locale\" content=\"fr_FR\" \/>\n<meta property=\"og:type\" content=\"article\" \/>\n<meta property=\"og:title\" content=\"Exploitation mini\u00e8re - STRATEGIES! Consulting Firm\" \/>\n<meta property=\"og:description\" content=\"Mining &#038; Natural Resource Gouvernance Dans le secteur minier, STRATEGIES ! vise \u00e0 renforcer le d\u00e9veloppement \u00e9conomique durable dans le secteur minier. Nos services dans le secteur minier comprennent l&#8217;am\u00e9lioration de la gouvernance mini\u00e8re, le renforcement de la croissance \u00e9conomique et l&#8217;int\u00e9gration de la dimension de genre dans le secteur minier. Examples of our work\" \/>\n<meta property=\"og:url\" content=\"https:\/\/strategiesconsultingfirm.com\/fr\/expertise\/exploitation-miniere\/\" \/>\n<meta property=\"og:site_name\" content=\"STRATEGIES! Consulting Firm\" \/>\n<meta property=\"article:publisher\" content=\"https:\/\/web.facebook.com\/cabinetstrategies\" \/>\n<meta property=\"article:modified_time\" content=\"2023-10-17T21:56:30+00:00\" \/>\n<meta property=\"og:image\" content=\"https:\/\/strategiesconsultingfirm.com\/wp-content\/uploads\/2023\/07\/STRATEGIES-Mining-Services-.png\" \/>\n\t<meta property=\"og:image:width\" content=\"4000\" \/>\n\t<meta property=\"og:image:height\" content=\"2250\" \/>\n\t<meta property=\"og:image:type\" content=\"image\/png\" \/>\n<meta name=\"twitter:card\" content=\"summary_large_image\" \/>\n<meta name=\"twitter:site\" content=\"@Strategies_\" \/>\n<meta name=\"twitter:label1\" content=\"Dur\u00e9e de lecture estim\u00e9e\" \/>\n\t<meta name=\"twitter:data1\" content=\"1 minute\" \/>\n<script type=\"application\/ld+json\" class=\"yoast-schema-graph\">{\"@context\":\"https:\\\/\\\/schema.org\",\"@graph\":[{\"@type\":\"WebPage\",\"@id\":\"https:\\\/\\\/strategiesconsultingfirm.com\\\/fr\\\/expertise\\\/exploitation-miniere\\\/\",\"url\":\"https:\\\/\\\/strategiesconsultingfirm.com\\\/fr\\\/expertise\\\/exploitation-miniere\\\/\",\"name\":\"Exploitation mini\u00e8re - STRATEGIES! Consulting Firm\",\"isPartOf\":{\"@id\":\"https:\\\/\\\/strategiesconsultingfirm.com\\\/#website\"},\"primaryImageOfPage\":{\"@id\":\"https:\\\/\\\/strategiesconsultingfirm.com\\\/fr\\\/expertise\\\/exploitation-miniere\\\/#primaryimage\"},\"image\":{\"@id\":\"https:\\\/\\\/strategiesconsultingfirm.com\\\/fr\\\/expertise\\\/exploitation-miniere\\\/#primaryimage\"},\"thumbnailUrl\":\"https:\\\/\\\/strategiesconsultingfirm.com\\\/wp-content\\\/uploads\\\/2023\\\/07\\\/STRATEGIES-Mining-Services--1024x576.png\",\"datePublished\":\"2023-07-10T18:47:28+00:00\",\"dateModified\":\"2023-10-17T21:56:30+00:00\",\"breadcrumb\":{\"@id\":\"https:\\\/\\\/strategiesconsultingfirm.com\\\/fr\\\/expertise\\\/exploitation-miniere\\\/#breadcrumb\"},\"inLanguage\":\"fr-FR\",\"potentialAction\":[{\"@type\":\"ReadAction\",\"target\":[\"https:\\\/\\\/strategiesconsultingfirm.com\\\/fr\\\/expertise\\\/exploitation-miniere\\\/\"]}]},{\"@type\":\"ImageObject\",\"inLanguage\":\"fr-FR\",\"@id\":\"https:\\\/\\\/strategiesconsultingfirm.com\\\/fr\\\/expertise\\\/exploitation-miniere\\\/#primaryimage\",\"url\":\"https:\\\/\\\/strategiesconsultingfirm.com\\\/wp-content\\\/uploads\\\/2023\\\/07\\\/STRATEGIES-Mining-Services--1024x576.png\",\"contentUrl\":\"https:\\\/\\\/strategiesconsultingfirm.com\\\/wp-content\\\/uploads\\\/2023\\\/07\\\/STRATEGIES-Mining-Services--1024x576.png\"},{\"@type\":\"BreadcrumbList\",\"@id\":\"https:\\\/\\\/strategiesconsultingfirm.com\\\/fr\\\/expertise\\\/exploitation-miniere\\\/#breadcrumb\",\"itemListElement\":[{\"@type\":\"ListItem\",\"position\":1,\"name\":\"Home\",\"item\":\"https:\\\/\\\/strategiesconsultingfirm.com\\\/fr\\\/accueil\\\/\"},{\"@type\":\"ListItem\",\"position\":2,\"name\":\"Expertise\",\"item\":\"https:\\\/\\\/strategiesconsultingfirm.com\\\/fr\\\/expertise\\\/\"},{\"@type\":\"ListItem\",\"position\":3,\"name\":\"Exploitation mini\u00e8re\"}]},{\"@type\":\"WebSite\",\"@id\":\"https:\\\/\\\/strategiesconsultingfirm.com\\\/#website\",\"url\":\"https:\\\/\\\/strategiesconsultingfirm.com\\\/\",\"name\":\"STRATEGIES! Consulting Firm\",\"description\":\"Your Reference in Leadership and Management\",\"publisher\":{\"@id\":\"https:\\\/\\\/strategiesconsultingfirm.com\\\/#organization\"},\"potentialAction\":[{\"@type\":\"SearchAction\",\"target\":{\"@type\":\"EntryPoint\",\"urlTemplate\":\"https:\\\/\\\/strategiesconsultingfirm.com\\\/?s={search_term_string}\"},\"query-input\":{\"@type\":\"PropertyValueSpecification\",\"valueRequired\":true,\"valueName\":\"search_term_string\"}}],\"inLanguage\":\"fr-FR\"},{\"@type\":\"Organization\",\"@id\":\"https:\\\/\\\/strategiesconsultingfirm.com\\\/#organization\",\"name\":\"STRATEGIES! Consulting Firm\",\"url\":\"https:\\\/\\\/strategiesconsultingfirm.com\\\/\",\"logo\":{\"@type\":\"ImageObject\",\"inLanguage\":\"fr-FR\",\"@id\":\"https:\\\/\\\/strategiesconsultingfirm.com\\\/#\\\/schema\\\/logo\\\/image\\\/\",\"url\":\"https:\\\/\\\/strategiesconsultingfirm.com\\\/wp-content\\\/uploads\\\/2023\\\/05\\\/Logo-STRATEGIES-Consulting.png\",\"contentUrl\":\"https:\\\/\\\/strategiesconsultingfirm.com\\\/wp-content\\\/uploads\\\/2023\\\/05\\\/Logo-STRATEGIES-Consulting.png\",\"width\":734,\"height\":229,\"caption\":\"STRATEGIES! Consulting Firm\"},\"image\":{\"@id\":\"https:\\\/\\\/strategiesconsultingfirm.com\\\/#\\\/schema\\\/logo\\\/image\\\/\"},\"sameAs\":[\"https:\\\/\\\/web.facebook.com\\\/cabinetstrategies\",\"https:\\\/\\\/x.com\\\/Strategies_\",\"https:\\\/\\\/www.linkedin.com\\\/company\\\/strategies-\\\/\"]}]}<\/script>\n<!-- \/ Yoast SEO plugin. -->","yoast_head_json":{"title":"Exploitation mini\u00e8re - STRATEGIES! Consulting Firm","robots":{"index":"index","follow":"follow","max-snippet":"max-snippet:-1","max-image-preview":"max-image-preview:large","max-video-preview":"max-video-preview:-1"},"canonical":"https:\/\/strategiesconsultingfirm.com\/fr\/expertise\/exploitation-miniere\/","og_locale":"fr_FR","og_type":"article","og_title":"Exploitation mini\u00e8re - STRATEGIES! Consulting Firm","og_description":"Mining &#038; Natural Resource Gouvernance Dans le secteur minier, STRATEGIES ! vise \u00e0 renforcer le d\u00e9veloppement \u00e9conomique durable dans le secteur minier. Nos services dans le secteur minier comprennent l&#8217;am\u00e9lioration de la gouvernance mini\u00e8re, le renforcement de la croissance \u00e9conomique et l&#8217;int\u00e9gration de la dimension de genre dans le secteur minier. Examples of our work","og_url":"https:\/\/strategiesconsultingfirm.com\/fr\/expertise\/exploitation-miniere\/","og_site_name":"STRATEGIES! Consulting Firm","article_publisher":"https:\/\/web.facebook.com\/cabinetstrategies","article_modified_time":"2023-10-17T21:56:30+00:00","og_image":[{"width":4000,"height":2250,"url":"https:\/\/strategiesconsultingfirm.com\/wp-content\/uploads\/2023\/07\/STRATEGIES-Mining-Services-.png","type":"image\/png"}],"twitter_card":"summary_large_image","twitter_site":"@Strategies_","twitter_misc":{"Dur\u00e9e de lecture estim\u00e9e":"1 minute"},"schema":{"@context":"https:\/\/schema.org","@graph":[{"@type":"WebPage","@id":"https:\/\/strategiesconsultingfirm.com\/fr\/expertise\/exploitation-miniere\/","url":"https:\/\/strategiesconsultingfirm.com\/fr\/expertise\/exploitation-miniere\/","name":"Exploitation mini\u00e8re - STRATEGIES! Consulting Firm","isPartOf":{"@id":"https:\/\/strategiesconsultingfirm.com\/#website"},"primaryImageOfPage":{"@id":"https:\/\/strategiesconsultingfirm.com\/fr\/expertise\/exploitation-miniere\/#primaryimage"},"image":{"@id":"https:\/\/strategiesconsultingfirm.com\/fr\/expertise\/exploitation-miniere\/#primaryimage"},"thumbnailUrl":"https:\/\/strategiesconsultingfirm.com\/wp-content\/uploads\/2023\/07\/STRATEGIES-Mining-Services--1024x576.png","datePublished":"2023-07-10T18:47:28+00:00","dateModified":"2023-10-17T21:56:30+00:00","breadcrumb":{"@id":"https:\/\/strategiesconsultingfirm.com\/fr\/expertise\/exploitation-miniere\/#breadcrumb"},"inLanguage":"fr-FR","potentialAction":[{"@type":"ReadAction","target":["https:\/\/strategiesconsultingfirm.com\/fr\/expertise\/exploitation-miniere\/"]}]},{"@type":"ImageObject","inLanguage":"fr-FR","@id":"https:\/\/strategiesconsultingfirm.com\/fr\/expertise\/exploitation-miniere\/#primaryimage","url":"https:\/\/strategiesconsultingfirm.com\/wp-content\/uploads\/2023\/07\/STRATEGIES-Mining-Services--1024x576.png","contentUrl":"https:\/\/strategiesconsultingfirm.com\/wp-content\/uploads\/2023\/07\/STRATEGIES-Mining-Services--1024x576.png"},{"@type":"BreadcrumbList","@id":"https:\/\/strategiesconsultingfirm.com\/fr\/expertise\/exploitation-miniere\/#breadcrumb","itemListElement":[{"@type":"ListItem","position":1,"name":"Home","item":"https:\/\/strategiesconsultingfirm.com\/fr\/accueil\/"},{"@type":"ListItem","position":2,"name":"Expertise","item":"https:\/\/strategiesconsultingfirm.com\/fr\/expertise\/"},{"@type":"ListItem","position":3,"name":"Exploitation mini\u00e8re"}]},{"@type":"WebSite","@id":"https:\/\/strategiesconsultingfirm.com\/#website","url":"https:\/\/strategiesconsultingfirm.com\/","name":"STRATEGIES! Consulting Firm","description":"Your Reference in Leadership and Management","publisher":{"@id":"https:\/\/strategiesconsultingfirm.com\/#organization"},"potentialAction":[{"@type":"SearchAction","target":{"@type":"EntryPoint","urlTemplate":"https:\/\/strategiesconsultingfirm.com\/?s={search_term_string}"},"query-input":{"@type":"PropertyValueSpecification","valueRequired":true,"valueName":"search_term_string"}}],"inLanguage":"fr-FR"},{"@type":"Organization","@id":"https:\/\/strategiesconsultingfirm.com\/#organization","name":"STRATEGIES! Consulting Firm","url":"https:\/\/strategiesconsultingfirm.com\/","logo":{"@type":"ImageObject","inLanguage":"fr-FR","@id":"https:\/\/strategiesconsultingfirm.com\/#\/schema\/logo\/image\/","url":"https:\/\/strategiesconsultingfirm.com\/wp-content\/uploads\/2023\/05\/Logo-STRATEGIES-Consulting.png","contentUrl":"https:\/\/strategiesconsultingfirm.com\/wp-content\/uploads\/2023\/05\/Logo-STRATEGIES-Consulting.png","width":734,"height":229,"caption":"STRATEGIES! Consulting Firm"},"image":{"@id":"https:\/\/strategiesconsultingfirm.com\/#\/schema\/logo\/image\/"},"sameAs":["https:\/\/web.facebook.com\/cabinetstrategies","https:\/\/x.com\/Strategies_","https:\/\/www.linkedin.com\/company\/strategies-\/"]}]}},"_links":{"self":[{"href":"https:\/\/strategiesconsultingfirm.com\/fr\/wp-json\/wp\/v2\/pages\/11635","targetHints":{"allow":["GET"]}}],"collection":[{"href":"https:\/\/strategiesconsultingfirm.com\/fr\/wp-json\/wp\/v2\/pages"}],"about":[{"href":"https:\/\/strategiesconsultingfirm.com\/fr\/wp-json\/wp\/v2\/types\/page"}],"author":[{"embeddable":true,"href":"https:\/\/strategiesconsultingfirm.com\/fr\/wp-json\/wp\/v2\/users\/1"}],"replies":[{"embeddable":true,"href":"https:\/\/strategiesconsultingfirm.com\/fr\/wp-json\/wp\/v2\/comments?post=11635"}],"version-history":[{"count":2,"href":"https:\/\/strategiesconsultingfirm.com\/fr\/wp-json\/wp\/v2\/pages\/11635\/revisions"}],"predecessor-version":[{"id":11745,"href":"https:\/\/strategiesconsultingfirm.com\/fr\/wp-json\/wp\/v2\/pages\/11635\/revisions\/11745"}],"up":[{"embeddable":true,"href":"https:\/\/strategiesconsultingfirm.com\/fr\/wp-json\/wp\/v2\/pages\/11620"}],"wp:attachment":[{"href":"https:\/\/strategiesconsultingfirm.com\/fr\/wp-json\/wp\/v2\/media?parent=11635"}],"curies":[{"name":"wp","href":"https:\/\/api.w.org\/{rel}","templated":true}]}}