{"id":11657,"date":"2023-06-06T15:35:02","date_gmt":"2023-06-06T14:35:02","guid":{"rendered":"https:\/\/strategiesconsultingfirm.com\/galerie-2\/"},"modified":"2024-01-05T11:47:12","modified_gmt":"2024-01-05T10:47:12","slug":"galerie","status":"publish","type":"page","link":"https:\/\/strategiesconsultingfirm.com\/fr\/galerie\/","title":{"rendered":"Galerie"},"content":{"rendered":"\t\t<div data-elementor-type=\"wp-page\" data-elementor-id=\"11657\" class=\"elementor elementor-11657 elementor-8905\" data-elementor-post-type=\"page\">\n\t\t\t\t\t\t<section class=\"elementor-section elementor-top-section elementor-element elementor-element-6aa39d5 elementor-section-boxed elementor-section-height-default elementor-section-height-default\" data-id=\"6aa39d5\" data-element_type=\"section\" data-e-type=\"section\">\n\t\t\t\t\t\t<div class=\"elementor-container elementor-column-gap-default\">\n\t\t\t\t\t<div class=\"elementor-column elementor-col-100 elementor-top-column elementor-element elementor-element-abaa76e\" data-id=\"abaa76e\" data-element_type=\"column\" data-e-type=\"column\">\n\t\t\t<div class=\"elementor-widget-wrap elementor-element-populated\">\n\t\t\t\t\t\t<div class=\"elementor-element elementor-element-df5e087 elementor-widget elementor-widget-heading\" data-id=\"df5e087\" data-element_type=\"widget\" data-e-type=\"widget\" data-widget_type=\"heading.default\">\n\t\t\t\t<div class=\"elementor-widget-container\">\n\t\t\t\t\t<h2 class=\"elementor-heading-title elementor-size-default\">Galerie<\/h2>\t\t\t\t<\/div>\n\t\t\t\t<\/div>\n\t\t\t\t\t<\/div>\n\t\t<\/div>\n\t\t\t\t\t<\/div>\n\t\t<\/section>\n\t\t\t\t<section class=\"elementor-section elementor-top-section elementor-element elementor-element-387a2be elementor-section-boxed elementor-section-height-default elementor-section-height-default\" data-id=\"387a2be\" data-element_type=\"section\" data-e-type=\"section\">\n\t\t\t\t\t\t<div class=\"elementor-container elementor-column-gap-wider\">\n\t\t\t\t\t<div class=\"make-column-clickable-elementor elementor-column elementor-col-33 elementor-top-column elementor-element elementor-element-99483e8\" style=\"cursor: pointer;\" data-column-clickable=\"https:\/\/strategiesconsultingfirm.com\/digitalizing-agricultural-finance-conference\/\" data-column-clickable-blank=\"_self\" data-id=\"99483e8\" data-element_type=\"column\" data-e-type=\"column\" data-settings=\"{&quot;background_background&quot;:&quot;classic&quot;}\">\n\t\t\t<div class=\"elementor-widget-wrap elementor-element-populated\">\n\t\t\t\t\t\t<section class=\"elementor-section elementor-inner-section elementor-element elementor-element-656c856 elementor-section-boxed elementor-section-height-default elementor-section-height-default\" data-id=\"656c856\" data-element_type=\"section\" data-e-type=\"section\">\n\t\t\t\t\t\t<div class=\"elementor-container elementor-column-gap-default\">\n\t\t\t\t\t<div class=\"make-column-clickable-elementor elementor-column elementor-col-100 elementor-inner-column elementor-element elementor-element-00aa4e3\" style=\"cursor: pointer;\" data-column-clickable=\"https:\/\/strategiesconsultingfirm.com\/auda-nepad-gender-retreat-2022\/\" data-column-clickable-blank=\"_self\" data-id=\"00aa4e3\" data-element_type=\"column\" data-e-type=\"column\" data-settings=\"{&quot;background_background&quot;:&quot;classic&quot;}\">\n\t\t\t<div class=\"elementor-widget-wrap elementor-element-populated\">\n\t\t\t\t\t\t<div class=\"elementor-element elementor-element-f9752dc elementor-widget elementor-widget-spacer\" data-id=\"f9752dc\" data-element_type=\"widget\" data-e-type=\"widget\" data-widget_type=\"spacer.default\">\n\t\t\t\t<div class=\"elementor-widget-container\">\n\t\t\t\t\t\t\t<div class=\"elementor-spacer\">\n\t\t\t<div class=\"elementor-spacer-inner\"><\/div>\n\t\t<\/div>\n\t\t\t\t\t\t<\/div>\n\t\t\t\t<\/div>\n\t\t\t\t\t<\/div>\n\t\t<\/div>\n\t\t\t\t\t<\/div>\n\t\t<\/section>\n\t\t\t\t<div class=\"elementor-element elementor-element-4e22da1 elementor-widget elementor-widget-text-editor\" data-id=\"4e22da1\" data-element_type=\"widget\" data-e-type=\"widget\" data-widget_type=\"text-editor.default\">\n\t\t\t\t<div class=\"elementor-widget-container\">\n\t\t\t\t\t\t\t\t\t<p>AUDA NEPAD<\/p>\n\t\t\t\t\t\t\t\t<\/div>\n\t\t\t\t<\/div>\n\t\t\t\t\t<\/div>\n\t\t<\/div>\n\t\t\t\t<div class=\"make-column-clickable-elementor elementor-column elementor-col-33 elementor-top-column elementor-element elementor-element-371ec13\" style=\"cursor: pointer;\" data-column-clickable=\"https:\/\/strategiesconsultingfirm.com\/abidjan-mai-2022\/\" data-column-clickable-blank=\"_self\" data-id=\"371ec13\" data-element_type=\"column\" data-e-type=\"column\" data-settings=\"{&quot;background_background&quot;:&quot;classic&quot;}\">\n\t\t\t<div class=\"elementor-widget-wrap elementor-element-populated\">\n\t\t\t\t\t\t<section class=\"elementor-section elementor-inner-section elementor-element elementor-element-255f93f elementor-section-boxed elementor-section-height-default elementor-section-height-default\" data-id=\"255f93f\" data-element_type=\"section\" data-e-type=\"section\">\n\t\t\t\t\t\t<div class=\"elementor-container elementor-column-gap-default\">\n\t\t\t\t\t<div class=\"elementor-column elementor-col-100 elementor-inner-column elementor-element elementor-element-0945e2a\" data-id=\"0945e2a\" data-element_type=\"column\" data-e-type=\"column\" data-settings=\"{&quot;background_background&quot;:&quot;classic&quot;}\">\n\t\t\t<div class=\"elementor-widget-wrap elementor-element-populated\">\n\t\t\t\t\t\t<div class=\"elementor-element elementor-element-e933e1b elementor-widget elementor-widget-spacer\" data-id=\"e933e1b\" data-element_type=\"widget\" data-e-type=\"widget\" data-widget_type=\"spacer.default\">\n\t\t\t\t<div class=\"elementor-widget-container\">\n\t\t\t\t\t\t\t<div class=\"elementor-spacer\">\n\t\t\t<div class=\"elementor-spacer-inner\"><\/div>\n\t\t<\/div>\n\t\t\t\t\t\t<\/div>\n\t\t\t\t<\/div>\n\t\t\t\t\t<\/div>\n\t\t<\/div>\n\t\t\t\t\t<\/div>\n\t\t<\/section>\n\t\t\t\t<div class=\"elementor-element elementor-element-b3482eb elementor-widget elementor-widget-text-editor\" data-id=\"b3482eb\" data-element_type=\"widget\" data-e-type=\"widget\" data-widget_type=\"text-editor.default\">\n\t\t\t\t<div class=\"elementor-widget-container\">\n\t\t\t\t\t\t\t\t\t<p>Abidjan Mai 2022<\/p>\n\t\t\t\t\t\t\t\t<\/div>\n\t\t\t\t<\/div>\n\t\t\t\t\t<\/div>\n\t\t<\/div>\n\t\t\t\t<div class=\"make-column-clickable-elementor elementor-column elementor-col-33 elementor-top-column elementor-element elementor-element-9e1ec94\" style=\"cursor: pointer;\" data-column-clickable=\"https:\/\/strategiesconsultingfirm.com\/abidjan-mai-2022\/\" data-column-clickable-blank=\"_self\" data-id=\"9e1ec94\" data-element_type=\"column\" data-e-type=\"column\" data-settings=\"{&quot;background_background&quot;:&quot;classic&quot;}\">\n\t\t\t<div class=\"elementor-widget-wrap elementor-element-populated\">\n\t\t\t\t\t\t<section class=\"elementor-section elementor-inner-section elementor-element elementor-element-9a3adea elementor-section-boxed elementor-section-height-default elementor-section-height-default\" data-id=\"9a3adea\" data-element_type=\"section\" data-e-type=\"section\">\n\t\t\t\t\t\t<div class=\"elementor-container elementor-column-gap-default\">\n\t\t\t\t\t<div class=\"make-column-clickable-elementor elementor-column elementor-col-100 elementor-inner-column elementor-element elementor-element-c5b483f\" style=\"cursor: pointer;\" data-column-clickable=\"https:\/\/strategiesconsultingfirm.com\/photos-sgbc-2013\/\" data-column-clickable-blank=\"_self\" data-id=\"c5b483f\" data-element_type=\"column\" data-e-type=\"column\" data-settings=\"{&quot;background_background&quot;:&quot;classic&quot;}\">\n\t\t\t<div class=\"elementor-widget-wrap elementor-element-populated\">\n\t\t\t\t\t\t<div class=\"elementor-element elementor-element-42b9659 elementor-widget elementor-widget-spacer\" data-id=\"42b9659\" data-element_type=\"widget\" data-e-type=\"widget\" data-widget_type=\"spacer.default\">\n\t\t\t\t<div class=\"elementor-widget-container\">\n\t\t\t\t\t\t\t<div class=\"elementor-spacer\">\n\t\t\t<div class=\"elementor-spacer-inner\"><\/div>\n\t\t<\/div>\n\t\t\t\t\t\t<\/div>\n\t\t\t\t<\/div>\n\t\t\t\t\t<\/div>\n\t\t<\/div>\n\t\t\t\t\t<\/div>\n\t\t<\/section>\n\t\t\t\t<div class=\"elementor-element elementor-element-7dbb120 elementor-widget elementor-widget-text-editor\" data-id=\"7dbb120\" data-element_type=\"widget\" data-e-type=\"widget\" data-widget_type=\"text-editor.default\">\n\t\t\t\t<div class=\"elementor-widget-container\">\n\t\t\t\t\t\t\t\t\t<p>Team Building SGBC<\/p>\n\t\t\t\t\t\t\t\t<\/div>\n\t\t\t\t<\/div>\n\t\t\t\t\t<\/div>\n\t\t<\/div>\n\t\t\t\t\t<\/div>\n\t\t<\/section>\n\t\t\t\t<section class=\"elementor-section elementor-top-section elementor-element elementor-element-655df29 elementor-section-boxed elementor-section-height-default elementor-section-height-default\" data-id=\"655df29\" data-element_type=\"section\" data-e-type=\"section\">\n\t\t\t\t\t\t<div class=\"elementor-container elementor-column-gap-wider\">\n\t\t\t\t\t<div class=\"make-column-clickable-elementor elementor-column elementor-col-33 elementor-top-column elementor-element elementor-element-68e94cd\" style=\"cursor: pointer;\" data-column-clickable=\"https:\/\/strategiesconsultingfirm.com\/digitalizing-agricultural-finance-conference\/\" data-column-clickable-blank=\"_self\" data-id=\"68e94cd\" data-element_type=\"column\" data-e-type=\"column\" data-settings=\"{&quot;background_background&quot;:&quot;classic&quot;}\">\n\t\t\t<div class=\"elementor-widget-wrap elementor-element-populated\">\n\t\t\t\t\t\t<section class=\"elementor-section elementor-inner-section elementor-element elementor-element-ca35198 elementor-section-boxed elementor-section-height-default elementor-section-height-default\" data-id=\"ca35198\" data-element_type=\"section\" data-e-type=\"section\">\n\t\t\t\t\t\t<div class=\"elementor-container elementor-column-gap-default\">\n\t\t\t\t\t<div class=\"make-column-clickable-elementor elementor-column elementor-col-100 elementor-inner-column elementor-element elementor-element-8b46a40\" style=\"cursor: pointer;\" data-column-clickable=\"https:\/\/strategiesconsultingfirm.com\/digitalizing-agricultural-finance-conference\" data-column-clickable-blank=\"_self\" data-id=\"8b46a40\" data-element_type=\"column\" data-e-type=\"column\" data-settings=\"{&quot;background_background&quot;:&quot;classic&quot;}\">\n\t\t\t<div class=\"elementor-widget-wrap elementor-element-populated\">\n\t\t\t\t\t\t<div class=\"elementor-element elementor-element-02f8fc8 elementor-widget elementor-widget-spacer\" data-id=\"02f8fc8\" data-element_type=\"widget\" data-e-type=\"widget\" data-widget_type=\"spacer.default\">\n\t\t\t\t<div class=\"elementor-widget-container\">\n\t\t\t\t\t\t\t<div class=\"elementor-spacer\">\n\t\t\t<div class=\"elementor-spacer-inner\"><\/div>\n\t\t<\/div>\n\t\t\t\t\t\t<\/div>\n\t\t\t\t<\/div>\n\t\t\t\t\t<\/div>\n\t\t<\/div>\n\t\t\t\t\t<\/div>\n\t\t<\/section>\n\t\t\t\t<div class=\"elementor-element elementor-element-7bdc2cb elementor-widget elementor-widget-text-editor\" data-id=\"7bdc2cb\" data-element_type=\"widget\" data-e-type=\"widget\" data-widget_type=\"text-editor.default\">\n\t\t\t\t<div class=\"elementor-widget-container\">\n\t\t\t\t\t\t\t\t\t<p>Galerie de la conf\u00e9rence sur la num\u00e9risation de la finance agricole<\/p>\n\t\t\t\t\t\t\t\t<\/div>\n\t\t\t\t<\/div>\n\t\t\t\t\t<\/div>\n\t\t<\/div>\n\t\t\t\t<div class=\"elementor-column elementor-col-33 elementor-top-column elementor-element elementor-element-3d96b32\" data-id=\"3d96b32\" data-element_type=\"column\" data-e-type=\"column\" data-settings=\"{&quot;background_background&quot;:&quot;classic&quot;}\">\n\t\t\t<div class=\"elementor-widget-wrap elementor-element-populated\">\n\t\t\t\t\t\t<section class=\"elementor-section elementor-inner-section elementor-element elementor-element-5ab7d38 elementor-section-boxed elementor-section-height-default elementor-section-height-default\" data-id=\"5ab7d38\" data-element_type=\"section\" data-e-type=\"section\">\n\t\t\t\t\t\t<div class=\"elementor-container elementor-column-gap-default\">\n\t\t\t\t\t<div class=\"make-column-clickable-elementor elementor-column elementor-col-100 elementor-inner-column elementor-element elementor-element-b5d6baa\" style=\"cursor: pointer;\" data-column-clickable=\"https:\/\/strategiesconsultingfirm.com\/kcoa-2022\/\" data-column-clickable-blank=\"_self\" data-id=\"b5d6baa\" data-element_type=\"column\" data-e-type=\"column\" data-settings=\"{&quot;background_background&quot;:&quot;classic&quot;}\">\n\t\t\t<div class=\"elementor-widget-wrap elementor-element-populated\">\n\t\t\t\t\t\t<div class=\"elementor-element elementor-element-2261d5c elementor-widget elementor-widget-spacer\" data-id=\"2261d5c\" data-element_type=\"widget\" data-e-type=\"widget\" data-widget_type=\"spacer.default\">\n\t\t\t\t<div class=\"elementor-widget-container\">\n\t\t\t\t\t\t\t<div class=\"elementor-spacer\">\n\t\t\t<div class=\"elementor-spacer-inner\"><\/div>\n\t\t<\/div>\n\t\t\t\t\t\t<\/div>\n\t\t\t\t<\/div>\n\t\t\t\t\t<\/div>\n\t\t<\/div>\n\t\t\t\t\t<\/div>\n\t\t<\/section>\n\t\t\t\t<div class=\"elementor-element elementor-element-a176067 elementor-widget elementor-widget-text-editor\" data-id=\"a176067\" data-element_type=\"widget\" data-e-type=\"widget\" data-widget_type=\"text-editor.default\">\n\t\t\t\t<div class=\"elementor-widget-container\">\n\t\t\t\t\t\t\t\t\t<p>KCOA 2022<\/p>\n\t\t\t\t\t\t\t\t<\/div>\n\t\t\t\t<\/div>\n\t\t\t\t\t<\/div>\n\t\t<\/div>\n\t\t\t\t<div class=\"elementor-column elementor-col-33 elementor-top-column elementor-element elementor-element-62e10ca\" data-id=\"62e10ca\" data-element_type=\"column\" data-e-type=\"column\" data-settings=\"{&quot;background_background&quot;:&quot;classic&quot;}\">\n\t\t\t<div class=\"elementor-widget-wrap elementor-element-populated\">\n\t\t\t\t\t\t<section class=\"elementor-section elementor-inner-section elementor-element elementor-element-7cdf236 elementor-section-boxed elementor-section-height-default elementor-section-height-default\" data-id=\"7cdf236\" data-element_type=\"section\" data-e-type=\"section\">\n\t\t\t\t\t\t<div class=\"elementor-container elementor-column-gap-default\">\n\t\t\t\t\t<div class=\"elementor-column elementor-col-100 elementor-inner-column elementor-element elementor-element-bc9a3f2\" data-id=\"bc9a3f2\" data-element_type=\"column\" data-e-type=\"column\" data-settings=\"{&quot;background_background&quot;:&quot;classic&quot;}\">\n\t\t\t<div class=\"elementor-widget-wrap elementor-element-populated\">\n\t\t\t\t\t\t<div class=\"elementor-element elementor-element-04a222f elementor-widget elementor-widget-spacer\" data-id=\"04a222f\" data-element_type=\"widget\" data-e-type=\"widget\" data-widget_type=\"spacer.default\">\n\t\t\t\t<div class=\"elementor-widget-container\">\n\t\t\t\t\t\t\t<div class=\"elementor-spacer\">\n\t\t\t<div class=\"elementor-spacer-inner\"><\/div>\n\t\t<\/div>\n\t\t\t\t\t\t<\/div>\n\t\t\t\t<\/div>\n\t\t\t\t\t<\/div>\n\t\t<\/div>\n\t\t\t\t\t<\/div>\n\t\t<\/section>\n\t\t\t\t<div class=\"elementor-element elementor-element-b88978a elementor-widget elementor-widget-text-editor\" data-id=\"b88978a\" data-element_type=\"widget\" data-e-type=\"widget\" data-widget_type=\"text-editor.default\">\n\t\t\t\t<div class=\"elementor-widget-container\">\n\t\t\t\t\t\t\t\t\t<p>STRAT\u00c9GIES ! \u00c9QUIPE<\/p>\n\t\t\t\t\t\t\t\t<\/div>\n\t\t\t\t<\/div>\n\t\t\t\t\t<\/div>\n\t\t<\/div>\n\t\t\t\t\t<\/div>\n\t\t<\/section>\n\t\t\t\t<section class=\"elementor-section elementor-top-section elementor-element elementor-element-ac426c0 elementor-section-boxed elementor-section-height-default elementor-section-height-default\" data-id=\"ac426c0\" data-element_type=\"section\" data-e-type=\"section\">\n\t\t\t\t\t\t<div class=\"elementor-container elementor-column-gap-default\">\n\t\t\t\t\t<div class=\"elementor-column elementor-col-33 elementor-top-column elementor-element elementor-element-b6c6c00\" data-id=\"b6c6c00\" data-element_type=\"column\" data-e-type=\"column\">\n\t\t\t<div class=\"elementor-widget-wrap\">\n\t\t\t\t\t\t\t<\/div>\n\t\t<\/div>\n\t\t\t\t<div class=\"elementor-column elementor-col-33 elementor-top-column elementor-element elementor-element-5d1f788\" data-id=\"5d1f788\" data-element_type=\"column\" data-e-type=\"column\">\n\t\t\t<div class=\"elementor-widget-wrap\">\n\t\t\t\t\t\t\t<\/div>\n\t\t<\/div>\n\t\t\t\t<div class=\"elementor-column elementor-col-33 elementor-top-column elementor-element elementor-element-255cffd\" data-id=\"255cffd\" data-element_type=\"column\" data-e-type=\"column\">\n\t\t\t<div class=\"elementor-widget-wrap\">\n\t\t\t\t\t\t\t<\/div>\n\t\t<\/div>\n\t\t\t\t\t<\/div>\n\t\t<\/section>\n\t\t\t\t<\/div>\n\t\t","protected":false},"excerpt":{"rendered":"<p>Galerie AUDA NEPAD Abidjan Mai 2022 Team Building SGBC Galerie de la conf\u00e9rence sur la num\u00e9risation de la finance agricole KCOA 2022 STRAT\u00c9GIES ! \u00c9QUIPE<\/p>\n","protected":false},"author":1,"featured_media":0,"parent":0,"menu_order":0,"comment_status":"closed","ping_status":"closed","template":"","meta":{"_acf_changed":false,"footnotes":""},"class_list":["post-11657","page","type-page","status-publish","hentry"],"acf":[],"yoast_head":"<!-- This site is optimized with the Yoast SEO plugin v27.3 - https:\/\/yoast.com\/product\/yoast-seo-wordpress\/ -->\n<title>Galerie - STRATEGIES! Consulting Firm<\/title>\n<meta name=\"robots\" content=\"index, follow, max-snippet:-1, max-image-preview:large, max-video-preview:-1\" \/>\n<link rel=\"canonical\" href=\"https:\/\/strategiesconsultingfirm.com\/fr\/galerie\/\" \/>\n<meta property=\"og:locale\" content=\"fr_FR\" \/>\n<meta property=\"og:type\" content=\"article\" \/>\n<meta property=\"og:title\" content=\"Galerie - STRATEGIES! Consulting Firm\" \/>\n<meta property=\"og:description\" content=\"Galerie AUDA NEPAD Abidjan Mai 2022 Team Building SGBC Galerie de la conf\u00e9rence sur la num\u00e9risation de la finance agricole KCOA 2022 STRAT\u00c9GIES ! \u00c9QUIPE\" \/>\n<meta property=\"og:url\" content=\"https:\/\/strategiesconsultingfirm.com\/fr\/galerie\/\" \/>\n<meta property=\"og:site_name\" content=\"STRATEGIES! Consulting Firm\" \/>\n<meta property=\"article:publisher\" content=\"https:\/\/web.facebook.com\/cabinetstrategies\" \/>\n<meta property=\"article:modified_time\" content=\"2024-01-05T10:47:12+00:00\" \/>\n<meta name=\"twitter:card\" content=\"summary_large_image\" \/>\n<meta name=\"twitter:site\" content=\"@Strategies_\" \/>\n<script type=\"application\/ld+json\" class=\"yoast-schema-graph\">{\"@context\":\"https:\\\/\\\/schema.org\",\"@graph\":[{\"@type\":\"WebPage\",\"@id\":\"https:\\\/\\\/strategiesconsultingfirm.com\\\/fr\\\/galerie\\\/\",\"url\":\"https:\\\/\\\/strategiesconsultingfirm.com\\\/fr\\\/galerie\\\/\",\"name\":\"Galerie - STRATEGIES! Consulting Firm\",\"isPartOf\":{\"@id\":\"https:\\\/\\\/strategiesconsultingfirm.com\\\/#website\"},\"datePublished\":\"2023-06-06T14:35:02+00:00\",\"dateModified\":\"2024-01-05T10:47:12+00:00\",\"breadcrumb\":{\"@id\":\"https:\\\/\\\/strategiesconsultingfirm.com\\\/fr\\\/galerie\\\/#breadcrumb\"},\"inLanguage\":\"fr-FR\",\"potentialAction\":[{\"@type\":\"ReadAction\",\"target\":[\"https:\\\/\\\/strategiesconsultingfirm.com\\\/fr\\\/galerie\\\/\"]}]},{\"@type\":\"BreadcrumbList\",\"@id\":\"https:\\\/\\\/strategiesconsultingfirm.com\\\/fr\\\/galerie\\\/#breadcrumb\",\"itemListElement\":[{\"@type\":\"ListItem\",\"position\":1,\"name\":\"Home\",\"item\":\"https:\\\/\\\/strategiesconsultingfirm.com\\\/fr\\\/accueil\\\/\"},{\"@type\":\"ListItem\",\"position\":2,\"name\":\"Galerie\"}]},{\"@type\":\"WebSite\",\"@id\":\"https:\\\/\\\/strategiesconsultingfirm.com\\\/#website\",\"url\":\"https:\\\/\\\/strategiesconsultingfirm.com\\\/\",\"name\":\"STRATEGIES! Consulting Firm\",\"description\":\"Your Reference in Leadership and Management\",\"publisher\":{\"@id\":\"https:\\\/\\\/strategiesconsultingfirm.com\\\/#organization\"},\"potentialAction\":[{\"@type\":\"SearchAction\",\"target\":{\"@type\":\"EntryPoint\",\"urlTemplate\":\"https:\\\/\\\/strategiesconsultingfirm.com\\\/?s={search_term_string}\"},\"query-input\":{\"@type\":\"PropertyValueSpecification\",\"valueRequired\":true,\"valueName\":\"search_term_string\"}}],\"inLanguage\":\"fr-FR\"},{\"@type\":\"Organization\",\"@id\":\"https:\\\/\\\/strategiesconsultingfirm.com\\\/#organization\",\"name\":\"STRATEGIES! Consulting Firm\",\"url\":\"https:\\\/\\\/strategiesconsultingfirm.com\\\/\",\"logo\":{\"@type\":\"ImageObject\",\"inLanguage\":\"fr-FR\",\"@id\":\"https:\\\/\\\/strategiesconsultingfirm.com\\\/#\\\/schema\\\/logo\\\/image\\\/\",\"url\":\"https:\\\/\\\/strategiesconsultingfirm.com\\\/wp-content\\\/uploads\\\/2023\\\/05\\\/Logo-STRATEGIES-Consulting.png\",\"contentUrl\":\"https:\\\/\\\/strategiesconsultingfirm.com\\\/wp-content\\\/uploads\\\/2023\\\/05\\\/Logo-STRATEGIES-Consulting.png\",\"width\":734,\"height\":229,\"caption\":\"STRATEGIES! Consulting Firm\"},\"image\":{\"@id\":\"https:\\\/\\\/strategiesconsultingfirm.com\\\/#\\\/schema\\\/logo\\\/image\\\/\"},\"sameAs\":[\"https:\\\/\\\/web.facebook.com\\\/cabinetstrategies\",\"https:\\\/\\\/x.com\\\/Strategies_\",\"https:\\\/\\\/www.linkedin.com\\\/company\\\/strategies-\\\/\"]}]}<\/script>\n<!-- \/ Yoast SEO plugin. -->","yoast_head_json":{"title":"Galerie - STRATEGIES! Consulting Firm","robots":{"index":"index","follow":"follow","max-snippet":"max-snippet:-1","max-image-preview":"max-image-preview:large","max-video-preview":"max-video-preview:-1"},"canonical":"https:\/\/strategiesconsultingfirm.com\/fr\/galerie\/","og_locale":"fr_FR","og_type":"article","og_title":"Galerie - STRATEGIES! Consulting Firm","og_description":"Galerie AUDA NEPAD Abidjan Mai 2022 Team Building SGBC Galerie de la conf\u00e9rence sur la num\u00e9risation de la finance agricole KCOA 2022 STRAT\u00c9GIES ! \u00c9QUIPE","og_url":"https:\/\/strategiesconsultingfirm.com\/fr\/galerie\/","og_site_name":"STRATEGIES! Consulting Firm","article_publisher":"https:\/\/web.facebook.com\/cabinetstrategies","article_modified_time":"2024-01-05T10:47:12+00:00","twitter_card":"summary_large_image","twitter_site":"@Strategies_","schema":{"@context":"https:\/\/schema.org","@graph":[{"@type":"WebPage","@id":"https:\/\/strategiesconsultingfirm.com\/fr\/galerie\/","url":"https:\/\/strategiesconsultingfirm.com\/fr\/galerie\/","name":"Galerie - STRATEGIES! Consulting Firm","isPartOf":{"@id":"https:\/\/strategiesconsultingfirm.com\/#website"},"datePublished":"2023-06-06T14:35:02+00:00","dateModified":"2024-01-05T10:47:12+00:00","breadcrumb":{"@id":"https:\/\/strategiesconsultingfirm.com\/fr\/galerie\/#breadcrumb"},"inLanguage":"fr-FR","potentialAction":[{"@type":"ReadAction","target":["https:\/\/strategiesconsultingfirm.com\/fr\/galerie\/"]}]},{"@type":"BreadcrumbList","@id":"https:\/\/strategiesconsultingfirm.com\/fr\/galerie\/#breadcrumb","itemListElement":[{"@type":"ListItem","position":1,"name":"Home","item":"https:\/\/strategiesconsultingfirm.com\/fr\/accueil\/"},{"@type":"ListItem","position":2,"name":"Galerie"}]},{"@type":"WebSite","@id":"https:\/\/strategiesconsultingfirm.com\/#website","url":"https:\/\/strategiesconsultingfirm.com\/","name":"STRATEGIES! Consulting Firm","description":"Your Reference in Leadership and Management","publisher":{"@id":"https:\/\/strategiesconsultingfirm.com\/#organization"},"potentialAction":[{"@type":"SearchAction","target":{"@type":"EntryPoint","urlTemplate":"https:\/\/strategiesconsultingfirm.com\/?s={search_term_string}"},"query-input":{"@type":"PropertyValueSpecification","valueRequired":true,"valueName":"search_term_string"}}],"inLanguage":"fr-FR"},{"@type":"Organization","@id":"https:\/\/strategiesconsultingfirm.com\/#organization","name":"STRATEGIES! Consulting Firm","url":"https:\/\/strategiesconsultingfirm.com\/","logo":{"@type":"ImageObject","inLanguage":"fr-FR","@id":"https:\/\/strategiesconsultingfirm.com\/#\/schema\/logo\/image\/","url":"https:\/\/strategiesconsultingfirm.com\/wp-content\/uploads\/2023\/05\/Logo-STRATEGIES-Consulting.png","contentUrl":"https:\/\/strategiesconsultingfirm.com\/wp-content\/uploads\/2023\/05\/Logo-STRATEGIES-Consulting.png","width":734,"height":229,"caption":"STRATEGIES! Consulting Firm"},"image":{"@id":"https:\/\/strategiesconsultingfirm.com\/#\/schema\/logo\/image\/"},"sameAs":["https:\/\/web.facebook.com\/cabinetstrategies","https:\/\/x.com\/Strategies_","https:\/\/www.linkedin.com\/company\/strategies-\/"]}]}},"_links":{"self":[{"href":"https:\/\/strategiesconsultingfirm.com\/fr\/wp-json\/wp\/v2\/pages\/11657","targetHints":{"allow":["GET"]}}],"collection":[{"href":"https:\/\/strategiesconsultingfirm.com\/fr\/wp-json\/wp\/v2\/pages"}],"about":[{"href":"https:\/\/strategiesconsultingfirm.com\/fr\/wp-json\/wp\/v2\/types\/page"}],"author":[{"embeddable":true,"href":"https:\/\/strategiesconsultingfirm.com\/fr\/wp-json\/wp\/v2\/users\/1"}],"replies":[{"embeddable":true,"href":"https:\/\/strategiesconsultingfirm.com\/fr\/wp-json\/wp\/v2\/comments?post=11657"}],"version-history":[{"count":6,"href":"https:\/\/strategiesconsultingfirm.com\/fr\/wp-json\/wp\/v2\/pages\/11657\/revisions"}],"predecessor-version":[{"id":12722,"href":"https:\/\/strategiesconsultingfirm.com\/fr\/wp-json\/wp\/v2\/pages\/11657\/revisions\/12722"}],"wp:attachment":[{"href":"https:\/\/strategiesconsultingfirm.com\/fr\/wp-json\/wp\/v2\/media?parent=11657"}],"curies":[{"name":"wp","href":"https:\/\/api.w.org\/{rel}","templated":true}]}}