{"id":11692,"date":"2017-08-21T12:40:50","date_gmt":"2017-08-21T11:40:50","guid":{"rendered":"https:\/\/strategiesconsultingfirm.com\/africainteract-politique-et-recherche-sur-le-changement-climatique\/"},"modified":"2017-08-21T12:40:50","modified_gmt":"2017-08-21T11:40:50","slug":"africainteract-politique-et-recherche-sur-le-changement-climatique","status":"publish","type":"page","link":"https:\/\/strategiesconsultingfirm.com\/fr\/africainteract-politique-et-recherche-sur-le-changement-climatique\/","title":{"rendered":"AfricaInteract : Politique et recherche sur le changement climatique"},"content":{"rendered":"<div id=\"pl-534\" class=\"panel-layout\">\n<div id=\"pg-534-0\" class=\"panel-grid panel-has-style\" data-style=\"{\"background_image_attachment\":false,\"background_display\":\"tile\",\"cell_alignment\":\"flex-start\",\"video_fallback\":false,\"overlay\":\"1\",\"separator_top\":\"none\",\"separator_bottom\":\"none\"}\">\n<div data-overlay-opactity=\"1\" class=\"panel-row-style panel-row-style-for-534-0\">\n<div id=\"pgc-534-0-0\" class=\"panel-grid-cell\" data-weight=\"1\">\n<div id=\"panel-534-0-0-0\" class=\"so-panel widget widget_themegrill_flash_cta tg-widget call-to-action-section panel-first-child panel-last-child\" data-index=\"0\" data-style=\"{\"padding\":\"30px 10px 30px 10px\",\"background\":\"#174873\",\"background_image_attachment\":false,\"background_display\":\"tile\",\"animation_offset\":\"10\",\"animation_iteration\":\"1\"}\">\n<div class=\"panel-widget-style panel-widget-style-for-534-0-0-0\">\n<div class=\"cta-wrapper call-to-action-section-layout-1 left\">\n<div class=\"section-title-wrapper\">\n<h3 class=\"section-title\">AGRICULTURE ET GESTION DES RESSOURCES NATURELLES<\/h3>\n<h4 class=\"section-subtitle\">AfricaInteract : Politique et recherche sur le changement climatique<\/h4>\n<\/p><\/div>\n<\/p><\/div>\n<\/div>\n<\/div>\n<\/div>\n<\/div>\n<\/div>\n<div id=\"pg-534-1\" class=\"panel-grid panel-has-style\" data-style=\"{\"background_image_attachment\":false,\"background_display\":\"tile\",\"cell_alignment\":\"flex-start\",\"video_fallback\":false,\"overlay\":\"1\",\"separator_top\":\"none\",\"separator_bottom\":\"none\"}\">\n<div data-overlay-opactity=\"1\" class=\"panel-row-style panel-row-style-for-534-1\">\n<div id=\"pgc-534-1-0\" class=\"panel-grid-cell\" data-weight=\"1\">\n<div id=\"panel-534-1-0-0\" class=\"so-panel widget widget_themegrill_flash_heading tg-widget section-title-wrapper panel-first-child\" data-index=\"1\" data-style=\"{\"background_image_attachment\":false,\"background_display\":\"tile\",\"animation_offset\":\"10\",\"animation_iteration\":\"1\"}\">\n<div class=\"heading heading-center divider-without-icon no-divider\">\n<h3 class=\"section-title\">Notre r\u00f4le<\/h3>\n<\/div>\n<\/div>\n<div id=\"panel-534-1-0-1\" class=\"widget_text so-panel widget widget_custom_html panel-last-child\" data-index=\"2\" data-style=\"{\"background_image_attachment\":false,\"background_display\":\"tile\",\"animation_offset\":\"10\",\"animation_iteration\":\"1\"}\">\n<div class=\"textwidget custom-html-widget\">\n<p>  En 2011 et 2012, STRATEGIES ! a organis\u00e9 deux ateliers r\u00e9gionaux pour les personnes suivantes<br \/>\nAfricaInteract fonctionnaires d&#8217;Afrique de l&#8217;Ouest et de l&#8217;Est. Notre \u00e9quipe a travaill\u00e9 avec<br \/>\nles participants \u00e0 \u00e9changer des id\u00e9es sur les implications \u00e0 long terme des changements climatiques.<br \/>\nsur le continent.  <\/p>\n<\/div>\n<\/div>\n<\/div>\n<\/div>\n<\/div>\n<div id=\"pg-534-2\" class=\"panel-grid panel-has-style\" data-style=\"{\"background_image_attachment\":false,\"background_display\":\"tile\",\"cell_alignment\":\"flex-start\",\"video_fallback\":false,\"overlay\":\"1\",\"separator_top\":\"none\",\"separator_bottom\":\"none\"}\">\n<div data-overlay-opactity=\"1\" class=\"panel-row-style panel-row-style-for-534-2\">\n<div id=\"pgc-534-2-0\" class=\"panel-grid-cell\" data-weight=\"1\">\n<div id=\"panel-534-2-0-0\" class=\"so-panel widget widget_themegrill_flash_heading tg-widget section-title-wrapper panel-first-child\" data-index=\"3\" data-style=\"{\"background_image_attachment\":false,\"background_display\":\"tile\",\"animation_offset\":\"10\",\"animation_iteration\":\"1\"}\">\n<div class=\"heading heading-center divider-without-icon no-divider\">\n<h3 class=\"section-title\">Impact<\/h3>\n<\/div>\n<\/div>\n<div id=\"panel-534-2-0-1\" class=\"widget_text so-panel widget widget_custom_html panel-last-child\" data-index=\"4\" data-style=\"{\"background_image_attachment\":false,\"background_display\":\"tile\",\"animation_offset\":\"10\",\"animation_iteration\":\"1\"}\">\n<div class=\"textwidget custom-html-widget\">\n<p>  Notre \u00e9quipe a aid\u00e9 les chercheurs et les d\u00e9cideurs politiques \u00e0 cr\u00e9er une plateforme garantissant des soins de longue dur\u00e9e.<br \/>\ncommunication syst\u00e9matique et \u00e0 long terme sur les activit\u00e9s commerciales et gouvernementales<br \/>\nl&#8217;adaptation au changement climatique.  <\/p>\n<\/div>\n<\/div>\n<\/div>\n<\/div>\n<\/div>\n<\/div>\n","protected":false},"excerpt":{"rendered":"<p>AGRICULTURE ET GESTION DES RESSOURCES NATURELLES AfricaInteract : Politique et recherche sur le changement climatique Notre r\u00f4le En 2011 et 2012, STRATEGIES ! a organis\u00e9 deux ateliers r\u00e9gionaux pour les personnes suivantes AfricaInteract fonctionnaires d&#8217;Afrique de l&#8217;Ouest et de l&#8217;Est. Notre \u00e9quipe a travaill\u00e9 avec les participants \u00e0 \u00e9changer des id\u00e9es sur les implications \u00e0<\/p>\n","protected":false},"author":4,"featured_media":0,"parent":0,"menu_order":0,"comment_status":"closed","ping_status":"closed","template":"page-templates\/pagebuilder.php","meta":{"_acf_changed":false,"footnotes":""},"class_list":["post-11692","page","type-page","status-publish","hentry"],"acf":[],"yoast_head":"<!-- This site is optimized with the Yoast SEO plugin v27.3 - https:\/\/yoast.com\/product\/yoast-seo-wordpress\/ -->\n<title>AfricaInteract : Politique et recherche sur le changement climatique - STRATEGIES! Consulting Firm<\/title>\n<meta name=\"robots\" content=\"index, follow, max-snippet:-1, max-image-preview:large, max-video-preview:-1\" \/>\n<link rel=\"canonical\" href=\"https:\/\/strategiesconsultingfirm.com\/fr\/africainteract-politique-et-recherche-sur-le-changement-climatique\/\" \/>\n<meta property=\"og:locale\" content=\"fr_FR\" \/>\n<meta property=\"og:type\" content=\"article\" \/>\n<meta property=\"og:title\" content=\"AfricaInteract : Politique et recherche sur le changement climatique - STRATEGIES! Consulting Firm\" \/>\n<meta property=\"og:description\" content=\"AGRICULTURE ET GESTION DES RESSOURCES NATURELLES AfricaInteract : Politique et recherche sur le changement climatique Notre r\u00f4le En 2011 et 2012, STRATEGIES ! a organis\u00e9 deux ateliers r\u00e9gionaux pour les personnes suivantes AfricaInteract fonctionnaires d&#8217;Afrique de l&#8217;Ouest et de l&#8217;Est. Notre \u00e9quipe a travaill\u00e9 avec les participants \u00e0 \u00e9changer des id\u00e9es sur les implications \u00e0\" \/>\n<meta property=\"og:url\" content=\"https:\/\/strategiesconsultingfirm.com\/fr\/africainteract-politique-et-recherche-sur-le-changement-climatique\/\" \/>\n<meta property=\"og:site_name\" content=\"STRATEGIES! Consulting Firm\" \/>\n<meta property=\"article:publisher\" content=\"https:\/\/web.facebook.com\/cabinetstrategies\" \/>\n<meta name=\"twitter:card\" content=\"summary_large_image\" \/>\n<meta name=\"twitter:site\" content=\"@Strategies_\" \/>\n<meta name=\"twitter:label1\" content=\"Dur\u00e9e de lecture estim\u00e9e\" \/>\n\t<meta name=\"twitter:data1\" content=\"1 minute\" \/>\n<script type=\"application\/ld+json\" class=\"yoast-schema-graph\">{\"@context\":\"https:\\\/\\\/schema.org\",\"@graph\":[{\"@type\":\"WebPage\",\"@id\":\"https:\\\/\\\/strategiesconsultingfirm.com\\\/fr\\\/africainteract-politique-et-recherche-sur-le-changement-climatique\\\/\",\"url\":\"https:\\\/\\\/strategiesconsultingfirm.com\\\/fr\\\/africainteract-politique-et-recherche-sur-le-changement-climatique\\\/\",\"name\":\"AfricaInteract : Politique et recherche sur le changement climatique - STRATEGIES! Consulting Firm\",\"isPartOf\":{\"@id\":\"https:\\\/\\\/strategiesconsultingfirm.com\\\/#website\"},\"datePublished\":\"2017-08-21T11:40:50+00:00\",\"breadcrumb\":{\"@id\":\"https:\\\/\\\/strategiesconsultingfirm.com\\\/fr\\\/africainteract-politique-et-recherche-sur-le-changement-climatique\\\/#breadcrumb\"},\"inLanguage\":\"fr-FR\",\"potentialAction\":[{\"@type\":\"ReadAction\",\"target\":[\"https:\\\/\\\/strategiesconsultingfirm.com\\\/fr\\\/africainteract-politique-et-recherche-sur-le-changement-climatique\\\/\"]}]},{\"@type\":\"BreadcrumbList\",\"@id\":\"https:\\\/\\\/strategiesconsultingfirm.com\\\/fr\\\/africainteract-politique-et-recherche-sur-le-changement-climatique\\\/#breadcrumb\",\"itemListElement\":[{\"@type\":\"ListItem\",\"position\":1,\"name\":\"Home\",\"item\":\"https:\\\/\\\/strategiesconsultingfirm.com\\\/fr\\\/accueil\\\/\"},{\"@type\":\"ListItem\",\"position\":2,\"name\":\"AfricaInteract : Politique et recherche sur le changement climatique\"}]},{\"@type\":\"WebSite\",\"@id\":\"https:\\\/\\\/strategiesconsultingfirm.com\\\/#website\",\"url\":\"https:\\\/\\\/strategiesconsultingfirm.com\\\/\",\"name\":\"STRATEGIES! Consulting Firm\",\"description\":\"Your Reference in Leadership and Management\",\"publisher\":{\"@id\":\"https:\\\/\\\/strategiesconsultingfirm.com\\\/#organization\"},\"potentialAction\":[{\"@type\":\"SearchAction\",\"target\":{\"@type\":\"EntryPoint\",\"urlTemplate\":\"https:\\\/\\\/strategiesconsultingfirm.com\\\/?s={search_term_string}\"},\"query-input\":{\"@type\":\"PropertyValueSpecification\",\"valueRequired\":true,\"valueName\":\"search_term_string\"}}],\"inLanguage\":\"fr-FR\"},{\"@type\":\"Organization\",\"@id\":\"https:\\\/\\\/strategiesconsultingfirm.com\\\/#organization\",\"name\":\"STRATEGIES! Consulting Firm\",\"url\":\"https:\\\/\\\/strategiesconsultingfirm.com\\\/\",\"logo\":{\"@type\":\"ImageObject\",\"inLanguage\":\"fr-FR\",\"@id\":\"https:\\\/\\\/strategiesconsultingfirm.com\\\/#\\\/schema\\\/logo\\\/image\\\/\",\"url\":\"https:\\\/\\\/strategiesconsultingfirm.com\\\/wp-content\\\/uploads\\\/2023\\\/05\\\/Logo-STRATEGIES-Consulting.png\",\"contentUrl\":\"https:\\\/\\\/strategiesconsultingfirm.com\\\/wp-content\\\/uploads\\\/2023\\\/05\\\/Logo-STRATEGIES-Consulting.png\",\"width\":734,\"height\":229,\"caption\":\"STRATEGIES! Consulting Firm\"},\"image\":{\"@id\":\"https:\\\/\\\/strategiesconsultingfirm.com\\\/#\\\/schema\\\/logo\\\/image\\\/\"},\"sameAs\":[\"https:\\\/\\\/web.facebook.com\\\/cabinetstrategies\",\"https:\\\/\\\/x.com\\\/Strategies_\",\"https:\\\/\\\/www.linkedin.com\\\/company\\\/strategies-\\\/\"]}]}<\/script>\n<!-- \/ Yoast SEO plugin. -->","yoast_head_json":{"title":"AfricaInteract : Politique et recherche sur le changement climatique - STRATEGIES! Consulting Firm","robots":{"index":"index","follow":"follow","max-snippet":"max-snippet:-1","max-image-preview":"max-image-preview:large","max-video-preview":"max-video-preview:-1"},"canonical":"https:\/\/strategiesconsultingfirm.com\/fr\/africainteract-politique-et-recherche-sur-le-changement-climatique\/","og_locale":"fr_FR","og_type":"article","og_title":"AfricaInteract : Politique et recherche sur le changement climatique - STRATEGIES! Consulting Firm","og_description":"AGRICULTURE ET GESTION DES RESSOURCES NATURELLES AfricaInteract : Politique et recherche sur le changement climatique Notre r\u00f4le En 2011 et 2012, STRATEGIES ! a organis\u00e9 deux ateliers r\u00e9gionaux pour les personnes suivantes AfricaInteract fonctionnaires d&#8217;Afrique de l&#8217;Ouest et de l&#8217;Est. Notre \u00e9quipe a travaill\u00e9 avec les participants \u00e0 \u00e9changer des id\u00e9es sur les implications \u00e0","og_url":"https:\/\/strategiesconsultingfirm.com\/fr\/africainteract-politique-et-recherche-sur-le-changement-climatique\/","og_site_name":"STRATEGIES! Consulting Firm","article_publisher":"https:\/\/web.facebook.com\/cabinetstrategies","twitter_card":"summary_large_image","twitter_site":"@Strategies_","twitter_misc":{"Dur\u00e9e de lecture estim\u00e9e":"1 minute"},"schema":{"@context":"https:\/\/schema.org","@graph":[{"@type":"WebPage","@id":"https:\/\/strategiesconsultingfirm.com\/fr\/africainteract-politique-et-recherche-sur-le-changement-climatique\/","url":"https:\/\/strategiesconsultingfirm.com\/fr\/africainteract-politique-et-recherche-sur-le-changement-climatique\/","name":"AfricaInteract : Politique et recherche sur le changement climatique - STRATEGIES! Consulting Firm","isPartOf":{"@id":"https:\/\/strategiesconsultingfirm.com\/#website"},"datePublished":"2017-08-21T11:40:50+00:00","breadcrumb":{"@id":"https:\/\/strategiesconsultingfirm.com\/fr\/africainteract-politique-et-recherche-sur-le-changement-climatique\/#breadcrumb"},"inLanguage":"fr-FR","potentialAction":[{"@type":"ReadAction","target":["https:\/\/strategiesconsultingfirm.com\/fr\/africainteract-politique-et-recherche-sur-le-changement-climatique\/"]}]},{"@type":"BreadcrumbList","@id":"https:\/\/strategiesconsultingfirm.com\/fr\/africainteract-politique-et-recherche-sur-le-changement-climatique\/#breadcrumb","itemListElement":[{"@type":"ListItem","position":1,"name":"Home","item":"https:\/\/strategiesconsultingfirm.com\/fr\/accueil\/"},{"@type":"ListItem","position":2,"name":"AfricaInteract : Politique et recherche sur le changement climatique"}]},{"@type":"WebSite","@id":"https:\/\/strategiesconsultingfirm.com\/#website","url":"https:\/\/strategiesconsultingfirm.com\/","name":"STRATEGIES! Consulting Firm","description":"Your Reference in Leadership and Management","publisher":{"@id":"https:\/\/strategiesconsultingfirm.com\/#organization"},"potentialAction":[{"@type":"SearchAction","target":{"@type":"EntryPoint","urlTemplate":"https:\/\/strategiesconsultingfirm.com\/?s={search_term_string}"},"query-input":{"@type":"PropertyValueSpecification","valueRequired":true,"valueName":"search_term_string"}}],"inLanguage":"fr-FR"},{"@type":"Organization","@id":"https:\/\/strategiesconsultingfirm.com\/#organization","name":"STRATEGIES! Consulting Firm","url":"https:\/\/strategiesconsultingfirm.com\/","logo":{"@type":"ImageObject","inLanguage":"fr-FR","@id":"https:\/\/strategiesconsultingfirm.com\/#\/schema\/logo\/image\/","url":"https:\/\/strategiesconsultingfirm.com\/wp-content\/uploads\/2023\/05\/Logo-STRATEGIES-Consulting.png","contentUrl":"https:\/\/strategiesconsultingfirm.com\/wp-content\/uploads\/2023\/05\/Logo-STRATEGIES-Consulting.png","width":734,"height":229,"caption":"STRATEGIES! Consulting Firm"},"image":{"@id":"https:\/\/strategiesconsultingfirm.com\/#\/schema\/logo\/image\/"},"sameAs":["https:\/\/web.facebook.com\/cabinetstrategies","https:\/\/x.com\/Strategies_","https:\/\/www.linkedin.com\/company\/strategies-\/"]}]}},"_links":{"self":[{"href":"https:\/\/strategiesconsultingfirm.com\/fr\/wp-json\/wp\/v2\/pages\/11692","targetHints":{"allow":["GET"]}}],"collection":[{"href":"https:\/\/strategiesconsultingfirm.com\/fr\/wp-json\/wp\/v2\/pages"}],"about":[{"href":"https:\/\/strategiesconsultingfirm.com\/fr\/wp-json\/wp\/v2\/types\/page"}],"author":[{"embeddable":true,"href":"https:\/\/strategiesconsultingfirm.com\/fr\/wp-json\/wp\/v2\/users\/4"}],"replies":[{"embeddable":true,"href":"https:\/\/strategiesconsultingfirm.com\/fr\/wp-json\/wp\/v2\/comments?post=11692"}],"version-history":[{"count":0,"href":"https:\/\/strategiesconsultingfirm.com\/fr\/wp-json\/wp\/v2\/pages\/11692\/revisions"}],"wp:attachment":[{"href":"https:\/\/strategiesconsultingfirm.com\/fr\/wp-json\/wp\/v2\/media?parent=11692"}],"curies":[{"name":"wp","href":"https:\/\/api.w.org\/{rel}","templated":true}]}}