{"id":13205,"date":"2024-02-27T10:40:05","date_gmt":"2024-02-27T09:40:05","guid":{"rendered":"https:\/\/strategiesconsultingfirm.com\/?post_type=product&#038;p=13205"},"modified":"2025-06-10T14:04:04","modified_gmt":"2025-06-10T13:04:04","slug":"les-femmes-noires-faconnent-le-monde","status":"publish","type":"product","link":"https:\/\/strategiesconsultingfirm.com\/fr\/produit\/les-femmes-noires-faconnent-le-monde\/","title":{"rendered":"Les Femmes Noires Fa\u00e7onnent le Monde"},"content":{"rendered":"<p>&#8220;Les Femmes Noires Fa\u00e7onnent le Monde &#8211; A travers les continent, \u00e0 travers le temps&#8221;. Un livre \u00e9crit par Kah Walla, Bergeline Domou et Alice Malongte. Le livre est \u00e9dit\u00e9 par le Cabinet STRATEGIES!<\/p>\n","protected":false},"excerpt":{"rendered":"<p>&#8220;Les Femmes Noires Fa\u00e7onnent le Monde &#8211; A travers les continent, \u00e0 travers le temps&#8221;. Un livre \u00e9crit par Kah Walla, Bergeline Domou et Alice Malongte. Le livre est \u00e9dit\u00e9 par le Cabinet STRATEGIES!<\/p>\n","protected":false},"featured_media":12846,"template":"","meta":{"_acf_changed":false},"product_brand":[],"product_cat":[47],"product_tag":[],"class_list":{"0":"post-13205","1":"product","2":"type-product","3":"status-publish","4":"has-post-thumbnail","6":"product_cat-books","8":"first","9":"instock","10":"sale","11":"downloadable","12":"shipping-taxable","13":"purchasable","14":"product-type-simple"},"acf":[],"yoast_head":"<!-- This site is optimized with the Yoast SEO plugin v27.3 - https:\/\/yoast.com\/product\/yoast-seo-wordpress\/ -->\n<title>Les Femmes Noires Fa\u00e7onnent le Monde - STRATEGIES! Consulting Firm<\/title>\n<meta name=\"robots\" content=\"index, follow, max-snippet:-1, max-image-preview:large, max-video-preview:-1\" \/>\n<link rel=\"canonical\" href=\"https:\/\/strategiesconsultingfirm.com\/produit\/les-femmes-noires-faconnent-le-monde\/\" \/>\n<meta property=\"og:locale\" content=\"fr_FR\" \/>\n<meta property=\"og:type\" content=\"article\" \/>\n<meta property=\"og:title\" content=\"Les Femmes Noires Fa\u00e7onnent le Monde - STRATEGIES! Consulting Firm\" \/>\n<meta property=\"og:description\" content=\"&quot;Les Femmes Noires Fa\u00e7onnent le Monde - A travers les continent, \u00e0 travers le temps&quot;. Un livre \u00e9crit par Kah Walla, Bergeline Domou et Alice Malongte. Le livre est \u00e9dit\u00e9 par le Cabinet STRATEGIES!\" \/>\n<meta property=\"og:url\" content=\"https:\/\/strategiesconsultingfirm.com\/produit\/les-femmes-noires-faconnent-le-monde\/\" \/>\n<meta property=\"og:site_name\" content=\"STRATEGIES! Consulting Firm\" \/>\n<meta property=\"article:publisher\" content=\"https:\/\/web.facebook.com\/cabinetstrategies\" \/>\n<meta property=\"article:modified_time\" content=\"2025-06-10T13:04:04+00:00\" \/>\n<meta property=\"og:image\" content=\"https:\/\/strategiesconsultingfirm.com\/wp-content\/uploads\/2024\/01\/BWSW-bookcover-Fr-1.jpg\" \/>\n\t<meta property=\"og:image:width\" content=\"625\" \/>\n\t<meta property=\"og:image:height\" content=\"1000\" \/>\n\t<meta property=\"og:image:type\" content=\"image\/jpeg\" \/>\n<meta name=\"twitter:card\" content=\"summary_large_image\" \/>\n<meta name=\"twitter:site\" content=\"@Strategies_\" \/>\n<script type=\"application\/ld+json\" class=\"yoast-schema-graph\">{\"@context\":\"https:\\\/\\\/schema.org\",\"@graph\":[{\"@type\":\"WebPage\",\"@id\":\"https:\\\/\\\/strategiesconsultingfirm.com\\\/produit\\\/les-femmes-noires-faconnent-le-monde\\\/\",\"url\":\"https:\\\/\\\/strategiesconsultingfirm.com\\\/produit\\\/les-femmes-noires-faconnent-le-monde\\\/\",\"name\":\"Les Femmes Noires Fa\u00e7onnent le Monde - STRATEGIES! Consulting Firm\",\"isPartOf\":{\"@id\":\"https:\\\/\\\/strategiesconsultingfirm.com\\\/#website\"},\"primaryImageOfPage\":{\"@id\":\"https:\\\/\\\/strategiesconsultingfirm.com\\\/produit\\\/les-femmes-noires-faconnent-le-monde\\\/#primaryimage\"},\"image\":{\"@id\":\"https:\\\/\\\/strategiesconsultingfirm.com\\\/produit\\\/les-femmes-noires-faconnent-le-monde\\\/#primaryimage\"},\"thumbnailUrl\":\"https:\\\/\\\/strategiesconsultingfirm.com\\\/wp-content\\\/uploads\\\/2024\\\/01\\\/BWSW-bookcover-Fr-1.jpg\",\"datePublished\":\"2024-02-27T09:40:05+00:00\",\"dateModified\":\"2025-06-10T13:04:04+00:00\",\"breadcrumb\":{\"@id\":\"https:\\\/\\\/strategiesconsultingfirm.com\\\/produit\\\/les-femmes-noires-faconnent-le-monde\\\/#breadcrumb\"},\"inLanguage\":\"fr-FR\",\"potentialAction\":[{\"@type\":\"ReadAction\",\"target\":[\"https:\\\/\\\/strategiesconsultingfirm.com\\\/produit\\\/les-femmes-noires-faconnent-le-monde\\\/\"]}]},{\"@type\":\"ImageObject\",\"inLanguage\":\"fr-FR\",\"@id\":\"https:\\\/\\\/strategiesconsultingfirm.com\\\/produit\\\/les-femmes-noires-faconnent-le-monde\\\/#primaryimage\",\"url\":\"https:\\\/\\\/strategiesconsultingfirm.com\\\/wp-content\\\/uploads\\\/2024\\\/01\\\/BWSW-bookcover-Fr-1.jpg\",\"contentUrl\":\"https:\\\/\\\/strategiesconsultingfirm.com\\\/wp-content\\\/uploads\\\/2024\\\/01\\\/BWSW-bookcover-Fr-1.jpg\",\"width\":625,\"height\":1000},{\"@type\":\"BreadcrumbList\",\"@id\":\"https:\\\/\\\/strategiesconsultingfirm.com\\\/produit\\\/les-femmes-noires-faconnent-le-monde\\\/#breadcrumb\",\"itemListElement\":[{\"@type\":\"ListItem\",\"position\":1,\"name\":\"Home\",\"item\":\"https:\\\/\\\/strategiesconsultingfirm.com\\\/fr\\\/accueil\\\/\"},{\"@type\":\"ListItem\",\"position\":2,\"name\":\"shop\",\"item\":\"https:\\\/\\\/strategiesconsultingfirm.com\\\/shop\\\/\"},{\"@type\":\"ListItem\",\"position\":3,\"name\":\"Les Femmes Noires Fa\u00e7onnent le Monde\"}]},{\"@type\":\"WebSite\",\"@id\":\"https:\\\/\\\/strategiesconsultingfirm.com\\\/#website\",\"url\":\"https:\\\/\\\/strategiesconsultingfirm.com\\\/\",\"name\":\"STRATEGIES! Consulting Firm\",\"description\":\"Your Reference in Leadership and Management\",\"publisher\":{\"@id\":\"https:\\\/\\\/strategiesconsultingfirm.com\\\/#organization\"},\"potentialAction\":[{\"@type\":\"SearchAction\",\"target\":{\"@type\":\"EntryPoint\",\"urlTemplate\":\"https:\\\/\\\/strategiesconsultingfirm.com\\\/?s={search_term_string}\"},\"query-input\":{\"@type\":\"PropertyValueSpecification\",\"valueRequired\":true,\"valueName\":\"search_term_string\"}}],\"inLanguage\":\"fr-FR\"},{\"@type\":\"Organization\",\"@id\":\"https:\\\/\\\/strategiesconsultingfirm.com\\\/#organization\",\"name\":\"STRATEGIES! Consulting Firm\",\"url\":\"https:\\\/\\\/strategiesconsultingfirm.com\\\/\",\"logo\":{\"@type\":\"ImageObject\",\"inLanguage\":\"fr-FR\",\"@id\":\"https:\\\/\\\/strategiesconsultingfirm.com\\\/#\\\/schema\\\/logo\\\/image\\\/\",\"url\":\"https:\\\/\\\/strategiesconsultingfirm.com\\\/wp-content\\\/uploads\\\/2023\\\/05\\\/Logo-STRATEGIES-Consulting.png\",\"contentUrl\":\"https:\\\/\\\/strategiesconsultingfirm.com\\\/wp-content\\\/uploads\\\/2023\\\/05\\\/Logo-STRATEGIES-Consulting.png\",\"width\":734,\"height\":229,\"caption\":\"STRATEGIES! Consulting Firm\"},\"image\":{\"@id\":\"https:\\\/\\\/strategiesconsultingfirm.com\\\/#\\\/schema\\\/logo\\\/image\\\/\"},\"sameAs\":[\"https:\\\/\\\/web.facebook.com\\\/cabinetstrategies\",\"https:\\\/\\\/x.com\\\/Strategies_\",\"https:\\\/\\\/www.linkedin.com\\\/company\\\/strategies-\\\/\"]}]}<\/script>\n<!-- \/ Yoast SEO plugin. -->","yoast_head_json":{"title":"Les Femmes Noires Fa\u00e7onnent le Monde - STRATEGIES! Consulting Firm","robots":{"index":"index","follow":"follow","max-snippet":"max-snippet:-1","max-image-preview":"max-image-preview:large","max-video-preview":"max-video-preview:-1"},"canonical":"https:\/\/strategiesconsultingfirm.com\/produit\/les-femmes-noires-faconnent-le-monde\/","og_locale":"fr_FR","og_type":"article","og_title":"Les Femmes Noires Fa\u00e7onnent le Monde - STRATEGIES! Consulting Firm","og_description":"\"Les Femmes Noires Fa\u00e7onnent le Monde - A travers les continent, \u00e0 travers le temps\". Un livre \u00e9crit par Kah Walla, Bergeline Domou et Alice Malongte. Le livre est \u00e9dit\u00e9 par le Cabinet STRATEGIES!","og_url":"https:\/\/strategiesconsultingfirm.com\/produit\/les-femmes-noires-faconnent-le-monde\/","og_site_name":"STRATEGIES! Consulting Firm","article_publisher":"https:\/\/web.facebook.com\/cabinetstrategies","article_modified_time":"2025-06-10T13:04:04+00:00","og_image":[{"width":625,"height":1000,"url":"https:\/\/strategiesconsultingfirm.com\/wp-content\/uploads\/2024\/01\/BWSW-bookcover-Fr-1.jpg","type":"image\/jpeg"}],"twitter_card":"summary_large_image","twitter_site":"@Strategies_","schema":{"@context":"https:\/\/schema.org","@graph":[{"@type":"WebPage","@id":"https:\/\/strategiesconsultingfirm.com\/produit\/les-femmes-noires-faconnent-le-monde\/","url":"https:\/\/strategiesconsultingfirm.com\/produit\/les-femmes-noires-faconnent-le-monde\/","name":"Les Femmes Noires Fa\u00e7onnent le Monde - STRATEGIES! Consulting Firm","isPartOf":{"@id":"https:\/\/strategiesconsultingfirm.com\/#website"},"primaryImageOfPage":{"@id":"https:\/\/strategiesconsultingfirm.com\/produit\/les-femmes-noires-faconnent-le-monde\/#primaryimage"},"image":{"@id":"https:\/\/strategiesconsultingfirm.com\/produit\/les-femmes-noires-faconnent-le-monde\/#primaryimage"},"thumbnailUrl":"https:\/\/strategiesconsultingfirm.com\/wp-content\/uploads\/2024\/01\/BWSW-bookcover-Fr-1.jpg","datePublished":"2024-02-27T09:40:05+00:00","dateModified":"2025-06-10T13:04:04+00:00","breadcrumb":{"@id":"https:\/\/strategiesconsultingfirm.com\/produit\/les-femmes-noires-faconnent-le-monde\/#breadcrumb"},"inLanguage":"fr-FR","potentialAction":[{"@type":"ReadAction","target":["https:\/\/strategiesconsultingfirm.com\/produit\/les-femmes-noires-faconnent-le-monde\/"]}]},{"@type":"ImageObject","inLanguage":"fr-FR","@id":"https:\/\/strategiesconsultingfirm.com\/produit\/les-femmes-noires-faconnent-le-monde\/#primaryimage","url":"https:\/\/strategiesconsultingfirm.com\/wp-content\/uploads\/2024\/01\/BWSW-bookcover-Fr-1.jpg","contentUrl":"https:\/\/strategiesconsultingfirm.com\/wp-content\/uploads\/2024\/01\/BWSW-bookcover-Fr-1.jpg","width":625,"height":1000},{"@type":"BreadcrumbList","@id":"https:\/\/strategiesconsultingfirm.com\/produit\/les-femmes-noires-faconnent-le-monde\/#breadcrumb","itemListElement":[{"@type":"ListItem","position":1,"name":"Home","item":"https:\/\/strategiesconsultingfirm.com\/fr\/accueil\/"},{"@type":"ListItem","position":2,"name":"shop","item":"https:\/\/strategiesconsultingfirm.com\/shop\/"},{"@type":"ListItem","position":3,"name":"Les Femmes Noires Fa\u00e7onnent le Monde"}]},{"@type":"WebSite","@id":"https:\/\/strategiesconsultingfirm.com\/#website","url":"https:\/\/strategiesconsultingfirm.com\/","name":"STRATEGIES! Consulting Firm","description":"Your Reference in Leadership and Management","publisher":{"@id":"https:\/\/strategiesconsultingfirm.com\/#organization"},"potentialAction":[{"@type":"SearchAction","target":{"@type":"EntryPoint","urlTemplate":"https:\/\/strategiesconsultingfirm.com\/?s={search_term_string}"},"query-input":{"@type":"PropertyValueSpecification","valueRequired":true,"valueName":"search_term_string"}}],"inLanguage":"fr-FR"},{"@type":"Organization","@id":"https:\/\/strategiesconsultingfirm.com\/#organization","name":"STRATEGIES! Consulting Firm","url":"https:\/\/strategiesconsultingfirm.com\/","logo":{"@type":"ImageObject","inLanguage":"fr-FR","@id":"https:\/\/strategiesconsultingfirm.com\/#\/schema\/logo\/image\/","url":"https:\/\/strategiesconsultingfirm.com\/wp-content\/uploads\/2023\/05\/Logo-STRATEGIES-Consulting.png","contentUrl":"https:\/\/strategiesconsultingfirm.com\/wp-content\/uploads\/2023\/05\/Logo-STRATEGIES-Consulting.png","width":734,"height":229,"caption":"STRATEGIES! Consulting Firm"},"image":{"@id":"https:\/\/strategiesconsultingfirm.com\/#\/schema\/logo\/image\/"},"sameAs":["https:\/\/web.facebook.com\/cabinetstrategies","https:\/\/x.com\/Strategies_","https:\/\/www.linkedin.com\/company\/strategies-\/"]}]}},"_links":{"self":[{"href":"https:\/\/strategiesconsultingfirm.com\/fr\/wp-json\/wp\/v2\/product\/13205","targetHints":{"allow":["GET"]}}],"collection":[{"href":"https:\/\/strategiesconsultingfirm.com\/fr\/wp-json\/wp\/v2\/product"}],"about":[{"href":"https:\/\/strategiesconsultingfirm.com\/fr\/wp-json\/wp\/v2\/types\/product"}],"version-history":[{"count":2,"href":"https:\/\/strategiesconsultingfirm.com\/fr\/wp-json\/wp\/v2\/product\/13205\/revisions"}],"predecessor-version":[{"id":14356,"href":"https:\/\/strategiesconsultingfirm.com\/fr\/wp-json\/wp\/v2\/product\/13205\/revisions\/14356"}],"wp:featuredmedia":[{"embeddable":true,"href":"https:\/\/strategiesconsultingfirm.com\/fr\/wp-json\/wp\/v2\/media\/12846"}],"wp:attachment":[{"href":"https:\/\/strategiesconsultingfirm.com\/fr\/wp-json\/wp\/v2\/media?parent=13205"}],"wp:term":[{"taxonomy":"product_brand","embeddable":true,"href":"https:\/\/strategiesconsultingfirm.com\/fr\/wp-json\/wp\/v2\/product_brand?post=13205"},{"taxonomy":"product_cat","embeddable":true,"href":"https:\/\/strategiesconsultingfirm.com\/fr\/wp-json\/wp\/v2\/product_cat?post=13205"},{"taxonomy":"product_tag","embeddable":true,"href":"https:\/\/strategiesconsultingfirm.com\/fr\/wp-json\/wp\/v2\/product_tag?post=13205"}],"curies":[{"name":"wp","href":"https:\/\/api.w.org\/{rel}","templated":true}]}}